{"id":7596,"date":"2021-04-27T16:23:35","date_gmt":"2021-04-27T15:23:35","guid":{"rendered":"https:\/\/wisemind.se\/kvinna\/?page_id=7596"},"modified":"2026-03-31T18:12:18","modified_gmt":"2026-03-31T17:12:18","slug":"stod-vid-ivf-behandling","status":"publish","type":"page","link":"https:\/\/wisemind.se\/kvinna\/stod-vid-ivf-behandling\/","title":{"rendered":"St\u00f6d vid IVF-behandling"},"content":{"rendered":"\t\t<div data-elementor-type=\"wp-page\" data-elementor-id=\"7596\" class=\"elementor elementor-7596\" data-elementor-post-type=\"page\">\n\t\t\t\t\t\t<section class=\"elementor-section elementor-top-section elementor-element elementor-element-1281a92d elementor-section-boxed elementor-section-height-default elementor-section-height-default\" data-id=\"1281a92d\" data-element_type=\"section\" data-e-type=\"section\">\n\t\t\t\t\t\t<div class=\"elementor-container elementor-column-gap-default\">\n\t\t\t\t\t<div class=\"elementor-column elementor-col-100 elementor-top-column elementor-element elementor-element-49377e2c\" data-id=\"49377e2c\" data-element_type=\"column\" data-e-type=\"column\">\n\t\t\t<div class=\"elementor-widget-wrap elementor-element-populated\">\n\t\t\t\t\t\t<div class=\"elementor-element elementor-element-68fdc5e6 elementor-widget elementor-widget-heading\" data-id=\"68fdc5e6\" data-element_type=\"widget\" data-e-type=\"widget\" data-widget_type=\"heading.default\">\n\t\t\t\t<div class=\"elementor-widget-container\">\n\t\t\t\t\t<h1 class=\"elementor-heading-title elementor-size-default\">St\u00f6d vid IVF-behandling<\/h1>\t\t\t\t<\/div>\n\t\t\t\t<\/div>\n\t\t\t\t<div class=\"elementor-element elementor-element-69af8460 elementor-widget elementor-widget-text-editor\" data-id=\"69af8460\" data-element_type=\"widget\" data-e-type=\"widget\" data-widget_type=\"text-editor.default\">\n\t\t\t\t<div class=\"elementor-widget-container\">\n\t\t\t\t\t\t\t\t\t<p>Ungef\u00e4r var femte par i Europa ber\u00e4knas k\u00e4mpa med fertilitetsproblem och d\u00e4rtill kommer de ensamst\u00e5ende som \u00f6nskar bli f\u00f6r\u00e4ldrar. Stressen och frustrationen som kommer med sv\u00e5righeten att bli med barn kan naturligt leda till emotionella och psykologiska problem.\u00a0<\/p><h2>Behandling vid infertilitet<\/h2><p>Det finns olika behandlingsmetoder f\u00f6r infertilitet, varav in vitro fertilization (IVF) \u00e4r den vanligaste. Ut\u00f6ver den naturliga k\u00e4nslan av stress som kan uppst\u00e5 p\u00e5 grund av att man inte blivit gravid s\u00e5 snart man \u00f6nskat och inte vet hur l\u00e5ng tid det kommer att ta, s\u00e5 inneb\u00e4r IVF-behandlingen ocks\u00e5 hormonbehandlingar och medicinska ingrepp som kan vara tuffa att genomg\u00e5. Det skiljer sig mycket \u00e5t hur olika kvinnor upplever IVF-behandlingen d\u00e4r en del upplever vissa ingrepp som p\u00e5tagligt sm\u00e4rtsamma och obehagliga medan andra tycker att det endast k\u00e4nns litegrann.\u00a0<span style=\"color: var( --e-global-color-text ); font-family: var( --e-global-typography-text-font-family ), Open Sans; font-weight: var( --e-global-typography-text-font-weight );\">Det skiljer sig ocks\u00e5 mycket \u00e5t hur mycket och p\u00e5 vilket s\u00e4tt man k\u00e4nner sig p\u00e5verkad av hormonbehandlingarna.\u00a0<\/span><\/p><h3><span style=\"color: var( --e-global-color-text ); font-family: var( --e-global-typography-text-font-family ), Open Sans; font-weight: var( --e-global-typography-text-font-weight );\">En utmanade process<\/span><\/h3><p><span style=\"color: var( --e-global-color-text ); font-family: var( --e-global-typography-text-font-family ), Open Sans; font-weight: var( --e-global-typography-text-font-weight );\">Naturligtvis blir processen mer utmanande f\u00f6r den som beh\u00f6ver genomg\u00e5 flera behandlingar under en l\u00e4ngre tid. B\u00e5de p\u00e5 grund av den fortsatta barn\u00f6nskan, besvikelse och sorg \u00f6ver misslyckade f\u00f6rs\u00f6k och d\u00e4rtill p\u00e5 grund av utmaningen med de medicinska behandlingarna. \u00c5ngest, depression, social isolering, relationsproblem och k\u00e4nslor av skuld \u00e4r tyv\u00e4rr vanliga konsekvenser av att befinna sig i denna process.\u00a0<\/span><\/p><p>Vi ser att m\u00e5nga i ett tidigare skede, f\u00f6r att f\u00f6rebygga psykisk oh\u00e4lsa, skulle kunna ha hj\u00e4lp av psykologsamtal. Den som redan upplever att det psykiska m\u00e5endet \u00e4r p\u00e5tagligt f\u00f6rs\u00e4mrat b\u00f6r f\u00e5 hj\u00e4lp.\u00a0 Psykologisk behandling kan f\u00f6rb\u00e4ttra livskvalitet och den psykiska h\u00e4lsan h\u00e4r och nu, oavsett hur l\u00e5ng v\u00e4ntan p\u00e5 det efterl\u00e4ngtade barnet blir.\u00a0<\/p><p>Sj\u00e4lvklart s\u00e5 \u00e4r \u00e4ven den som genomg\u00e5r annan form av fertilitetsbehandling \u00e4n IVF ocks\u00e5 <a href=\"https:\/\/wisemind.se\/kvinna\/kontakt\/\">v\u00e4lkommen till v\u00e5r mottagning<\/a> f\u00f6r st\u00f6d och samtal under denna process.\u00a0<\/p>\t\t\t\t\t\t\t\t<\/div>\n\t\t\t\t<\/div>\n\t\t\t\t\t<\/div>\n\t\t<\/div>\n\t\t\t\t\t<\/div>\n\t\t<\/section>\n\t\t\t\t<section class=\"elementor-section elementor-top-section elementor-element elementor-element-52656561 elementor-section-full_width elementor-section-height-default elementor-section-height-default\" data-id=\"52656561\" data-element_type=\"section\" data-e-type=\"section\">\n\t\t\t\t\t\t<div class=\"elementor-container elementor-column-gap-default\">\n\t\t\t\t\t<div class=\"elementor-column elementor-col-100 elementor-top-column elementor-element elementor-element-3a8bc9d7\" data-id=\"3a8bc9d7\" data-element_type=\"column\" data-e-type=\"column\" data-settings=\"{&quot;background_background&quot;:&quot;classic&quot;}\">\n\t\t\t<div class=\"elementor-widget-wrap elementor-element-populated\">\n\t\t\t\t\t\t<section class=\"elementor-section elementor-inner-section elementor-element elementor-element-1c3daa11 elementor-section-boxed elementor-section-height-default elementor-section-height-default\" data-id=\"1c3daa11\" data-element_type=\"section\" data-e-type=\"section\" data-settings=\"{&quot;background_background&quot;:&quot;classic&quot;}\">\n\t\t\t\t\t\t<div class=\"elementor-container elementor-column-gap-default\">\n\t\t\t\t\t<div class=\"elementor-column elementor-col-33 elementor-inner-column elementor-element elementor-element-3bffddb9\" data-id=\"3bffddb9\" data-element_type=\"column\" data-e-type=\"column\">\n\t\t\t<div class=\"elementor-widget-wrap elementor-element-populated\">\n\t\t\t\t\t\t<div class=\"elementor-element elementor-element-2605e33d elementor-align-justify elementor-mobile-align-justify elementor-widget elementor-widget-global elementor-global-2060 elementor-widget-button\" data-id=\"2605e33d\" data-element_type=\"widget\" data-e-type=\"widget\" data-widget_type=\"button.default\">\n\t\t\t\t<div class=\"elementor-widget-container\">\n\t\t\t\t\t\t\t\t\t<div class=\"elementor-button-wrapper\">\n\t\t\t\t\t<a class=\"elementor-button elementor-button-link elementor-size-sm\" href=\"\/kvinna\/bokning-och-priser\" id=\"info-kv-global\">\n\t\t\t\t\t\t<span class=\"elementor-button-content-wrapper\">\n\t\t\t\t\t\t\t\t\t<span class=\"elementor-button-text\">Prislista<\/span>\n\t\t\t\t\t<\/span>\n\t\t\t\t\t<\/a>\n\t\t\t\t<\/div>\n\t\t\t\t\t\t\t\t<\/div>\n\t\t\t\t<\/div>\n\t\t\t\t\t<\/div>\n\t\t<\/div>\n\t\t\t\t<div class=\"elementor-column elementor-col-33 elementor-inner-column elementor-element elementor-element-695d32e3\" data-id=\"695d32e3\" data-element_type=\"column\" data-e-type=\"column\">\n\t\t\t<div class=\"elementor-widget-wrap elementor-element-populated\">\n\t\t\t\t\t\t<div class=\"elementor-element elementor-element-657770e elementor-align-justify elementor-mobile-align-justify elementor-widget elementor-widget-global elementor-global-10608 elementor-widget-button\" data-id=\"657770e\" data-element_type=\"widget\" data-e-type=\"widget\" data-widget_type=\"button.default\">\n\t\t\t\t<div class=\"elementor-widget-container\">\n\t\t\t\t\t\t\t\t\t<div class=\"elementor-button-wrapper\">\n\t\t\t\t\t<a class=\"elementor-button elementor-button-link elementor-size-sm\" href=\"https:\/\/psykologiteamet.kaddio.com\/booking\/cal\/\" id=\"Boka-kv-global\">\n\t\t\t\t\t\t<span class=\"elementor-button-content-wrapper\">\n\t\t\t\t\t\t\t\t\t<span class=\"elementor-button-text\">Boka tid<\/span>\n\t\t\t\t\t<\/span>\n\t\t\t\t\t<\/a>\n\t\t\t\t<\/div>\n\t\t\t\t\t\t\t\t<\/div>\n\t\t\t\t<\/div>\n\t\t\t\t\t<\/div>\n\t\t<\/div>\n\t\t\t\t<div class=\"elementor-column elementor-col-33 elementor-inner-column elementor-element elementor-element-767271e8\" data-id=\"767271e8\" data-element_type=\"column\" data-e-type=\"column\">\n\t\t\t<div class=\"elementor-widget-wrap elementor-element-populated\">\n\t\t\t\t\t\t<div class=\"elementor-element elementor-element-1a555302 elementor-align-justify elementor-mobile-align-justify elementor-widget elementor-widget-global elementor-global-1978 elementor-widget-button\" data-id=\"1a555302\" data-element_type=\"widget\" data-e-type=\"widget\" data-widget_type=\"button.default\">\n\t\t\t\t<div class=\"elementor-widget-container\">\n\t\t\t\t\t\t\t\t\t<div class=\"elementor-button-wrapper\">\n\t\t\t\t\t<a class=\"elementor-button elementor-button-link elementor-size-sm\" href=\"https:\/\/psykologiteamet.kaddio.com\/contact-us\" id=\"kontakt-kv-global\">\n\t\t\t\t\t\t<span class=\"elementor-button-content-wrapper\">\n\t\t\t\t\t\t\t\t\t<span class=\"elementor-button-text\">Kontakta oss<\/span>\n\t\t\t\t\t<\/span>\n\t\t\t\t\t<\/a>\n\t\t\t\t<\/div>\n\t\t\t\t\t\t\t\t<\/div>\n\t\t\t\t<\/div>\n\t\t\t\t\t<\/div>\n\t\t<\/div>\n\t\t\t\t\t<\/div>\n\t\t<\/section>\n\t\t\t\t\t<\/div>\n\t\t<\/div>\n\t\t\t\t\t<\/div>\n\t\t<\/section>\n\t\t\t\t<\/div>\n\t\t","protected":false},"excerpt":{"rendered":"<p>St\u00f6d vid IVF-behandling Ungef\u00e4r var femte par i Europa ber\u00e4knas k\u00e4mpa med fertilitetsproblem och d\u00e4rtill kommer de ensamst\u00e5ende som \u00f6nskar bli f\u00f6r\u00e4ldrar. Stressen och frustrationen som kommer med sv\u00e5righeten att bli med barn kan naturligt leda till emotionella och psykologiska problem.\u00a0 Behandling vid infertilitet Det finns olika behandlingsmetoder f\u00f6r infertilitet, varav in vitro fertilization (IVF) [&hellip;]<\/p>\n","protected":false},"author":2,"featured_media":0,"parent":0,"menu_order":0,"comment_status":"closed","ping_status":"closed","template":"","meta":{"_monsterinsights_skip_tracking":false,"_monsterinsights_sitenote_active":false,"_monsterinsights_sitenote_note":"","_monsterinsights_sitenote_category":0,"footnotes":""},"class_list":["post-7596","page","type-page","status-publish","hentry"],"yoast_head":"<!-- This site is optimized with the Yoast SEO plugin v27.6 - https:\/\/yoast.com\/product\/yoast-seo-wordpress\/ -->\n<title>St\u00f6d vid IVF-behandling - WiseMind Kvinnoh\u00e4lsa<\/title>\n<meta name=\"description\" content=\"IIVF \u00e4r den vanligaste behandlingsmetoden f\u00f6r infertilitet, Hormonbehandlingarna och de medicinska ingreppen kan vara tuffa att genomg\u00e5.\" \/>\n<meta name=\"robots\" content=\"index, follow, max-snippet:-1, max-image-preview:large, max-video-preview:-1\" \/>\n<link rel=\"canonical\" href=\"https:\/\/wisemind.se\/kvinna\/stod-vid-ivf-behandling\/\" \/>\n<meta property=\"og:locale\" content=\"sv_SE\" \/>\n<meta property=\"og:type\" content=\"article\" \/>\n<meta property=\"og:title\" content=\"St\u00f6d vid IVF-behandling - WiseMind Kvinnoh\u00e4lsa\" \/>\n<meta property=\"og:description\" content=\"IIVF \u00e4r den vanligaste behandlingsmetoden f\u00f6r infertilitet, Hormonbehandlingarna och de medicinska ingreppen kan vara tuffa att genomg\u00e5.\" \/>\n<meta property=\"og:url\" content=\"https:\/\/wisemind.se\/kvinna\/stod-vid-ivf-behandling\/\" \/>\n<meta property=\"og:site_name\" content=\"WiseMind Kvinnoh\u00e4lsa\" \/>\n<meta property=\"article:modified_time\" content=\"2026-03-31T17:12:18+00:00\" \/>\n<meta name=\"twitter:card\" content=\"summary_large_image\" \/>\n<meta name=\"twitter:label1\" content=\"Ber\u00e4knad l\u00e4stid\" \/>\n\t<meta name=\"twitter:data1\" content=\"2 minuter\" \/>\n<script type=\"application\/ld+json\" class=\"yoast-schema-graph\">{\"@context\":\"https:\\\/\\\/schema.org\",\"@graph\":[{\"@type\":\"WebPage\",\"@id\":\"https:\\\/\\\/wisemind.se\\\/kvinna\\\/stod-vid-ivf-behandling\\\/\",\"url\":\"https:\\\/\\\/wisemind.se\\\/kvinna\\\/stod-vid-ivf-behandling\\\/\",\"name\":\"St\u00f6d vid IVF-behandling - WiseMind Kvinnoh\u00e4lsa\",\"isPartOf\":{\"@id\":\"https:\\\/\\\/wisemind.se\\\/kvinna\\\/#website\"},\"datePublished\":\"2021-04-27T15:23:35+00:00\",\"dateModified\":\"2026-03-31T17:12:18+00:00\",\"description\":\"IIVF \u00e4r den vanligaste behandlingsmetoden f\u00f6r infertilitet, Hormonbehandlingarna och de medicinska ingreppen kan vara tuffa att genomg\u00e5.\",\"breadcrumb\":{\"@id\":\"https:\\\/\\\/wisemind.se\\\/kvinna\\\/stod-vid-ivf-behandling\\\/#breadcrumb\"},\"inLanguage\":\"sv-SE\",\"potentialAction\":[{\"@type\":\"ReadAction\",\"target\":[\"https:\\\/\\\/wisemind.se\\\/kvinna\\\/stod-vid-ivf-behandling\\\/\"]}]},{\"@type\":\"BreadcrumbList\",\"@id\":\"https:\\\/\\\/wisemind.se\\\/kvinna\\\/stod-vid-ivf-behandling\\\/#breadcrumb\",\"itemListElement\":[{\"@type\":\"ListItem\",\"position\":1,\"name\":\"Hem\",\"item\":\"https:\\\/\\\/wisemind.se\\\/kvinna\\\/\"},{\"@type\":\"ListItem\",\"position\":2,\"name\":\"St\u00f6d vid IVF-behandling\"}]},{\"@type\":\"WebSite\",\"@id\":\"https:\\\/\\\/wisemind.se\\\/kvinna\\\/#website\",\"url\":\"https:\\\/\\\/wisemind.se\\\/kvinna\\\/\",\"name\":\"WiseMind Kvinnoh\u00e4lsa\",\"description\":\"Psykologiskt Kunskapscenter\",\"publisher\":{\"@id\":\"https:\\\/\\\/wisemind.se\\\/kvinna\\\/#organization\"},\"potentialAction\":[{\"@type\":\"SearchAction\",\"target\":{\"@type\":\"EntryPoint\",\"urlTemplate\":\"https:\\\/\\\/wisemind.se\\\/kvinna\\\/?s={search_term_string}\"},\"query-input\":{\"@type\":\"PropertyValueSpecification\",\"valueRequired\":true,\"valueName\":\"search_term_string\"}}],\"inLanguage\":\"sv-SE\"},{\"@type\":\"Organization\",\"@id\":\"https:\\\/\\\/wisemind.se\\\/kvinna\\\/#organization\",\"name\":\"Utveckling och Balans\",\"url\":\"https:\\\/\\\/wisemind.se\\\/kvinna\\\/\",\"logo\":{\"@type\":\"ImageObject\",\"inLanguage\":\"sv-SE\",\"@id\":\"https:\\\/\\\/wisemind.se\\\/kvinna\\\/#\\\/schema\\\/logo\\\/image\\\/\",\"url\":\"https:\\\/\\\/wisemind.se\\\/kvinna\\\/wp-content\\\/uploads\\\/uob-logga-150.png\",\"contentUrl\":\"https:\\\/\\\/wisemind.se\\\/kvinna\\\/wp-content\\\/uploads\\\/uob-logga-150.png\",\"width\":150,\"height\":62,\"caption\":\"Utveckling och Balans\"},\"image\":{\"@id\":\"https:\\\/\\\/wisemind.se\\\/kvinna\\\/#\\\/schema\\\/logo\\\/image\\\/\"}}]}<\/script>\n<!-- \/ Yoast SEO plugin. -->","yoast_head_json":{"title":"St\u00f6d vid IVF-behandling - WiseMind Kvinnoh\u00e4lsa","description":"IIVF \u00e4r den vanligaste behandlingsmetoden f\u00f6r infertilitet, Hormonbehandlingarna och de medicinska ingreppen kan vara tuffa att genomg\u00e5.","robots":{"index":"index","follow":"follow","max-snippet":"max-snippet:-1","max-image-preview":"max-image-preview:large","max-video-preview":"max-video-preview:-1"},"canonical":"https:\/\/wisemind.se\/kvinna\/stod-vid-ivf-behandling\/","og_locale":"sv_SE","og_type":"article","og_title":"St\u00f6d vid IVF-behandling - WiseMind Kvinnoh\u00e4lsa","og_description":"IIVF \u00e4r den vanligaste behandlingsmetoden f\u00f6r infertilitet, Hormonbehandlingarna och de medicinska ingreppen kan vara tuffa att genomg\u00e5.","og_url":"https:\/\/wisemind.se\/kvinna\/stod-vid-ivf-behandling\/","og_site_name":"WiseMind Kvinnoh\u00e4lsa","article_modified_time":"2026-03-31T17:12:18+00:00","twitter_card":"summary_large_image","twitter_misc":{"Ber\u00e4knad l\u00e4stid":"2 minuter"},"schema":{"@context":"https:\/\/schema.org","@graph":[{"@type":"WebPage","@id":"https:\/\/wisemind.se\/kvinna\/stod-vid-ivf-behandling\/","url":"https:\/\/wisemind.se\/kvinna\/stod-vid-ivf-behandling\/","name":"St\u00f6d vid IVF-behandling - WiseMind Kvinnoh\u00e4lsa","isPartOf":{"@id":"https:\/\/wisemind.se\/kvinna\/#website"},"datePublished":"2021-04-27T15:23:35+00:00","dateModified":"2026-03-31T17:12:18+00:00","description":"IIVF \u00e4r den vanligaste behandlingsmetoden f\u00f6r infertilitet, Hormonbehandlingarna och de medicinska ingreppen kan vara tuffa att genomg\u00e5.","breadcrumb":{"@id":"https:\/\/wisemind.se\/kvinna\/stod-vid-ivf-behandling\/#breadcrumb"},"inLanguage":"sv-SE","potentialAction":[{"@type":"ReadAction","target":["https:\/\/wisemind.se\/kvinna\/stod-vid-ivf-behandling\/"]}]},{"@type":"BreadcrumbList","@id":"https:\/\/wisemind.se\/kvinna\/stod-vid-ivf-behandling\/#breadcrumb","itemListElement":[{"@type":"ListItem","position":1,"name":"Hem","item":"https:\/\/wisemind.se\/kvinna\/"},{"@type":"ListItem","position":2,"name":"St\u00f6d vid IVF-behandling"}]},{"@type":"WebSite","@id":"https:\/\/wisemind.se\/kvinna\/#website","url":"https:\/\/wisemind.se\/kvinna\/","name":"WiseMind Kvinnoh\u00e4lsa","description":"Psykologiskt Kunskapscenter","publisher":{"@id":"https:\/\/wisemind.se\/kvinna\/#organization"},"potentialAction":[{"@type":"SearchAction","target":{"@type":"EntryPoint","urlTemplate":"https:\/\/wisemind.se\/kvinna\/?s={search_term_string}"},"query-input":{"@type":"PropertyValueSpecification","valueRequired":true,"valueName":"search_term_string"}}],"inLanguage":"sv-SE"},{"@type":"Organization","@id":"https:\/\/wisemind.se\/kvinna\/#organization","name":"Utveckling och Balans","url":"https:\/\/wisemind.se\/kvinna\/","logo":{"@type":"ImageObject","inLanguage":"sv-SE","@id":"https:\/\/wisemind.se\/kvinna\/#\/schema\/logo\/image\/","url":"https:\/\/wisemind.se\/kvinna\/wp-content\/uploads\/uob-logga-150.png","contentUrl":"https:\/\/wisemind.se\/kvinna\/wp-content\/uploads\/uob-logga-150.png","width":150,"height":62,"caption":"Utveckling och Balans"},"image":{"@id":"https:\/\/wisemind.se\/kvinna\/#\/schema\/logo\/image\/"}}]}},"_links":{"self":[{"href":"https:\/\/wisemind.se\/kvinna\/wp-json\/wp\/v2\/pages\/7596","targetHints":{"allow":["GET"]}}],"collection":[{"href":"https:\/\/wisemind.se\/kvinna\/wp-json\/wp\/v2\/pages"}],"about":[{"href":"https:\/\/wisemind.se\/kvinna\/wp-json\/wp\/v2\/types\/page"}],"author":[{"embeddable":true,"href":"https:\/\/wisemind.se\/kvinna\/wp-json\/wp\/v2\/users\/2"}],"replies":[{"embeddable":true,"href":"https:\/\/wisemind.se\/kvinna\/wp-json\/wp\/v2\/comments?post=7596"}],"version-history":[{"count":3,"href":"https:\/\/wisemind.se\/kvinna\/wp-json\/wp\/v2\/pages\/7596\/revisions"}],"predecessor-version":[{"id":12193,"href":"https:\/\/wisemind.se\/kvinna\/wp-json\/wp\/v2\/pages\/7596\/revisions\/12193"}],"wp:attachment":[{"href":"https:\/\/wisemind.se\/kvinna\/wp-json\/wp\/v2\/media?parent=7596"}],"curies":[{"name":"wp","href":"https:\/\/api.w.org\/{rel}","templated":true}]}}