{"id":7594,"date":"2021-04-27T16:22:54","date_gmt":"2021-04-27T15:22:54","guid":{"rendered":"https:\/\/wisemind.se\/kvinna\/?page_id=7594"},"modified":"2026-03-31T18:11:18","modified_gmt":"2026-03-31T17:11:18","slug":"barnonskan","status":"publish","type":"page","link":"https:\/\/wisemind.se\/kvinna\/barnonskan\/","title":{"rendered":"Barn\u00f6nskan"},"content":{"rendered":"\t\t<div data-elementor-type=\"wp-page\" data-elementor-id=\"7594\" class=\"elementor elementor-7594\" data-elementor-post-type=\"page\">\n\t\t\t\t\t\t<section class=\"elementor-section elementor-top-section elementor-element elementor-element-203f5c9 elementor-section-boxed elementor-section-height-default elementor-section-height-default\" data-id=\"203f5c9\" data-element_type=\"section\" data-e-type=\"section\">\n\t\t\t\t\t\t<div class=\"elementor-container elementor-column-gap-default\">\n\t\t\t\t\t<div class=\"elementor-column elementor-col-100 elementor-top-column elementor-element elementor-element-d6cfb48\" data-id=\"d6cfb48\" data-element_type=\"column\" data-e-type=\"column\">\n\t\t\t<div class=\"elementor-widget-wrap elementor-element-populated\">\n\t\t\t\t\t\t<div class=\"elementor-element elementor-element-61dd87f elementor-widget elementor-widget-heading\" data-id=\"61dd87f\" data-element_type=\"widget\" data-e-type=\"widget\" data-widget_type=\"heading.default\">\n\t\t\t\t<div class=\"elementor-widget-container\">\n\t\t\t\t\t<h1 class=\"elementor-heading-title elementor-size-default\">Barn\u00f6nskan<\/h1>\t\t\t\t<\/div>\n\t\t\t\t<\/div>\n\t\t\t\t\t<\/div>\n\t\t<\/div>\n\t\t\t\t\t<\/div>\n\t\t<\/section>\n\t\t\t\t<section class=\"elementor-section elementor-top-section elementor-element elementor-element-7155fd3 elementor-reverse-mobile elementor-section-boxed elementor-section-height-default elementor-section-height-default\" data-id=\"7155fd3\" data-element_type=\"section\" data-e-type=\"section\">\n\t\t\t\t\t\t<div class=\"elementor-container elementor-column-gap-default\">\n\t\t\t\t\t<div class=\"elementor-column elementor-col-50 elementor-top-column elementor-element elementor-element-ebd3dc8\" data-id=\"ebd3dc8\" data-element_type=\"column\" data-e-type=\"column\">\n\t\t\t<div class=\"elementor-widget-wrap elementor-element-populated\">\n\t\t\t\t\t\t<div class=\"elementor-element elementor-element-0af6150 elementor-widget elementor-widget-text-editor\" data-id=\"0af6150\" data-element_type=\"widget\" data-e-type=\"widget\" data-widget_type=\"text-editor.default\">\n\t\t\t\t<div class=\"elementor-widget-container\">\n\t\t\t\t\t\t\t\t\t<p>Till WiseMind \u00e4r du v\u00e4lkommen att boka en tid f\u00f6r att prata om alla slags funderingar kring att bli f\u00f6r\u00e4lder. Kanske vet du inte om du vill bli f\u00f6r\u00e4lder. Eller har du f\u00f6rs\u00f6kt bli f\u00f6r\u00e4lder l\u00e4nge utan att det kommit n\u00e5got barn. Kanske \u00e4r du i en process av att genomg\u00e5 fertilitetsbehandling, eller att fundera kring olika alternativ. Du kanske har\u00a0 kommit dit att du \u00f6verv\u00e4ger n\u00e4r det \u00e4r dags att sluta f\u00f6rs\u00f6ka.\u00a0<\/p><p>Oavsett var just du \u00e4r i denna process s\u00e5 \u00e4r det naturligt att funderingar kring, l\u00e4ngtan efter att bli eller sorgen \u00f6ver att inte kunna bli f\u00f6r\u00e4lder, upptar en mycket stor del av din energi, tankar och ditt k\u00e4nsloliv.\u00a0<\/p>\t\t\t\t\t\t\t\t<\/div>\n\t\t\t\t<\/div>\n\t\t\t\t\t<\/div>\n\t\t<\/div>\n\t\t\t\t<div class=\"elementor-column elementor-col-50 elementor-top-column elementor-element elementor-element-e3956f8\" data-id=\"e3956f8\" data-element_type=\"column\" data-e-type=\"column\">\n\t\t\t<div class=\"elementor-widget-wrap elementor-element-populated\">\n\t\t\t\t\t\t<div class=\"elementor-element elementor-element-b76f4b8 elementor-widget elementor-widget-image\" data-id=\"b76f4b8\" data-element_type=\"widget\" data-e-type=\"widget\" data-widget_type=\"image.default\">\n\t\t\t\t<div class=\"elementor-widget-container\">\n\t\t\t\t\t\t\t\t\t\t\t\t\t\t\t<img fetchpriority=\"high\" decoding=\"async\" width=\"800\" height=\"800\" src=\"https:\/\/wisemind.se\/kvinna\/wp-content\/uploads\/pexels-juanpphotoandvideo-1250452-1024x1024.jpg\" class=\"attachment-large size-large wp-image-11822\" alt=\"\" srcset=\"https:\/\/wisemind.se\/kvinna\/wp-content\/uploads\/pexels-juanpphotoandvideo-1250452-1024x1024.jpg 1024w, https:\/\/wisemind.se\/kvinna\/wp-content\/uploads\/pexels-juanpphotoandvideo-1250452-300x300.jpg 300w, https:\/\/wisemind.se\/kvinna\/wp-content\/uploads\/pexels-juanpphotoandvideo-1250452-150x150.jpg 150w, https:\/\/wisemind.se\/kvinna\/wp-content\/uploads\/pexels-juanpphotoandvideo-1250452-768x768.jpg 768w\" sizes=\"(max-width: 800px) 100vw, 800px\" \/>\t\t\t\t\t\t\t\t\t\t\t\t\t\t\t<\/div>\n\t\t\t\t<\/div>\n\t\t\t\t\t<\/div>\n\t\t<\/div>\n\t\t\t\t\t<\/div>\n\t\t<\/section>\n\t\t\t\t<section class=\"elementor-section elementor-top-section elementor-element elementor-element-4dabc23 elementor-section-boxed elementor-section-height-default elementor-section-height-default\" data-id=\"4dabc23\" data-element_type=\"section\" data-e-type=\"section\">\n\t\t\t\t\t\t<div class=\"elementor-container elementor-column-gap-default\">\n\t\t\t\t\t<div class=\"elementor-column elementor-col-100 elementor-top-column elementor-element elementor-element-d1990a3\" data-id=\"d1990a3\" data-element_type=\"column\" data-e-type=\"column\">\n\t\t\t<div class=\"elementor-widget-wrap elementor-element-populated\">\n\t\t\t\t\t\t<div class=\"elementor-element elementor-element-7ae1988 elementor-widget elementor-widget-text-editor\" data-id=\"7ae1988\" data-element_type=\"widget\" data-e-type=\"widget\" data-widget_type=\"text-editor.default\">\n\t\t\t\t<div class=\"elementor-widget-container\">\n\t\t\t\t\t\t\t\t\t<p><span style=\"color: var( --e-global-color-text ); font-size: var( --e-global-typography-text-font-size );\">Det kan vara hj\u00e4lpsamt att f\u00e5 tala h\u00f6gt om fr\u00e5gan, med n\u00e5gon utomst\u00e5ende, som inte har \u00e5sikter eller id\u00e9er om vad som \u00e4r r\u00e4tt eller fel, utan som finns d\u00e4r f\u00f6r att lyssna p\u00e5 dig och ge st\u00f6d oavsett vad du t\u00e4nker och k\u00e4nner just f\u00f6r stunden. Ibland kan det ocks\u00e5 vara hj\u00e4lpsamt att f\u00e5 verktyg och ett bollplank f\u00f6r att kunna ta steg fram\u00e5t mot de beslut du beh\u00f6ver ta eller f\u00f6r att du ska kunna leva ditt liv p\u00e5 ett meningsfullt s\u00e4tt, oavsett n\u00e4r eller om du ska bli f\u00f6r\u00e4lder.<\/span><\/p><p>V\u00e4lkommen att <a href=\"https:\/\/wisemind.se\/kvinna\/kontakt\/\">kontakta oss<\/a> idag om du har funderingar kring \u00f6nskan om barn.<\/p>\t\t\t\t\t\t\t\t<\/div>\n\t\t\t\t<\/div>\n\t\t\t\t\t<\/div>\n\t\t<\/div>\n\t\t\t\t\t<\/div>\n\t\t<\/section>\n\t\t\t\t<section class=\"elementor-section elementor-top-section elementor-element elementor-element-541dea1f elementor-section-full_width elementor-section-height-default elementor-section-height-default\" data-id=\"541dea1f\" data-element_type=\"section\" data-e-type=\"section\">\n\t\t\t\t\t\t<div class=\"elementor-container elementor-column-gap-default\">\n\t\t\t\t\t<div class=\"elementor-column elementor-col-100 elementor-top-column elementor-element elementor-element-17d9b634\" data-id=\"17d9b634\" data-element_type=\"column\" data-e-type=\"column\" data-settings=\"{&quot;background_background&quot;:&quot;classic&quot;}\">\n\t\t\t<div class=\"elementor-widget-wrap elementor-element-populated\">\n\t\t\t\t\t\t<section class=\"elementor-section elementor-inner-section elementor-element elementor-element-26539e6c elementor-section-boxed elementor-section-height-default elementor-section-height-default\" data-id=\"26539e6c\" data-element_type=\"section\" data-e-type=\"section\" data-settings=\"{&quot;background_background&quot;:&quot;classic&quot;}\">\n\t\t\t\t\t\t<div class=\"elementor-container elementor-column-gap-default\">\n\t\t\t\t\t<div class=\"elementor-column elementor-col-33 elementor-inner-column elementor-element elementor-element-2944a430\" data-id=\"2944a430\" data-element_type=\"column\" data-e-type=\"column\">\n\t\t\t<div class=\"elementor-widget-wrap elementor-element-populated\">\n\t\t\t\t\t\t<div class=\"elementor-element elementor-element-619ffd98 elementor-align-justify elementor-mobile-align-justify elementor-widget elementor-widget-global elementor-global-2060 elementor-widget-button\" data-id=\"619ffd98\" data-element_type=\"widget\" data-e-type=\"widget\" data-widget_type=\"button.default\">\n\t\t\t\t<div class=\"elementor-widget-container\">\n\t\t\t\t\t\t\t\t\t<div class=\"elementor-button-wrapper\">\n\t\t\t\t\t<a class=\"elementor-button elementor-button-link elementor-size-sm\" href=\"\/kvinna\/bokning-och-priser\" id=\"info-kv-global\">\n\t\t\t\t\t\t<span class=\"elementor-button-content-wrapper\">\n\t\t\t\t\t\t\t\t\t<span class=\"elementor-button-text\">Prislista<\/span>\n\t\t\t\t\t<\/span>\n\t\t\t\t\t<\/a>\n\t\t\t\t<\/div>\n\t\t\t\t\t\t\t\t<\/div>\n\t\t\t\t<\/div>\n\t\t\t\t\t<\/div>\n\t\t<\/div>\n\t\t\t\t<div class=\"elementor-column elementor-col-33 elementor-inner-column elementor-element elementor-element-7c663112\" data-id=\"7c663112\" data-element_type=\"column\" data-e-type=\"column\">\n\t\t\t<div class=\"elementor-widget-wrap elementor-element-populated\">\n\t\t\t\t\t\t<div class=\"elementor-element elementor-element-2de28174 elementor-align-justify elementor-mobile-align-justify elementor-widget elementor-widget-global elementor-global-10608 elementor-widget-button\" data-id=\"2de28174\" data-element_type=\"widget\" data-e-type=\"widget\" data-widget_type=\"button.default\">\n\t\t\t\t<div class=\"elementor-widget-container\">\n\t\t\t\t\t\t\t\t\t<div class=\"elementor-button-wrapper\">\n\t\t\t\t\t<a class=\"elementor-button elementor-button-link elementor-size-sm\" href=\"https:\/\/psykologiteamet.kaddio.com\/booking\/cal\/\" id=\"Boka-kv-global\">\n\t\t\t\t\t\t<span class=\"elementor-button-content-wrapper\">\n\t\t\t\t\t\t\t\t\t<span class=\"elementor-button-text\">Boka tid<\/span>\n\t\t\t\t\t<\/span>\n\t\t\t\t\t<\/a>\n\t\t\t\t<\/div>\n\t\t\t\t\t\t\t\t<\/div>\n\t\t\t\t<\/div>\n\t\t\t\t\t<\/div>\n\t\t<\/div>\n\t\t\t\t<div class=\"elementor-column elementor-col-33 elementor-inner-column elementor-element elementor-element-14401d71\" data-id=\"14401d71\" data-element_type=\"column\" data-e-type=\"column\">\n\t\t\t<div class=\"elementor-widget-wrap elementor-element-populated\">\n\t\t\t\t\t\t<div class=\"elementor-element elementor-element-4c186305 elementor-align-justify elementor-mobile-align-justify elementor-widget elementor-widget-global elementor-global-1978 elementor-widget-button\" data-id=\"4c186305\" data-element_type=\"widget\" data-e-type=\"widget\" data-widget_type=\"button.default\">\n\t\t\t\t<div class=\"elementor-widget-container\">\n\t\t\t\t\t\t\t\t\t<div class=\"elementor-button-wrapper\">\n\t\t\t\t\t<a class=\"elementor-button elementor-button-link elementor-size-sm\" href=\"https:\/\/psykologiteamet.kaddio.com\/contact-us\" id=\"kontakt-kv-global\">\n\t\t\t\t\t\t<span class=\"elementor-button-content-wrapper\">\n\t\t\t\t\t\t\t\t\t<span class=\"elementor-button-text\">Kontakta oss<\/span>\n\t\t\t\t\t<\/span>\n\t\t\t\t\t<\/a>\n\t\t\t\t<\/div>\n\t\t\t\t\t\t\t\t<\/div>\n\t\t\t\t<\/div>\n\t\t\t\t\t<\/div>\n\t\t<\/div>\n\t\t\t\t\t<\/div>\n\t\t<\/section>\n\t\t\t\t\t<\/div>\n\t\t<\/div>\n\t\t\t\t\t<\/div>\n\t\t<\/section>\n\t\t\t\t<\/div>\n\t\t","protected":false},"excerpt":{"rendered":"<p>Barn\u00f6nskan Till WiseMind \u00e4r du v\u00e4lkommen att boka en tid f\u00f6r att prata om alla slags funderingar kring att bli f\u00f6r\u00e4lder. Kanske vet du inte om du vill bli f\u00f6r\u00e4lder. Eller har du f\u00f6rs\u00f6kt bli f\u00f6r\u00e4lder l\u00e4nge utan att det kommit n\u00e5got barn. Kanske \u00e4r du i en process av att genomg\u00e5 fertilitetsbehandling, eller att [&hellip;]<\/p>\n","protected":false},"author":2,"featured_media":0,"parent":0,"menu_order":0,"comment_status":"closed","ping_status":"closed","template":"","meta":{"_monsterinsights_skip_tracking":false,"_monsterinsights_sitenote_active":false,"_monsterinsights_sitenote_note":"","_monsterinsights_sitenote_category":0,"footnotes":""},"class_list":["post-7594","page","type-page","status-publish","hentry"],"yoast_head":"<!-- This site is optimized with the Yoast SEO plugin v27.4 - https:\/\/yoast.com\/product\/yoast-seo-wordpress\/ -->\n<title>Barn\u00f6nskan - WiseMind Kvinnoh\u00e4lsa<\/title>\n<meta name=\"description\" content=\"Funderingar och oro kring, l\u00e4ngtan efter att bli eller sorgen \u00f6ver att inte kunna bli f\u00f6r\u00e4lder \u00e4r naturliga.\" \/>\n<meta name=\"robots\" content=\"index, follow, max-snippet:-1, max-image-preview:large, max-video-preview:-1\" \/>\n<link rel=\"canonical\" href=\"https:\/\/wisemind.se\/kvinna\/barnonskan\/\" \/>\n<meta property=\"og:locale\" content=\"sv_SE\" \/>\n<meta property=\"og:type\" content=\"article\" \/>\n<meta property=\"og:title\" content=\"Barn\u00f6nskan - WiseMind Kvinnoh\u00e4lsa\" \/>\n<meta property=\"og:description\" content=\"Funderingar och oro kring, l\u00e4ngtan efter att bli eller sorgen \u00f6ver att inte kunna bli f\u00f6r\u00e4lder \u00e4r naturliga.\" \/>\n<meta property=\"og:url\" content=\"https:\/\/wisemind.se\/kvinna\/barnonskan\/\" \/>\n<meta property=\"og:site_name\" content=\"WiseMind Kvinnoh\u00e4lsa\" \/>\n<meta property=\"article:modified_time\" content=\"2026-03-31T17:11:18+00:00\" \/>\n<meta property=\"og:image\" content=\"https:\/\/wisemind.se\/kvinna\/wp-content\/uploads\/pexels-juanpphotoandvideo-1250452.jpg\" \/>\n\t<meta property=\"og:image:width\" content=\"1920\" \/>\n\t<meta property=\"og:image:height\" content=\"1280\" \/>\n\t<meta property=\"og:image:type\" content=\"image\/jpeg\" \/>\n<meta name=\"twitter:card\" content=\"summary_large_image\" \/>\n<meta name=\"twitter:label1\" content=\"Ber\u00e4knad l\u00e4stid\" \/>\n\t<meta name=\"twitter:data1\" content=\"2 minuter\" \/>\n<script type=\"application\/ld+json\" class=\"yoast-schema-graph\">{\"@context\":\"https:\\\/\\\/schema.org\",\"@graph\":[{\"@type\":\"WebPage\",\"@id\":\"https:\\\/\\\/wisemind.se\\\/kvinna\\\/barnonskan\\\/\",\"url\":\"https:\\\/\\\/wisemind.se\\\/kvinna\\\/barnonskan\\\/\",\"name\":\"Barn\u00f6nskan - WiseMind Kvinnoh\u00e4lsa\",\"isPartOf\":{\"@id\":\"https:\\\/\\\/wisemind.se\\\/kvinna\\\/#website\"},\"primaryImageOfPage\":{\"@id\":\"https:\\\/\\\/wisemind.se\\\/kvinna\\\/barnonskan\\\/#primaryimage\"},\"image\":{\"@id\":\"https:\\\/\\\/wisemind.se\\\/kvinna\\\/barnonskan\\\/#primaryimage\"},\"thumbnailUrl\":\"https:\\\/\\\/wisemind.se\\\/kvinna\\\/wp-content\\\/uploads\\\/pexels-juanpphotoandvideo-1250452-1024x1024.jpg\",\"datePublished\":\"2021-04-27T15:22:54+00:00\",\"dateModified\":\"2026-03-31T17:11:18+00:00\",\"description\":\"Funderingar och oro kring, l\u00e4ngtan efter att bli eller sorgen \u00f6ver att inte kunna bli f\u00f6r\u00e4lder \u00e4r naturliga.\",\"breadcrumb\":{\"@id\":\"https:\\\/\\\/wisemind.se\\\/kvinna\\\/barnonskan\\\/#breadcrumb\"},\"inLanguage\":\"sv-SE\",\"potentialAction\":[{\"@type\":\"ReadAction\",\"target\":[\"https:\\\/\\\/wisemind.se\\\/kvinna\\\/barnonskan\\\/\"]}]},{\"@type\":\"ImageObject\",\"inLanguage\":\"sv-SE\",\"@id\":\"https:\\\/\\\/wisemind.se\\\/kvinna\\\/barnonskan\\\/#primaryimage\",\"url\":\"https:\\\/\\\/wisemind.se\\\/kvinna\\\/wp-content\\\/uploads\\\/pexels-juanpphotoandvideo-1250452.jpg\",\"contentUrl\":\"https:\\\/\\\/wisemind.se\\\/kvinna\\\/wp-content\\\/uploads\\\/pexels-juanpphotoandvideo-1250452.jpg\",\"width\":1920,\"height\":1280},{\"@type\":\"BreadcrumbList\",\"@id\":\"https:\\\/\\\/wisemind.se\\\/kvinna\\\/barnonskan\\\/#breadcrumb\",\"itemListElement\":[{\"@type\":\"ListItem\",\"position\":1,\"name\":\"Hem\",\"item\":\"https:\\\/\\\/wisemind.se\\\/kvinna\\\/\"},{\"@type\":\"ListItem\",\"position\":2,\"name\":\"Barn\u00f6nskan\"}]},{\"@type\":\"WebSite\",\"@id\":\"https:\\\/\\\/wisemind.se\\\/kvinna\\\/#website\",\"url\":\"https:\\\/\\\/wisemind.se\\\/kvinna\\\/\",\"name\":\"WiseMind Kvinnoh\u00e4lsa\",\"description\":\"Psykologiskt Kunskapscenter\",\"publisher\":{\"@id\":\"https:\\\/\\\/wisemind.se\\\/kvinna\\\/#organization\"},\"potentialAction\":[{\"@type\":\"SearchAction\",\"target\":{\"@type\":\"EntryPoint\",\"urlTemplate\":\"https:\\\/\\\/wisemind.se\\\/kvinna\\\/?s={search_term_string}\"},\"query-input\":{\"@type\":\"PropertyValueSpecification\",\"valueRequired\":true,\"valueName\":\"search_term_string\"}}],\"inLanguage\":\"sv-SE\"},{\"@type\":\"Organization\",\"@id\":\"https:\\\/\\\/wisemind.se\\\/kvinna\\\/#organization\",\"name\":\"Utveckling och Balans\",\"url\":\"https:\\\/\\\/wisemind.se\\\/kvinna\\\/\",\"logo\":{\"@type\":\"ImageObject\",\"inLanguage\":\"sv-SE\",\"@id\":\"https:\\\/\\\/wisemind.se\\\/kvinna\\\/#\\\/schema\\\/logo\\\/image\\\/\",\"url\":\"https:\\\/\\\/wisemind.se\\\/kvinna\\\/wp-content\\\/uploads\\\/uob-logga-150.png\",\"contentUrl\":\"https:\\\/\\\/wisemind.se\\\/kvinna\\\/wp-content\\\/uploads\\\/uob-logga-150.png\",\"width\":150,\"height\":62,\"caption\":\"Utveckling och Balans\"},\"image\":{\"@id\":\"https:\\\/\\\/wisemind.se\\\/kvinna\\\/#\\\/schema\\\/logo\\\/image\\\/\"}}]}<\/script>\n<!-- \/ Yoast SEO plugin. -->","yoast_head_json":{"title":"Barn\u00f6nskan - WiseMind Kvinnoh\u00e4lsa","description":"Funderingar och oro kring, l\u00e4ngtan efter att bli eller sorgen \u00f6ver att inte kunna bli f\u00f6r\u00e4lder \u00e4r naturliga.","robots":{"index":"index","follow":"follow","max-snippet":"max-snippet:-1","max-image-preview":"max-image-preview:large","max-video-preview":"max-video-preview:-1"},"canonical":"https:\/\/wisemind.se\/kvinna\/barnonskan\/","og_locale":"sv_SE","og_type":"article","og_title":"Barn\u00f6nskan - WiseMind Kvinnoh\u00e4lsa","og_description":"Funderingar och oro kring, l\u00e4ngtan efter att bli eller sorgen \u00f6ver att inte kunna bli f\u00f6r\u00e4lder \u00e4r naturliga.","og_url":"https:\/\/wisemind.se\/kvinna\/barnonskan\/","og_site_name":"WiseMind Kvinnoh\u00e4lsa","article_modified_time":"2026-03-31T17:11:18+00:00","og_image":[{"width":1920,"height":1280,"url":"https:\/\/wisemind.se\/kvinna\/wp-content\/uploads\/pexels-juanpphotoandvideo-1250452.jpg","type":"image\/jpeg"}],"twitter_card":"summary_large_image","twitter_misc":{"Ber\u00e4knad l\u00e4stid":"2 minuter"},"schema":{"@context":"https:\/\/schema.org","@graph":[{"@type":"WebPage","@id":"https:\/\/wisemind.se\/kvinna\/barnonskan\/","url":"https:\/\/wisemind.se\/kvinna\/barnonskan\/","name":"Barn\u00f6nskan - WiseMind Kvinnoh\u00e4lsa","isPartOf":{"@id":"https:\/\/wisemind.se\/kvinna\/#website"},"primaryImageOfPage":{"@id":"https:\/\/wisemind.se\/kvinna\/barnonskan\/#primaryimage"},"image":{"@id":"https:\/\/wisemind.se\/kvinna\/barnonskan\/#primaryimage"},"thumbnailUrl":"https:\/\/wisemind.se\/kvinna\/wp-content\/uploads\/pexels-juanpphotoandvideo-1250452-1024x1024.jpg","datePublished":"2021-04-27T15:22:54+00:00","dateModified":"2026-03-31T17:11:18+00:00","description":"Funderingar och oro kring, l\u00e4ngtan efter att bli eller sorgen \u00f6ver att inte kunna bli f\u00f6r\u00e4lder \u00e4r naturliga.","breadcrumb":{"@id":"https:\/\/wisemind.se\/kvinna\/barnonskan\/#breadcrumb"},"inLanguage":"sv-SE","potentialAction":[{"@type":"ReadAction","target":["https:\/\/wisemind.se\/kvinna\/barnonskan\/"]}]},{"@type":"ImageObject","inLanguage":"sv-SE","@id":"https:\/\/wisemind.se\/kvinna\/barnonskan\/#primaryimage","url":"https:\/\/wisemind.se\/kvinna\/wp-content\/uploads\/pexels-juanpphotoandvideo-1250452.jpg","contentUrl":"https:\/\/wisemind.se\/kvinna\/wp-content\/uploads\/pexels-juanpphotoandvideo-1250452.jpg","width":1920,"height":1280},{"@type":"BreadcrumbList","@id":"https:\/\/wisemind.se\/kvinna\/barnonskan\/#breadcrumb","itemListElement":[{"@type":"ListItem","position":1,"name":"Hem","item":"https:\/\/wisemind.se\/kvinna\/"},{"@type":"ListItem","position":2,"name":"Barn\u00f6nskan"}]},{"@type":"WebSite","@id":"https:\/\/wisemind.se\/kvinna\/#website","url":"https:\/\/wisemind.se\/kvinna\/","name":"WiseMind Kvinnoh\u00e4lsa","description":"Psykologiskt Kunskapscenter","publisher":{"@id":"https:\/\/wisemind.se\/kvinna\/#organization"},"potentialAction":[{"@type":"SearchAction","target":{"@type":"EntryPoint","urlTemplate":"https:\/\/wisemind.se\/kvinna\/?s={search_term_string}"},"query-input":{"@type":"PropertyValueSpecification","valueRequired":true,"valueName":"search_term_string"}}],"inLanguage":"sv-SE"},{"@type":"Organization","@id":"https:\/\/wisemind.se\/kvinna\/#organization","name":"Utveckling och Balans","url":"https:\/\/wisemind.se\/kvinna\/","logo":{"@type":"ImageObject","inLanguage":"sv-SE","@id":"https:\/\/wisemind.se\/kvinna\/#\/schema\/logo\/image\/","url":"https:\/\/wisemind.se\/kvinna\/wp-content\/uploads\/uob-logga-150.png","contentUrl":"https:\/\/wisemind.se\/kvinna\/wp-content\/uploads\/uob-logga-150.png","width":150,"height":62,"caption":"Utveckling och Balans"},"image":{"@id":"https:\/\/wisemind.se\/kvinna\/#\/schema\/logo\/image\/"}}]}},"_links":{"self":[{"href":"https:\/\/wisemind.se\/kvinna\/wp-json\/wp\/v2\/pages\/7594","targetHints":{"allow":["GET"]}}],"collection":[{"href":"https:\/\/wisemind.se\/kvinna\/wp-json\/wp\/v2\/pages"}],"about":[{"href":"https:\/\/wisemind.se\/kvinna\/wp-json\/wp\/v2\/types\/page"}],"author":[{"embeddable":true,"href":"https:\/\/wisemind.se\/kvinna\/wp-json\/wp\/v2\/users\/2"}],"replies":[{"embeddable":true,"href":"https:\/\/wisemind.se\/kvinna\/wp-json\/wp\/v2\/comments?post=7594"}],"version-history":[{"count":3,"href":"https:\/\/wisemind.se\/kvinna\/wp-json\/wp\/v2\/pages\/7594\/revisions"}],"predecessor-version":[{"id":12190,"href":"https:\/\/wisemind.se\/kvinna\/wp-json\/wp\/v2\/pages\/7594\/revisions\/12190"}],"wp:attachment":[{"href":"https:\/\/wisemind.se\/kvinna\/wp-json\/wp\/v2\/media?parent=7594"}],"curies":[{"name":"wp","href":"https:\/\/api.w.org\/{rel}","templated":true}]}}