{"id":7536,"date":"2021-04-27T10:24:01","date_gmt":"2021-04-27T09:24:01","guid":{"rendered":"https:\/\/wisemind.se\/kvinna\/?page_id=7536"},"modified":"2026-03-31T18:19:53","modified_gmt":"2026-03-31T17:19:53","slug":"foraldraskap","status":"publish","type":"page","link":"https:\/\/wisemind.se\/kvinna\/foraldraskap\/","title":{"rendered":"F\u00f6r\u00e4ldraskap"},"content":{"rendered":"\t\t<div data-elementor-type=\"wp-page\" data-elementor-id=\"7536\" class=\"elementor elementor-7536\" data-elementor-post-type=\"page\">\n\t\t\t\t\t\t<section class=\"elementor-section elementor-top-section elementor-element elementor-element-3ae0cb7b elementor-section-boxed elementor-section-height-default elementor-section-height-default\" data-id=\"3ae0cb7b\" data-element_type=\"section\" data-e-type=\"section\">\n\t\t\t\t\t\t<div class=\"elementor-container elementor-column-gap-default\">\n\t\t\t\t\t<div class=\"elementor-column elementor-col-100 elementor-top-column elementor-element elementor-element-326c9509\" data-id=\"326c9509\" data-element_type=\"column\" data-e-type=\"column\">\n\t\t\t<div class=\"elementor-widget-wrap elementor-element-populated\">\n\t\t\t\t\t\t<div class=\"elementor-element elementor-element-16eff540 elementor-widget elementor-widget-heading\" data-id=\"16eff540\" data-element_type=\"widget\" data-e-type=\"widget\" data-widget_type=\"heading.default\">\n\t\t\t\t<div class=\"elementor-widget-container\">\n\t\t\t\t\t<h1 class=\"elementor-heading-title elementor-size-default\">F\u00f6r\u00e4ldraskap<\/h1>\t\t\t\t<\/div>\n\t\t\t\t<\/div>\n\t\t\t\t<div class=\"elementor-element elementor-element-7c58ef3e elementor-widget elementor-widget-text-editor\" data-id=\"7c58ef3e\" data-element_type=\"widget\" data-e-type=\"widget\" data-widget_type=\"text-editor.default\">\n\t\t\t\t<div class=\"elementor-widget-container\">\n\t\t\t\t\t\t\t\t\t<p>F\u00f6r\u00e4ldraskap i en stressig vardag \u00e4r inte alltid l\u00e4tt. Barnens olika faser st\u00e4ller olika krav p\u00e5 oss som f\u00f6r\u00e4ldrar. Som sm\u00e5barnsf\u00f6r\u00e4lder \u00e4r det inte ovanligt att hamna i en negativ spiral av konflikter och k\u00e4nslor av maktl\u00f6shet.<\/p><h2>Behov av st\u00f6d i f\u00f6r\u00e4ldraskapet<\/h2><p>Att bli och vara den f\u00f6r\u00e4lder du vill vara kan ibland g\u00f6ra att du k\u00e4nner att du beh\u00f6ver st\u00f6d utifr\u00e5n.\u00a0I vissa fr\u00e5gor kan det bli extra tydligt att man har behov av att fr\u00e5ga om r\u00e5d och v\u00e4gledning.<\/p><p>V\u00e4lkommen att boka en tid f\u00f6r f\u00f6r\u00e4ldrar\u00e5dgivning med en av v\u00e5ra psykologer. Mer information om hur vi kan erbjuda st\u00f6d till dig som f\u00f6r\u00e4lder eller er som familj kan du l\u00e4sa om p\u00e5 <a href=\"https:\/\/wisemind.se\/psykologiteamet\/familjepsykolog\/\">WiseMind Psykologiteamet<\/a>.\u00a0<\/p>\t\t\t\t\t\t\t\t<\/div>\n\t\t\t\t<\/div>\n\t\t\t\t\t<\/div>\n\t\t<\/div>\n\t\t\t\t\t<\/div>\n\t\t<\/section>\n\t\t\t\t<section class=\"elementor-section elementor-top-section elementor-element elementor-element-59c9d437 elementor-section-full_width elementor-section-height-default elementor-section-height-default\" data-id=\"59c9d437\" data-element_type=\"section\" data-e-type=\"section\">\n\t\t\t\t\t\t<div class=\"elementor-container elementor-column-gap-default\">\n\t\t\t\t\t<div class=\"elementor-column elementor-col-100 elementor-top-column elementor-element elementor-element-79ca9b76\" data-id=\"79ca9b76\" data-element_type=\"column\" data-e-type=\"column\" data-settings=\"{&quot;background_background&quot;:&quot;classic&quot;}\">\n\t\t\t<div class=\"elementor-widget-wrap elementor-element-populated\">\n\t\t\t\t\t\t<section class=\"elementor-section elementor-inner-section elementor-element elementor-element-56b599d6 elementor-section-boxed elementor-section-height-default elementor-section-height-default\" data-id=\"56b599d6\" data-element_type=\"section\" data-e-type=\"section\" data-settings=\"{&quot;background_background&quot;:&quot;classic&quot;}\">\n\t\t\t\t\t\t<div class=\"elementor-container elementor-column-gap-default\">\n\t\t\t\t\t<div class=\"elementor-column elementor-col-33 elementor-inner-column elementor-element elementor-element-2c2710ca\" data-id=\"2c2710ca\" data-element_type=\"column\" data-e-type=\"column\">\n\t\t\t<div class=\"elementor-widget-wrap elementor-element-populated\">\n\t\t\t\t\t\t<div class=\"elementor-element elementor-element-732cba25 elementor-align-justify elementor-mobile-align-justify elementor-widget elementor-widget-global elementor-global-2060 elementor-widget-button\" data-id=\"732cba25\" data-element_type=\"widget\" data-e-type=\"widget\" data-widget_type=\"button.default\">\n\t\t\t\t<div class=\"elementor-widget-container\">\n\t\t\t\t\t\t\t\t\t<div class=\"elementor-button-wrapper\">\n\t\t\t\t\t<a class=\"elementor-button elementor-button-link elementor-size-sm\" href=\"\/kvinna\/bokning-och-priser\" id=\"info-kv-global\">\n\t\t\t\t\t\t<span class=\"elementor-button-content-wrapper\">\n\t\t\t\t\t\t\t\t\t<span class=\"elementor-button-text\">Prislista<\/span>\n\t\t\t\t\t<\/span>\n\t\t\t\t\t<\/a>\n\t\t\t\t<\/div>\n\t\t\t\t\t\t\t\t<\/div>\n\t\t\t\t<\/div>\n\t\t\t\t\t<\/div>\n\t\t<\/div>\n\t\t\t\t<div class=\"elementor-column elementor-col-33 elementor-inner-column elementor-element elementor-element-5825f05f\" data-id=\"5825f05f\" data-element_type=\"column\" data-e-type=\"column\">\n\t\t\t<div class=\"elementor-widget-wrap elementor-element-populated\">\n\t\t\t\t\t\t<div class=\"elementor-element elementor-element-58384313 elementor-align-justify elementor-mobile-align-justify elementor-widget elementor-widget-global elementor-global-10608 elementor-widget-button\" data-id=\"58384313\" data-element_type=\"widget\" data-e-type=\"widget\" data-widget_type=\"button.default\">\n\t\t\t\t<div class=\"elementor-widget-container\">\n\t\t\t\t\t\t\t\t\t<div class=\"elementor-button-wrapper\">\n\t\t\t\t\t<a class=\"elementor-button elementor-button-link elementor-size-sm\" href=\"https:\/\/psykologiteamet.kaddio.com\/booking\/cal\/\" id=\"Boka-kv-global\">\n\t\t\t\t\t\t<span class=\"elementor-button-content-wrapper\">\n\t\t\t\t\t\t\t\t\t<span class=\"elementor-button-text\">Boka tid<\/span>\n\t\t\t\t\t<\/span>\n\t\t\t\t\t<\/a>\n\t\t\t\t<\/div>\n\t\t\t\t\t\t\t\t<\/div>\n\t\t\t\t<\/div>\n\t\t\t\t\t<\/div>\n\t\t<\/div>\n\t\t\t\t<div class=\"elementor-column elementor-col-33 elementor-inner-column elementor-element elementor-element-2a21db6a\" data-id=\"2a21db6a\" data-element_type=\"column\" data-e-type=\"column\">\n\t\t\t<div class=\"elementor-widget-wrap elementor-element-populated\">\n\t\t\t\t\t\t<div class=\"elementor-element elementor-element-3c8b89ca elementor-align-justify elementor-mobile-align-justify elementor-widget elementor-widget-global elementor-global-1978 elementor-widget-button\" data-id=\"3c8b89ca\" data-element_type=\"widget\" data-e-type=\"widget\" data-widget_type=\"button.default\">\n\t\t\t\t<div class=\"elementor-widget-container\">\n\t\t\t\t\t\t\t\t\t<div class=\"elementor-button-wrapper\">\n\t\t\t\t\t<a class=\"elementor-button elementor-button-link elementor-size-sm\" href=\"https:\/\/psykologiteamet.kaddio.com\/contact-us\" id=\"kontakt-kv-global\">\n\t\t\t\t\t\t<span class=\"elementor-button-content-wrapper\">\n\t\t\t\t\t\t\t\t\t<span class=\"elementor-button-text\">Kontakta oss<\/span>\n\t\t\t\t\t<\/span>\n\t\t\t\t\t<\/a>\n\t\t\t\t<\/div>\n\t\t\t\t\t\t\t\t<\/div>\n\t\t\t\t<\/div>\n\t\t\t\t\t<\/div>\n\t\t<\/div>\n\t\t\t\t\t<\/div>\n\t\t<\/section>\n\t\t\t\t\t<\/div>\n\t\t<\/div>\n\t\t\t\t\t<\/div>\n\t\t<\/section>\n\t\t\t\t<\/div>\n\t\t","protected":false},"excerpt":{"rendered":"<p>F\u00f6r\u00e4ldraskap F\u00f6r\u00e4ldraskap i en stressig vardag \u00e4r inte alltid l\u00e4tt. Barnens olika faser st\u00e4ller olika krav p\u00e5 oss som f\u00f6r\u00e4ldrar. Som sm\u00e5barnsf\u00f6r\u00e4lder \u00e4r det inte ovanligt att hamna i en negativ spiral av konflikter och k\u00e4nslor av maktl\u00f6shet. Behov av st\u00f6d i f\u00f6r\u00e4ldraskapet Att bli och vara den f\u00f6r\u00e4lder du vill vara kan ibland g\u00f6ra [&hellip;]<\/p>\n","protected":false},"author":2,"featured_media":0,"parent":0,"menu_order":0,"comment_status":"closed","ping_status":"closed","template":"","meta":{"_monsterinsights_skip_tracking":false,"_monsterinsights_sitenote_active":false,"_monsterinsights_sitenote_note":"","_monsterinsights_sitenote_category":0,"footnotes":""},"class_list":["post-7536","page","type-page","status-publish","hentry"],"yoast_head":"<!-- This site is optimized with the Yoast SEO plugin v27.4 - https:\/\/yoast.com\/product\/yoast-seo-wordpress\/ -->\n<title>F\u00f6r\u00e4ldraskap - WiseMind Kvinnoh\u00e4lsa<\/title>\n<meta name=\"description\" content=\"V\u00e5ra barns olika faser st\u00e4ller krav p\u00e5 oss som f\u00f6r\u00e4ldrar. I vissa fr\u00e5gor kan behovet av att fr\u00e5ga om r\u00e5d och v\u00e4gledning bli extra tydligt.\" \/>\n<meta name=\"robots\" content=\"index, follow, max-snippet:-1, max-image-preview:large, max-video-preview:-1\" \/>\n<link rel=\"canonical\" href=\"https:\/\/wisemind.se\/kvinna\/foraldraskap\/\" \/>\n<meta property=\"og:locale\" content=\"sv_SE\" \/>\n<meta property=\"og:type\" content=\"article\" \/>\n<meta property=\"og:title\" content=\"F\u00f6r\u00e4ldraskap - WiseMind Kvinnoh\u00e4lsa\" \/>\n<meta property=\"og:description\" content=\"V\u00e5ra barns olika faser st\u00e4ller krav p\u00e5 oss som f\u00f6r\u00e4ldrar. I vissa fr\u00e5gor kan behovet av att fr\u00e5ga om r\u00e5d och v\u00e4gledning bli extra tydligt.\" \/>\n<meta property=\"og:url\" content=\"https:\/\/wisemind.se\/kvinna\/foraldraskap\/\" \/>\n<meta property=\"og:site_name\" content=\"WiseMind Kvinnoh\u00e4lsa\" \/>\n<meta property=\"article:modified_time\" content=\"2026-03-31T17:19:53+00:00\" \/>\n<meta name=\"twitter:card\" content=\"summary_large_image\" \/>\n<meta name=\"twitter:label1\" content=\"Ber\u00e4knad l\u00e4stid\" \/>\n\t<meta name=\"twitter:data1\" content=\"1 minut\" \/>\n<script type=\"application\/ld+json\" class=\"yoast-schema-graph\">{\"@context\":\"https:\\\/\\\/schema.org\",\"@graph\":[{\"@type\":\"WebPage\",\"@id\":\"https:\\\/\\\/wisemind.se\\\/kvinna\\\/foraldraskap\\\/\",\"url\":\"https:\\\/\\\/wisemind.se\\\/kvinna\\\/foraldraskap\\\/\",\"name\":\"F\u00f6r\u00e4ldraskap - WiseMind Kvinnoh\u00e4lsa\",\"isPartOf\":{\"@id\":\"https:\\\/\\\/wisemind.se\\\/kvinna\\\/#website\"},\"datePublished\":\"2021-04-27T09:24:01+00:00\",\"dateModified\":\"2026-03-31T17:19:53+00:00\",\"description\":\"V\u00e5ra barns olika faser st\u00e4ller krav p\u00e5 oss som f\u00f6r\u00e4ldrar. I vissa fr\u00e5gor kan behovet av att fr\u00e5ga om r\u00e5d och v\u00e4gledning bli extra tydligt.\",\"breadcrumb\":{\"@id\":\"https:\\\/\\\/wisemind.se\\\/kvinna\\\/foraldraskap\\\/#breadcrumb\"},\"inLanguage\":\"sv-SE\",\"potentialAction\":[{\"@type\":\"ReadAction\",\"target\":[\"https:\\\/\\\/wisemind.se\\\/kvinna\\\/foraldraskap\\\/\"]}]},{\"@type\":\"BreadcrumbList\",\"@id\":\"https:\\\/\\\/wisemind.se\\\/kvinna\\\/foraldraskap\\\/#breadcrumb\",\"itemListElement\":[{\"@type\":\"ListItem\",\"position\":1,\"name\":\"Hem\",\"item\":\"https:\\\/\\\/wisemind.se\\\/kvinna\\\/\"},{\"@type\":\"ListItem\",\"position\":2,\"name\":\"F\u00f6r\u00e4ldraskap\"}]},{\"@type\":\"WebSite\",\"@id\":\"https:\\\/\\\/wisemind.se\\\/kvinna\\\/#website\",\"url\":\"https:\\\/\\\/wisemind.se\\\/kvinna\\\/\",\"name\":\"WiseMind Kvinnoh\u00e4lsa\",\"description\":\"Psykologiskt Kunskapscenter\",\"publisher\":{\"@id\":\"https:\\\/\\\/wisemind.se\\\/kvinna\\\/#organization\"},\"potentialAction\":[{\"@type\":\"SearchAction\",\"target\":{\"@type\":\"EntryPoint\",\"urlTemplate\":\"https:\\\/\\\/wisemind.se\\\/kvinna\\\/?s={search_term_string}\"},\"query-input\":{\"@type\":\"PropertyValueSpecification\",\"valueRequired\":true,\"valueName\":\"search_term_string\"}}],\"inLanguage\":\"sv-SE\"},{\"@type\":\"Organization\",\"@id\":\"https:\\\/\\\/wisemind.se\\\/kvinna\\\/#organization\",\"name\":\"Utveckling och Balans\",\"url\":\"https:\\\/\\\/wisemind.se\\\/kvinna\\\/\",\"logo\":{\"@type\":\"ImageObject\",\"inLanguage\":\"sv-SE\",\"@id\":\"https:\\\/\\\/wisemind.se\\\/kvinna\\\/#\\\/schema\\\/logo\\\/image\\\/\",\"url\":\"https:\\\/\\\/wisemind.se\\\/kvinna\\\/wp-content\\\/uploads\\\/uob-logga-150.png\",\"contentUrl\":\"https:\\\/\\\/wisemind.se\\\/kvinna\\\/wp-content\\\/uploads\\\/uob-logga-150.png\",\"width\":150,\"height\":62,\"caption\":\"Utveckling och Balans\"},\"image\":{\"@id\":\"https:\\\/\\\/wisemind.se\\\/kvinna\\\/#\\\/schema\\\/logo\\\/image\\\/\"}}]}<\/script>\n<!-- \/ Yoast SEO plugin. -->","yoast_head_json":{"title":"F\u00f6r\u00e4ldraskap - WiseMind Kvinnoh\u00e4lsa","description":"V\u00e5ra barns olika faser st\u00e4ller krav p\u00e5 oss som f\u00f6r\u00e4ldrar. I vissa fr\u00e5gor kan behovet av att fr\u00e5ga om r\u00e5d och v\u00e4gledning bli extra tydligt.","robots":{"index":"index","follow":"follow","max-snippet":"max-snippet:-1","max-image-preview":"max-image-preview:large","max-video-preview":"max-video-preview:-1"},"canonical":"https:\/\/wisemind.se\/kvinna\/foraldraskap\/","og_locale":"sv_SE","og_type":"article","og_title":"F\u00f6r\u00e4ldraskap - WiseMind Kvinnoh\u00e4lsa","og_description":"V\u00e5ra barns olika faser st\u00e4ller krav p\u00e5 oss som f\u00f6r\u00e4ldrar. I vissa fr\u00e5gor kan behovet av att fr\u00e5ga om r\u00e5d och v\u00e4gledning bli extra tydligt.","og_url":"https:\/\/wisemind.se\/kvinna\/foraldraskap\/","og_site_name":"WiseMind Kvinnoh\u00e4lsa","article_modified_time":"2026-03-31T17:19:53+00:00","twitter_card":"summary_large_image","twitter_misc":{"Ber\u00e4knad l\u00e4stid":"1 minut"},"schema":{"@context":"https:\/\/schema.org","@graph":[{"@type":"WebPage","@id":"https:\/\/wisemind.se\/kvinna\/foraldraskap\/","url":"https:\/\/wisemind.se\/kvinna\/foraldraskap\/","name":"F\u00f6r\u00e4ldraskap - WiseMind Kvinnoh\u00e4lsa","isPartOf":{"@id":"https:\/\/wisemind.se\/kvinna\/#website"},"datePublished":"2021-04-27T09:24:01+00:00","dateModified":"2026-03-31T17:19:53+00:00","description":"V\u00e5ra barns olika faser st\u00e4ller krav p\u00e5 oss som f\u00f6r\u00e4ldrar. I vissa fr\u00e5gor kan behovet av att fr\u00e5ga om r\u00e5d och v\u00e4gledning bli extra tydligt.","breadcrumb":{"@id":"https:\/\/wisemind.se\/kvinna\/foraldraskap\/#breadcrumb"},"inLanguage":"sv-SE","potentialAction":[{"@type":"ReadAction","target":["https:\/\/wisemind.se\/kvinna\/foraldraskap\/"]}]},{"@type":"BreadcrumbList","@id":"https:\/\/wisemind.se\/kvinna\/foraldraskap\/#breadcrumb","itemListElement":[{"@type":"ListItem","position":1,"name":"Hem","item":"https:\/\/wisemind.se\/kvinna\/"},{"@type":"ListItem","position":2,"name":"F\u00f6r\u00e4ldraskap"}]},{"@type":"WebSite","@id":"https:\/\/wisemind.se\/kvinna\/#website","url":"https:\/\/wisemind.se\/kvinna\/","name":"WiseMind Kvinnoh\u00e4lsa","description":"Psykologiskt Kunskapscenter","publisher":{"@id":"https:\/\/wisemind.se\/kvinna\/#organization"},"potentialAction":[{"@type":"SearchAction","target":{"@type":"EntryPoint","urlTemplate":"https:\/\/wisemind.se\/kvinna\/?s={search_term_string}"},"query-input":{"@type":"PropertyValueSpecification","valueRequired":true,"valueName":"search_term_string"}}],"inLanguage":"sv-SE"},{"@type":"Organization","@id":"https:\/\/wisemind.se\/kvinna\/#organization","name":"Utveckling och Balans","url":"https:\/\/wisemind.se\/kvinna\/","logo":{"@type":"ImageObject","inLanguage":"sv-SE","@id":"https:\/\/wisemind.se\/kvinna\/#\/schema\/logo\/image\/","url":"https:\/\/wisemind.se\/kvinna\/wp-content\/uploads\/uob-logga-150.png","contentUrl":"https:\/\/wisemind.se\/kvinna\/wp-content\/uploads\/uob-logga-150.png","width":150,"height":62,"caption":"Utveckling och Balans"},"image":{"@id":"https:\/\/wisemind.se\/kvinna\/#\/schema\/logo\/image\/"}}]}},"_links":{"self":[{"href":"https:\/\/wisemind.se\/kvinna\/wp-json\/wp\/v2\/pages\/7536","targetHints":{"allow":["GET"]}}],"collection":[{"href":"https:\/\/wisemind.se\/kvinna\/wp-json\/wp\/v2\/pages"}],"about":[{"href":"https:\/\/wisemind.se\/kvinna\/wp-json\/wp\/v2\/types\/page"}],"author":[{"embeddable":true,"href":"https:\/\/wisemind.se\/kvinna\/wp-json\/wp\/v2\/users\/2"}],"replies":[{"embeddable":true,"href":"https:\/\/wisemind.se\/kvinna\/wp-json\/wp\/v2\/comments?post=7536"}],"version-history":[{"count":3,"href":"https:\/\/wisemind.se\/kvinna\/wp-json\/wp\/v2\/pages\/7536\/revisions"}],"predecessor-version":[{"id":12211,"href":"https:\/\/wisemind.se\/kvinna\/wp-json\/wp\/v2\/pages\/7536\/revisions\/12211"}],"wp:attachment":[{"href":"https:\/\/wisemind.se\/kvinna\/wp-json\/wp\/v2\/media?parent=7536"}],"curies":[{"name":"wp","href":"https:\/\/api.w.org\/{rel}","templated":true}]}}