{"id":7534,"date":"2021-04-27T10:23:14","date_gmt":"2021-04-27T09:23:14","guid":{"rendered":"https:\/\/wisemind.se\/kvinna\/?page_id=7534"},"modified":"2024-12-13T13:37:40","modified_gmt":"2024-12-13T12:37:40","slug":"graviditet-forlossning","status":"publish","type":"page","link":"https:\/\/wisemind.se\/kvinna\/graviditet-forlossning\/","title":{"rendered":"Graviditet och f\u00f6rlossning"},"content":{"rendered":"\t\t<div data-elementor-type=\"wp-page\" data-elementor-id=\"7534\" class=\"elementor elementor-7534\" data-elementor-post-type=\"page\">\n\t\t\t\t\t\t<section class=\"elementor-section elementor-top-section elementor-element elementor-element-ae3754c elementor-section-boxed elementor-section-height-default elementor-section-height-default\" data-id=\"ae3754c\" data-element_type=\"section\" data-e-type=\"section\">\n\t\t\t\t\t\t<div class=\"elementor-container elementor-column-gap-default\">\n\t\t\t\t\t<div class=\"elementor-column elementor-col-100 elementor-top-column elementor-element elementor-element-485e8aa\" data-id=\"485e8aa\" data-element_type=\"column\" data-e-type=\"column\">\n\t\t\t<div class=\"elementor-widget-wrap elementor-element-populated\">\n\t\t\t\t\t\t<div class=\"elementor-element elementor-element-185f82df elementor-widget elementor-widget-heading\" data-id=\"185f82df\" data-element_type=\"widget\" data-e-type=\"widget\" data-widget_type=\"heading.default\">\n\t\t\t\t<div class=\"elementor-widget-container\">\n\t\t\t\t\t<h1 class=\"elementor-heading-title elementor-size-default\">Graviditet &amp; f\u00f6rlossning<\/h1>\t\t\t\t<\/div>\n\t\t\t\t<\/div>\n\t\t\t\t\t<\/div>\n\t\t<\/div>\n\t\t\t\t\t<\/div>\n\t\t<\/section>\n\t\t\t\t<section class=\"elementor-section elementor-top-section elementor-element elementor-element-380113af elementor-reverse-mobile elementor-section-boxed elementor-section-height-default elementor-section-height-default\" data-id=\"380113af\" data-element_type=\"section\" data-e-type=\"section\">\n\t\t\t\t\t\t<div class=\"elementor-container elementor-column-gap-default\">\n\t\t\t\t\t<div class=\"elementor-column elementor-col-50 elementor-top-column elementor-element elementor-element-32170334\" data-id=\"32170334\" data-element_type=\"column\" data-e-type=\"column\">\n\t\t\t<div class=\"elementor-widget-wrap elementor-element-populated\">\n\t\t\t\t\t\t<div class=\"elementor-element elementor-element-79a3ab2b elementor-widget elementor-widget-text-editor\" data-id=\"79a3ab2b\" data-element_type=\"widget\" data-e-type=\"widget\" data-widget_type=\"text-editor.default\">\n\t\t\t\t<div class=\"elementor-widget-container\">\n\t\t\t\t\t\t\t\t\t<p>Under en graviditet, under en f\u00f6rlossning och vid den f\u00f6rsta tiden som f\u00f6r\u00e4lder s\u00e5 sker en stor livsomst\u00e4llning. Fysiologiska och psykologiska f\u00f6r\u00e4ndringar f\u00f6rbereder den som ska bli f\u00f6r\u00e4lder att klara av varje del av denna process p\u00e5 b\u00e4sta vis. Hormoner spelar en viktig roll i dessa f\u00f6r\u00e4ndringar. F\u00f6r m\u00e5nga kvinnor kanske det \u00e4r f\u00f6rst under denna livsfas som de verkligen f\u00f6rst\u00e5r hur mycket hormoner p\u00e5verkar s\u00e5v\u00e4l v\u00e5rt psykiska som fysiska m\u00e5ende.\u00a0\u00a0<\/p>\t\t\t\t\t\t\t\t<\/div>\n\t\t\t\t<\/div>\n\t\t\t\t\t<\/div>\n\t\t<\/div>\n\t\t\t\t<div class=\"elementor-column elementor-col-50 elementor-top-column elementor-element elementor-element-4dc70a8\" data-id=\"4dc70a8\" data-element_type=\"column\" data-e-type=\"column\">\n\t\t\t<div class=\"elementor-widget-wrap elementor-element-populated\">\n\t\t\t\t\t\t<div class=\"elementor-element elementor-element-891754a elementor-widget elementor-widget-image\" data-id=\"891754a\" data-element_type=\"widget\" data-e-type=\"widget\" data-widget_type=\"image.default\">\n\t\t\t\t<div class=\"elementor-widget-container\">\n\t\t\t\t\t\t\t\t\t\t\t\t\t\t\t<img fetchpriority=\"high\" decoding=\"async\" width=\"1536\" height=\"1018\" src=\"https:\/\/wisemind.se\/kvinna\/wp-content\/uploads\/kelly-sikkema-076XLvcgeDk-unsplash-1536x1018.jpg\" class=\"attachment-1536x1536 size-1536x1536 wp-image-11799\" alt=\"Graviditet\" srcset=\"https:\/\/wisemind.se\/kvinna\/wp-content\/uploads\/kelly-sikkema-076XLvcgeDk-unsplash-1536x1018.jpg 1536w, https:\/\/wisemind.se\/kvinna\/wp-content\/uploads\/kelly-sikkema-076XLvcgeDk-unsplash.jpg 1920w\" sizes=\"(max-width: 1536px) 100vw, 1536px\" \/>\t\t\t\t\t\t\t\t\t\t\t\t\t\t\t<\/div>\n\t\t\t\t<\/div>\n\t\t\t\t\t<\/div>\n\t\t<\/div>\n\t\t\t\t\t<\/div>\n\t\t<\/section>\n\t\t\t\t<section class=\"elementor-section elementor-top-section elementor-element elementor-element-51aad92 elementor-section-boxed elementor-section-height-default elementor-section-height-default\" data-id=\"51aad92\" data-element_type=\"section\" data-e-type=\"section\">\n\t\t\t\t\t\t<div class=\"elementor-container elementor-column-gap-default\">\n\t\t\t\t\t<div class=\"elementor-column elementor-col-50 elementor-top-column elementor-element elementor-element-8fe18f6\" data-id=\"8fe18f6\" data-element_type=\"column\" data-e-type=\"column\">\n\t\t\t<div class=\"elementor-widget-wrap elementor-element-populated\">\n\t\t\t\t\t\t<div class=\"elementor-element elementor-element-c4761d0 elementor-widget elementor-widget-image\" data-id=\"c4761d0\" data-element_type=\"widget\" data-e-type=\"widget\" data-widget_type=\"image.default\">\n\t\t\t\t<div class=\"elementor-widget-container\">\n\t\t\t\t\t\t\t\t\t\t\t\t\t\t\t<img decoding=\"async\" width=\"800\" height=\"800\" src=\"https:\/\/wisemind.se\/kvinna\/wp-content\/uploads\/pexels-wayne-evans-62382-225744-1024x1024.jpg\" class=\"attachment-large size-large wp-image-11560\" alt=\"\" srcset=\"https:\/\/wisemind.se\/kvinna\/wp-content\/uploads\/pexels-wayne-evans-62382-225744-1024x1024.jpg 1024w, https:\/\/wisemind.se\/kvinna\/wp-content\/uploads\/pexels-wayne-evans-62382-225744-300x300.jpg 300w, https:\/\/wisemind.se\/kvinna\/wp-content\/uploads\/pexels-wayne-evans-62382-225744-150x150.jpg 150w, https:\/\/wisemind.se\/kvinna\/wp-content\/uploads\/pexels-wayne-evans-62382-225744-768x768.jpg 768w\" sizes=\"(max-width: 800px) 100vw, 800px\" \/>\t\t\t\t\t\t\t\t\t\t\t\t\t\t\t<\/div>\n\t\t\t\t<\/div>\n\t\t\t\t\t<\/div>\n\t\t<\/div>\n\t\t\t\t<div class=\"elementor-column elementor-col-50 elementor-top-column elementor-element elementor-element-68e40e4\" data-id=\"68e40e4\" data-element_type=\"column\" data-e-type=\"column\">\n\t\t\t<div class=\"elementor-widget-wrap elementor-element-populated\">\n\t\t\t\t\t\t<div class=\"elementor-element elementor-element-505282d elementor-widget elementor-widget-text-editor\" data-id=\"505282d\" data-element_type=\"widget\" data-e-type=\"widget\" data-widget_type=\"text-editor.default\">\n\t\t\t\t<div class=\"elementor-widget-container\">\n\t\t\t\t\t\t\t\t\t<p><span style=\"color: var( --e-global-color-text ); font-family: var( --e-global-typography-text-font-family ), Open Sans; font-size: var( --e-global-typography-text-font-size );\">P\u00e5 WiseMind m\u00f6ter du psykologer som \u00e4r specialiserade p\u00e5 att st\u00f6tta kvinnor och deras familjer under de olika faserna av att dr\u00f6mma om att bli f\u00f6r\u00e4lder, att vara gravid, att f\u00f6rbereda sig och ta sig igenom en f\u00f6rlossning samt att hantera tiden som nybliven f\u00f6r\u00e4lder. Vi arbetar s\u00e5v\u00e4l med att fr\u00e4mja h\u00e4lsa under denna tid som att ge st\u00f6d och behandling n\u00e4r n\u00e5got blivit sv\u00e5rt och man inte m\u00e5r bra.<\/span><\/p><p>Vi delar g\u00e4rna med oss av v\u00e5r erfarenhet och kunskap om du vill ha v\u00e4gledning och <a href=\"https:\/\/wisemind.se\/kvinna\/kontakt\/\">kontaktar<\/a> oss.<\/p>\t\t\t\t\t\t\t\t<\/div>\n\t\t\t\t<\/div>\n\t\t\t\t\t<\/div>\n\t\t<\/div>\n\t\t\t\t\t<\/div>\n\t\t<\/section>\n\t\t\t\t<section class=\"elementor-section elementor-top-section elementor-element elementor-element-7d25356a elementor-section-full_width elementor-section-height-default elementor-section-height-default\" data-id=\"7d25356a\" data-element_type=\"section\" data-e-type=\"section\">\n\t\t\t\t\t\t<div class=\"elementor-container elementor-column-gap-default\">\n\t\t\t\t\t<div class=\"elementor-column elementor-col-100 elementor-top-column elementor-element elementor-element-21b5ffc5\" data-id=\"21b5ffc5\" data-element_type=\"column\" data-e-type=\"column\" data-settings=\"{&quot;background_background&quot;:&quot;classic&quot;}\">\n\t\t\t<div class=\"elementor-widget-wrap elementor-element-populated\">\n\t\t\t\t\t\t<section class=\"elementor-section elementor-inner-section elementor-element elementor-element-44e562bb elementor-section-boxed elementor-section-height-default elementor-section-height-default\" data-id=\"44e562bb\" data-element_type=\"section\" data-e-type=\"section\" data-settings=\"{&quot;background_background&quot;:&quot;classic&quot;}\">\n\t\t\t\t\t\t<div class=\"elementor-container elementor-column-gap-default\">\n\t\t\t\t\t<div class=\"elementor-column elementor-col-33 elementor-inner-column elementor-element elementor-element-ca707ac\" data-id=\"ca707ac\" data-element_type=\"column\" data-e-type=\"column\">\n\t\t\t<div class=\"elementor-widget-wrap elementor-element-populated\">\n\t\t\t\t\t\t<div class=\"elementor-element elementor-element-250f6ad6 elementor-align-justify elementor-mobile-align-justify elementor-widget elementor-widget-global elementor-global-2060 elementor-widget-button\" data-id=\"250f6ad6\" data-element_type=\"widget\" data-e-type=\"widget\" data-widget_type=\"button.default\">\n\t\t\t\t<div class=\"elementor-widget-container\">\n\t\t\t\t\t\t\t\t\t<div class=\"elementor-button-wrapper\">\n\t\t\t\t\t<a class=\"elementor-button elementor-button-link elementor-size-sm\" href=\"\/kvinna\/bokning-och-priser\" id=\"info-kv-global\">\n\t\t\t\t\t\t<span class=\"elementor-button-content-wrapper\">\n\t\t\t\t\t\t\t\t\t<span class=\"elementor-button-text\">Prislista<\/span>\n\t\t\t\t\t<\/span>\n\t\t\t\t\t<\/a>\n\t\t\t\t<\/div>\n\t\t\t\t\t\t\t\t<\/div>\n\t\t\t\t<\/div>\n\t\t\t\t\t<\/div>\n\t\t<\/div>\n\t\t\t\t<div class=\"elementor-column elementor-col-33 elementor-inner-column elementor-element elementor-element-7c0eb189\" data-id=\"7c0eb189\" data-element_type=\"column\" data-e-type=\"column\">\n\t\t\t<div class=\"elementor-widget-wrap elementor-element-populated\">\n\t\t\t\t\t\t<div class=\"elementor-element elementor-element-253036e7 elementor-align-justify elementor-mobile-align-justify elementor-widget elementor-widget-global elementor-global-10608 elementor-widget-button\" data-id=\"253036e7\" data-element_type=\"widget\" data-e-type=\"widget\" data-widget_type=\"button.default\">\n\t\t\t\t<div class=\"elementor-widget-container\">\n\t\t\t\t\t\t\t\t\t<div class=\"elementor-button-wrapper\">\n\t\t\t\t\t<a class=\"elementor-button elementor-button-link elementor-size-sm\" href=\"https:\/\/psykologiteamet.kaddio.com\/booking\/cal\/\" id=\"Boka-kv-global\">\n\t\t\t\t\t\t<span class=\"elementor-button-content-wrapper\">\n\t\t\t\t\t\t\t\t\t<span class=\"elementor-button-text\">Boka tid<\/span>\n\t\t\t\t\t<\/span>\n\t\t\t\t\t<\/a>\n\t\t\t\t<\/div>\n\t\t\t\t\t\t\t\t<\/div>\n\t\t\t\t<\/div>\n\t\t\t\t\t<\/div>\n\t\t<\/div>\n\t\t\t\t<div class=\"elementor-column elementor-col-33 elementor-inner-column elementor-element elementor-element-77539939\" data-id=\"77539939\" data-element_type=\"column\" data-e-type=\"column\">\n\t\t\t<div class=\"elementor-widget-wrap elementor-element-populated\">\n\t\t\t\t\t\t<div class=\"elementor-element elementor-element-244095b0 elementor-align-justify elementor-mobile-align-justify elementor-widget elementor-widget-global elementor-global-1978 elementor-widget-button\" data-id=\"244095b0\" data-element_type=\"widget\" data-e-type=\"widget\" data-widget_type=\"button.default\">\n\t\t\t\t<div class=\"elementor-widget-container\">\n\t\t\t\t\t\t\t\t\t<div class=\"elementor-button-wrapper\">\n\t\t\t\t\t<a class=\"elementor-button elementor-button-link elementor-size-sm\" href=\"https:\/\/psykologiteamet.kaddio.com\/contact-us\" id=\"kontakt-kv-global\">\n\t\t\t\t\t\t<span class=\"elementor-button-content-wrapper\">\n\t\t\t\t\t\t\t\t\t<span class=\"elementor-button-text\">Kontakta oss<\/span>\n\t\t\t\t\t<\/span>\n\t\t\t\t\t<\/a>\n\t\t\t\t<\/div>\n\t\t\t\t\t\t\t\t<\/div>\n\t\t\t\t<\/div>\n\t\t\t\t\t<\/div>\n\t\t<\/div>\n\t\t\t\t\t<\/div>\n\t\t<\/section>\n\t\t\t\t\t<\/div>\n\t\t<\/div>\n\t\t\t\t\t<\/div>\n\t\t<\/section>\n\t\t\t\t<\/div>\n\t\t","protected":false},"excerpt":{"rendered":"<p>Graviditet &amp; f\u00f6rlossning Under en graviditet, under en f\u00f6rlossning och vid den f\u00f6rsta tiden som f\u00f6r\u00e4lder s\u00e5 sker en stor livsomst\u00e4llning. Fysiologiska och psykologiska f\u00f6r\u00e4ndringar f\u00f6rbereder den som ska bli f\u00f6r\u00e4lder att klara av varje del av denna process p\u00e5 b\u00e4sta vis. Hormoner spelar en viktig roll i dessa f\u00f6r\u00e4ndringar. F\u00f6r m\u00e5nga kvinnor kanske det [&hellip;]<\/p>\n","protected":false},"author":2,"featured_media":0,"parent":0,"menu_order":0,"comment_status":"closed","ping_status":"closed","template":"","meta":{"_monsterinsights_skip_tracking":false,"_monsterinsights_sitenote_active":false,"_monsterinsights_sitenote_note":"","_monsterinsights_sitenote_category":0,"footnotes":""},"class_list":["post-7534","page","type-page","status-publish","hentry"],"yoast_head":"<!-- This site is optimized with the Yoast SEO plugin v27.4 - https:\/\/yoast.com\/product\/yoast-seo-wordpress\/ -->\n<title>Graviditet och f\u00f6rlossning - WiseMind Kvinnoh\u00e4lsa<\/title>\n<meta name=\"description\" content=\"Vi st\u00f6ttar kvinnor och familjer i faserna av att dr\u00f6mma om att bli f\u00f6r\u00e4lder, bli gravid, f\u00f6rbereda och ta sig igenom en f\u00f6rlossning.\" \/>\n<meta name=\"robots\" content=\"index, follow, max-snippet:-1, max-image-preview:large, max-video-preview:-1\" \/>\n<link rel=\"canonical\" href=\"https:\/\/wisemind.se\/kvinna\/graviditet-forlossning\/\" \/>\n<meta property=\"og:locale\" content=\"sv_SE\" \/>\n<meta property=\"og:type\" content=\"article\" \/>\n<meta property=\"og:title\" content=\"Graviditet och f\u00f6rlossning - WiseMind Kvinnoh\u00e4lsa\" \/>\n<meta property=\"og:description\" content=\"Vi st\u00f6ttar kvinnor och familjer i faserna av att dr\u00f6mma om att bli f\u00f6r\u00e4lder, bli gravid, f\u00f6rbereda och ta sig igenom en f\u00f6rlossning.\" \/>\n<meta property=\"og:url\" content=\"https:\/\/wisemind.se\/kvinna\/graviditet-forlossning\/\" \/>\n<meta property=\"og:site_name\" content=\"WiseMind Kvinnoh\u00e4lsa\" \/>\n<meta property=\"article:modified_time\" content=\"2024-12-13T12:37:40+00:00\" \/>\n<meta property=\"og:image\" content=\"https:\/\/wisemind.se\/kvinna\/wp-content\/uploads\/kelly-sikkema-076XLvcgeDk-unsplash.jpg\" \/>\n\t<meta property=\"og:image:width\" content=\"1920\" \/>\n\t<meta property=\"og:image:height\" content=\"1272\" \/>\n\t<meta property=\"og:image:type\" content=\"image\/jpeg\" \/>\n<meta name=\"twitter:card\" content=\"summary_large_image\" \/>\n<meta name=\"twitter:label1\" content=\"Ber\u00e4knad l\u00e4stid\" \/>\n\t<meta name=\"twitter:data1\" content=\"2 minuter\" \/>\n<script type=\"application\/ld+json\" class=\"yoast-schema-graph\">{\"@context\":\"https:\\\/\\\/schema.org\",\"@graph\":[{\"@type\":\"WebPage\",\"@id\":\"https:\\\/\\\/wisemind.se\\\/kvinna\\\/graviditet-forlossning\\\/\",\"url\":\"https:\\\/\\\/wisemind.se\\\/kvinna\\\/graviditet-forlossning\\\/\",\"name\":\"Graviditet och f\u00f6rlossning - WiseMind Kvinnoh\u00e4lsa\",\"isPartOf\":{\"@id\":\"https:\\\/\\\/wisemind.se\\\/kvinna\\\/#website\"},\"primaryImageOfPage\":{\"@id\":\"https:\\\/\\\/wisemind.se\\\/kvinna\\\/graviditet-forlossning\\\/#primaryimage\"},\"image\":{\"@id\":\"https:\\\/\\\/wisemind.se\\\/kvinna\\\/graviditet-forlossning\\\/#primaryimage\"},\"thumbnailUrl\":\"https:\\\/\\\/wisemind.se\\\/kvinna\\\/wp-content\\\/uploads\\\/kelly-sikkema-076XLvcgeDk-unsplash-1536x1018.jpg\",\"datePublished\":\"2021-04-27T09:23:14+00:00\",\"dateModified\":\"2024-12-13T12:37:40+00:00\",\"description\":\"Vi st\u00f6ttar kvinnor och familjer i faserna av att dr\u00f6mma om att bli f\u00f6r\u00e4lder, bli gravid, f\u00f6rbereda och ta sig igenom en f\u00f6rlossning.\",\"breadcrumb\":{\"@id\":\"https:\\\/\\\/wisemind.se\\\/kvinna\\\/graviditet-forlossning\\\/#breadcrumb\"},\"inLanguage\":\"sv-SE\",\"potentialAction\":[{\"@type\":\"ReadAction\",\"target\":[\"https:\\\/\\\/wisemind.se\\\/kvinna\\\/graviditet-forlossning\\\/\"]}]},{\"@type\":\"ImageObject\",\"inLanguage\":\"sv-SE\",\"@id\":\"https:\\\/\\\/wisemind.se\\\/kvinna\\\/graviditet-forlossning\\\/#primaryimage\",\"url\":\"https:\\\/\\\/wisemind.se\\\/kvinna\\\/wp-content\\\/uploads\\\/kelly-sikkema-076XLvcgeDk-unsplash.jpg\",\"contentUrl\":\"https:\\\/\\\/wisemind.se\\\/kvinna\\\/wp-content\\\/uploads\\\/kelly-sikkema-076XLvcgeDk-unsplash.jpg\",\"width\":1920,\"height\":1272,\"caption\":\"Graviditet\"},{\"@type\":\"BreadcrumbList\",\"@id\":\"https:\\\/\\\/wisemind.se\\\/kvinna\\\/graviditet-forlossning\\\/#breadcrumb\",\"itemListElement\":[{\"@type\":\"ListItem\",\"position\":1,\"name\":\"Hem\",\"item\":\"https:\\\/\\\/wisemind.se\\\/kvinna\\\/\"},{\"@type\":\"ListItem\",\"position\":2,\"name\":\"Graviditet och f\u00f6rlossning\"}]},{\"@type\":\"WebSite\",\"@id\":\"https:\\\/\\\/wisemind.se\\\/kvinna\\\/#website\",\"url\":\"https:\\\/\\\/wisemind.se\\\/kvinna\\\/\",\"name\":\"WiseMind Kvinnoh\u00e4lsa\",\"description\":\"Psykologiskt Kunskapscenter\",\"publisher\":{\"@id\":\"https:\\\/\\\/wisemind.se\\\/kvinna\\\/#organization\"},\"potentialAction\":[{\"@type\":\"SearchAction\",\"target\":{\"@type\":\"EntryPoint\",\"urlTemplate\":\"https:\\\/\\\/wisemind.se\\\/kvinna\\\/?s={search_term_string}\"},\"query-input\":{\"@type\":\"PropertyValueSpecification\",\"valueRequired\":true,\"valueName\":\"search_term_string\"}}],\"inLanguage\":\"sv-SE\"},{\"@type\":\"Organization\",\"@id\":\"https:\\\/\\\/wisemind.se\\\/kvinna\\\/#organization\",\"name\":\"Utveckling och Balans\",\"url\":\"https:\\\/\\\/wisemind.se\\\/kvinna\\\/\",\"logo\":{\"@type\":\"ImageObject\",\"inLanguage\":\"sv-SE\",\"@id\":\"https:\\\/\\\/wisemind.se\\\/kvinna\\\/#\\\/schema\\\/logo\\\/image\\\/\",\"url\":\"https:\\\/\\\/wisemind.se\\\/kvinna\\\/wp-content\\\/uploads\\\/uob-logga-150.png\",\"contentUrl\":\"https:\\\/\\\/wisemind.se\\\/kvinna\\\/wp-content\\\/uploads\\\/uob-logga-150.png\",\"width\":150,\"height\":62,\"caption\":\"Utveckling och Balans\"},\"image\":{\"@id\":\"https:\\\/\\\/wisemind.se\\\/kvinna\\\/#\\\/schema\\\/logo\\\/image\\\/\"}}]}<\/script>\n<!-- \/ Yoast SEO plugin. -->","yoast_head_json":{"title":"Graviditet och f\u00f6rlossning - WiseMind Kvinnoh\u00e4lsa","description":"Vi st\u00f6ttar kvinnor och familjer i faserna av att dr\u00f6mma om att bli f\u00f6r\u00e4lder, bli gravid, f\u00f6rbereda och ta sig igenom en f\u00f6rlossning.","robots":{"index":"index","follow":"follow","max-snippet":"max-snippet:-1","max-image-preview":"max-image-preview:large","max-video-preview":"max-video-preview:-1"},"canonical":"https:\/\/wisemind.se\/kvinna\/graviditet-forlossning\/","og_locale":"sv_SE","og_type":"article","og_title":"Graviditet och f\u00f6rlossning - WiseMind Kvinnoh\u00e4lsa","og_description":"Vi st\u00f6ttar kvinnor och familjer i faserna av att dr\u00f6mma om att bli f\u00f6r\u00e4lder, bli gravid, f\u00f6rbereda och ta sig igenom en f\u00f6rlossning.","og_url":"https:\/\/wisemind.se\/kvinna\/graviditet-forlossning\/","og_site_name":"WiseMind Kvinnoh\u00e4lsa","article_modified_time":"2024-12-13T12:37:40+00:00","og_image":[{"width":1920,"height":1272,"url":"https:\/\/wisemind.se\/kvinna\/wp-content\/uploads\/kelly-sikkema-076XLvcgeDk-unsplash.jpg","type":"image\/jpeg"}],"twitter_card":"summary_large_image","twitter_misc":{"Ber\u00e4knad l\u00e4stid":"2 minuter"},"schema":{"@context":"https:\/\/schema.org","@graph":[{"@type":"WebPage","@id":"https:\/\/wisemind.se\/kvinna\/graviditet-forlossning\/","url":"https:\/\/wisemind.se\/kvinna\/graviditet-forlossning\/","name":"Graviditet och f\u00f6rlossning - WiseMind Kvinnoh\u00e4lsa","isPartOf":{"@id":"https:\/\/wisemind.se\/kvinna\/#website"},"primaryImageOfPage":{"@id":"https:\/\/wisemind.se\/kvinna\/graviditet-forlossning\/#primaryimage"},"image":{"@id":"https:\/\/wisemind.se\/kvinna\/graviditet-forlossning\/#primaryimage"},"thumbnailUrl":"https:\/\/wisemind.se\/kvinna\/wp-content\/uploads\/kelly-sikkema-076XLvcgeDk-unsplash-1536x1018.jpg","datePublished":"2021-04-27T09:23:14+00:00","dateModified":"2024-12-13T12:37:40+00:00","description":"Vi st\u00f6ttar kvinnor och familjer i faserna av att dr\u00f6mma om att bli f\u00f6r\u00e4lder, bli gravid, f\u00f6rbereda och ta sig igenom en f\u00f6rlossning.","breadcrumb":{"@id":"https:\/\/wisemind.se\/kvinna\/graviditet-forlossning\/#breadcrumb"},"inLanguage":"sv-SE","potentialAction":[{"@type":"ReadAction","target":["https:\/\/wisemind.se\/kvinna\/graviditet-forlossning\/"]}]},{"@type":"ImageObject","inLanguage":"sv-SE","@id":"https:\/\/wisemind.se\/kvinna\/graviditet-forlossning\/#primaryimage","url":"https:\/\/wisemind.se\/kvinna\/wp-content\/uploads\/kelly-sikkema-076XLvcgeDk-unsplash.jpg","contentUrl":"https:\/\/wisemind.se\/kvinna\/wp-content\/uploads\/kelly-sikkema-076XLvcgeDk-unsplash.jpg","width":1920,"height":1272,"caption":"Graviditet"},{"@type":"BreadcrumbList","@id":"https:\/\/wisemind.se\/kvinna\/graviditet-forlossning\/#breadcrumb","itemListElement":[{"@type":"ListItem","position":1,"name":"Hem","item":"https:\/\/wisemind.se\/kvinna\/"},{"@type":"ListItem","position":2,"name":"Graviditet och f\u00f6rlossning"}]},{"@type":"WebSite","@id":"https:\/\/wisemind.se\/kvinna\/#website","url":"https:\/\/wisemind.se\/kvinna\/","name":"WiseMind Kvinnoh\u00e4lsa","description":"Psykologiskt Kunskapscenter","publisher":{"@id":"https:\/\/wisemind.se\/kvinna\/#organization"},"potentialAction":[{"@type":"SearchAction","target":{"@type":"EntryPoint","urlTemplate":"https:\/\/wisemind.se\/kvinna\/?s={search_term_string}"},"query-input":{"@type":"PropertyValueSpecification","valueRequired":true,"valueName":"search_term_string"}}],"inLanguage":"sv-SE"},{"@type":"Organization","@id":"https:\/\/wisemind.se\/kvinna\/#organization","name":"Utveckling och Balans","url":"https:\/\/wisemind.se\/kvinna\/","logo":{"@type":"ImageObject","inLanguage":"sv-SE","@id":"https:\/\/wisemind.se\/kvinna\/#\/schema\/logo\/image\/","url":"https:\/\/wisemind.se\/kvinna\/wp-content\/uploads\/uob-logga-150.png","contentUrl":"https:\/\/wisemind.se\/kvinna\/wp-content\/uploads\/uob-logga-150.png","width":150,"height":62,"caption":"Utveckling och Balans"},"image":{"@id":"https:\/\/wisemind.se\/kvinna\/#\/schema\/logo\/image\/"}}]}},"_links":{"self":[{"href":"https:\/\/wisemind.se\/kvinna\/wp-json\/wp\/v2\/pages\/7534","targetHints":{"allow":["GET"]}}],"collection":[{"href":"https:\/\/wisemind.se\/kvinna\/wp-json\/wp\/v2\/pages"}],"about":[{"href":"https:\/\/wisemind.se\/kvinna\/wp-json\/wp\/v2\/types\/page"}],"author":[{"embeddable":true,"href":"https:\/\/wisemind.se\/kvinna\/wp-json\/wp\/v2\/users\/2"}],"replies":[{"embeddable":true,"href":"https:\/\/wisemind.se\/kvinna\/wp-json\/wp\/v2\/comments?post=7534"}],"version-history":[{"count":3,"href":"https:\/\/wisemind.se\/kvinna\/wp-json\/wp\/v2\/pages\/7534\/revisions"}],"predecessor-version":[{"id":11802,"href":"https:\/\/wisemind.se\/kvinna\/wp-json\/wp\/v2\/pages\/7534\/revisions\/11802"}],"wp:attachment":[{"href":"https:\/\/wisemind.se\/kvinna\/wp-json\/wp\/v2\/media?parent=7534"}],"curies":[{"name":"wp","href":"https:\/\/api.w.org\/{rel}","templated":true}]}}