{"id":7532,"date":"2021-04-27T10:22:32","date_gmt":"2021-04-27T09:22:32","guid":{"rendered":"https:\/\/wisemind.se\/kvinna\/?page_id=7532"},"modified":"2026-03-31T18:08:42","modified_gmt":"2026-03-31T17:08:42","slug":"kroppen-efter-sjukdom","status":"publish","type":"page","link":"https:\/\/wisemind.se\/kvinna\/kroppen-efter-sjukdom\/","title":{"rendered":"Kroppen efter sjukdom"},"content":{"rendered":"\t\t<div data-elementor-type=\"wp-page\" data-elementor-id=\"7532\" class=\"elementor elementor-7532\" data-elementor-post-type=\"page\">\n\t\t\t\t\t\t<section class=\"elementor-section elementor-top-section elementor-element elementor-element-5a92414e elementor-section-boxed elementor-section-height-default elementor-section-height-default\" data-id=\"5a92414e\" data-element_type=\"section\" data-e-type=\"section\">\n\t\t\t\t\t\t<div class=\"elementor-container elementor-column-gap-default\">\n\t\t\t\t\t<div class=\"elementor-column elementor-col-100 elementor-top-column elementor-element elementor-element-d3710a7\" data-id=\"d3710a7\" data-element_type=\"column\" data-e-type=\"column\">\n\t\t\t<div class=\"elementor-widget-wrap elementor-element-populated\">\n\t\t\t\t\t\t<div class=\"elementor-element elementor-element-75773cb3 elementor-widget elementor-widget-heading\" data-id=\"75773cb3\" data-element_type=\"widget\" data-e-type=\"widget\" data-widget_type=\"heading.default\">\n\t\t\t\t<div class=\"elementor-widget-container\">\n\t\t\t\t\t<h1 class=\"elementor-heading-title elementor-size-default\">En f\u00f6r\u00e4ndrad kropp<\/h1>\t\t\t\t<\/div>\n\t\t\t\t<\/div>\n\t\t\t\t<div class=\"elementor-element elementor-element-7913c63d elementor-widget elementor-widget-text-editor\" data-id=\"7913c63d\" data-element_type=\"widget\" data-e-type=\"widget\" data-widget_type=\"text-editor.default\">\n\t\t\t\t<div class=\"elementor-widget-container\">\n\t\t\t\t\t\t\t\t\t<p>N\u00e4r f\u00f6r\u00e4ndringar i kroppen sker snabbt eller \u00e4r dramatiska s\u00e5 kan det orsaka starkt negativa tankar och k\u00e4nslor hos den som drabbas. En olycka, sjukdom eller behandling av en sjukdom, s\u00e5som cancerbehandling, kan ge kvarst\u00e5ende skador och o\u00f6nskade kroppsliga f\u00f6r\u00e4ndringar. Det kan ge upphov till en f\u00f6r\u00e4ndrad syn p\u00e5 vem man \u00e4r och vad man tycker om sin kropp. St\u00f6rre viktuppg\u00e5ng eller o\u00f6nskad viktnedg\u00e5ng kan ocks\u00e5 vara en utmanande f\u00f6r\u00e4ndring att hantera k\u00e4nslom\u00e4ssigt.<\/p><p>En drabbad del av kroppen kan bli p\u00e5tagligt f\u00f6r\u00e4ndrad utseendem\u00e4ssigt. Det kan k\u00e4nnas sv\u00e5rt och skamfullt att prata om hur man upplever sin kropp efter\u00e5t. F\u00f6r\u00e4ndringar som kan medf\u00f6lja en graviditet eller f\u00f6rlossning kan v\u00e4cka negativa k\u00e4nslor. Allvarligare f\u00f6rlossningsskador drabbar i Sverige idag ca 4-5 av f\u00f6dande. Skador kan \u00e4ven uppst\u00e5 efter behandling av sv\u00e5r br\u00f6st- eller livmodershalscancer. Man kan ha f\u00f6rlorat kroppsliga funktioner som man saknar, s\u00f6rjer eller sk\u00e4ms \u00f6ver att man har tappat.\u00a0<\/p><p>Genom samtal med psykolog kan du f\u00e5 hj\u00e4lp att p\u00e5 ett strukturerat s\u00e4tt tala om de upplevelser du har varit med om och att s\u00e4tta ord p\u00e5 de tankar och k\u00e4nslor du har i f\u00f6rh\u00e5llande till kroppen. Bearbetning och samtal kring vad vi kan p\u00e5verka, vad som st\u00e5r utanf\u00f6r v\u00e5r kontroll och hur vi kan f\u00f6rh\u00e5lla oss till kroppen med dess f\u00f6r\u00e4ndringar och skavanker kan g\u00f6ra det m\u00f6jligt att g\u00e5 vidare.<\/p><p>V\u00e4lkommen att <a href=\"https:\/\/wisemind.se\/kvinna\/kontakt\/\">boka tid<\/a> f\u00f6r ett inledande samtal om hur vi kan hj\u00e4lpa dig p\u00e5 v\u00e4gen till en mer positiv relation till din f\u00f6r\u00e4ndrade kropp.<\/p>\t\t\t\t\t\t\t\t<\/div>\n\t\t\t\t<\/div>\n\t\t\t\t\t<\/div>\n\t\t<\/div>\n\t\t\t\t\t<\/div>\n\t\t<\/section>\n\t\t\t\t<section class=\"elementor-section elementor-top-section elementor-element elementor-element-7b39cd4b elementor-section-full_width elementor-section-height-default elementor-section-height-default\" data-id=\"7b39cd4b\" data-element_type=\"section\" data-e-type=\"section\">\n\t\t\t\t\t\t<div class=\"elementor-container elementor-column-gap-default\">\n\t\t\t\t\t<div class=\"elementor-column elementor-col-100 elementor-top-column elementor-element elementor-element-31252887\" data-id=\"31252887\" data-element_type=\"column\" data-e-type=\"column\" data-settings=\"{&quot;background_background&quot;:&quot;classic&quot;}\">\n\t\t\t<div class=\"elementor-widget-wrap elementor-element-populated\">\n\t\t\t\t\t\t<section class=\"elementor-section elementor-inner-section elementor-element elementor-element-6d35fe82 elementor-section-boxed elementor-section-height-default elementor-section-height-default\" data-id=\"6d35fe82\" data-element_type=\"section\" data-e-type=\"section\" data-settings=\"{&quot;background_background&quot;:&quot;classic&quot;}\">\n\t\t\t\t\t\t<div class=\"elementor-container elementor-column-gap-default\">\n\t\t\t\t\t<div class=\"elementor-column elementor-col-33 elementor-inner-column elementor-element elementor-element-147bd1b7\" data-id=\"147bd1b7\" data-element_type=\"column\" data-e-type=\"column\">\n\t\t\t<div class=\"elementor-widget-wrap elementor-element-populated\">\n\t\t\t\t\t\t<div class=\"elementor-element elementor-element-741a4307 elementor-align-justify elementor-mobile-align-justify elementor-widget elementor-widget-global elementor-global-2060 elementor-widget-button\" data-id=\"741a4307\" data-element_type=\"widget\" data-e-type=\"widget\" data-widget_type=\"button.default\">\n\t\t\t\t<div class=\"elementor-widget-container\">\n\t\t\t\t\t\t\t\t\t<div class=\"elementor-button-wrapper\">\n\t\t\t\t\t<a class=\"elementor-button elementor-button-link elementor-size-sm\" href=\"\/kvinna\/bokning-och-priser\" id=\"info-kv-global\">\n\t\t\t\t\t\t<span class=\"elementor-button-content-wrapper\">\n\t\t\t\t\t\t\t\t\t<span class=\"elementor-button-text\">Prislista<\/span>\n\t\t\t\t\t<\/span>\n\t\t\t\t\t<\/a>\n\t\t\t\t<\/div>\n\t\t\t\t\t\t\t\t<\/div>\n\t\t\t\t<\/div>\n\t\t\t\t\t<\/div>\n\t\t<\/div>\n\t\t\t\t<div class=\"elementor-column elementor-col-33 elementor-inner-column elementor-element elementor-element-56daa1a2\" data-id=\"56daa1a2\" data-element_type=\"column\" data-e-type=\"column\">\n\t\t\t<div class=\"elementor-widget-wrap elementor-element-populated\">\n\t\t\t\t\t\t<div class=\"elementor-element elementor-element-93b2b0 elementor-align-justify elementor-mobile-align-justify elementor-widget elementor-widget-global elementor-global-10608 elementor-widget-button\" data-id=\"93b2b0\" data-element_type=\"widget\" data-e-type=\"widget\" data-widget_type=\"button.default\">\n\t\t\t\t<div class=\"elementor-widget-container\">\n\t\t\t\t\t\t\t\t\t<div class=\"elementor-button-wrapper\">\n\t\t\t\t\t<a class=\"elementor-button elementor-button-link elementor-size-sm\" href=\"https:\/\/psykologiteamet.kaddio.com\/booking\/cal\/\" id=\"Boka-kv-global\">\n\t\t\t\t\t\t<span class=\"elementor-button-content-wrapper\">\n\t\t\t\t\t\t\t\t\t<span class=\"elementor-button-text\">Boka tid<\/span>\n\t\t\t\t\t<\/span>\n\t\t\t\t\t<\/a>\n\t\t\t\t<\/div>\n\t\t\t\t\t\t\t\t<\/div>\n\t\t\t\t<\/div>\n\t\t\t\t\t<\/div>\n\t\t<\/div>\n\t\t\t\t<div class=\"elementor-column elementor-col-33 elementor-inner-column elementor-element elementor-element-60d1f696\" data-id=\"60d1f696\" data-element_type=\"column\" data-e-type=\"column\">\n\t\t\t<div class=\"elementor-widget-wrap elementor-element-populated\">\n\t\t\t\t\t\t<div class=\"elementor-element elementor-element-27b3442f elementor-align-justify elementor-mobile-align-justify elementor-widget elementor-widget-global elementor-global-1978 elementor-widget-button\" data-id=\"27b3442f\" data-element_type=\"widget\" data-e-type=\"widget\" data-widget_type=\"button.default\">\n\t\t\t\t<div class=\"elementor-widget-container\">\n\t\t\t\t\t\t\t\t\t<div class=\"elementor-button-wrapper\">\n\t\t\t\t\t<a class=\"elementor-button elementor-button-link elementor-size-sm\" href=\"https:\/\/psykologiteamet.kaddio.com\/contact-us\" id=\"kontakt-kv-global\">\n\t\t\t\t\t\t<span class=\"elementor-button-content-wrapper\">\n\t\t\t\t\t\t\t\t\t<span class=\"elementor-button-text\">Kontakta oss<\/span>\n\t\t\t\t\t<\/span>\n\t\t\t\t\t<\/a>\n\t\t\t\t<\/div>\n\t\t\t\t\t\t\t\t<\/div>\n\t\t\t\t<\/div>\n\t\t\t\t\t<\/div>\n\t\t<\/div>\n\t\t\t\t\t<\/div>\n\t\t<\/section>\n\t\t\t\t\t<\/div>\n\t\t<\/div>\n\t\t\t\t\t<\/div>\n\t\t<\/section>\n\t\t\t\t<\/div>\n\t\t","protected":false},"excerpt":{"rendered":"<p>En f\u00f6r\u00e4ndrad kropp N\u00e4r f\u00f6r\u00e4ndringar i kroppen sker snabbt eller \u00e4r dramatiska s\u00e5 kan det orsaka starkt negativa tankar och k\u00e4nslor hos den som drabbas. En olycka, sjukdom eller behandling av en sjukdom, s\u00e5som cancerbehandling, kan ge kvarst\u00e5ende skador och o\u00f6nskade kroppsliga f\u00f6r\u00e4ndringar. Det kan ge upphov till en f\u00f6r\u00e4ndrad syn p\u00e5 vem man \u00e4r [&hellip;]<\/p>\n","protected":false},"author":2,"featured_media":0,"parent":0,"menu_order":0,"comment_status":"closed","ping_status":"closed","template":"","meta":{"_monsterinsights_skip_tracking":false,"_monsterinsights_sitenote_active":false,"_monsterinsights_sitenote_note":"","_monsterinsights_sitenote_category":0,"footnotes":""},"class_list":["post-7532","page","type-page","status-publish","hentry"],"yoast_head":"<!-- This site is optimized with the Yoast SEO plugin v27.6 - https:\/\/yoast.com\/product\/yoast-seo-wordpress\/ -->\n<title>Kroppen efter sjukdom - WiseMind Kvinnoh\u00e4lsa<\/title>\n<meta name=\"description\" content=\"Kvarst\u00e5ende skador och o\u00f6nskade kroppsliga f\u00f6r\u00e4ndringar efter sjukdom kan ge en f\u00f6r\u00e4ndrad syn p\u00e5 vem man \u00e4r och vad man tycker om sin kropp.\" \/>\n<meta name=\"robots\" content=\"index, follow, max-snippet:-1, max-image-preview:large, max-video-preview:-1\" \/>\n<link rel=\"canonical\" href=\"https:\/\/wisemind.se\/kvinna\/kroppen-efter-sjukdom\/\" \/>\n<meta property=\"og:locale\" content=\"sv_SE\" \/>\n<meta property=\"og:type\" content=\"article\" \/>\n<meta property=\"og:title\" content=\"Kroppen efter sjukdom - WiseMind Kvinnoh\u00e4lsa\" \/>\n<meta property=\"og:description\" content=\"Kvarst\u00e5ende skador och o\u00f6nskade kroppsliga f\u00f6r\u00e4ndringar efter sjukdom kan ge en f\u00f6r\u00e4ndrad syn p\u00e5 vem man \u00e4r och vad man tycker om sin kropp.\" \/>\n<meta property=\"og:url\" content=\"https:\/\/wisemind.se\/kvinna\/kroppen-efter-sjukdom\/\" \/>\n<meta property=\"og:site_name\" content=\"WiseMind Kvinnoh\u00e4lsa\" \/>\n<meta property=\"article:modified_time\" content=\"2026-03-31T17:08:42+00:00\" \/>\n<meta name=\"twitter:card\" content=\"summary_large_image\" \/>\n<meta name=\"twitter:label1\" content=\"Ber\u00e4knad l\u00e4stid\" \/>\n\t<meta name=\"twitter:data1\" content=\"2 minuter\" \/>\n<script type=\"application\/ld+json\" class=\"yoast-schema-graph\">{\"@context\":\"https:\\\/\\\/schema.org\",\"@graph\":[{\"@type\":\"WebPage\",\"@id\":\"https:\\\/\\\/wisemind.se\\\/kvinna\\\/kroppen-efter-sjukdom\\\/\",\"url\":\"https:\\\/\\\/wisemind.se\\\/kvinna\\\/kroppen-efter-sjukdom\\\/\",\"name\":\"Kroppen efter sjukdom - WiseMind Kvinnoh\u00e4lsa\",\"isPartOf\":{\"@id\":\"https:\\\/\\\/wisemind.se\\\/kvinna\\\/#website\"},\"datePublished\":\"2021-04-27T09:22:32+00:00\",\"dateModified\":\"2026-03-31T17:08:42+00:00\",\"description\":\"Kvarst\u00e5ende skador och o\u00f6nskade kroppsliga f\u00f6r\u00e4ndringar efter sjukdom kan ge en f\u00f6r\u00e4ndrad syn p\u00e5 vem man \u00e4r och vad man tycker om sin kropp.\",\"breadcrumb\":{\"@id\":\"https:\\\/\\\/wisemind.se\\\/kvinna\\\/kroppen-efter-sjukdom\\\/#breadcrumb\"},\"inLanguage\":\"sv-SE\",\"potentialAction\":[{\"@type\":\"ReadAction\",\"target\":[\"https:\\\/\\\/wisemind.se\\\/kvinna\\\/kroppen-efter-sjukdom\\\/\"]}]},{\"@type\":\"BreadcrumbList\",\"@id\":\"https:\\\/\\\/wisemind.se\\\/kvinna\\\/kroppen-efter-sjukdom\\\/#breadcrumb\",\"itemListElement\":[{\"@type\":\"ListItem\",\"position\":1,\"name\":\"Hem\",\"item\":\"https:\\\/\\\/wisemind.se\\\/kvinna\\\/\"},{\"@type\":\"ListItem\",\"position\":2,\"name\":\"Kroppen efter sjukdom\"}]},{\"@type\":\"WebSite\",\"@id\":\"https:\\\/\\\/wisemind.se\\\/kvinna\\\/#website\",\"url\":\"https:\\\/\\\/wisemind.se\\\/kvinna\\\/\",\"name\":\"WiseMind Kvinnoh\u00e4lsa\",\"description\":\"Psykologiskt Kunskapscenter\",\"publisher\":{\"@id\":\"https:\\\/\\\/wisemind.se\\\/kvinna\\\/#organization\"},\"potentialAction\":[{\"@type\":\"SearchAction\",\"target\":{\"@type\":\"EntryPoint\",\"urlTemplate\":\"https:\\\/\\\/wisemind.se\\\/kvinna\\\/?s={search_term_string}\"},\"query-input\":{\"@type\":\"PropertyValueSpecification\",\"valueRequired\":true,\"valueName\":\"search_term_string\"}}],\"inLanguage\":\"sv-SE\"},{\"@type\":\"Organization\",\"@id\":\"https:\\\/\\\/wisemind.se\\\/kvinna\\\/#organization\",\"name\":\"Utveckling och Balans\",\"url\":\"https:\\\/\\\/wisemind.se\\\/kvinna\\\/\",\"logo\":{\"@type\":\"ImageObject\",\"inLanguage\":\"sv-SE\",\"@id\":\"https:\\\/\\\/wisemind.se\\\/kvinna\\\/#\\\/schema\\\/logo\\\/image\\\/\",\"url\":\"https:\\\/\\\/wisemind.se\\\/kvinna\\\/wp-content\\\/uploads\\\/uob-logga-150.png\",\"contentUrl\":\"https:\\\/\\\/wisemind.se\\\/kvinna\\\/wp-content\\\/uploads\\\/uob-logga-150.png\",\"width\":150,\"height\":62,\"caption\":\"Utveckling och Balans\"},\"image\":{\"@id\":\"https:\\\/\\\/wisemind.se\\\/kvinna\\\/#\\\/schema\\\/logo\\\/image\\\/\"}}]}<\/script>\n<!-- \/ Yoast SEO plugin. -->","yoast_head_json":{"title":"Kroppen efter sjukdom - WiseMind Kvinnoh\u00e4lsa","description":"Kvarst\u00e5ende skador och o\u00f6nskade kroppsliga f\u00f6r\u00e4ndringar efter sjukdom kan ge en f\u00f6r\u00e4ndrad syn p\u00e5 vem man \u00e4r och vad man tycker om sin kropp.","robots":{"index":"index","follow":"follow","max-snippet":"max-snippet:-1","max-image-preview":"max-image-preview:large","max-video-preview":"max-video-preview:-1"},"canonical":"https:\/\/wisemind.se\/kvinna\/kroppen-efter-sjukdom\/","og_locale":"sv_SE","og_type":"article","og_title":"Kroppen efter sjukdom - WiseMind Kvinnoh\u00e4lsa","og_description":"Kvarst\u00e5ende skador och o\u00f6nskade kroppsliga f\u00f6r\u00e4ndringar efter sjukdom kan ge en f\u00f6r\u00e4ndrad syn p\u00e5 vem man \u00e4r och vad man tycker om sin kropp.","og_url":"https:\/\/wisemind.se\/kvinna\/kroppen-efter-sjukdom\/","og_site_name":"WiseMind Kvinnoh\u00e4lsa","article_modified_time":"2026-03-31T17:08:42+00:00","twitter_card":"summary_large_image","twitter_misc":{"Ber\u00e4knad l\u00e4stid":"2 minuter"},"schema":{"@context":"https:\/\/schema.org","@graph":[{"@type":"WebPage","@id":"https:\/\/wisemind.se\/kvinna\/kroppen-efter-sjukdom\/","url":"https:\/\/wisemind.se\/kvinna\/kroppen-efter-sjukdom\/","name":"Kroppen efter sjukdom - WiseMind Kvinnoh\u00e4lsa","isPartOf":{"@id":"https:\/\/wisemind.se\/kvinna\/#website"},"datePublished":"2021-04-27T09:22:32+00:00","dateModified":"2026-03-31T17:08:42+00:00","description":"Kvarst\u00e5ende skador och o\u00f6nskade kroppsliga f\u00f6r\u00e4ndringar efter sjukdom kan ge en f\u00f6r\u00e4ndrad syn p\u00e5 vem man \u00e4r och vad man tycker om sin kropp.","breadcrumb":{"@id":"https:\/\/wisemind.se\/kvinna\/kroppen-efter-sjukdom\/#breadcrumb"},"inLanguage":"sv-SE","potentialAction":[{"@type":"ReadAction","target":["https:\/\/wisemind.se\/kvinna\/kroppen-efter-sjukdom\/"]}]},{"@type":"BreadcrumbList","@id":"https:\/\/wisemind.se\/kvinna\/kroppen-efter-sjukdom\/#breadcrumb","itemListElement":[{"@type":"ListItem","position":1,"name":"Hem","item":"https:\/\/wisemind.se\/kvinna\/"},{"@type":"ListItem","position":2,"name":"Kroppen efter sjukdom"}]},{"@type":"WebSite","@id":"https:\/\/wisemind.se\/kvinna\/#website","url":"https:\/\/wisemind.se\/kvinna\/","name":"WiseMind Kvinnoh\u00e4lsa","description":"Psykologiskt Kunskapscenter","publisher":{"@id":"https:\/\/wisemind.se\/kvinna\/#organization"},"potentialAction":[{"@type":"SearchAction","target":{"@type":"EntryPoint","urlTemplate":"https:\/\/wisemind.se\/kvinna\/?s={search_term_string}"},"query-input":{"@type":"PropertyValueSpecification","valueRequired":true,"valueName":"search_term_string"}}],"inLanguage":"sv-SE"},{"@type":"Organization","@id":"https:\/\/wisemind.se\/kvinna\/#organization","name":"Utveckling och Balans","url":"https:\/\/wisemind.se\/kvinna\/","logo":{"@type":"ImageObject","inLanguage":"sv-SE","@id":"https:\/\/wisemind.se\/kvinna\/#\/schema\/logo\/image\/","url":"https:\/\/wisemind.se\/kvinna\/wp-content\/uploads\/uob-logga-150.png","contentUrl":"https:\/\/wisemind.se\/kvinna\/wp-content\/uploads\/uob-logga-150.png","width":150,"height":62,"caption":"Utveckling och Balans"},"image":{"@id":"https:\/\/wisemind.se\/kvinna\/#\/schema\/logo\/image\/"}}]}},"_links":{"self":[{"href":"https:\/\/wisemind.se\/kvinna\/wp-json\/wp\/v2\/pages\/7532","targetHints":{"allow":["GET"]}}],"collection":[{"href":"https:\/\/wisemind.se\/kvinna\/wp-json\/wp\/v2\/pages"}],"about":[{"href":"https:\/\/wisemind.se\/kvinna\/wp-json\/wp\/v2\/types\/page"}],"author":[{"embeddable":true,"href":"https:\/\/wisemind.se\/kvinna\/wp-json\/wp\/v2\/users\/2"}],"replies":[{"embeddable":true,"href":"https:\/\/wisemind.se\/kvinna\/wp-json\/wp\/v2\/comments?post=7532"}],"version-history":[{"count":3,"href":"https:\/\/wisemind.se\/kvinna\/wp-json\/wp\/v2\/pages\/7532\/revisions"}],"predecessor-version":[{"id":12184,"href":"https:\/\/wisemind.se\/kvinna\/wp-json\/wp\/v2\/pages\/7532\/revisions\/12184"}],"wp:attachment":[{"href":"https:\/\/wisemind.se\/kvinna\/wp-json\/wp\/v2\/media?parent=7532"}],"curies":[{"name":"wp","href":"https:\/\/api.w.org\/{rel}","templated":true}]}}