{"id":73,"date":"2021-02-01T17:56:32","date_gmt":"2021-02-01T16:56:32","guid":{"rendered":"https:\/\/wisemind.se\/kvinna\/neuropsykiatrisk-utredning\/"},"modified":"2025-08-20T12:33:20","modified_gmt":"2025-08-20T11:33:20","slug":"hormonella","status":"publish","type":"page","link":"https:\/\/wisemind.se\/kvinna\/hormonella\/","title":{"rendered":"Hormonell h\u00e4lsa"},"content":{"rendered":"\t\t<div data-elementor-type=\"wp-page\" data-elementor-id=\"73\" class=\"elementor elementor-73\" data-elementor-post-type=\"page\">\n\t\t\t\t\t\t<section class=\"elementor-section elementor-top-section elementor-element elementor-element-7892b74 elementor-section-boxed elementor-section-height-default elementor-section-height-default\" data-id=\"7892b74\" data-element_type=\"section\" data-e-type=\"section\">\n\t\t\t\t\t\t<div class=\"elementor-container elementor-column-gap-default\">\n\t\t\t\t\t<div class=\"elementor-column elementor-col-100 elementor-top-column elementor-element elementor-element-7563b66\" data-id=\"7563b66\" data-element_type=\"column\" data-e-type=\"column\">\n\t\t\t<div class=\"elementor-widget-wrap elementor-element-populated\">\n\t\t\t\t\t\t<div class=\"elementor-element elementor-element-5e0d244 elementor-widget elementor-widget-heading\" data-id=\"5e0d244\" data-element_type=\"widget\" data-e-type=\"widget\" data-widget_type=\"heading.default\">\n\t\t\t\t<div class=\"elementor-widget-container\">\n\t\t\t\t\t<h3 class=\"elementor-heading-title elementor-size-default\">Hormonell h\u00e4lsa<\/h3>\t\t\t\t<\/div>\n\t\t\t\t<\/div>\n\t\t\t\t\t<\/div>\n\t\t<\/div>\n\t\t\t\t\t<\/div>\n\t\t<\/section>\n\t\t\t\t<section class=\"elementor-section elementor-top-section elementor-element elementor-element-5ef7938a elementor-reverse-mobile elementor-section-boxed elementor-section-height-default elementor-section-height-default\" data-id=\"5ef7938a\" data-element_type=\"section\" data-e-type=\"section\">\n\t\t\t\t\t\t<div class=\"elementor-container elementor-column-gap-default\">\n\t\t\t\t\t<div class=\"elementor-column elementor-col-50 elementor-top-column elementor-element elementor-element-bf8056b\" data-id=\"bf8056b\" data-element_type=\"column\" data-e-type=\"column\">\n\t\t\t<div class=\"elementor-widget-wrap elementor-element-populated\">\n\t\t\t\t\t\t<div class=\"elementor-element elementor-element-5d3f8e9 elementor-widget elementor-widget-text-editor\" data-id=\"5d3f8e9\" data-element_type=\"widget\" data-e-type=\"widget\" data-widget_type=\"text-editor.default\">\n\t\t\t\t<div class=\"elementor-widget-container\">\n\t\t\t\t\t\t\t\t\t<p>Hormoner p\u00e5verkar hur vi k\u00e4nner oss. Detta kan bli extra tydligt f\u00f6r den som genomg\u00e5r en fas d\u00e5 hormoner \u00e4r under f\u00f6r\u00e4ndring, t.ex. under och efter en graviditet, vid en IVF-behandling, i klimakteriet. Studier visar \u00e4ven att majoriteten av kvinnors hum\u00f6r p\u00e5verkas i n\u00e5gon utstr\u00e4ckning av de naturliga f\u00f6r\u00e4ndringarna som sker under menstruationscykeln. D\u00e4rmed \u00e4r hormonernas inverkan p\u00e5 v\u00e5rt m\u00e5ende p\u00e5taglig under stora delar av livet.<\/p><p>I all psykologisk utredning och bed\u00f6mning \u00e4r det d\u00e4rmed viktigt att ha med en kunskap om relationen mellan hormoner och v\u00e5r psykiska h\u00e4lsa samt hur vi kan f\u00f6rebygga och hantera hormonella besv\u00e4r. Upplever du hormonella besv\u00e4r?\u00a0 <a href=\"https:\/\/wisemind.se\/kvinna\/bokning-och-priser\/\">Kontakta oss<\/a> f\u00f6r ett r\u00e5dgivande samtal.\u00a0<\/p>\t\t\t\t\t\t\t\t<\/div>\n\t\t\t\t<\/div>\n\t\t\t\t\t<\/div>\n\t\t<\/div>\n\t\t\t\t<div class=\"elementor-column elementor-col-50 elementor-top-column elementor-element elementor-element-9c747cf\" data-id=\"9c747cf\" data-element_type=\"column\" data-e-type=\"column\">\n\t\t\t<div class=\"elementor-widget-wrap elementor-element-populated\">\n\t\t\t\t\t\t<div class=\"elementor-element elementor-element-9784077 elementor-widget elementor-widget-image\" data-id=\"9784077\" data-element_type=\"widget\" data-e-type=\"widget\" data-widget_type=\"image.default\">\n\t\t\t\t<div class=\"elementor-widget-container\">\n\t\t\t\t\t\t\t\t\t\t\t\t\t\t\t<img fetchpriority=\"high\" decoding=\"async\" width=\"800\" height=\"800\" src=\"https:\/\/wisemind.se\/kvinna\/wp-content\/uploads\/adam-kuylenstierna-XB6YpNF1QuY-unsplash-1024x1024.jpg\" class=\"attachment-large size-large wp-image-11823\" alt=\"Hormonell h\u00e4lsa\" srcset=\"https:\/\/wisemind.se\/kvinna\/wp-content\/uploads\/adam-kuylenstierna-XB6YpNF1QuY-unsplash-1024x1024.jpg 1024w, https:\/\/wisemind.se\/kvinna\/wp-content\/uploads\/adam-kuylenstierna-XB6YpNF1QuY-unsplash-300x300.jpg 300w, https:\/\/wisemind.se\/kvinna\/wp-content\/uploads\/adam-kuylenstierna-XB6YpNF1QuY-unsplash-150x150.jpg 150w, https:\/\/wisemind.se\/kvinna\/wp-content\/uploads\/adam-kuylenstierna-XB6YpNF1QuY-unsplash-768x768.jpg 768w\" sizes=\"(max-width: 800px) 100vw, 800px\" \/>\t\t\t\t\t\t\t\t\t\t\t\t\t\t\t<\/div>\n\t\t\t\t<\/div>\n\t\t\t\t\t<\/div>\n\t\t<\/div>\n\t\t\t\t\t<\/div>\n\t\t<\/section>\n\t\t\t\t<section class=\"elementor-section elementor-top-section elementor-element elementor-element-38bf839f elementor-section-full_width elementor-section-height-default elementor-section-height-default\" data-id=\"38bf839f\" data-element_type=\"section\" data-e-type=\"section\">\n\t\t\t\t\t\t<div class=\"elementor-container elementor-column-gap-default\">\n\t\t\t\t\t<div class=\"elementor-column elementor-col-100 elementor-top-column elementor-element elementor-element-12867929\" data-id=\"12867929\" data-element_type=\"column\" data-e-type=\"column\" data-settings=\"{&quot;background_background&quot;:&quot;classic&quot;}\">\n\t\t\t<div class=\"elementor-widget-wrap elementor-element-populated\">\n\t\t\t\t\t\t<section class=\"elementor-section elementor-inner-section elementor-element elementor-element-56d817d4 elementor-section-boxed elementor-section-height-default elementor-section-height-default\" data-id=\"56d817d4\" data-element_type=\"section\" data-e-type=\"section\" data-settings=\"{&quot;background_background&quot;:&quot;classic&quot;}\">\n\t\t\t\t\t\t<div class=\"elementor-container elementor-column-gap-default\">\n\t\t\t\t\t<div class=\"elementor-column elementor-col-33 elementor-inner-column elementor-element elementor-element-4e7e8d6\" data-id=\"4e7e8d6\" data-element_type=\"column\" data-e-type=\"column\">\n\t\t\t<div class=\"elementor-widget-wrap elementor-element-populated\">\n\t\t\t\t\t\t<div class=\"elementor-element elementor-element-5383ee2d elementor-align-justify elementor-mobile-align-justify elementor-widget elementor-widget-global elementor-global-2060 elementor-widget-button\" data-id=\"5383ee2d\" data-element_type=\"widget\" data-e-type=\"widget\" data-widget_type=\"button.default\">\n\t\t\t\t<div class=\"elementor-widget-container\">\n\t\t\t\t\t\t\t\t\t<div class=\"elementor-button-wrapper\">\n\t\t\t\t\t<a class=\"elementor-button elementor-button-link elementor-size-sm\" href=\"\/kvinna\/bokning-och-priser\" id=\"info-kv-global\">\n\t\t\t\t\t\t<span class=\"elementor-button-content-wrapper\">\n\t\t\t\t\t\t\t\t\t<span class=\"elementor-button-text\">Prislista<\/span>\n\t\t\t\t\t<\/span>\n\t\t\t\t\t<\/a>\n\t\t\t\t<\/div>\n\t\t\t\t\t\t\t\t<\/div>\n\t\t\t\t<\/div>\n\t\t\t\t\t<\/div>\n\t\t<\/div>\n\t\t\t\t<div class=\"elementor-column elementor-col-33 elementor-inner-column elementor-element elementor-element-4e08423a\" data-id=\"4e08423a\" data-element_type=\"column\" data-e-type=\"column\">\n\t\t\t<div class=\"elementor-widget-wrap elementor-element-populated\">\n\t\t\t\t\t\t<div class=\"elementor-element elementor-element-57ffc0ca elementor-align-justify elementor-mobile-align-justify elementor-widget elementor-widget-global elementor-global-10608 elementor-widget-button\" data-id=\"57ffc0ca\" data-element_type=\"widget\" data-e-type=\"widget\" data-widget_type=\"button.default\">\n\t\t\t\t<div class=\"elementor-widget-container\">\n\t\t\t\t\t\t\t\t\t<div class=\"elementor-button-wrapper\">\n\t\t\t\t\t<a class=\"elementor-button elementor-button-link elementor-size-sm\" href=\"https:\/\/psykologiteamet.kaddio.com\/booking\/cal\/\" id=\"Boka-kv-global\">\n\t\t\t\t\t\t<span class=\"elementor-button-content-wrapper\">\n\t\t\t\t\t\t\t\t\t<span class=\"elementor-button-text\">Boka tid<\/span>\n\t\t\t\t\t<\/span>\n\t\t\t\t\t<\/a>\n\t\t\t\t<\/div>\n\t\t\t\t\t\t\t\t<\/div>\n\t\t\t\t<\/div>\n\t\t\t\t\t<\/div>\n\t\t<\/div>\n\t\t\t\t<div class=\"elementor-column elementor-col-33 elementor-inner-column elementor-element elementor-element-69ac6ab3\" data-id=\"69ac6ab3\" data-element_type=\"column\" data-e-type=\"column\">\n\t\t\t<div class=\"elementor-widget-wrap elementor-element-populated\">\n\t\t\t\t\t\t<div class=\"elementor-element elementor-element-d8cb5e4 elementor-align-justify elementor-mobile-align-justify elementor-widget elementor-widget-global elementor-global-1978 elementor-widget-button\" data-id=\"d8cb5e4\" data-element_type=\"widget\" data-e-type=\"widget\" data-widget_type=\"button.default\">\n\t\t\t\t<div class=\"elementor-widget-container\">\n\t\t\t\t\t\t\t\t\t<div class=\"elementor-button-wrapper\">\n\t\t\t\t\t<a class=\"elementor-button elementor-button-link elementor-size-sm\" href=\"https:\/\/psykologiteamet.kaddio.com\/contact-us\" id=\"kontakt-kv-global\">\n\t\t\t\t\t\t<span class=\"elementor-button-content-wrapper\">\n\t\t\t\t\t\t\t\t\t<span class=\"elementor-button-text\">Kontakta oss<\/span>\n\t\t\t\t\t<\/span>\n\t\t\t\t\t<\/a>\n\t\t\t\t<\/div>\n\t\t\t\t\t\t\t\t<\/div>\n\t\t\t\t<\/div>\n\t\t\t\t\t<\/div>\n\t\t<\/div>\n\t\t\t\t\t<\/div>\n\t\t<\/section>\n\t\t\t\t\t<\/div>\n\t\t<\/div>\n\t\t\t\t\t<\/div>\n\t\t<\/section>\n\t\t\t\t<\/div>\n\t\t","protected":false},"excerpt":{"rendered":"<p>Hormonell h\u00e4lsa Hormoner p\u00e5verkar hur vi k\u00e4nner oss. Detta kan bli extra tydligt f\u00f6r den som genomg\u00e5r en fas d\u00e5 hormoner \u00e4r under f\u00f6r\u00e4ndring, t.ex. under och efter en graviditet, vid en IVF-behandling, i klimakteriet. Studier visar \u00e4ven att majoriteten av kvinnors hum\u00f6r p\u00e5verkas i n\u00e5gon utstr\u00e4ckning av de naturliga f\u00f6r\u00e4ndringarna som sker under menstruationscykeln. [&hellip;]<\/p>\n","protected":false},"author":2,"featured_media":0,"parent":0,"menu_order":9,"comment_status":"closed","ping_status":"closed","template":"","meta":{"_monsterinsights_skip_tracking":false,"_monsterinsights_sitenote_active":false,"_monsterinsights_sitenote_note":"","_monsterinsights_sitenote_category":0,"footnotes":""},"class_list":["post-73","page","type-page","status-publish","hentry"],"yoast_head":"<!-- This site is optimized with the Yoast SEO plugin v27.4 - https:\/\/yoast.com\/product\/yoast-seo-wordpress\/ -->\n<title>Hormonell h\u00e4lsa - WiseMind Kvinnoh\u00e4lsa<\/title>\n<meta name=\"description\" content=\"Majoriteten av kvinnors hum\u00f6r p\u00e5verkas i n\u00e5gon utstr\u00e4ckning av naturliga hormonella f\u00f6r\u00e4ndringar under menstruationscykeln.\" \/>\n<meta name=\"robots\" content=\"index, follow, max-snippet:-1, max-image-preview:large, max-video-preview:-1\" \/>\n<link rel=\"canonical\" href=\"https:\/\/wisemind.se\/kvinna\/hormonella\/\" \/>\n<meta property=\"og:locale\" content=\"sv_SE\" \/>\n<meta property=\"og:type\" content=\"article\" \/>\n<meta property=\"og:title\" content=\"Hormonell h\u00e4lsa - WiseMind Kvinnoh\u00e4lsa\" \/>\n<meta property=\"og:description\" content=\"Majoriteten av kvinnors hum\u00f6r p\u00e5verkas i n\u00e5gon utstr\u00e4ckning av naturliga hormonella f\u00f6r\u00e4ndringar under menstruationscykeln.\" \/>\n<meta property=\"og:url\" content=\"https:\/\/wisemind.se\/kvinna\/hormonella\/\" \/>\n<meta property=\"og:site_name\" content=\"WiseMind Kvinnoh\u00e4lsa\" \/>\n<meta property=\"article:modified_time\" content=\"2025-08-20T11:33:20+00:00\" \/>\n<meta property=\"og:image\" content=\"https:\/\/wisemind.se\/kvinna\/wp-content\/uploads\/adam-kuylenstierna-XB6YpNF1QuY-unsplash.jpg\" \/>\n\t<meta property=\"og:image:width\" content=\"1920\" \/>\n\t<meta property=\"og:image:height\" content=\"1280\" \/>\n\t<meta property=\"og:image:type\" content=\"image\/jpeg\" \/>\n<meta name=\"twitter:card\" content=\"summary_large_image\" \/>\n<meta name=\"twitter:label1\" content=\"Ber\u00e4knad l\u00e4stid\" \/>\n\t<meta name=\"twitter:data1\" content=\"1 minut\" \/>\n<script type=\"application\/ld+json\" class=\"yoast-schema-graph\">{\"@context\":\"https:\\\/\\\/schema.org\",\"@graph\":[{\"@type\":\"WebPage\",\"@id\":\"https:\\\/\\\/wisemind.se\\\/kvinna\\\/hormonella\\\/\",\"url\":\"https:\\\/\\\/wisemind.se\\\/kvinna\\\/hormonella\\\/\",\"name\":\"Hormonell h\u00e4lsa - WiseMind Kvinnoh\u00e4lsa\",\"isPartOf\":{\"@id\":\"https:\\\/\\\/wisemind.se\\\/kvinna\\\/#website\"},\"primaryImageOfPage\":{\"@id\":\"https:\\\/\\\/wisemind.se\\\/kvinna\\\/hormonella\\\/#primaryimage\"},\"image\":{\"@id\":\"https:\\\/\\\/wisemind.se\\\/kvinna\\\/hormonella\\\/#primaryimage\"},\"thumbnailUrl\":\"https:\\\/\\\/wisemind.se\\\/kvinna\\\/wp-content\\\/uploads\\\/adam-kuylenstierna-XB6YpNF1QuY-unsplash-1024x1024.jpg\",\"datePublished\":\"2021-02-01T16:56:32+00:00\",\"dateModified\":\"2025-08-20T11:33:20+00:00\",\"description\":\"Majoriteten av kvinnors hum\u00f6r p\u00e5verkas i n\u00e5gon utstr\u00e4ckning av naturliga hormonella f\u00f6r\u00e4ndringar under menstruationscykeln.\",\"breadcrumb\":{\"@id\":\"https:\\\/\\\/wisemind.se\\\/kvinna\\\/hormonella\\\/#breadcrumb\"},\"inLanguage\":\"sv-SE\",\"potentialAction\":[{\"@type\":\"ReadAction\",\"target\":[\"https:\\\/\\\/wisemind.se\\\/kvinna\\\/hormonella\\\/\"]}]},{\"@type\":\"ImageObject\",\"inLanguage\":\"sv-SE\",\"@id\":\"https:\\\/\\\/wisemind.se\\\/kvinna\\\/hormonella\\\/#primaryimage\",\"url\":\"https:\\\/\\\/wisemind.se\\\/kvinna\\\/wp-content\\\/uploads\\\/adam-kuylenstierna-XB6YpNF1QuY-unsplash.jpg\",\"contentUrl\":\"https:\\\/\\\/wisemind.se\\\/kvinna\\\/wp-content\\\/uploads\\\/adam-kuylenstierna-XB6YpNF1QuY-unsplash.jpg\",\"width\":1920,\"height\":1280,\"caption\":\"Hormonell h\u00e4lsa\"},{\"@type\":\"BreadcrumbList\",\"@id\":\"https:\\\/\\\/wisemind.se\\\/kvinna\\\/hormonella\\\/#breadcrumb\",\"itemListElement\":[{\"@type\":\"ListItem\",\"position\":1,\"name\":\"Hem\",\"item\":\"https:\\\/\\\/wisemind.se\\\/kvinna\\\/\"},{\"@type\":\"ListItem\",\"position\":2,\"name\":\"Hormonell h\u00e4lsa\"}]},{\"@type\":\"WebSite\",\"@id\":\"https:\\\/\\\/wisemind.se\\\/kvinna\\\/#website\",\"url\":\"https:\\\/\\\/wisemind.se\\\/kvinna\\\/\",\"name\":\"WiseMind Kvinnoh\u00e4lsa\",\"description\":\"Psykologiskt Kunskapscenter\",\"publisher\":{\"@id\":\"https:\\\/\\\/wisemind.se\\\/kvinna\\\/#organization\"},\"potentialAction\":[{\"@type\":\"SearchAction\",\"target\":{\"@type\":\"EntryPoint\",\"urlTemplate\":\"https:\\\/\\\/wisemind.se\\\/kvinna\\\/?s={search_term_string}\"},\"query-input\":{\"@type\":\"PropertyValueSpecification\",\"valueRequired\":true,\"valueName\":\"search_term_string\"}}],\"inLanguage\":\"sv-SE\"},{\"@type\":\"Organization\",\"@id\":\"https:\\\/\\\/wisemind.se\\\/kvinna\\\/#organization\",\"name\":\"Utveckling och Balans\",\"url\":\"https:\\\/\\\/wisemind.se\\\/kvinna\\\/\",\"logo\":{\"@type\":\"ImageObject\",\"inLanguage\":\"sv-SE\",\"@id\":\"https:\\\/\\\/wisemind.se\\\/kvinna\\\/#\\\/schema\\\/logo\\\/image\\\/\",\"url\":\"https:\\\/\\\/wisemind.se\\\/kvinna\\\/wp-content\\\/uploads\\\/uob-logga-150.png\",\"contentUrl\":\"https:\\\/\\\/wisemind.se\\\/kvinna\\\/wp-content\\\/uploads\\\/uob-logga-150.png\",\"width\":150,\"height\":62,\"caption\":\"Utveckling och Balans\"},\"image\":{\"@id\":\"https:\\\/\\\/wisemind.se\\\/kvinna\\\/#\\\/schema\\\/logo\\\/image\\\/\"}}]}<\/script>\n<!-- \/ Yoast SEO plugin. -->","yoast_head_json":{"title":"Hormonell h\u00e4lsa - WiseMind Kvinnoh\u00e4lsa","description":"Majoriteten av kvinnors hum\u00f6r p\u00e5verkas i n\u00e5gon utstr\u00e4ckning av naturliga hormonella f\u00f6r\u00e4ndringar under menstruationscykeln.","robots":{"index":"index","follow":"follow","max-snippet":"max-snippet:-1","max-image-preview":"max-image-preview:large","max-video-preview":"max-video-preview:-1"},"canonical":"https:\/\/wisemind.se\/kvinna\/hormonella\/","og_locale":"sv_SE","og_type":"article","og_title":"Hormonell h\u00e4lsa - WiseMind Kvinnoh\u00e4lsa","og_description":"Majoriteten av kvinnors hum\u00f6r p\u00e5verkas i n\u00e5gon utstr\u00e4ckning av naturliga hormonella f\u00f6r\u00e4ndringar under menstruationscykeln.","og_url":"https:\/\/wisemind.se\/kvinna\/hormonella\/","og_site_name":"WiseMind Kvinnoh\u00e4lsa","article_modified_time":"2025-08-20T11:33:20+00:00","og_image":[{"width":1920,"height":1280,"url":"https:\/\/wisemind.se\/kvinna\/wp-content\/uploads\/adam-kuylenstierna-XB6YpNF1QuY-unsplash.jpg","type":"image\/jpeg"}],"twitter_card":"summary_large_image","twitter_misc":{"Ber\u00e4knad l\u00e4stid":"1 minut"},"schema":{"@context":"https:\/\/schema.org","@graph":[{"@type":"WebPage","@id":"https:\/\/wisemind.se\/kvinna\/hormonella\/","url":"https:\/\/wisemind.se\/kvinna\/hormonella\/","name":"Hormonell h\u00e4lsa - WiseMind Kvinnoh\u00e4lsa","isPartOf":{"@id":"https:\/\/wisemind.se\/kvinna\/#website"},"primaryImageOfPage":{"@id":"https:\/\/wisemind.se\/kvinna\/hormonella\/#primaryimage"},"image":{"@id":"https:\/\/wisemind.se\/kvinna\/hormonella\/#primaryimage"},"thumbnailUrl":"https:\/\/wisemind.se\/kvinna\/wp-content\/uploads\/adam-kuylenstierna-XB6YpNF1QuY-unsplash-1024x1024.jpg","datePublished":"2021-02-01T16:56:32+00:00","dateModified":"2025-08-20T11:33:20+00:00","description":"Majoriteten av kvinnors hum\u00f6r p\u00e5verkas i n\u00e5gon utstr\u00e4ckning av naturliga hormonella f\u00f6r\u00e4ndringar under menstruationscykeln.","breadcrumb":{"@id":"https:\/\/wisemind.se\/kvinna\/hormonella\/#breadcrumb"},"inLanguage":"sv-SE","potentialAction":[{"@type":"ReadAction","target":["https:\/\/wisemind.se\/kvinna\/hormonella\/"]}]},{"@type":"ImageObject","inLanguage":"sv-SE","@id":"https:\/\/wisemind.se\/kvinna\/hormonella\/#primaryimage","url":"https:\/\/wisemind.se\/kvinna\/wp-content\/uploads\/adam-kuylenstierna-XB6YpNF1QuY-unsplash.jpg","contentUrl":"https:\/\/wisemind.se\/kvinna\/wp-content\/uploads\/adam-kuylenstierna-XB6YpNF1QuY-unsplash.jpg","width":1920,"height":1280,"caption":"Hormonell h\u00e4lsa"},{"@type":"BreadcrumbList","@id":"https:\/\/wisemind.se\/kvinna\/hormonella\/#breadcrumb","itemListElement":[{"@type":"ListItem","position":1,"name":"Hem","item":"https:\/\/wisemind.se\/kvinna\/"},{"@type":"ListItem","position":2,"name":"Hormonell h\u00e4lsa"}]},{"@type":"WebSite","@id":"https:\/\/wisemind.se\/kvinna\/#website","url":"https:\/\/wisemind.se\/kvinna\/","name":"WiseMind Kvinnoh\u00e4lsa","description":"Psykologiskt Kunskapscenter","publisher":{"@id":"https:\/\/wisemind.se\/kvinna\/#organization"},"potentialAction":[{"@type":"SearchAction","target":{"@type":"EntryPoint","urlTemplate":"https:\/\/wisemind.se\/kvinna\/?s={search_term_string}"},"query-input":{"@type":"PropertyValueSpecification","valueRequired":true,"valueName":"search_term_string"}}],"inLanguage":"sv-SE"},{"@type":"Organization","@id":"https:\/\/wisemind.se\/kvinna\/#organization","name":"Utveckling och Balans","url":"https:\/\/wisemind.se\/kvinna\/","logo":{"@type":"ImageObject","inLanguage":"sv-SE","@id":"https:\/\/wisemind.se\/kvinna\/#\/schema\/logo\/image\/","url":"https:\/\/wisemind.se\/kvinna\/wp-content\/uploads\/uob-logga-150.png","contentUrl":"https:\/\/wisemind.se\/kvinna\/wp-content\/uploads\/uob-logga-150.png","width":150,"height":62,"caption":"Utveckling och Balans"},"image":{"@id":"https:\/\/wisemind.se\/kvinna\/#\/schema\/logo\/image\/"}}]}},"_links":{"self":[{"href":"https:\/\/wisemind.se\/kvinna\/wp-json\/wp\/v2\/pages\/73","targetHints":{"allow":["GET"]}}],"collection":[{"href":"https:\/\/wisemind.se\/kvinna\/wp-json\/wp\/v2\/pages"}],"about":[{"href":"https:\/\/wisemind.se\/kvinna\/wp-json\/wp\/v2\/types\/page"}],"author":[{"embeddable":true,"href":"https:\/\/wisemind.se\/kvinna\/wp-json\/wp\/v2\/users\/2"}],"replies":[{"embeddable":true,"href":"https:\/\/wisemind.se\/kvinna\/wp-json\/wp\/v2\/comments?post=73"}],"version-history":[{"count":3,"href":"https:\/\/wisemind.se\/kvinna\/wp-json\/wp\/v2\/pages\/73\/revisions"}],"predecessor-version":[{"id":12101,"href":"https:\/\/wisemind.se\/kvinna\/wp-json\/wp\/v2\/pages\/73\/revisions\/12101"}],"wp:attachment":[{"href":"https:\/\/wisemind.se\/kvinna\/wp-json\/wp\/v2\/media?parent=73"}],"curies":[{"name":"wp","href":"https:\/\/api.w.org\/{rel}","templated":true}]}}