{"id":7116,"date":"2021-04-22T06:33:21","date_gmt":"2021-04-22T05:33:21","guid":{"rendered":"https:\/\/wisemind.se\/kvinna\/?page_id=7116"},"modified":"2026-03-31T18:26:39","modified_gmt":"2026-03-31T17:26:39","slug":"hypotyreos","status":"publish","type":"page","link":"https:\/\/wisemind.se\/kvinna\/hypotyreos\/","title":{"rendered":"Hypotyreos"},"content":{"rendered":"\t\t<div data-elementor-type=\"wp-page\" data-elementor-id=\"7116\" class=\"elementor elementor-7116\" data-elementor-post-type=\"page\">\n\t\t\t\t\t\t<section class=\"elementor-section elementor-top-section elementor-element elementor-element-7a9e2d31 elementor-section-boxed elementor-section-height-default elementor-section-height-default\" data-id=\"7a9e2d31\" data-element_type=\"section\" data-e-type=\"section\">\n\t\t\t\t\t\t<div class=\"elementor-container elementor-column-gap-default\">\n\t\t\t\t\t<div class=\"elementor-column elementor-col-100 elementor-top-column elementor-element elementor-element-6498ca71\" data-id=\"6498ca71\" data-element_type=\"column\" data-e-type=\"column\">\n\t\t\t<div class=\"elementor-widget-wrap elementor-element-populated\">\n\t\t\t\t\t\t<div class=\"elementor-element elementor-element-2f131e13 elementor-widget elementor-widget-heading\" data-id=\"2f131e13\" data-element_type=\"widget\" data-e-type=\"widget\" data-widget_type=\"heading.default\">\n\t\t\t\t<div class=\"elementor-widget-container\">\n\t\t\t\t\t<h1 class=\"elementor-heading-title elementor-size-default\">Hypotyreos<\/h1>\t\t\t\t<\/div>\n\t\t\t\t<\/div>\n\t\t\t\t<div class=\"elementor-element elementor-element-172f503e elementor-widget elementor-widget-text-editor\" data-id=\"172f503e\" data-element_type=\"widget\" data-e-type=\"widget\" data-widget_type=\"text-editor.default\">\n\t\t\t\t<div class=\"elementor-widget-container\">\n\t\t\t\t\t\t\t\t\t<h2>Vad \u00e4r hypotyreos?<\/h2><p>Hypotyreos inneb\u00e4r brist p\u00e5 sk\u00f6ldk\u00f6rtelhormon i kroppen.<\/p><h3>Vanliga symtom<\/h3><p><span style=\"color: var( --e-global-color-text ); font-family: var( --e-global-typography-text-font-family ), Open Sans; font-weight: var( --e-global-typography-text-font-weight );\">Eftersom sk\u00f6ldk\u00f6rteln p\u00e5verkar \u00e4mnesoms\u00e4ttningen medf\u00f6r l\u00e5ga halter av sk\u00f6ldk\u00f6rtelhormon att kroppen jobbar l\u00e5ngsammare \u00e4n vanligt. Detta leder till en m\u00e4ngd olika och varierande symtom:\u00a0<\/span><\/p><ul><li style=\"list-style-type: none;\"><ul><li data-leveltext=\"-\" data-font=\"Calibri\" data-listid=\"18\" aria-setsize=\"-1\" data-aria-posinset=\"1\" data-aria-level=\"1\">Viktuppg\u00e5ng\u00a0<\/li><li data-leveltext=\"-\" data-font=\"Calibri\" data-listid=\"18\" aria-setsize=\"-1\" data-aria-posinset=\"2\" data-aria-level=\"1\">Att k\u00e4nna sig kall och l\u00e4ttare frysa\u00a0<\/li><li data-leveltext=\"-\" data-font=\"Calibri\" data-listid=\"18\" aria-setsize=\"-1\" data-aria-posinset=\"3\" data-aria-level=\"1\">Tr\u00f6tthet\u00a0<\/li><li data-leveltext=\"-\" data-font=\"Calibri\" data-listid=\"18\" aria-setsize=\"-1\" data-aria-posinset=\"1\" data-aria-level=\"1\">Andn\u00f6d\u00a0<\/li><li data-leveltext=\"-\" data-font=\"Calibri\" data-listid=\"18\" aria-setsize=\"-1\" data-aria-posinset=\"2\" data-aria-level=\"1\">R\u00f6sten blir hes\u00a0<\/li><li data-leveltext=\"-\" data-font=\"Calibri\" data-listid=\"18\" aria-setsize=\"-1\" data-aria-posinset=\"3\" data-aria-level=\"1\">Minskat smaksinne, syn eller h\u00f6rsel\u00a0<\/li><li data-leveltext=\"-\" data-font=\"Calibri\" data-listid=\"18\" aria-setsize=\"-1\" data-aria-posinset=\"4\" data-aria-level=\"1\">F\u00f6rs\u00e4mrat minne\u00a0<\/li><li data-leveltext=\"-\" data-font=\"Calibri\" data-listid=\"18\" aria-setsize=\"-1\" data-aria-posinset=\"5\" data-aria-level=\"1\">Domningar\u00a0<\/li><\/ul><\/li><\/ul><ul><li style=\"list-style-type: none;\"><ul><li data-leveltext=\"-\" data-font=\"Calibri\" data-listid=\"18\" aria-setsize=\"-1\" data-aria-posinset=\"1\" data-aria-level=\"1\">Nedst\u00e4mdhet\u00a0<\/li><li data-leveltext=\"-\" data-font=\"Calibri\" data-listid=\"18\" aria-setsize=\"-1\" data-aria-posinset=\"2\" data-aria-level=\"1\">F\u00f6rstoppning\u00a0<\/li><li data-leveltext=\"-\" data-font=\"Calibri\" data-listid=\"18\" aria-setsize=\"-1\" data-aria-posinset=\"3\" data-aria-level=\"1\">Infertilitet eller sv\u00e5righet att bli gravid\u00a0<\/li><li data-leveltext=\"-\" data-font=\"Calibri\" data-listid=\"18\" aria-setsize=\"-1\" data-aria-posinset=\"4\" data-aria-level=\"1\">Menstruationsrubbningar\u00a0<\/li><li data-leveltext=\"-\" data-font=\"Calibri\" data-listid=\"18\" aria-setsize=\"-1\" data-aria-posinset=\"5\" data-aria-level=\"1\">Br\u00f6stmj\u00f6lkuts\u00f6ndring\u00a0<\/li><\/ul><\/li><\/ul><ul><li style=\"list-style-type: none;\"><ul><li data-leveltext=\"-\" data-font=\"Calibri\" data-listid=\"18\" aria-setsize=\"-1\" data-aria-posinset=\"1\" data-aria-level=\"1\">Muskelsvaghet eller muskelkramper\u00a0<\/li><li data-leveltext=\"-\" data-font=\"Calibri\" data-listid=\"18\" aria-setsize=\"-1\" data-aria-posinset=\"2\" data-aria-level=\"1\">Ledv\u00e4rk\u00a0<\/li><li data-leveltext=\"-\" data-font=\"Calibri\" data-listid=\"18\" aria-setsize=\"-1\" data-aria-posinset=\"3\" data-aria-level=\"1\">Blodbrist\u00a0<\/li><li data-leveltext=\"-\" data-font=\"Calibri\" data-listid=\"18\" aria-setsize=\"-1\" data-aria-posinset=\"4\" data-aria-level=\"1\">Torr hud\u00a0<\/li><li data-leveltext=\"-\" data-font=\"Calibri\" data-listid=\"18\" aria-setsize=\"-1\" data-aria-posinset=\"5\" data-aria-level=\"1\">H\u00e5ravfall\u00a0<\/li><\/ul><\/li><\/ul><ul><li style=\"list-style-type: none;\"><ul><li data-leveltext=\"-\" data-font=\"Calibri\" data-listid=\"18\" aria-setsize=\"-1\" data-aria-posinset=\"1\" data-aria-level=\"1\">Nedsatt njurfunktion\u00a0<\/li><\/ul><\/li><\/ul><h3>Orsaker till hypotyreos<\/h3><p>Fler kvinnor \u00e4n m\u00e4n som drabbas av hypotyreos. Risken att f\u00e5 sjukdomen \u00f6kar med \u00e5ldern. <span style=\"color: var( --e-global-color-text ); font-family: var( --e-global-typography-text-font-family ), Open Sans; font-weight: var( --e-global-typography-text-font-weight );\">\u00c4ven tiden under och efter en graviditet kan \u00f6ka risken att sk\u00f6ldk\u00f6rtelns hormonproduktion hamnar i obalans.\u00a0<\/span><span style=\"color: var( --e-global-color-text ); font-family: var( --e-global-typography-text-font-family ), Open Sans; font-weight: var( --e-global-typography-text-font-weight );\">Den vanligaste orsaken till hypotyreos \u00e4r kronisk autoimmun tyreoidit, vilket \u00e4r en sk\u00f6ldk\u00f6rtelinflammation, \u00e4ven kallad Hashimotos sjukdom. <\/span><span style=\"color: var( --e-global-color-text ); font-family: var( --e-global-typography-text-font-family ), Open Sans; font-weight: var( --e-global-typography-text-font-weight );\">Hypotyreos behandlas normalt med l\u00e4kemedel som ers\u00e4tter de l\u00e5ga m\u00e4ngderna sk\u00f6ldk\u00f6rtelhormon.<\/span><\/p><p>Ibland \u00e4r det sv\u00e5rt att veta vad som beror av obalans g\u00e4llande sk\u00f6ldk\u00f6rtelhormon i kroppen och vad av alla symtom relaterade till energiniv\u00e5 och psykisk h\u00e4lsa som kan bero av andra orsaker. H\u00e4r kan det vara hj\u00e4lpsamt att ha en psykolog att diskutera och kartl\u00e4gga symtomen med och s\u00e5 \u00e4ven i v\u00e4gen tillbaka till balans och v\u00e4lm\u00e5ende efter en period av sjukdom.\u00a0<\/p><p><a href=\"https:\/\/wisemind.se\/kvinna\/kontakt\/\">Kontakta oss<\/a> g\u00e4rna f\u00f6r ett r\u00e5dgivande samtal.\u00a0<\/p>\t\t\t\t\t\t\t\t<\/div>\n\t\t\t\t<\/div>\n\t\t\t\t\t<\/div>\n\t\t<\/div>\n\t\t\t\t\t<\/div>\n\t\t<\/section>\n\t\t\t\t<section class=\"elementor-section elementor-top-section elementor-element elementor-element-232987e4 elementor-section-full_width elementor-section-height-default elementor-section-height-default\" data-id=\"232987e4\" data-element_type=\"section\" data-e-type=\"section\">\n\t\t\t\t\t\t<div class=\"elementor-container elementor-column-gap-default\">\n\t\t\t\t\t<div class=\"elementor-column elementor-col-100 elementor-top-column elementor-element elementor-element-5f4cd4ad\" data-id=\"5f4cd4ad\" data-element_type=\"column\" data-e-type=\"column\" data-settings=\"{&quot;background_background&quot;:&quot;classic&quot;}\">\n\t\t\t<div class=\"elementor-widget-wrap elementor-element-populated\">\n\t\t\t\t\t\t<section class=\"elementor-section elementor-inner-section elementor-element elementor-element-46b153b7 elementor-section-boxed elementor-section-height-default elementor-section-height-default\" data-id=\"46b153b7\" data-element_type=\"section\" data-e-type=\"section\" data-settings=\"{&quot;background_background&quot;:&quot;classic&quot;}\">\n\t\t\t\t\t\t<div class=\"elementor-container elementor-column-gap-default\">\n\t\t\t\t\t<div class=\"elementor-column elementor-col-33 elementor-inner-column elementor-element elementor-element-6843fb12\" data-id=\"6843fb12\" data-element_type=\"column\" data-e-type=\"column\">\n\t\t\t<div class=\"elementor-widget-wrap elementor-element-populated\">\n\t\t\t\t\t\t<div class=\"elementor-element elementor-element-5e5f0508 elementor-align-justify elementor-mobile-align-justify elementor-widget elementor-widget-global elementor-global-2060 elementor-widget-button\" data-id=\"5e5f0508\" data-element_type=\"widget\" data-e-type=\"widget\" data-widget_type=\"button.default\">\n\t\t\t\t<div class=\"elementor-widget-container\">\n\t\t\t\t\t\t\t\t\t<div class=\"elementor-button-wrapper\">\n\t\t\t\t\t<a class=\"elementor-button elementor-button-link elementor-size-sm\" href=\"\/kvinna\/bokning-och-priser\" id=\"info-kv-global\">\n\t\t\t\t\t\t<span class=\"elementor-button-content-wrapper\">\n\t\t\t\t\t\t\t\t\t<span class=\"elementor-button-text\">Prislista<\/span>\n\t\t\t\t\t<\/span>\n\t\t\t\t\t<\/a>\n\t\t\t\t<\/div>\n\t\t\t\t\t\t\t\t<\/div>\n\t\t\t\t<\/div>\n\t\t\t\t\t<\/div>\n\t\t<\/div>\n\t\t\t\t<div class=\"elementor-column elementor-col-33 elementor-inner-column elementor-element elementor-element-23210901\" data-id=\"23210901\" data-element_type=\"column\" data-e-type=\"column\">\n\t\t\t<div class=\"elementor-widget-wrap elementor-element-populated\">\n\t\t\t\t\t\t<div class=\"elementor-element elementor-element-3ad2123f elementor-align-justify elementor-mobile-align-justify elementor-widget elementor-widget-global elementor-global-10608 elementor-widget-button\" data-id=\"3ad2123f\" data-element_type=\"widget\" data-e-type=\"widget\" data-widget_type=\"button.default\">\n\t\t\t\t<div class=\"elementor-widget-container\">\n\t\t\t\t\t\t\t\t\t<div class=\"elementor-button-wrapper\">\n\t\t\t\t\t<a class=\"elementor-button elementor-button-link elementor-size-sm\" href=\"https:\/\/psykologiteamet.kaddio.com\/booking\/cal\/\" id=\"Boka-kv-global\">\n\t\t\t\t\t\t<span class=\"elementor-button-content-wrapper\">\n\t\t\t\t\t\t\t\t\t<span class=\"elementor-button-text\">Boka tid<\/span>\n\t\t\t\t\t<\/span>\n\t\t\t\t\t<\/a>\n\t\t\t\t<\/div>\n\t\t\t\t\t\t\t\t<\/div>\n\t\t\t\t<\/div>\n\t\t\t\t\t<\/div>\n\t\t<\/div>\n\t\t\t\t<div class=\"elementor-column elementor-col-33 elementor-inner-column elementor-element elementor-element-7ab13dca\" data-id=\"7ab13dca\" data-element_type=\"column\" data-e-type=\"column\">\n\t\t\t<div class=\"elementor-widget-wrap elementor-element-populated\">\n\t\t\t\t\t\t<div class=\"elementor-element elementor-element-4b20eef0 elementor-align-justify elementor-mobile-align-justify elementor-widget elementor-widget-global elementor-global-1978 elementor-widget-button\" data-id=\"4b20eef0\" data-element_type=\"widget\" data-e-type=\"widget\" data-widget_type=\"button.default\">\n\t\t\t\t<div class=\"elementor-widget-container\">\n\t\t\t\t\t\t\t\t\t<div class=\"elementor-button-wrapper\">\n\t\t\t\t\t<a class=\"elementor-button elementor-button-link elementor-size-sm\" href=\"https:\/\/psykologiteamet.kaddio.com\/contact-us\" id=\"kontakt-kv-global\">\n\t\t\t\t\t\t<span class=\"elementor-button-content-wrapper\">\n\t\t\t\t\t\t\t\t\t<span class=\"elementor-button-text\">Kontakta oss<\/span>\n\t\t\t\t\t<\/span>\n\t\t\t\t\t<\/a>\n\t\t\t\t<\/div>\n\t\t\t\t\t\t\t\t<\/div>\n\t\t\t\t<\/div>\n\t\t\t\t\t<\/div>\n\t\t<\/div>\n\t\t\t\t\t<\/div>\n\t\t<\/section>\n\t\t\t\t\t<\/div>\n\t\t<\/div>\n\t\t\t\t\t<\/div>\n\t\t<\/section>\n\t\t\t\t<\/div>\n\t\t","protected":false},"excerpt":{"rendered":"<p>Hypotyreos Vad \u00e4r hypotyreos? Hypotyreos inneb\u00e4r brist p\u00e5 sk\u00f6ldk\u00f6rtelhormon i kroppen. Vanliga symtom Eftersom sk\u00f6ldk\u00f6rteln p\u00e5verkar \u00e4mnesoms\u00e4ttningen medf\u00f6r l\u00e5ga halter av sk\u00f6ldk\u00f6rtelhormon att kroppen jobbar l\u00e5ngsammare \u00e4n vanligt. Detta leder till en m\u00e4ngd olika och varierande symtom:\u00a0 Viktuppg\u00e5ng\u00a0 Att k\u00e4nna sig kall och l\u00e4ttare frysa\u00a0 Tr\u00f6tthet\u00a0 Andn\u00f6d\u00a0 R\u00f6sten blir hes\u00a0 Minskat smaksinne, syn eller h\u00f6rsel\u00a0 [&hellip;]<\/p>\n","protected":false},"author":2,"featured_media":0,"parent":0,"menu_order":0,"comment_status":"closed","ping_status":"closed","template":"","meta":{"_monsterinsights_skip_tracking":false,"_monsterinsights_sitenote_active":false,"_monsterinsights_sitenote_note":"","_monsterinsights_sitenote_category":0,"footnotes":""},"class_list":["post-7116","page","type-page","status-publish","hentry"],"yoast_head":"<!-- This site is optimized with the Yoast SEO plugin v27.4 - https:\/\/yoast.com\/product\/yoast-seo-wordpress\/ -->\n<title>Hypotyreos - WiseMind Kvinnoh\u00e4lsa<\/title>\n<meta name=\"description\" content=\"Hypotyreos avser brist p\u00e5 sk\u00f6ldk\u00f6rtelhormon. L\u00e5ga halter av sk\u00f6ldk\u00f6rtelhormon medf\u00f6r att kroppen arbetar l\u00e5ngsammare \u00e4n vanligt.\" \/>\n<meta name=\"robots\" content=\"index, follow, max-snippet:-1, max-image-preview:large, max-video-preview:-1\" \/>\n<link rel=\"canonical\" href=\"https:\/\/wisemind.se\/kvinna\/hypotyreos\/\" \/>\n<meta property=\"og:locale\" content=\"sv_SE\" \/>\n<meta property=\"og:type\" content=\"article\" \/>\n<meta property=\"og:title\" content=\"Hypotyreos - WiseMind Kvinnoh\u00e4lsa\" \/>\n<meta property=\"og:description\" content=\"Hypotyreos avser brist p\u00e5 sk\u00f6ldk\u00f6rtelhormon. L\u00e5ga halter av sk\u00f6ldk\u00f6rtelhormon medf\u00f6r att kroppen arbetar l\u00e5ngsammare \u00e4n vanligt.\" \/>\n<meta property=\"og:url\" content=\"https:\/\/wisemind.se\/kvinna\/hypotyreos\/\" \/>\n<meta property=\"og:site_name\" content=\"WiseMind Kvinnoh\u00e4lsa\" \/>\n<meta property=\"article:modified_time\" content=\"2026-03-31T17:26:39+00:00\" \/>\n<meta name=\"twitter:card\" content=\"summary_large_image\" \/>\n<meta name=\"twitter:label1\" content=\"Ber\u00e4knad l\u00e4stid\" \/>\n\t<meta name=\"twitter:data1\" content=\"2 minuter\" \/>\n<script type=\"application\/ld+json\" class=\"yoast-schema-graph\">{\"@context\":\"https:\\\/\\\/schema.org\",\"@graph\":[{\"@type\":\"WebPage\",\"@id\":\"https:\\\/\\\/wisemind.se\\\/kvinna\\\/hypotyreos\\\/\",\"url\":\"https:\\\/\\\/wisemind.se\\\/kvinna\\\/hypotyreos\\\/\",\"name\":\"Hypotyreos - WiseMind Kvinnoh\u00e4lsa\",\"isPartOf\":{\"@id\":\"https:\\\/\\\/wisemind.se\\\/kvinna\\\/#website\"},\"datePublished\":\"2021-04-22T05:33:21+00:00\",\"dateModified\":\"2026-03-31T17:26:39+00:00\",\"description\":\"Hypotyreos avser brist p\u00e5 sk\u00f6ldk\u00f6rtelhormon. L\u00e5ga halter av sk\u00f6ldk\u00f6rtelhormon medf\u00f6r att kroppen arbetar l\u00e5ngsammare \u00e4n vanligt.\",\"breadcrumb\":{\"@id\":\"https:\\\/\\\/wisemind.se\\\/kvinna\\\/hypotyreos\\\/#breadcrumb\"},\"inLanguage\":\"sv-SE\",\"potentialAction\":[{\"@type\":\"ReadAction\",\"target\":[\"https:\\\/\\\/wisemind.se\\\/kvinna\\\/hypotyreos\\\/\"]}]},{\"@type\":\"BreadcrumbList\",\"@id\":\"https:\\\/\\\/wisemind.se\\\/kvinna\\\/hypotyreos\\\/#breadcrumb\",\"itemListElement\":[{\"@type\":\"ListItem\",\"position\":1,\"name\":\"Hem\",\"item\":\"https:\\\/\\\/wisemind.se\\\/kvinna\\\/\"},{\"@type\":\"ListItem\",\"position\":2,\"name\":\"Hypotyreos\"}]},{\"@type\":\"WebSite\",\"@id\":\"https:\\\/\\\/wisemind.se\\\/kvinna\\\/#website\",\"url\":\"https:\\\/\\\/wisemind.se\\\/kvinna\\\/\",\"name\":\"WiseMind Kvinnoh\u00e4lsa\",\"description\":\"Psykologiskt Kunskapscenter\",\"publisher\":{\"@id\":\"https:\\\/\\\/wisemind.se\\\/kvinna\\\/#organization\"},\"potentialAction\":[{\"@type\":\"SearchAction\",\"target\":{\"@type\":\"EntryPoint\",\"urlTemplate\":\"https:\\\/\\\/wisemind.se\\\/kvinna\\\/?s={search_term_string}\"},\"query-input\":{\"@type\":\"PropertyValueSpecification\",\"valueRequired\":true,\"valueName\":\"search_term_string\"}}],\"inLanguage\":\"sv-SE\"},{\"@type\":\"Organization\",\"@id\":\"https:\\\/\\\/wisemind.se\\\/kvinna\\\/#organization\",\"name\":\"Utveckling och Balans\",\"url\":\"https:\\\/\\\/wisemind.se\\\/kvinna\\\/\",\"logo\":{\"@type\":\"ImageObject\",\"inLanguage\":\"sv-SE\",\"@id\":\"https:\\\/\\\/wisemind.se\\\/kvinna\\\/#\\\/schema\\\/logo\\\/image\\\/\",\"url\":\"https:\\\/\\\/wisemind.se\\\/kvinna\\\/wp-content\\\/uploads\\\/uob-logga-150.png\",\"contentUrl\":\"https:\\\/\\\/wisemind.se\\\/kvinna\\\/wp-content\\\/uploads\\\/uob-logga-150.png\",\"width\":150,\"height\":62,\"caption\":\"Utveckling och Balans\"},\"image\":{\"@id\":\"https:\\\/\\\/wisemind.se\\\/kvinna\\\/#\\\/schema\\\/logo\\\/image\\\/\"}}]}<\/script>\n<!-- \/ Yoast SEO plugin. -->","yoast_head_json":{"title":"Hypotyreos - WiseMind Kvinnoh\u00e4lsa","description":"Hypotyreos avser brist p\u00e5 sk\u00f6ldk\u00f6rtelhormon. L\u00e5ga halter av sk\u00f6ldk\u00f6rtelhormon medf\u00f6r att kroppen arbetar l\u00e5ngsammare \u00e4n vanligt.","robots":{"index":"index","follow":"follow","max-snippet":"max-snippet:-1","max-image-preview":"max-image-preview:large","max-video-preview":"max-video-preview:-1"},"canonical":"https:\/\/wisemind.se\/kvinna\/hypotyreos\/","og_locale":"sv_SE","og_type":"article","og_title":"Hypotyreos - WiseMind Kvinnoh\u00e4lsa","og_description":"Hypotyreos avser brist p\u00e5 sk\u00f6ldk\u00f6rtelhormon. L\u00e5ga halter av sk\u00f6ldk\u00f6rtelhormon medf\u00f6r att kroppen arbetar l\u00e5ngsammare \u00e4n vanligt.","og_url":"https:\/\/wisemind.se\/kvinna\/hypotyreos\/","og_site_name":"WiseMind Kvinnoh\u00e4lsa","article_modified_time":"2026-03-31T17:26:39+00:00","twitter_card":"summary_large_image","twitter_misc":{"Ber\u00e4knad l\u00e4stid":"2 minuter"},"schema":{"@context":"https:\/\/schema.org","@graph":[{"@type":"WebPage","@id":"https:\/\/wisemind.se\/kvinna\/hypotyreos\/","url":"https:\/\/wisemind.se\/kvinna\/hypotyreos\/","name":"Hypotyreos - WiseMind Kvinnoh\u00e4lsa","isPartOf":{"@id":"https:\/\/wisemind.se\/kvinna\/#website"},"datePublished":"2021-04-22T05:33:21+00:00","dateModified":"2026-03-31T17:26:39+00:00","description":"Hypotyreos avser brist p\u00e5 sk\u00f6ldk\u00f6rtelhormon. L\u00e5ga halter av sk\u00f6ldk\u00f6rtelhormon medf\u00f6r att kroppen arbetar l\u00e5ngsammare \u00e4n vanligt.","breadcrumb":{"@id":"https:\/\/wisemind.se\/kvinna\/hypotyreos\/#breadcrumb"},"inLanguage":"sv-SE","potentialAction":[{"@type":"ReadAction","target":["https:\/\/wisemind.se\/kvinna\/hypotyreos\/"]}]},{"@type":"BreadcrumbList","@id":"https:\/\/wisemind.se\/kvinna\/hypotyreos\/#breadcrumb","itemListElement":[{"@type":"ListItem","position":1,"name":"Hem","item":"https:\/\/wisemind.se\/kvinna\/"},{"@type":"ListItem","position":2,"name":"Hypotyreos"}]},{"@type":"WebSite","@id":"https:\/\/wisemind.se\/kvinna\/#website","url":"https:\/\/wisemind.se\/kvinna\/","name":"WiseMind Kvinnoh\u00e4lsa","description":"Psykologiskt Kunskapscenter","publisher":{"@id":"https:\/\/wisemind.se\/kvinna\/#organization"},"potentialAction":[{"@type":"SearchAction","target":{"@type":"EntryPoint","urlTemplate":"https:\/\/wisemind.se\/kvinna\/?s={search_term_string}"},"query-input":{"@type":"PropertyValueSpecification","valueRequired":true,"valueName":"search_term_string"}}],"inLanguage":"sv-SE"},{"@type":"Organization","@id":"https:\/\/wisemind.se\/kvinna\/#organization","name":"Utveckling och Balans","url":"https:\/\/wisemind.se\/kvinna\/","logo":{"@type":"ImageObject","inLanguage":"sv-SE","@id":"https:\/\/wisemind.se\/kvinna\/#\/schema\/logo\/image\/","url":"https:\/\/wisemind.se\/kvinna\/wp-content\/uploads\/uob-logga-150.png","contentUrl":"https:\/\/wisemind.se\/kvinna\/wp-content\/uploads\/uob-logga-150.png","width":150,"height":62,"caption":"Utveckling och Balans"},"image":{"@id":"https:\/\/wisemind.se\/kvinna\/#\/schema\/logo\/image\/"}}]}},"_links":{"self":[{"href":"https:\/\/wisemind.se\/kvinna\/wp-json\/wp\/v2\/pages\/7116","targetHints":{"allow":["GET"]}}],"collection":[{"href":"https:\/\/wisemind.se\/kvinna\/wp-json\/wp\/v2\/pages"}],"about":[{"href":"https:\/\/wisemind.se\/kvinna\/wp-json\/wp\/v2\/types\/page"}],"author":[{"embeddable":true,"href":"https:\/\/wisemind.se\/kvinna\/wp-json\/wp\/v2\/users\/2"}],"replies":[{"embeddable":true,"href":"https:\/\/wisemind.se\/kvinna\/wp-json\/wp\/v2\/comments?post=7116"}],"version-history":[{"count":3,"href":"https:\/\/wisemind.se\/kvinna\/wp-json\/wp\/v2\/pages\/7116\/revisions"}],"predecessor-version":[{"id":12232,"href":"https:\/\/wisemind.se\/kvinna\/wp-json\/wp\/v2\/pages\/7116\/revisions\/12232"}],"wp:attachment":[{"href":"https:\/\/wisemind.se\/kvinna\/wp-json\/wp\/v2\/media?parent=7116"}],"curies":[{"name":"wp","href":"https:\/\/api.w.org\/{rel}","templated":true}]}}