{"id":7111,"date":"2021-04-22T06:32:19","date_gmt":"2021-04-22T05:32:19","guid":{"rendered":"https:\/\/wisemind.se\/kvinna\/?page_id=7111"},"modified":"2026-03-31T18:24:44","modified_gmt":"2026-03-31T17:24:44","slug":"hypertyreos","status":"publish","type":"page","link":"https:\/\/wisemind.se\/kvinna\/hypertyreos\/","title":{"rendered":"Hypertyreos"},"content":{"rendered":"\t\t<div data-elementor-type=\"wp-page\" data-elementor-id=\"7111\" class=\"elementor elementor-7111\" data-elementor-post-type=\"page\">\n\t\t\t\t\t\t<section class=\"elementor-section elementor-top-section elementor-element elementor-element-2f0c86bd elementor-section-boxed elementor-section-height-default elementor-section-height-default\" data-id=\"2f0c86bd\" data-element_type=\"section\" data-e-type=\"section\">\n\t\t\t\t\t\t<div class=\"elementor-container elementor-column-gap-default\">\n\t\t\t\t\t<div class=\"elementor-column elementor-col-100 elementor-top-column elementor-element elementor-element-393055b8\" data-id=\"393055b8\" data-element_type=\"column\" data-e-type=\"column\">\n\t\t\t<div class=\"elementor-widget-wrap elementor-element-populated\">\n\t\t\t\t\t\t<div class=\"elementor-element elementor-element-48dbe18a elementor-widget elementor-widget-heading\" data-id=\"48dbe18a\" data-element_type=\"widget\" data-e-type=\"widget\" data-widget_type=\"heading.default\">\n\t\t\t\t<div class=\"elementor-widget-container\">\n\t\t\t\t\t<h1 class=\"elementor-heading-title elementor-size-default\">Hypertyreos<\/h1>\t\t\t\t<\/div>\n\t\t\t\t<\/div>\n\t\t\t\t<div class=\"elementor-element elementor-element-4dc3be59 elementor-widget elementor-widget-text-editor\" data-id=\"4dc3be59\" data-element_type=\"widget\" data-e-type=\"widget\" data-widget_type=\"text-editor.default\">\n\t\t\t\t<div class=\"elementor-widget-container\">\n\t\t\t\t\t\t\t\t\t<h2>Vad \u00e4r hypertyreos?<\/h2><p>Hypertyreos inneb\u00e4r att sk\u00f6ldk\u00f6rteln bildar och sl\u00e4pper ut \u00f6kade m\u00e4ngder sk\u00f6ldk\u00f6rtelhormon, vilket leder till syndromet tyrotoxikos som inneb\u00e4r att f\u00f6r mycket av dessa hormon cirkulerar i kroppen. En \u00f6kad m\u00e4ngd sk\u00f6ldk\u00f6rtelhormon i kroppen p\u00e5verkar \u00e4mnesoms\u00e4ttningen. Kroppen jobbar h\u00e5rdare \u00e4n vanligt och beh\u00f6ver ocks\u00e5 mer energi.<\/p><p>Hypertyreos f\u00f6rekommer oftare hos kvinnor \u00e4n m\u00e4n. Risken att f\u00e5 sjukdomen \u00f6kar med \u00e5ldern. \u00c4ven tiden under och efter en graviditet kan \u00f6ka risken att sk\u00f6ldk\u00f6rtelns hormonproduktion hamnar i obalans.\u00a0\u00a0<\/p><h3>Orsaker till hypertyreos<\/h3><p>Den vanligaste orsaken till hypertyreos \u00e4r Graves sjukdom, som g\u00f6r att kroppen tillverkar antikroppar mot sk\u00f6ldk\u00f6rteln och stimulerar k\u00f6rteln att producera ytterligare m\u00e4ngder hormon. Andra orsaker \u00e4r toxisk multinodul\u00e4r struma (toxisk kn\u00f6lstruma) och toxisk solid\u00e4rt adenom, d\u00e5 sk\u00f6ldk\u00f6rteln blivit f\u00f6rstorad genom att det bildats en eller flera kn\u00f6lar som producerar mer hormon.\u00a0<\/p><h3>Vanliga symtom<\/h3><p>Symtomen som framkommer vid \u00f6kade m\u00e4ngder sk\u00f6ldk\u00f6rtelhormon i kroppen \u00e4r m\u00e5nga och varierar:\u00a0<\/p><ul><li>Viktnedg\u00e5ng, trots \u00f6kad aptit\u00a0<\/li><li>Svettningar, l\u00e4ttare k\u00e4nna sig varm\u00a0<\/li><li>Darrningar\u00a0<\/li><li>Nervositet\u00a0<\/li><li>\u00c5ngest\u00a0<\/li><li>Tr\u00f6tthet\u00a0<\/li><li>Svaghet\u00a0<\/li><li>Orolig s\u00f6mn\u00a0<\/li><li>Sv\u00e5rt att koncentrera sig\u00a0<\/li><li>Hj\u00e4rtklappningar\u00a0<\/li><li>Andn\u00f6d\u00a0<\/li><li>L\u00f6sare avf\u00f6ring\u00a0<\/li><li>Illam\u00e5ende och kr\u00e4kningar\u00a0<\/li><li>Oregelbunden menscykel\u00a0<\/li><\/ul><p>\u00c4ldre personer har ofta f\u00e4rre och mildare symtom \u00e4n yngre, men l\u00f6per st\u00f6rre risk f\u00f6r att f\u00e5 hj\u00e4rt- och k\u00e4rlproblem.\u00a0<\/p><h3>Behandling av hypertyreos<\/h3><p>Behandling av hypertyreos sker dels genom att f\u00f6rs\u00f6ka minska symtomen och dels genom att behandla orsaken till sjukdomen. Medicinsk utredning och behandling \u00e4r avg\u00f6rande f\u00f6r att behandla orsaken och b\u00f6r g\u00f6ras s\u00e5 snart som m\u00f6jligt vid misstanke om hypertyreos.<\/p><p>Vid behandling av symtomen orsakade av hypertyreos kan st\u00f6djande samtal och psykologisk behandling f\u00f6r psykiska besv\u00e4r vara ett viktigt komplement. Ibland \u00e4r det sv\u00e5rt att veta vad som beror p\u00e5 obalans g\u00e4llande sk\u00f6ldk\u00f6rtelhormonet i kroppen och vad av alla symtom relaterade till energiniv\u00e5 och psykisk h\u00e4lsa som kan bero p\u00e5 andra orsaker. H\u00e4r kan det vara hj\u00e4lpsamt att ha en psykolog att diskutera och kartl\u00e4gga symtomen med. \u00c4ven under v\u00e4gen tillbaka till balans och v\u00e4lm\u00e5ende efter en period av hypertyreos kan psykologiskt st\u00f6d vara hj\u00e4lpsamt.<\/p><p>Vi p\u00e5 WiseMind arbetar med psykologiskt st\u00f6d vid hypertyreos. <a href=\"https:\/\/wisemind.se\/kvinna\/kontakt\/\">Kontakta oss<\/a> f\u00f6r ett r\u00e5dgivande samtal.\u00a0<\/p>\t\t\t\t\t\t\t\t<\/div>\n\t\t\t\t<\/div>\n\t\t\t\t\t<\/div>\n\t\t<\/div>\n\t\t\t\t\t<\/div>\n\t\t<\/section>\n\t\t\t\t<section class=\"elementor-section elementor-top-section elementor-element elementor-element-37d387f4 elementor-section-full_width elementor-section-height-default elementor-section-height-default\" data-id=\"37d387f4\" data-element_type=\"section\" data-e-type=\"section\">\n\t\t\t\t\t\t<div class=\"elementor-container elementor-column-gap-default\">\n\t\t\t\t\t<div class=\"elementor-column elementor-col-100 elementor-top-column elementor-element elementor-element-3422cfc5\" data-id=\"3422cfc5\" data-element_type=\"column\" data-e-type=\"column\" data-settings=\"{&quot;background_background&quot;:&quot;classic&quot;}\">\n\t\t\t<div class=\"elementor-widget-wrap elementor-element-populated\">\n\t\t\t\t\t\t<section class=\"elementor-section elementor-inner-section elementor-element elementor-element-74364f9f elementor-section-boxed elementor-section-height-default elementor-section-height-default\" data-id=\"74364f9f\" data-element_type=\"section\" data-e-type=\"section\" data-settings=\"{&quot;background_background&quot;:&quot;classic&quot;}\">\n\t\t\t\t\t\t<div class=\"elementor-container elementor-column-gap-default\">\n\t\t\t\t\t<div class=\"elementor-column elementor-col-33 elementor-inner-column elementor-element elementor-element-a82488b\" data-id=\"a82488b\" data-element_type=\"column\" data-e-type=\"column\">\n\t\t\t<div class=\"elementor-widget-wrap elementor-element-populated\">\n\t\t\t\t\t\t<div class=\"elementor-element elementor-element-381db329 elementor-align-justify elementor-mobile-align-justify elementor-widget elementor-widget-global elementor-global-2060 elementor-widget-button\" data-id=\"381db329\" data-element_type=\"widget\" data-e-type=\"widget\" data-widget_type=\"button.default\">\n\t\t\t\t<div class=\"elementor-widget-container\">\n\t\t\t\t\t\t\t\t\t<div class=\"elementor-button-wrapper\">\n\t\t\t\t\t<a class=\"elementor-button elementor-button-link elementor-size-sm\" href=\"\/kvinna\/bokning-och-priser\" id=\"info-kv-global\">\n\t\t\t\t\t\t<span class=\"elementor-button-content-wrapper\">\n\t\t\t\t\t\t\t\t\t<span class=\"elementor-button-text\">Prislista<\/span>\n\t\t\t\t\t<\/span>\n\t\t\t\t\t<\/a>\n\t\t\t\t<\/div>\n\t\t\t\t\t\t\t\t<\/div>\n\t\t\t\t<\/div>\n\t\t\t\t\t<\/div>\n\t\t<\/div>\n\t\t\t\t<div class=\"elementor-column elementor-col-33 elementor-inner-column elementor-element elementor-element-35d99b33\" data-id=\"35d99b33\" data-element_type=\"column\" data-e-type=\"column\">\n\t\t\t<div class=\"elementor-widget-wrap elementor-element-populated\">\n\t\t\t\t\t\t<div class=\"elementor-element elementor-element-1086f61b elementor-align-justify elementor-mobile-align-justify elementor-widget elementor-widget-global elementor-global-10608 elementor-widget-button\" data-id=\"1086f61b\" data-element_type=\"widget\" data-e-type=\"widget\" data-widget_type=\"button.default\">\n\t\t\t\t<div class=\"elementor-widget-container\">\n\t\t\t\t\t\t\t\t\t<div class=\"elementor-button-wrapper\">\n\t\t\t\t\t<a class=\"elementor-button elementor-button-link elementor-size-sm\" href=\"https:\/\/psykologiteamet.kaddio.com\/booking\/cal\/\" id=\"Boka-kv-global\">\n\t\t\t\t\t\t<span class=\"elementor-button-content-wrapper\">\n\t\t\t\t\t\t\t\t\t<span class=\"elementor-button-text\">Boka tid<\/span>\n\t\t\t\t\t<\/span>\n\t\t\t\t\t<\/a>\n\t\t\t\t<\/div>\n\t\t\t\t\t\t\t\t<\/div>\n\t\t\t\t<\/div>\n\t\t\t\t\t<\/div>\n\t\t<\/div>\n\t\t\t\t<div class=\"elementor-column elementor-col-33 elementor-inner-column elementor-element elementor-element-c482b72\" data-id=\"c482b72\" data-element_type=\"column\" data-e-type=\"column\">\n\t\t\t<div class=\"elementor-widget-wrap elementor-element-populated\">\n\t\t\t\t\t\t<div class=\"elementor-element elementor-element-22722e44 elementor-align-justify elementor-mobile-align-justify elementor-widget elementor-widget-global elementor-global-1978 elementor-widget-button\" data-id=\"22722e44\" data-element_type=\"widget\" data-e-type=\"widget\" data-widget_type=\"button.default\">\n\t\t\t\t<div class=\"elementor-widget-container\">\n\t\t\t\t\t\t\t\t\t<div class=\"elementor-button-wrapper\">\n\t\t\t\t\t<a class=\"elementor-button elementor-button-link elementor-size-sm\" href=\"https:\/\/psykologiteamet.kaddio.com\/contact-us\" id=\"kontakt-kv-global\">\n\t\t\t\t\t\t<span class=\"elementor-button-content-wrapper\">\n\t\t\t\t\t\t\t\t\t<span class=\"elementor-button-text\">Kontakta oss<\/span>\n\t\t\t\t\t<\/span>\n\t\t\t\t\t<\/a>\n\t\t\t\t<\/div>\n\t\t\t\t\t\t\t\t<\/div>\n\t\t\t\t<\/div>\n\t\t\t\t\t<\/div>\n\t\t<\/div>\n\t\t\t\t\t<\/div>\n\t\t<\/section>\n\t\t\t\t\t<\/div>\n\t\t<\/div>\n\t\t\t\t\t<\/div>\n\t\t<\/section>\n\t\t\t\t<\/div>\n\t\t","protected":false},"excerpt":{"rendered":"<p>Hypertyreos Vad \u00e4r hypertyreos? Hypertyreos inneb\u00e4r att sk\u00f6ldk\u00f6rteln bildar och sl\u00e4pper ut \u00f6kade m\u00e4ngder sk\u00f6ldk\u00f6rtelhormon, vilket leder till syndromet tyrotoxikos som inneb\u00e4r att f\u00f6r mycket av dessa hormon cirkulerar i kroppen. En \u00f6kad m\u00e4ngd sk\u00f6ldk\u00f6rtelhormon i kroppen p\u00e5verkar \u00e4mnesoms\u00e4ttningen. Kroppen jobbar h\u00e5rdare \u00e4n vanligt och beh\u00f6ver ocks\u00e5 mer energi. Hypertyreos f\u00f6rekommer oftare hos kvinnor \u00e4n [&hellip;]<\/p>\n","protected":false},"author":2,"featured_media":0,"parent":0,"menu_order":0,"comment_status":"closed","ping_status":"closed","template":"","meta":{"_monsterinsights_skip_tracking":false,"_monsterinsights_sitenote_active":false,"_monsterinsights_sitenote_note":"","_monsterinsights_sitenote_category":0,"footnotes":""},"class_list":["post-7111","page","type-page","status-publish","hentry"],"yoast_head":"<!-- This site is optimized with the Yoast SEO plugin v27.4 - https:\/\/yoast.com\/product\/yoast-seo-wordpress\/ -->\n<title>Hypertyreos - WiseMind Kvinnoh\u00e4lsa<\/title>\n<meta name=\"description\" content=\"En \u00f6kad m\u00e4ngd sk\u00f6ldk\u00f6rtelhormon i kroppen p\u00e5verkar \u00e4mnesoms\u00e4ttningen. Kroppen arbetar h\u00e5rdare \u00e4n vanligt och beh\u00f6ver mer energi.\" \/>\n<meta name=\"robots\" content=\"index, follow, max-snippet:-1, max-image-preview:large, max-video-preview:-1\" \/>\n<link rel=\"canonical\" href=\"https:\/\/wisemind.se\/kvinna\/hypertyreos\/\" \/>\n<meta property=\"og:locale\" content=\"sv_SE\" \/>\n<meta property=\"og:type\" content=\"article\" \/>\n<meta property=\"og:title\" content=\"Hypertyreos - WiseMind Kvinnoh\u00e4lsa\" \/>\n<meta property=\"og:description\" content=\"En \u00f6kad m\u00e4ngd sk\u00f6ldk\u00f6rtelhormon i kroppen p\u00e5verkar \u00e4mnesoms\u00e4ttningen. Kroppen arbetar h\u00e5rdare \u00e4n vanligt och beh\u00f6ver mer energi.\" \/>\n<meta property=\"og:url\" content=\"https:\/\/wisemind.se\/kvinna\/hypertyreos\/\" \/>\n<meta property=\"og:site_name\" content=\"WiseMind Kvinnoh\u00e4lsa\" \/>\n<meta property=\"article:modified_time\" content=\"2026-03-31T17:24:44+00:00\" \/>\n<meta name=\"twitter:card\" content=\"summary_large_image\" \/>\n<meta name=\"twitter:label1\" content=\"Ber\u00e4knad l\u00e4stid\" \/>\n\t<meta name=\"twitter:data1\" content=\"2 minuter\" \/>\n<script type=\"application\/ld+json\" class=\"yoast-schema-graph\">{\"@context\":\"https:\\\/\\\/schema.org\",\"@graph\":[{\"@type\":\"WebPage\",\"@id\":\"https:\\\/\\\/wisemind.se\\\/kvinna\\\/hypertyreos\\\/\",\"url\":\"https:\\\/\\\/wisemind.se\\\/kvinna\\\/hypertyreos\\\/\",\"name\":\"Hypertyreos - WiseMind Kvinnoh\u00e4lsa\",\"isPartOf\":{\"@id\":\"https:\\\/\\\/wisemind.se\\\/kvinna\\\/#website\"},\"datePublished\":\"2021-04-22T05:32:19+00:00\",\"dateModified\":\"2026-03-31T17:24:44+00:00\",\"description\":\"En \u00f6kad m\u00e4ngd sk\u00f6ldk\u00f6rtelhormon i kroppen p\u00e5verkar \u00e4mnesoms\u00e4ttningen. Kroppen arbetar h\u00e5rdare \u00e4n vanligt och beh\u00f6ver mer energi.\",\"breadcrumb\":{\"@id\":\"https:\\\/\\\/wisemind.se\\\/kvinna\\\/hypertyreos\\\/#breadcrumb\"},\"inLanguage\":\"sv-SE\",\"potentialAction\":[{\"@type\":\"ReadAction\",\"target\":[\"https:\\\/\\\/wisemind.se\\\/kvinna\\\/hypertyreos\\\/\"]}]},{\"@type\":\"BreadcrumbList\",\"@id\":\"https:\\\/\\\/wisemind.se\\\/kvinna\\\/hypertyreos\\\/#breadcrumb\",\"itemListElement\":[{\"@type\":\"ListItem\",\"position\":1,\"name\":\"Hem\",\"item\":\"https:\\\/\\\/wisemind.se\\\/kvinna\\\/\"},{\"@type\":\"ListItem\",\"position\":2,\"name\":\"Hypertyreos\"}]},{\"@type\":\"WebSite\",\"@id\":\"https:\\\/\\\/wisemind.se\\\/kvinna\\\/#website\",\"url\":\"https:\\\/\\\/wisemind.se\\\/kvinna\\\/\",\"name\":\"WiseMind Kvinnoh\u00e4lsa\",\"description\":\"Psykologiskt Kunskapscenter\",\"publisher\":{\"@id\":\"https:\\\/\\\/wisemind.se\\\/kvinna\\\/#organization\"},\"potentialAction\":[{\"@type\":\"SearchAction\",\"target\":{\"@type\":\"EntryPoint\",\"urlTemplate\":\"https:\\\/\\\/wisemind.se\\\/kvinna\\\/?s={search_term_string}\"},\"query-input\":{\"@type\":\"PropertyValueSpecification\",\"valueRequired\":true,\"valueName\":\"search_term_string\"}}],\"inLanguage\":\"sv-SE\"},{\"@type\":\"Organization\",\"@id\":\"https:\\\/\\\/wisemind.se\\\/kvinna\\\/#organization\",\"name\":\"Utveckling och Balans\",\"url\":\"https:\\\/\\\/wisemind.se\\\/kvinna\\\/\",\"logo\":{\"@type\":\"ImageObject\",\"inLanguage\":\"sv-SE\",\"@id\":\"https:\\\/\\\/wisemind.se\\\/kvinna\\\/#\\\/schema\\\/logo\\\/image\\\/\",\"url\":\"https:\\\/\\\/wisemind.se\\\/kvinna\\\/wp-content\\\/uploads\\\/uob-logga-150.png\",\"contentUrl\":\"https:\\\/\\\/wisemind.se\\\/kvinna\\\/wp-content\\\/uploads\\\/uob-logga-150.png\",\"width\":150,\"height\":62,\"caption\":\"Utveckling och Balans\"},\"image\":{\"@id\":\"https:\\\/\\\/wisemind.se\\\/kvinna\\\/#\\\/schema\\\/logo\\\/image\\\/\"}}]}<\/script>\n<!-- \/ Yoast SEO plugin. -->","yoast_head_json":{"title":"Hypertyreos - WiseMind Kvinnoh\u00e4lsa","description":"En \u00f6kad m\u00e4ngd sk\u00f6ldk\u00f6rtelhormon i kroppen p\u00e5verkar \u00e4mnesoms\u00e4ttningen. Kroppen arbetar h\u00e5rdare \u00e4n vanligt och beh\u00f6ver mer energi.","robots":{"index":"index","follow":"follow","max-snippet":"max-snippet:-1","max-image-preview":"max-image-preview:large","max-video-preview":"max-video-preview:-1"},"canonical":"https:\/\/wisemind.se\/kvinna\/hypertyreos\/","og_locale":"sv_SE","og_type":"article","og_title":"Hypertyreos - WiseMind Kvinnoh\u00e4lsa","og_description":"En \u00f6kad m\u00e4ngd sk\u00f6ldk\u00f6rtelhormon i kroppen p\u00e5verkar \u00e4mnesoms\u00e4ttningen. Kroppen arbetar h\u00e5rdare \u00e4n vanligt och beh\u00f6ver mer energi.","og_url":"https:\/\/wisemind.se\/kvinna\/hypertyreos\/","og_site_name":"WiseMind Kvinnoh\u00e4lsa","article_modified_time":"2026-03-31T17:24:44+00:00","twitter_card":"summary_large_image","twitter_misc":{"Ber\u00e4knad l\u00e4stid":"2 minuter"},"schema":{"@context":"https:\/\/schema.org","@graph":[{"@type":"WebPage","@id":"https:\/\/wisemind.se\/kvinna\/hypertyreos\/","url":"https:\/\/wisemind.se\/kvinna\/hypertyreos\/","name":"Hypertyreos - WiseMind Kvinnoh\u00e4lsa","isPartOf":{"@id":"https:\/\/wisemind.se\/kvinna\/#website"},"datePublished":"2021-04-22T05:32:19+00:00","dateModified":"2026-03-31T17:24:44+00:00","description":"En \u00f6kad m\u00e4ngd sk\u00f6ldk\u00f6rtelhormon i kroppen p\u00e5verkar \u00e4mnesoms\u00e4ttningen. Kroppen arbetar h\u00e5rdare \u00e4n vanligt och beh\u00f6ver mer energi.","breadcrumb":{"@id":"https:\/\/wisemind.se\/kvinna\/hypertyreos\/#breadcrumb"},"inLanguage":"sv-SE","potentialAction":[{"@type":"ReadAction","target":["https:\/\/wisemind.se\/kvinna\/hypertyreos\/"]}]},{"@type":"BreadcrumbList","@id":"https:\/\/wisemind.se\/kvinna\/hypertyreos\/#breadcrumb","itemListElement":[{"@type":"ListItem","position":1,"name":"Hem","item":"https:\/\/wisemind.se\/kvinna\/"},{"@type":"ListItem","position":2,"name":"Hypertyreos"}]},{"@type":"WebSite","@id":"https:\/\/wisemind.se\/kvinna\/#website","url":"https:\/\/wisemind.se\/kvinna\/","name":"WiseMind Kvinnoh\u00e4lsa","description":"Psykologiskt Kunskapscenter","publisher":{"@id":"https:\/\/wisemind.se\/kvinna\/#organization"},"potentialAction":[{"@type":"SearchAction","target":{"@type":"EntryPoint","urlTemplate":"https:\/\/wisemind.se\/kvinna\/?s={search_term_string}"},"query-input":{"@type":"PropertyValueSpecification","valueRequired":true,"valueName":"search_term_string"}}],"inLanguage":"sv-SE"},{"@type":"Organization","@id":"https:\/\/wisemind.se\/kvinna\/#organization","name":"Utveckling och Balans","url":"https:\/\/wisemind.se\/kvinna\/","logo":{"@type":"ImageObject","inLanguage":"sv-SE","@id":"https:\/\/wisemind.se\/kvinna\/#\/schema\/logo\/image\/","url":"https:\/\/wisemind.se\/kvinna\/wp-content\/uploads\/uob-logga-150.png","contentUrl":"https:\/\/wisemind.se\/kvinna\/wp-content\/uploads\/uob-logga-150.png","width":150,"height":62,"caption":"Utveckling och Balans"},"image":{"@id":"https:\/\/wisemind.se\/kvinna\/#\/schema\/logo\/image\/"}}]}},"_links":{"self":[{"href":"https:\/\/wisemind.se\/kvinna\/wp-json\/wp\/v2\/pages\/7111","targetHints":{"allow":["GET"]}}],"collection":[{"href":"https:\/\/wisemind.se\/kvinna\/wp-json\/wp\/v2\/pages"}],"about":[{"href":"https:\/\/wisemind.se\/kvinna\/wp-json\/wp\/v2\/types\/page"}],"author":[{"embeddable":true,"href":"https:\/\/wisemind.se\/kvinna\/wp-json\/wp\/v2\/users\/2"}],"replies":[{"embeddable":true,"href":"https:\/\/wisemind.se\/kvinna\/wp-json\/wp\/v2\/comments?post=7111"}],"version-history":[{"count":3,"href":"https:\/\/wisemind.se\/kvinna\/wp-json\/wp\/v2\/pages\/7111\/revisions"}],"predecessor-version":[{"id":12229,"href":"https:\/\/wisemind.se\/kvinna\/wp-json\/wp\/v2\/pages\/7111\/revisions\/12229"}],"wp:attachment":[{"href":"https:\/\/wisemind.se\/kvinna\/wp-json\/wp\/v2\/media?parent=7111"}],"curies":[{"name":"wp","href":"https:\/\/api.w.org\/{rel}","templated":true}]}}