{"id":7097,"date":"2021-04-22T06:17:13","date_gmt":"2021-04-22T05:17:13","guid":{"rendered":"https:\/\/wisemind.se\/kvinna\/?page_id=7097"},"modified":"2026-03-31T18:20:42","modified_gmt":"2026-03-31T17:20:42","slug":"klimakteriebesvar","status":"publish","type":"page","link":"https:\/\/wisemind.se\/kvinna\/klimakteriebesvar\/","title":{"rendered":"Klimakteriebesv\u00e4r"},"content":{"rendered":"\t\t<div data-elementor-type=\"wp-page\" data-elementor-id=\"7097\" class=\"elementor elementor-7097\" data-elementor-post-type=\"page\">\n\t\t\t\t\t\t<section class=\"elementor-section elementor-top-section elementor-element elementor-element-6f6be4c7 elementor-section-boxed elementor-section-height-default elementor-section-height-default\" data-id=\"6f6be4c7\" data-element_type=\"section\" data-e-type=\"section\">\n\t\t\t\t\t\t<div class=\"elementor-container elementor-column-gap-default\">\n\t\t\t\t\t<div class=\"elementor-column elementor-col-100 elementor-top-column elementor-element elementor-element-6106c38f\" data-id=\"6106c38f\" data-element_type=\"column\" data-e-type=\"column\">\n\t\t\t<div class=\"elementor-widget-wrap elementor-element-populated\">\n\t\t\t\t\t\t<div class=\"elementor-element elementor-element-138bde98 elementor-widget elementor-widget-heading\" data-id=\"138bde98\" data-element_type=\"widget\" data-e-type=\"widget\" data-widget_type=\"heading.default\">\n\t\t\t\t<div class=\"elementor-widget-container\">\n\t\t\t\t\t<h1 class=\"elementor-heading-title elementor-size-default\">Klimakteriebesv\u00e4r<\/h1>\t\t\t\t<\/div>\n\t\t\t\t<\/div>\n\t\t\t\t<div class=\"elementor-element elementor-element-4f2f1d40 elementor-widget elementor-widget-text-editor\" data-id=\"4f2f1d40\" data-element_type=\"widget\" data-e-type=\"widget\" data-widget_type=\"text-editor.default\">\n\t\t\t\t<div class=\"elementor-widget-container\">\n\t\t\t\t\t\t\t\t\t<p>\u00d6verg\u00e5ngs\u00e5ldern \u00e4r en tid d\u00e5 kroppens hormonella niv\u00e5er f\u00f6r\u00e4ndras och vi blir v\u00e4l medvetna om hur mycket inverkan kroppens hormoner har \u00f6ver v\u00e5rt m\u00e5ende. En del m\u00e4rker knappt av f\u00f6r\u00e4ndringarna men de flesta kvinnor upplever flera olika symtom i n\u00e5gon grad under denna livsfas. Ut\u00f6ver fysiska besv\u00e4r s\u00e5 som v\u00e4rmevallningar, svettningar, torra slemhinnor och urinv\u00e4gsbesv\u00e4r s\u00e5 \u00e4r det ocks\u00e5 vanligt med f\u00f6r\u00e4ndringar g\u00e4llande hum\u00f6ret och det psykiska m\u00e5endet. V\u00e5ra psykologer kan ge behandling och st\u00f6d vid s\u00f6mnsv\u00e5righeter, nedst\u00e4mdhet, \u00e5ngest, hum\u00f6rsv\u00e4ngningar och andra psykiska problem som du upplever. Det kan vara hj\u00e4lpsamt att tillsammans med en professionell utreda om besv\u00e4ren kan orsakas av klimakteriet eller om det kan finnas andra orsaker samt f\u00e5 verktyg att minska och hantera problemen.\u00a0<\/p><p>Det \u00e4r \u00e4ven vanligt att funderingar dyker upp kring livet och existentiella fr\u00e5gor n\u00e4r man n\u00e5r \u00f6verg\u00e5ngsperioden &#8211; vad kommer nu, vad har jag framf\u00f6r mig, kommer jag vara densamma eller kommer jag och mitt liv p\u00e5 n\u00e5got vis att f\u00f6r\u00e4ndras nu? Ocks\u00e5 dessa fr\u00e5gor kan vara sk\u00f6nt att prata med n\u00e5gon om. Vi p\u00e5 WiseMind arbetar med psykologiskt st\u00f6d och utredning vid klimakteriebesv\u00e4r. <a href=\"https:\/\/wisemind.se\/kvinna\/kontakt\/\">Kontakta oss<\/a> f\u00f6r r\u00e5dgivande samtal.\u00a0<\/p>\t\t\t\t\t\t\t\t<\/div>\n\t\t\t\t<\/div>\n\t\t\t\t\t<\/div>\n\t\t<\/div>\n\t\t\t\t\t<\/div>\n\t\t<\/section>\n\t\t\t\t<section class=\"elementor-section elementor-top-section elementor-element elementor-element-7e04d5ce elementor-section-full_width elementor-section-height-default elementor-section-height-default\" data-id=\"7e04d5ce\" data-element_type=\"section\" data-e-type=\"section\">\n\t\t\t\t\t\t<div class=\"elementor-container elementor-column-gap-default\">\n\t\t\t\t\t<div class=\"elementor-column elementor-col-100 elementor-top-column elementor-element elementor-element-7a241430\" data-id=\"7a241430\" data-element_type=\"column\" data-e-type=\"column\" data-settings=\"{&quot;background_background&quot;:&quot;classic&quot;}\">\n\t\t\t<div class=\"elementor-widget-wrap elementor-element-populated\">\n\t\t\t\t\t\t<section class=\"elementor-section elementor-inner-section elementor-element elementor-element-2e650bf7 elementor-section-boxed elementor-section-height-default elementor-section-height-default\" data-id=\"2e650bf7\" data-element_type=\"section\" data-e-type=\"section\" data-settings=\"{&quot;background_background&quot;:&quot;classic&quot;}\">\n\t\t\t\t\t\t<div class=\"elementor-container elementor-column-gap-default\">\n\t\t\t\t\t<div class=\"elementor-column elementor-col-33 elementor-inner-column elementor-element elementor-element-48884225\" data-id=\"48884225\" data-element_type=\"column\" data-e-type=\"column\">\n\t\t\t<div class=\"elementor-widget-wrap elementor-element-populated\">\n\t\t\t\t\t\t<div class=\"elementor-element elementor-element-3acad1cf elementor-align-justify elementor-mobile-align-justify elementor-widget elementor-widget-global elementor-global-2060 elementor-widget-button\" data-id=\"3acad1cf\" data-element_type=\"widget\" data-e-type=\"widget\" data-widget_type=\"button.default\">\n\t\t\t\t<div class=\"elementor-widget-container\">\n\t\t\t\t\t\t\t\t\t<div class=\"elementor-button-wrapper\">\n\t\t\t\t\t<a class=\"elementor-button elementor-button-link elementor-size-sm\" href=\"\/kvinna\/bokning-och-priser\" id=\"info-kv-global\">\n\t\t\t\t\t\t<span class=\"elementor-button-content-wrapper\">\n\t\t\t\t\t\t\t\t\t<span class=\"elementor-button-text\">Prislista<\/span>\n\t\t\t\t\t<\/span>\n\t\t\t\t\t<\/a>\n\t\t\t\t<\/div>\n\t\t\t\t\t\t\t\t<\/div>\n\t\t\t\t<\/div>\n\t\t\t\t\t<\/div>\n\t\t<\/div>\n\t\t\t\t<div class=\"elementor-column elementor-col-33 elementor-inner-column elementor-element elementor-element-64b649db\" data-id=\"64b649db\" data-element_type=\"column\" data-e-type=\"column\">\n\t\t\t<div class=\"elementor-widget-wrap elementor-element-populated\">\n\t\t\t\t\t\t<div class=\"elementor-element elementor-element-3e6619d0 elementor-align-justify elementor-mobile-align-justify elementor-widget elementor-widget-global elementor-global-10608 elementor-widget-button\" data-id=\"3e6619d0\" data-element_type=\"widget\" data-e-type=\"widget\" data-widget_type=\"button.default\">\n\t\t\t\t<div class=\"elementor-widget-container\">\n\t\t\t\t\t\t\t\t\t<div class=\"elementor-button-wrapper\">\n\t\t\t\t\t<a class=\"elementor-button elementor-button-link elementor-size-sm\" href=\"https:\/\/psykologiteamet.kaddio.com\/booking\/cal\/\" id=\"Boka-kv-global\">\n\t\t\t\t\t\t<span class=\"elementor-button-content-wrapper\">\n\t\t\t\t\t\t\t\t\t<span class=\"elementor-button-text\">Boka tid<\/span>\n\t\t\t\t\t<\/span>\n\t\t\t\t\t<\/a>\n\t\t\t\t<\/div>\n\t\t\t\t\t\t\t\t<\/div>\n\t\t\t\t<\/div>\n\t\t\t\t\t<\/div>\n\t\t<\/div>\n\t\t\t\t<div class=\"elementor-column elementor-col-33 elementor-inner-column elementor-element elementor-element-1b0fa06a\" data-id=\"1b0fa06a\" data-element_type=\"column\" data-e-type=\"column\">\n\t\t\t<div class=\"elementor-widget-wrap elementor-element-populated\">\n\t\t\t\t\t\t<div class=\"elementor-element elementor-element-cd80a1 elementor-align-justify elementor-mobile-align-justify elementor-widget elementor-widget-global elementor-global-1978 elementor-widget-button\" data-id=\"cd80a1\" data-element_type=\"widget\" data-e-type=\"widget\" data-widget_type=\"button.default\">\n\t\t\t\t<div class=\"elementor-widget-container\">\n\t\t\t\t\t\t\t\t\t<div class=\"elementor-button-wrapper\">\n\t\t\t\t\t<a class=\"elementor-button elementor-button-link elementor-size-sm\" href=\"https:\/\/psykologiteamet.kaddio.com\/contact-us\" id=\"kontakt-kv-global\">\n\t\t\t\t\t\t<span class=\"elementor-button-content-wrapper\">\n\t\t\t\t\t\t\t\t\t<span class=\"elementor-button-text\">Kontakta oss<\/span>\n\t\t\t\t\t<\/span>\n\t\t\t\t\t<\/a>\n\t\t\t\t<\/div>\n\t\t\t\t\t\t\t\t<\/div>\n\t\t\t\t<\/div>\n\t\t\t\t\t<\/div>\n\t\t<\/div>\n\t\t\t\t\t<\/div>\n\t\t<\/section>\n\t\t\t\t\t<\/div>\n\t\t<\/div>\n\t\t\t\t\t<\/div>\n\t\t<\/section>\n\t\t\t\t<\/div>\n\t\t","protected":false},"excerpt":{"rendered":"<p>Klimakteriebesv\u00e4r \u00d6verg\u00e5ngs\u00e5ldern \u00e4r en tid d\u00e5 kroppens hormonella niv\u00e5er f\u00f6r\u00e4ndras och vi blir v\u00e4l medvetna om hur mycket inverkan kroppens hormoner har \u00f6ver v\u00e5rt m\u00e5ende. En del m\u00e4rker knappt av f\u00f6r\u00e4ndringarna men de flesta kvinnor upplever flera olika symtom i n\u00e5gon grad under denna livsfas. Ut\u00f6ver fysiska besv\u00e4r s\u00e5 som v\u00e4rmevallningar, svettningar, torra slemhinnor och [&hellip;]<\/p>\n","protected":false},"author":2,"featured_media":0,"parent":0,"menu_order":0,"comment_status":"closed","ping_status":"closed","template":"","meta":{"_monsterinsights_skip_tracking":false,"_monsterinsights_sitenote_active":false,"_monsterinsights_sitenote_note":"","_monsterinsights_sitenote_category":0,"footnotes":""},"class_list":["post-7097","page","type-page","status-publish","hentry"],"yoast_head":"<!-- This site is optimized with the Yoast SEO plugin v27.5 - https:\/\/yoast.com\/product\/yoast-seo-wordpress\/ -->\n<title>Klimakteriebesv\u00e4r - WiseMind Kvinnoh\u00e4lsa<\/title>\n<meta name=\"description\" content=\"St\u00f6d f\u00f6r kvinnor vid s\u00f6mnsv\u00e5righeter, nedst\u00e4mdhet, \u00e5ngest, hum\u00f6rsv\u00e4ngningar och andra psykiska problem i klimakteriet.\" \/>\n<meta name=\"robots\" content=\"index, follow, max-snippet:-1, max-image-preview:large, max-video-preview:-1\" \/>\n<link rel=\"canonical\" href=\"https:\/\/wisemind.se\/kvinna\/klimakteriebesvar\/\" \/>\n<meta property=\"og:locale\" content=\"sv_SE\" \/>\n<meta property=\"og:type\" content=\"article\" \/>\n<meta property=\"og:title\" content=\"Klimakteriebesv\u00e4r - WiseMind Kvinnoh\u00e4lsa\" \/>\n<meta property=\"og:description\" content=\"St\u00f6d f\u00f6r kvinnor vid s\u00f6mnsv\u00e5righeter, nedst\u00e4mdhet, \u00e5ngest, hum\u00f6rsv\u00e4ngningar och andra psykiska problem i klimakteriet.\" \/>\n<meta property=\"og:url\" content=\"https:\/\/wisemind.se\/kvinna\/klimakteriebesvar\/\" \/>\n<meta property=\"og:site_name\" content=\"WiseMind Kvinnoh\u00e4lsa\" \/>\n<meta property=\"article:modified_time\" content=\"2026-03-31T17:20:42+00:00\" \/>\n<meta name=\"twitter:card\" content=\"summary_large_image\" \/>\n<meta name=\"twitter:label1\" content=\"Ber\u00e4knad l\u00e4stid\" \/>\n\t<meta name=\"twitter:data1\" content=\"1 minut\" \/>\n<script type=\"application\/ld+json\" class=\"yoast-schema-graph\">{\"@context\":\"https:\\\/\\\/schema.org\",\"@graph\":[{\"@type\":\"WebPage\",\"@id\":\"https:\\\/\\\/wisemind.se\\\/kvinna\\\/klimakteriebesvar\\\/\",\"url\":\"https:\\\/\\\/wisemind.se\\\/kvinna\\\/klimakteriebesvar\\\/\",\"name\":\"Klimakteriebesv\u00e4r - WiseMind Kvinnoh\u00e4lsa\",\"isPartOf\":{\"@id\":\"https:\\\/\\\/wisemind.se\\\/kvinna\\\/#website\"},\"datePublished\":\"2021-04-22T05:17:13+00:00\",\"dateModified\":\"2026-03-31T17:20:42+00:00\",\"description\":\"St\u00f6d f\u00f6r kvinnor vid s\u00f6mnsv\u00e5righeter, nedst\u00e4mdhet, \u00e5ngest, hum\u00f6rsv\u00e4ngningar och andra psykiska problem i klimakteriet.\",\"breadcrumb\":{\"@id\":\"https:\\\/\\\/wisemind.se\\\/kvinna\\\/klimakteriebesvar\\\/#breadcrumb\"},\"inLanguage\":\"sv-SE\",\"potentialAction\":[{\"@type\":\"ReadAction\",\"target\":[\"https:\\\/\\\/wisemind.se\\\/kvinna\\\/klimakteriebesvar\\\/\"]}]},{\"@type\":\"BreadcrumbList\",\"@id\":\"https:\\\/\\\/wisemind.se\\\/kvinna\\\/klimakteriebesvar\\\/#breadcrumb\",\"itemListElement\":[{\"@type\":\"ListItem\",\"position\":1,\"name\":\"Hem\",\"item\":\"https:\\\/\\\/wisemind.se\\\/kvinna\\\/\"},{\"@type\":\"ListItem\",\"position\":2,\"name\":\"Klimakteriebesv\u00e4r\"}]},{\"@type\":\"WebSite\",\"@id\":\"https:\\\/\\\/wisemind.se\\\/kvinna\\\/#website\",\"url\":\"https:\\\/\\\/wisemind.se\\\/kvinna\\\/\",\"name\":\"WiseMind Kvinnoh\u00e4lsa\",\"description\":\"Psykologiskt Kunskapscenter\",\"publisher\":{\"@id\":\"https:\\\/\\\/wisemind.se\\\/kvinna\\\/#organization\"},\"potentialAction\":[{\"@type\":\"SearchAction\",\"target\":{\"@type\":\"EntryPoint\",\"urlTemplate\":\"https:\\\/\\\/wisemind.se\\\/kvinna\\\/?s={search_term_string}\"},\"query-input\":{\"@type\":\"PropertyValueSpecification\",\"valueRequired\":true,\"valueName\":\"search_term_string\"}}],\"inLanguage\":\"sv-SE\"},{\"@type\":\"Organization\",\"@id\":\"https:\\\/\\\/wisemind.se\\\/kvinna\\\/#organization\",\"name\":\"Utveckling och Balans\",\"url\":\"https:\\\/\\\/wisemind.se\\\/kvinna\\\/\",\"logo\":{\"@type\":\"ImageObject\",\"inLanguage\":\"sv-SE\",\"@id\":\"https:\\\/\\\/wisemind.se\\\/kvinna\\\/#\\\/schema\\\/logo\\\/image\\\/\",\"url\":\"https:\\\/\\\/wisemind.se\\\/kvinna\\\/wp-content\\\/uploads\\\/uob-logga-150.png\",\"contentUrl\":\"https:\\\/\\\/wisemind.se\\\/kvinna\\\/wp-content\\\/uploads\\\/uob-logga-150.png\",\"width\":150,\"height\":62,\"caption\":\"Utveckling och Balans\"},\"image\":{\"@id\":\"https:\\\/\\\/wisemind.se\\\/kvinna\\\/#\\\/schema\\\/logo\\\/image\\\/\"}}]}<\/script>\n<!-- \/ Yoast SEO plugin. -->","yoast_head_json":{"title":"Klimakteriebesv\u00e4r - WiseMind Kvinnoh\u00e4lsa","description":"St\u00f6d f\u00f6r kvinnor vid s\u00f6mnsv\u00e5righeter, nedst\u00e4mdhet, \u00e5ngest, hum\u00f6rsv\u00e4ngningar och andra psykiska problem i klimakteriet.","robots":{"index":"index","follow":"follow","max-snippet":"max-snippet:-1","max-image-preview":"max-image-preview:large","max-video-preview":"max-video-preview:-1"},"canonical":"https:\/\/wisemind.se\/kvinna\/klimakteriebesvar\/","og_locale":"sv_SE","og_type":"article","og_title":"Klimakteriebesv\u00e4r - WiseMind Kvinnoh\u00e4lsa","og_description":"St\u00f6d f\u00f6r kvinnor vid s\u00f6mnsv\u00e5righeter, nedst\u00e4mdhet, \u00e5ngest, hum\u00f6rsv\u00e4ngningar och andra psykiska problem i klimakteriet.","og_url":"https:\/\/wisemind.se\/kvinna\/klimakteriebesvar\/","og_site_name":"WiseMind Kvinnoh\u00e4lsa","article_modified_time":"2026-03-31T17:20:42+00:00","twitter_card":"summary_large_image","twitter_misc":{"Ber\u00e4knad l\u00e4stid":"1 minut"},"schema":{"@context":"https:\/\/schema.org","@graph":[{"@type":"WebPage","@id":"https:\/\/wisemind.se\/kvinna\/klimakteriebesvar\/","url":"https:\/\/wisemind.se\/kvinna\/klimakteriebesvar\/","name":"Klimakteriebesv\u00e4r - WiseMind Kvinnoh\u00e4lsa","isPartOf":{"@id":"https:\/\/wisemind.se\/kvinna\/#website"},"datePublished":"2021-04-22T05:17:13+00:00","dateModified":"2026-03-31T17:20:42+00:00","description":"St\u00f6d f\u00f6r kvinnor vid s\u00f6mnsv\u00e5righeter, nedst\u00e4mdhet, \u00e5ngest, hum\u00f6rsv\u00e4ngningar och andra psykiska problem i klimakteriet.","breadcrumb":{"@id":"https:\/\/wisemind.se\/kvinna\/klimakteriebesvar\/#breadcrumb"},"inLanguage":"sv-SE","potentialAction":[{"@type":"ReadAction","target":["https:\/\/wisemind.se\/kvinna\/klimakteriebesvar\/"]}]},{"@type":"BreadcrumbList","@id":"https:\/\/wisemind.se\/kvinna\/klimakteriebesvar\/#breadcrumb","itemListElement":[{"@type":"ListItem","position":1,"name":"Hem","item":"https:\/\/wisemind.se\/kvinna\/"},{"@type":"ListItem","position":2,"name":"Klimakteriebesv\u00e4r"}]},{"@type":"WebSite","@id":"https:\/\/wisemind.se\/kvinna\/#website","url":"https:\/\/wisemind.se\/kvinna\/","name":"WiseMind Kvinnoh\u00e4lsa","description":"Psykologiskt Kunskapscenter","publisher":{"@id":"https:\/\/wisemind.se\/kvinna\/#organization"},"potentialAction":[{"@type":"SearchAction","target":{"@type":"EntryPoint","urlTemplate":"https:\/\/wisemind.se\/kvinna\/?s={search_term_string}"},"query-input":{"@type":"PropertyValueSpecification","valueRequired":true,"valueName":"search_term_string"}}],"inLanguage":"sv-SE"},{"@type":"Organization","@id":"https:\/\/wisemind.se\/kvinna\/#organization","name":"Utveckling och Balans","url":"https:\/\/wisemind.se\/kvinna\/","logo":{"@type":"ImageObject","inLanguage":"sv-SE","@id":"https:\/\/wisemind.se\/kvinna\/#\/schema\/logo\/image\/","url":"https:\/\/wisemind.se\/kvinna\/wp-content\/uploads\/uob-logga-150.png","contentUrl":"https:\/\/wisemind.se\/kvinna\/wp-content\/uploads\/uob-logga-150.png","width":150,"height":62,"caption":"Utveckling och Balans"},"image":{"@id":"https:\/\/wisemind.se\/kvinna\/#\/schema\/logo\/image\/"}}]}},"_links":{"self":[{"href":"https:\/\/wisemind.se\/kvinna\/wp-json\/wp\/v2\/pages\/7097","targetHints":{"allow":["GET"]}}],"collection":[{"href":"https:\/\/wisemind.se\/kvinna\/wp-json\/wp\/v2\/pages"}],"about":[{"href":"https:\/\/wisemind.se\/kvinna\/wp-json\/wp\/v2\/types\/page"}],"author":[{"embeddable":true,"href":"https:\/\/wisemind.se\/kvinna\/wp-json\/wp\/v2\/users\/2"}],"replies":[{"embeddable":true,"href":"https:\/\/wisemind.se\/kvinna\/wp-json\/wp\/v2\/comments?post=7097"}],"version-history":[{"count":3,"href":"https:\/\/wisemind.se\/kvinna\/wp-json\/wp\/v2\/pages\/7097\/revisions"}],"predecessor-version":[{"id":12214,"href":"https:\/\/wisemind.se\/kvinna\/wp-json\/wp\/v2\/pages\/7097\/revisions\/12214"}],"wp:attachment":[{"href":"https:\/\/wisemind.se\/kvinna\/wp-json\/wp\/v2\/media?parent=7097"}],"curies":[{"name":"wp","href":"https:\/\/api.w.org\/{rel}","templated":true}]}}