{"id":7053,"date":"2021-04-22T06:04:58","date_gmt":"2021-04-22T05:04:58","guid":{"rendered":"https:\/\/wisemind.se\/kvinna\/?page_id=7053"},"modified":"2025-08-20T12:28:51","modified_gmt":"2025-08-20T11:28:51","slug":"resurser","status":"publish","type":"page","link":"https:\/\/wisemind.se\/kvinna\/resurser\/","title":{"rendered":"L\u00e4nkar &#038; Resurser"},"content":{"rendered":"\t\t<div data-elementor-type=\"wp-page\" data-elementor-id=\"7053\" class=\"elementor elementor-7053\" data-elementor-post-type=\"page\">\n\t\t\t\t\t\t<section class=\"elementor-section elementor-top-section elementor-element elementor-element-4318acd5 elementor-section-boxed elementor-section-height-default elementor-section-height-default\" data-id=\"4318acd5\" data-element_type=\"section\" data-e-type=\"section\">\n\t\t\t\t\t\t<div class=\"elementor-container elementor-column-gap-default\">\n\t\t\t\t\t<div class=\"elementor-column elementor-col-100 elementor-top-column elementor-element elementor-element-62cb9f49\" data-id=\"62cb9f49\" data-element_type=\"column\" data-e-type=\"column\">\n\t\t\t<div class=\"elementor-widget-wrap elementor-element-populated\">\n\t\t\t\t\t\t<div class=\"elementor-element elementor-element-765cdc96 elementor-widget elementor-widget-heading\" data-id=\"765cdc96\" data-element_type=\"widget\" data-e-type=\"widget\" data-widget_type=\"heading.default\">\n\t\t\t\t<div class=\"elementor-widget-container\">\n\t\t\t\t\t<h1 class=\"elementor-heading-title elementor-size-default\">Tips p\u00e5 fler resurser<\/h1>\t\t\t\t<\/div>\n\t\t\t\t<\/div>\n\t\t\t\t<div class=\"elementor-element elementor-element-3bee1062 elementor-widget elementor-widget-text-editor\" data-id=\"3bee1062\" data-element_type=\"widget\" data-e-type=\"widget\" data-widget_type=\"text-editor.default\">\n\t\t\t\t<div class=\"elementor-widget-container\">\n\t\t\t\t\t\t\t\t\t<p>H\u00e4r samlar vi tips p\u00e5 andra hemsidor och resurser som kan hj\u00e4lpa dig som kvinna att ta hand om din mentala och fysiska h\u00e4lsa under olika perioder av livet.<\/p><p>Vill du bli en av v\u00e5ra samarbetspartners i str\u00e4van att n\u00e5 ut med kunskap om och effektiva behandlingar inom kvinnoh\u00e4lsa? Vi samarbetar g\u00e4rna med andra akt\u00f6rer s\u00e5 som barnmorskor, doulor, fysioterapeuter, gynekologer, endokrinologer och organisationer som arbetar f\u00f6r kvinnoh\u00e4lsa. <a href=\"https:\/\/wisemind.se\/kvinna\/kontakt\/\">Kontakta oss<\/a> g\u00e4rna om tips p\u00e5 fler resurser som har liknande syfte.<\/p><p><b>Sexualitet<\/b><br \/><a href=\"https:\/\/www.rfsu.se\/globalassets\/upos\/pdf-filer\/broschyrer\/vulvaochvagina.pdf\" target=\"_blank\" rel=\"noopener\">Vulva och vagina <em>(RFSU)<\/em><\/a><br \/><a href=\"https:\/\/www.rfsu.se\/sex-och-relationer\/for-dig-som-undrar\/sex-genom-livet\/sex-efter-50\/nar-underlivet-blir-aldre\/\" target=\"_blank\" rel=\"noopener\">N\u00e4r underlivet blir \u00e4ldre <em>(RFSU)<\/em><\/a><br \/><a href=\"https:\/\/www.who.int\/health-topics\/sexual-health\" target=\"_blank\" rel=\"noopener\">Sexual health <em>(WHO)<\/em><\/a><br \/><a href=\"https:\/\/sokk.nu\/\" target=\"_blank\" rel=\"noopener\">Sex- och k\u00e4rleksberoende <em>(S.O.K.K.)<\/em><\/a><\/p><p><b>Barn\u00f6nskan, IVF och Fertilitetsbehandling<br \/><\/b><a href=\"http:\/\/www.ivfpodden.se\" target=\"_blank\" rel=\"noopener\">ivfpodden<\/a><\/p><p><b>Graviditet och F\u00f6rlossning<\/b><br \/><a href=\"https:\/\/bakingbabies.se\/\" target=\"_blank\" rel=\"noopener\">BakingBabies.se<\/a><br \/><a href=\"https:\/\/mammamage.se\/\" target=\"_blank\" rel=\"noopener\">MammaMage<\/a><br \/><a href=\"https:\/\/www.fodautanradsla.se\" target=\"_blank\" rel=\"noopener\">F\u00f6da utan r\u00e4dsla<\/a><br \/><a href=\"https:\/\/fodamedstod.se\" target=\"_blank\" rel=\"noopener\">F\u00f6da med st\u00f6d<\/a><br \/><a href=\"https:\/\/www.birthrightssweden.se\/bli-medlem\" target=\"_blank\" rel=\"noopener\">Birth Rights Sweden<\/a><br \/><a href=\"https:\/\/barnmorsketeamet.se\/\" target=\"_blank\" rel=\"noopener\">Barnmorsketeamet<\/a><\/p><p><strong>Endometrios<\/strong><br \/><a href=\"https:\/\/endometriosforeningen.com\/\" target=\"_blank\" rel=\"noopener\">Endometriosf\u00f6reningen<\/a><br \/><a href=\"https:\/\/www.sbu.se\/sv\/publikationer\/endometrios--sbu-har-tagit-fram-det-vetenskapliga-underlaget-som-ligger-till-grund-for-socialstyrelsens-nationella-riktlinjer\/\" target=\"_blank\" rel=\"noopener\">Endometrios \u2013<em> SBU har tagit fram det vetenskapliga underlaget som ligger till grund f\u00f6r Socialstyrelsens nationella riktlinjer<\/em><\/a><\/p><p><strong>F\u00f6r yrkesverksamma inom kvinnoh\u00e4lsa<\/strong><br \/><a href=\"https:\/\/www.bevisadnytta.se\/\" target=\"_blank\" rel=\"noopener\">Bevisad nytta &#8211; T\u00e4nka evidens<\/a><br \/><span style=\"color: var( --e-global-color-text ); font-family: var( --e-global-typography-text-font-family ), Open Sans; font-weight: var( --e-global-typography-text-font-weight );\"><a href=\"https:\/\/www.sbu.se\/sv\/publikationer\/SBU-utvarderar\/forlossningsradsla-depression-och-angest-under-graviditet\/\" target=\"_blank\" rel=\"noopener\">F\u00f6rlossningsr\u00e4dsla, depression och \u00e5ngest under graviditet<\/a><br \/><\/span><a href=\"https:\/\/www.sbu.se\/sv\/publikationer\/vetenskap-och-praxis\/smarta---onodigt-ytlig-kunskap-om-hjalp-vid-langvariga-besvar\/\" target=\"_blank\" rel=\"noopener\">Sm\u00e4rta \u2009\u2013 On\u00f6digt ytlig kunskap om hj\u00e4lp vid l\u00e5ngvariga besv\u00e4r<\/a><\/p><p><strong>Mottagningar inom offentlig verksamhet som arbetar med kvinnoh\u00e4lsa eller sexologi och erbjuder n\u00e5gon form av psykologisk expertis<\/strong><br \/><a href=\"https:\/\/www.vgregion.se\/en\/healthcare\/riktade-mottagningar\/narhalsan-sexualmedicinskt-centrum\/\" target=\"_blank\" rel=\"noopener\">Sexualmedicinskt centrum, VGR<\/a><br \/><a href=\"http:\/\/www.anova.se\/\" target=\"_blank\" rel=\"noopener\">ANOVA &#8211; Andrologi, Sexualmedicin, Transmedicin<\/a><br \/><a href=\"https:\/\/barnmorskegruppen.se\/\" target=\"_blank\" rel=\"noopener\">Barnmorskegruppen<\/a><\/p>\t\t\t\t\t\t\t\t<\/div>\n\t\t\t\t<\/div>\n\t\t\t\t\t<\/div>\n\t\t<\/div>\n\t\t\t\t\t<\/div>\n\t\t<\/section>\n\t\t\t\t<section class=\"elementor-section elementor-top-section elementor-element elementor-element-218a3339 elementor-section-full_width elementor-section-height-default elementor-section-height-default\" data-id=\"218a3339\" data-element_type=\"section\" data-e-type=\"section\">\n\t\t\t\t\t\t<div class=\"elementor-container elementor-column-gap-default\">\n\t\t\t\t\t<div class=\"elementor-column elementor-col-100 elementor-top-column elementor-element elementor-element-7108ab68\" data-id=\"7108ab68\" data-element_type=\"column\" data-e-type=\"column\" data-settings=\"{&quot;background_background&quot;:&quot;classic&quot;}\">\n\t\t\t<div class=\"elementor-widget-wrap elementor-element-populated\">\n\t\t\t\t\t\t<section class=\"elementor-section elementor-inner-section elementor-element elementor-element-375b5a8f elementor-section-boxed elementor-section-height-default elementor-section-height-default\" data-id=\"375b5a8f\" data-element_type=\"section\" data-e-type=\"section\" data-settings=\"{&quot;background_background&quot;:&quot;classic&quot;}\">\n\t\t\t\t\t\t<div class=\"elementor-container elementor-column-gap-default\">\n\t\t\t\t\t<div class=\"elementor-column elementor-col-33 elementor-inner-column elementor-element elementor-element-2078109c\" data-id=\"2078109c\" data-element_type=\"column\" data-e-type=\"column\">\n\t\t\t<div class=\"elementor-widget-wrap elementor-element-populated\">\n\t\t\t\t\t\t<div class=\"elementor-element elementor-element-6b5fdb1d elementor-align-justify elementor-mobile-align-justify elementor-widget elementor-widget-global elementor-global-2060 elementor-widget-button\" data-id=\"6b5fdb1d\" data-element_type=\"widget\" data-e-type=\"widget\" data-widget_type=\"button.default\">\n\t\t\t\t<div class=\"elementor-widget-container\">\n\t\t\t\t\t\t\t\t\t<div class=\"elementor-button-wrapper\">\n\t\t\t\t\t<a class=\"elementor-button elementor-button-link elementor-size-sm\" href=\"\/kvinna\/bokning-och-priser\" id=\"info-kv-global\">\n\t\t\t\t\t\t<span class=\"elementor-button-content-wrapper\">\n\t\t\t\t\t\t\t\t\t<span class=\"elementor-button-text\">Prislista<\/span>\n\t\t\t\t\t<\/span>\n\t\t\t\t\t<\/a>\n\t\t\t\t<\/div>\n\t\t\t\t\t\t\t\t<\/div>\n\t\t\t\t<\/div>\n\t\t\t\t\t<\/div>\n\t\t<\/div>\n\t\t\t\t<div class=\"elementor-column elementor-col-33 elementor-inner-column elementor-element elementor-element-2301dbe5\" data-id=\"2301dbe5\" data-element_type=\"column\" data-e-type=\"column\">\n\t\t\t<div class=\"elementor-widget-wrap elementor-element-populated\">\n\t\t\t\t\t\t<div class=\"elementor-element elementor-element-3e36f4df elementor-align-justify elementor-mobile-align-justify elementor-widget elementor-widget-global elementor-global-10608 elementor-widget-button\" data-id=\"3e36f4df\" data-element_type=\"widget\" data-e-type=\"widget\" data-widget_type=\"button.default\">\n\t\t\t\t<div class=\"elementor-widget-container\">\n\t\t\t\t\t\t\t\t\t<div class=\"elementor-button-wrapper\">\n\t\t\t\t\t<a class=\"elementor-button elementor-button-link elementor-size-sm\" href=\"https:\/\/psykologiteamet.kaddio.com\/booking\/cal\/\" id=\"Boka-kv-global\">\n\t\t\t\t\t\t<span class=\"elementor-button-content-wrapper\">\n\t\t\t\t\t\t\t\t\t<span class=\"elementor-button-text\">Boka tid<\/span>\n\t\t\t\t\t<\/span>\n\t\t\t\t\t<\/a>\n\t\t\t\t<\/div>\n\t\t\t\t\t\t\t\t<\/div>\n\t\t\t\t<\/div>\n\t\t\t\t\t<\/div>\n\t\t<\/div>\n\t\t\t\t<div class=\"elementor-column elementor-col-33 elementor-inner-column elementor-element elementor-element-734c5d1b\" data-id=\"734c5d1b\" data-element_type=\"column\" data-e-type=\"column\">\n\t\t\t<div class=\"elementor-widget-wrap elementor-element-populated\">\n\t\t\t\t\t\t<div class=\"elementor-element elementor-element-789315ae elementor-align-justify elementor-mobile-align-justify elementor-widget elementor-widget-global elementor-global-1978 elementor-widget-button\" data-id=\"789315ae\" data-element_type=\"widget\" data-e-type=\"widget\" data-widget_type=\"button.default\">\n\t\t\t\t<div class=\"elementor-widget-container\">\n\t\t\t\t\t\t\t\t\t<div class=\"elementor-button-wrapper\">\n\t\t\t\t\t<a class=\"elementor-button elementor-button-link elementor-size-sm\" href=\"https:\/\/psykologiteamet.kaddio.com\/contact-us\" id=\"kontakt-kv-global\">\n\t\t\t\t\t\t<span class=\"elementor-button-content-wrapper\">\n\t\t\t\t\t\t\t\t\t<span class=\"elementor-button-text\">Kontakta oss<\/span>\n\t\t\t\t\t<\/span>\n\t\t\t\t\t<\/a>\n\t\t\t\t<\/div>\n\t\t\t\t\t\t\t\t<\/div>\n\t\t\t\t<\/div>\n\t\t\t\t\t<\/div>\n\t\t<\/div>\n\t\t\t\t\t<\/div>\n\t\t<\/section>\n\t\t\t\t\t<\/div>\n\t\t<\/div>\n\t\t\t\t\t<\/div>\n\t\t<\/section>\n\t\t\t\t<\/div>\n\t\t","protected":false},"excerpt":{"rendered":"<p>Tips p\u00e5 fler resurser H\u00e4r samlar vi tips p\u00e5 andra hemsidor och resurser som kan hj\u00e4lpa dig som kvinna att ta hand om din mentala och fysiska h\u00e4lsa under olika perioder av livet. Vill du bli en av v\u00e5ra samarbetspartners i str\u00e4van att n\u00e5 ut med kunskap om och effektiva behandlingar inom kvinnoh\u00e4lsa? Vi samarbetar [&hellip;]<\/p>\n","protected":false},"author":2,"featured_media":0,"parent":0,"menu_order":0,"comment_status":"closed","ping_status":"closed","template":"","meta":{"_monsterinsights_skip_tracking":false,"_monsterinsights_sitenote_active":false,"_monsterinsights_sitenote_note":"","_monsterinsights_sitenote_category":0,"footnotes":""},"class_list":["post-7053","page","type-page","status-publish","hentry"],"yoast_head":"<!-- This site is optimized with the Yoast SEO plugin v27.6 - https:\/\/yoast.com\/product\/yoast-seo-wordpress\/ -->\n<title>L\u00e4nkar &amp; Resurser - WiseMind Kvinnoh\u00e4lsa<\/title>\n<meta name=\"description\" content=\"Hemsidor och resurser som kan hj\u00e4lpa dig som kvinna att ta hand om din mentala och fysiska h\u00e4lsa under olika perioder av livet.\" \/>\n<meta name=\"robots\" content=\"index, follow, max-snippet:-1, max-image-preview:large, max-video-preview:-1\" \/>\n<link rel=\"canonical\" href=\"https:\/\/wisemind.se\/kvinna\/resurser\/\" \/>\n<meta property=\"og:locale\" content=\"sv_SE\" \/>\n<meta property=\"og:type\" content=\"article\" \/>\n<meta property=\"og:title\" content=\"L\u00e4nkar &amp; Resurser - WiseMind Kvinnoh\u00e4lsa\" \/>\n<meta property=\"og:description\" content=\"Hemsidor och resurser som kan hj\u00e4lpa dig som kvinna att ta hand om din mentala och fysiska h\u00e4lsa under olika perioder av livet.\" \/>\n<meta property=\"og:url\" content=\"https:\/\/wisemind.se\/kvinna\/resurser\/\" \/>\n<meta property=\"og:site_name\" content=\"WiseMind Kvinnoh\u00e4lsa\" \/>\n<meta property=\"article:modified_time\" content=\"2025-08-20T11:28:51+00:00\" \/>\n<meta name=\"twitter:card\" content=\"summary_large_image\" \/>\n<meta name=\"twitter:label1\" content=\"Ber\u00e4knad l\u00e4stid\" \/>\n\t<meta name=\"twitter:data1\" content=\"1 minut\" \/>\n<script type=\"application\/ld+json\" class=\"yoast-schema-graph\">{\"@context\":\"https:\\\/\\\/schema.org\",\"@graph\":[{\"@type\":\"WebPage\",\"@id\":\"https:\\\/\\\/wisemind.se\\\/kvinna\\\/resurser\\\/\",\"url\":\"https:\\\/\\\/wisemind.se\\\/kvinna\\\/resurser\\\/\",\"name\":\"L\u00e4nkar & Resurser - WiseMind Kvinnoh\u00e4lsa\",\"isPartOf\":{\"@id\":\"https:\\\/\\\/wisemind.se\\\/kvinna\\\/#website\"},\"datePublished\":\"2021-04-22T05:04:58+00:00\",\"dateModified\":\"2025-08-20T11:28:51+00:00\",\"description\":\"Hemsidor och resurser som kan hj\u00e4lpa dig som kvinna att ta hand om din mentala och fysiska h\u00e4lsa under olika perioder av livet.\",\"breadcrumb\":{\"@id\":\"https:\\\/\\\/wisemind.se\\\/kvinna\\\/resurser\\\/#breadcrumb\"},\"inLanguage\":\"sv-SE\",\"potentialAction\":[{\"@type\":\"ReadAction\",\"target\":[\"https:\\\/\\\/wisemind.se\\\/kvinna\\\/resurser\\\/\"]}]},{\"@type\":\"BreadcrumbList\",\"@id\":\"https:\\\/\\\/wisemind.se\\\/kvinna\\\/resurser\\\/#breadcrumb\",\"itemListElement\":[{\"@type\":\"ListItem\",\"position\":1,\"name\":\"Hem\",\"item\":\"https:\\\/\\\/wisemind.se\\\/kvinna\\\/\"},{\"@type\":\"ListItem\",\"position\":2,\"name\":\"L\u00e4nkar &#038; Resurser\"}]},{\"@type\":\"WebSite\",\"@id\":\"https:\\\/\\\/wisemind.se\\\/kvinna\\\/#website\",\"url\":\"https:\\\/\\\/wisemind.se\\\/kvinna\\\/\",\"name\":\"WiseMind Kvinnoh\u00e4lsa\",\"description\":\"Psykologiskt Kunskapscenter\",\"publisher\":{\"@id\":\"https:\\\/\\\/wisemind.se\\\/kvinna\\\/#organization\"},\"potentialAction\":[{\"@type\":\"SearchAction\",\"target\":{\"@type\":\"EntryPoint\",\"urlTemplate\":\"https:\\\/\\\/wisemind.se\\\/kvinna\\\/?s={search_term_string}\"},\"query-input\":{\"@type\":\"PropertyValueSpecification\",\"valueRequired\":true,\"valueName\":\"search_term_string\"}}],\"inLanguage\":\"sv-SE\"},{\"@type\":\"Organization\",\"@id\":\"https:\\\/\\\/wisemind.se\\\/kvinna\\\/#organization\",\"name\":\"Utveckling och Balans\",\"url\":\"https:\\\/\\\/wisemind.se\\\/kvinna\\\/\",\"logo\":{\"@type\":\"ImageObject\",\"inLanguage\":\"sv-SE\",\"@id\":\"https:\\\/\\\/wisemind.se\\\/kvinna\\\/#\\\/schema\\\/logo\\\/image\\\/\",\"url\":\"https:\\\/\\\/wisemind.se\\\/kvinna\\\/wp-content\\\/uploads\\\/uob-logga-150.png\",\"contentUrl\":\"https:\\\/\\\/wisemind.se\\\/kvinna\\\/wp-content\\\/uploads\\\/uob-logga-150.png\",\"width\":150,\"height\":62,\"caption\":\"Utveckling och Balans\"},\"image\":{\"@id\":\"https:\\\/\\\/wisemind.se\\\/kvinna\\\/#\\\/schema\\\/logo\\\/image\\\/\"}}]}<\/script>\n<!-- \/ Yoast SEO plugin. -->","yoast_head_json":{"title":"L\u00e4nkar & Resurser - WiseMind Kvinnoh\u00e4lsa","description":"Hemsidor och resurser som kan hj\u00e4lpa dig som kvinna att ta hand om din mentala och fysiska h\u00e4lsa under olika perioder av livet.","robots":{"index":"index","follow":"follow","max-snippet":"max-snippet:-1","max-image-preview":"max-image-preview:large","max-video-preview":"max-video-preview:-1"},"canonical":"https:\/\/wisemind.se\/kvinna\/resurser\/","og_locale":"sv_SE","og_type":"article","og_title":"L\u00e4nkar & Resurser - WiseMind Kvinnoh\u00e4lsa","og_description":"Hemsidor och resurser som kan hj\u00e4lpa dig som kvinna att ta hand om din mentala och fysiska h\u00e4lsa under olika perioder av livet.","og_url":"https:\/\/wisemind.se\/kvinna\/resurser\/","og_site_name":"WiseMind Kvinnoh\u00e4lsa","article_modified_time":"2025-08-20T11:28:51+00:00","twitter_card":"summary_large_image","twitter_misc":{"Ber\u00e4knad l\u00e4stid":"1 minut"},"schema":{"@context":"https:\/\/schema.org","@graph":[{"@type":"WebPage","@id":"https:\/\/wisemind.se\/kvinna\/resurser\/","url":"https:\/\/wisemind.se\/kvinna\/resurser\/","name":"L\u00e4nkar & Resurser - WiseMind Kvinnoh\u00e4lsa","isPartOf":{"@id":"https:\/\/wisemind.se\/kvinna\/#website"},"datePublished":"2021-04-22T05:04:58+00:00","dateModified":"2025-08-20T11:28:51+00:00","description":"Hemsidor och resurser som kan hj\u00e4lpa dig som kvinna att ta hand om din mentala och fysiska h\u00e4lsa under olika perioder av livet.","breadcrumb":{"@id":"https:\/\/wisemind.se\/kvinna\/resurser\/#breadcrumb"},"inLanguage":"sv-SE","potentialAction":[{"@type":"ReadAction","target":["https:\/\/wisemind.se\/kvinna\/resurser\/"]}]},{"@type":"BreadcrumbList","@id":"https:\/\/wisemind.se\/kvinna\/resurser\/#breadcrumb","itemListElement":[{"@type":"ListItem","position":1,"name":"Hem","item":"https:\/\/wisemind.se\/kvinna\/"},{"@type":"ListItem","position":2,"name":"L\u00e4nkar &#038; Resurser"}]},{"@type":"WebSite","@id":"https:\/\/wisemind.se\/kvinna\/#website","url":"https:\/\/wisemind.se\/kvinna\/","name":"WiseMind Kvinnoh\u00e4lsa","description":"Psykologiskt Kunskapscenter","publisher":{"@id":"https:\/\/wisemind.se\/kvinna\/#organization"},"potentialAction":[{"@type":"SearchAction","target":{"@type":"EntryPoint","urlTemplate":"https:\/\/wisemind.se\/kvinna\/?s={search_term_string}"},"query-input":{"@type":"PropertyValueSpecification","valueRequired":true,"valueName":"search_term_string"}}],"inLanguage":"sv-SE"},{"@type":"Organization","@id":"https:\/\/wisemind.se\/kvinna\/#organization","name":"Utveckling och Balans","url":"https:\/\/wisemind.se\/kvinna\/","logo":{"@type":"ImageObject","inLanguage":"sv-SE","@id":"https:\/\/wisemind.se\/kvinna\/#\/schema\/logo\/image\/","url":"https:\/\/wisemind.se\/kvinna\/wp-content\/uploads\/uob-logga-150.png","contentUrl":"https:\/\/wisemind.se\/kvinna\/wp-content\/uploads\/uob-logga-150.png","width":150,"height":62,"caption":"Utveckling och Balans"},"image":{"@id":"https:\/\/wisemind.se\/kvinna\/#\/schema\/logo\/image\/"}}]}},"_links":{"self":[{"href":"https:\/\/wisemind.se\/kvinna\/wp-json\/wp\/v2\/pages\/7053","targetHints":{"allow":["GET"]}}],"collection":[{"href":"https:\/\/wisemind.se\/kvinna\/wp-json\/wp\/v2\/pages"}],"about":[{"href":"https:\/\/wisemind.se\/kvinna\/wp-json\/wp\/v2\/types\/page"}],"author":[{"embeddable":true,"href":"https:\/\/wisemind.se\/kvinna\/wp-json\/wp\/v2\/users\/2"}],"replies":[{"embeddable":true,"href":"https:\/\/wisemind.se\/kvinna\/wp-json\/wp\/v2\/comments?post=7053"}],"version-history":[{"count":3,"href":"https:\/\/wisemind.se\/kvinna\/wp-json\/wp\/v2\/pages\/7053\/revisions"}],"predecessor-version":[{"id":12095,"href":"https:\/\/wisemind.se\/kvinna\/wp-json\/wp\/v2\/pages\/7053\/revisions\/12095"}],"wp:attachment":[{"href":"https:\/\/wisemind.se\/kvinna\/wp-json\/wp\/v2\/media?parent=7053"}],"curies":[{"name":"wp","href":"https:\/\/api.w.org\/{rel}","templated":true}]}}