{"id":56,"date":"2019-02-08T22:54:07","date_gmt":"2019-02-08T21:54:07","guid":{"rendered":"https:\/\/wisemind.se\/kvinna\/ptsd-posttraumatiskt-stresssyndrom\/"},"modified":"2026-03-31T18:18:21","modified_gmt":"2026-03-31T17:18:21","slug":"ptsd-efter-forlossning","status":"publish","type":"page","link":"https:\/\/wisemind.se\/kvinna\/ptsd-efter-forlossning\/","title":{"rendered":"PTSD efter f\u00f6rlossning"},"content":{"rendered":"\t\t<div data-elementor-type=\"wp-page\" data-elementor-id=\"56\" class=\"elementor elementor-56\" data-elementor-post-type=\"page\">\n\t\t\t\t\t\t<section class=\"elementor-section elementor-top-section elementor-element elementor-element-f3f9067 elementor-section-boxed elementor-section-height-default elementor-section-height-default\" data-id=\"f3f9067\" data-element_type=\"section\" data-e-type=\"section\">\n\t\t\t\t\t\t<div class=\"elementor-container elementor-column-gap-default\">\n\t\t\t\t\t<div class=\"elementor-column elementor-col-100 elementor-top-column elementor-element elementor-element-d813e8c\" data-id=\"d813e8c\" data-element_type=\"column\" data-e-type=\"column\">\n\t\t\t<div class=\"elementor-widget-wrap elementor-element-populated\">\n\t\t\t\t\t\t<div class=\"elementor-element elementor-element-07f79e5 elementor-widget elementor-widget-heading\" data-id=\"07f79e5\" data-element_type=\"widget\" data-e-type=\"widget\" data-widget_type=\"heading.default\">\n\t\t\t\t<div class=\"elementor-widget-container\">\n\t\t\t\t\t<h1 class=\"elementor-heading-title elementor-size-default\">PTSD efter f\u00f6rlossning<\/h1>\t\t\t\t<\/div>\n\t\t\t\t<\/div>\n\t\t\t\t<div class=\"elementor-element elementor-element-4f2e4a8 elementor-widget elementor-widget-text-editor\" data-id=\"4f2e4a8\" data-element_type=\"widget\" data-e-type=\"widget\" data-widget_type=\"text-editor.default\">\n\t\t\t\t<div class=\"elementor-widget-container\">\n\t\t\t\t\t\t\t\t\t<p>Posttraumatiskt stressyndrom (PTSD) kan drabba den som upplevt sin f\u00f6rlossning som en traumatisk h\u00e4ndelse. Det \u00e4r d\u00e5 vanligt att mamman k\u00e4nner kraftig \u00e5ngest vid tanken p\u00e5 f\u00f6rlossningen eller \u00e5terupplever h\u00e4ndelsen genom tillbakablickar och mardr\u00f6mmar.\u00a0<\/p><p>PTSD fungerar ungef\u00e4r som ett s\u00e5r. S\u00e5ret beh\u00f6vs tv\u00e4ttas f\u00f6r att kunna l\u00e4ka, men det kan ocks\u00e5 g\u00f6ra v\u00e4ldigt ont under tiden det tv\u00e4ttas. Efter l\u00e4kning kommer det att finnas kvar ett \u00e4rr som ibland p\u00e5minner om h\u00e4ndelsen men det g\u00f6r inte l\u00e4ngre s\u00e5 ont att det hindrar dig. Om du d\u00e4remot inte tv\u00e4ttar s\u00e5ret slipper du den omedelbara sm\u00e4rtan men s\u00e5ret kan d\u00e5 bli infekterat i l\u00e4ngden. S\u00e5ret kommer d\u00e5 att hindra dig fr\u00e5n att g\u00f6ra saker och varje g\u00e5ng du p\u00e5minns om s\u00e5ret g\u00f6r det mycket ont.\u00a0<\/p><p>Inom kognitiv beteendeterapi bearbetas den traumatiska upplevelsen strukturerat och noggrant f\u00f6r att du ska kunna g\u00e5 vidare med ett \u00e4rr ist\u00e4llet f\u00f6r en infekterat s\u00e5r. Vi anv\u00e4nder en metod som heter Prolonged Exposure, PE, som i forskning har visat sig vara mest effektiv vid traumatiska upplevelser.\u00a0\u00a0I korta drag g\u00e5r behandlingen ut p\u00e5 att du bearbetar de traumatiska h\u00e4ndelser du varit med om och f\u00e5r hj\u00e4lp att ta tillbaka ditt liv.<\/p><p>Om du vill f\u00e5 hj\u00e4lp med att hantera och bearbeta din upplevelse av PTDS \u00e4r du v\u00e4lkommen att <a href=\"https:\/\/wisemind.se\/kvinna\/kontakt\/\">kontakta oss<\/a> f\u00f6r ett inledande samtal.<\/p>\t\t\t\t\t\t\t\t<\/div>\n\t\t\t\t<\/div>\n\t\t\t\t\t<\/div>\n\t\t<\/div>\n\t\t\t\t\t<\/div>\n\t\t<\/section>\n\t\t\t\t<section class=\"elementor-section elementor-top-section elementor-element elementor-element-33282803 elementor-section-full_width elementor-section-height-default elementor-section-height-default\" data-id=\"33282803\" data-element_type=\"section\" data-e-type=\"section\">\n\t\t\t\t\t\t<div class=\"elementor-container elementor-column-gap-default\">\n\t\t\t\t\t<div class=\"elementor-column elementor-col-100 elementor-top-column elementor-element elementor-element-137aaef2\" data-id=\"137aaef2\" data-element_type=\"column\" data-e-type=\"column\" data-settings=\"{&quot;background_background&quot;:&quot;classic&quot;}\">\n\t\t\t<div class=\"elementor-widget-wrap elementor-element-populated\">\n\t\t\t\t\t\t<section class=\"elementor-section elementor-inner-section elementor-element elementor-element-2e3bf205 elementor-section-boxed elementor-section-height-default elementor-section-height-default\" data-id=\"2e3bf205\" data-element_type=\"section\" data-e-type=\"section\" data-settings=\"{&quot;background_background&quot;:&quot;classic&quot;}\">\n\t\t\t\t\t\t<div class=\"elementor-container elementor-column-gap-default\">\n\t\t\t\t\t<div class=\"elementor-column elementor-col-33 elementor-inner-column elementor-element elementor-element-5b5ea71d\" data-id=\"5b5ea71d\" data-element_type=\"column\" data-e-type=\"column\">\n\t\t\t<div class=\"elementor-widget-wrap elementor-element-populated\">\n\t\t\t\t\t\t<div class=\"elementor-element elementor-element-680715b5 elementor-align-justify elementor-mobile-align-justify elementor-widget elementor-widget-global elementor-global-2060 elementor-widget-button\" data-id=\"680715b5\" data-element_type=\"widget\" data-e-type=\"widget\" data-widget_type=\"button.default\">\n\t\t\t\t<div class=\"elementor-widget-container\">\n\t\t\t\t\t\t\t\t\t<div class=\"elementor-button-wrapper\">\n\t\t\t\t\t<a class=\"elementor-button elementor-button-link elementor-size-sm\" href=\"\/kvinna\/bokning-och-priser\" id=\"info-kv-global\">\n\t\t\t\t\t\t<span class=\"elementor-button-content-wrapper\">\n\t\t\t\t\t\t\t\t\t<span class=\"elementor-button-text\">Prislista<\/span>\n\t\t\t\t\t<\/span>\n\t\t\t\t\t<\/a>\n\t\t\t\t<\/div>\n\t\t\t\t\t\t\t\t<\/div>\n\t\t\t\t<\/div>\n\t\t\t\t\t<\/div>\n\t\t<\/div>\n\t\t\t\t<div class=\"elementor-column elementor-col-33 elementor-inner-column elementor-element elementor-element-56ac624e\" data-id=\"56ac624e\" data-element_type=\"column\" data-e-type=\"column\">\n\t\t\t<div class=\"elementor-widget-wrap elementor-element-populated\">\n\t\t\t\t\t\t<div class=\"elementor-element elementor-element-78134f3b elementor-align-justify elementor-mobile-align-justify elementor-widget elementor-widget-global elementor-global-10608 elementor-widget-button\" data-id=\"78134f3b\" data-element_type=\"widget\" data-e-type=\"widget\" data-widget_type=\"button.default\">\n\t\t\t\t<div class=\"elementor-widget-container\">\n\t\t\t\t\t\t\t\t\t<div class=\"elementor-button-wrapper\">\n\t\t\t\t\t<a class=\"elementor-button elementor-button-link elementor-size-sm\" href=\"https:\/\/psykologiteamet.kaddio.com\/booking\/cal\/\" id=\"Boka-kv-global\">\n\t\t\t\t\t\t<span class=\"elementor-button-content-wrapper\">\n\t\t\t\t\t\t\t\t\t<span class=\"elementor-button-text\">Boka tid<\/span>\n\t\t\t\t\t<\/span>\n\t\t\t\t\t<\/a>\n\t\t\t\t<\/div>\n\t\t\t\t\t\t\t\t<\/div>\n\t\t\t\t<\/div>\n\t\t\t\t\t<\/div>\n\t\t<\/div>\n\t\t\t\t<div class=\"elementor-column elementor-col-33 elementor-inner-column elementor-element elementor-element-52001c6f\" data-id=\"52001c6f\" data-element_type=\"column\" data-e-type=\"column\">\n\t\t\t<div class=\"elementor-widget-wrap elementor-element-populated\">\n\t\t\t\t\t\t<div class=\"elementor-element elementor-element-2bb2cf48 elementor-align-justify elementor-mobile-align-justify elementor-widget elementor-widget-global elementor-global-1978 elementor-widget-button\" data-id=\"2bb2cf48\" data-element_type=\"widget\" data-e-type=\"widget\" data-widget_type=\"button.default\">\n\t\t\t\t<div class=\"elementor-widget-container\">\n\t\t\t\t\t\t\t\t\t<div class=\"elementor-button-wrapper\">\n\t\t\t\t\t<a class=\"elementor-button elementor-button-link elementor-size-sm\" href=\"https:\/\/psykologiteamet.kaddio.com\/contact-us\" id=\"kontakt-kv-global\">\n\t\t\t\t\t\t<span class=\"elementor-button-content-wrapper\">\n\t\t\t\t\t\t\t\t\t<span class=\"elementor-button-text\">Kontakta oss<\/span>\n\t\t\t\t\t<\/span>\n\t\t\t\t\t<\/a>\n\t\t\t\t<\/div>\n\t\t\t\t\t\t\t\t<\/div>\n\t\t\t\t<\/div>\n\t\t\t\t\t<\/div>\n\t\t<\/div>\n\t\t\t\t\t<\/div>\n\t\t<\/section>\n\t\t\t\t\t<\/div>\n\t\t<\/div>\n\t\t\t\t\t<\/div>\n\t\t<\/section>\n\t\t\t\t<\/div>\n\t\t","protected":false},"excerpt":{"rendered":"<p>PTSD efter f\u00f6rlossning Posttraumatiskt stressyndrom (PTSD) kan drabba den som upplevt sin f\u00f6rlossning som en traumatisk h\u00e4ndelse. Det \u00e4r d\u00e5 vanligt att mamman k\u00e4nner kraftig \u00e5ngest vid tanken p\u00e5 f\u00f6rlossningen eller \u00e5terupplever h\u00e4ndelsen genom tillbakablickar och mardr\u00f6mmar.\u00a0 PTSD fungerar ungef\u00e4r som ett s\u00e5r. S\u00e5ret beh\u00f6vs tv\u00e4ttas f\u00f6r att kunna l\u00e4ka, men det kan ocks\u00e5 g\u00f6ra [&hellip;]<\/p>\n","protected":false},"author":2,"featured_media":10880,"parent":0,"menu_order":2,"comment_status":"closed","ping_status":"closed","template":"","meta":{"_monsterinsights_skip_tracking":false,"_monsterinsights_sitenote_active":false,"_monsterinsights_sitenote_note":"","_monsterinsights_sitenote_category":0,"footnotes":""},"class_list":["post-56","page","type-page","status-publish","has-post-thumbnail","hentry"],"yoast_head":"<!-- This site is optimized with the Yoast SEO plugin v27.6 - https:\/\/yoast.com\/product\/yoast-seo-wordpress\/ -->\n<title>PTSD efter f\u00f6rlossning - WiseMind Kvinnoh\u00e4lsa<\/title>\n<meta name=\"description\" content=\"Mammor kan k\u00e4nna kraftig \u00e5ngest vid tanken p\u00e5 f\u00f6rlossningen eller \u00e5teruppleva h\u00e4ndelsen genom tillbakablickar och mardr\u00f6mmar.\" \/>\n<meta name=\"robots\" content=\"index, follow, max-snippet:-1, max-image-preview:large, max-video-preview:-1\" \/>\n<link rel=\"canonical\" href=\"https:\/\/wisemind.se\/kvinna\/ptsd-efter-forlossning\/\" \/>\n<meta property=\"og:locale\" content=\"sv_SE\" \/>\n<meta property=\"og:type\" content=\"article\" \/>\n<meta property=\"og:title\" content=\"PTSD efter f\u00f6rlossning - WiseMind Kvinnoh\u00e4lsa\" \/>\n<meta property=\"og:description\" content=\"Mammor kan k\u00e4nna kraftig \u00e5ngest vid tanken p\u00e5 f\u00f6rlossningen eller \u00e5teruppleva h\u00e4ndelsen genom tillbakablickar och mardr\u00f6mmar.\" \/>\n<meta property=\"og:url\" content=\"https:\/\/wisemind.se\/kvinna\/ptsd-efter-forlossning\/\" \/>\n<meta property=\"og:site_name\" content=\"WiseMind Kvinnoh\u00e4lsa\" \/>\n<meta property=\"article:modified_time\" content=\"2026-03-31T17:18:21+00:00\" \/>\n<meta property=\"og:image\" content=\"https:\/\/wisemind.se\/kvinna\/wp-content\/uploads\/IMG_9203-scaled.jpg\" \/>\n\t<meta property=\"og:image:width\" content=\"1700\" \/>\n\t<meta property=\"og:image:height\" content=\"1001\" \/>\n\t<meta property=\"og:image:type\" content=\"image\/jpeg\" \/>\n<meta name=\"twitter:card\" content=\"summary_large_image\" \/>\n<meta name=\"twitter:label1\" content=\"Ber\u00e4knad l\u00e4stid\" \/>\n\t<meta name=\"twitter:data1\" content=\"2 minuter\" \/>\n<script type=\"application\/ld+json\" class=\"yoast-schema-graph\">{\"@context\":\"https:\\\/\\\/schema.org\",\"@graph\":[{\"@type\":\"WebPage\",\"@id\":\"https:\\\/\\\/wisemind.se\\\/kvinna\\\/ptsd-efter-forlossning\\\/\",\"url\":\"https:\\\/\\\/wisemind.se\\\/kvinna\\\/ptsd-efter-forlossning\\\/\",\"name\":\"PTSD efter f\u00f6rlossning - WiseMind Kvinnoh\u00e4lsa\",\"isPartOf\":{\"@id\":\"https:\\\/\\\/wisemind.se\\\/kvinna\\\/#website\"},\"primaryImageOfPage\":{\"@id\":\"https:\\\/\\\/wisemind.se\\\/kvinna\\\/ptsd-efter-forlossning\\\/#primaryimage\"},\"image\":{\"@id\":\"https:\\\/\\\/wisemind.se\\\/kvinna\\\/ptsd-efter-forlossning\\\/#primaryimage\"},\"thumbnailUrl\":\"https:\\\/\\\/wisemind.se\\\/kvinna\\\/wp-content\\\/uploads\\\/IMG_9203-scaled.jpg\",\"datePublished\":\"2019-02-08T21:54:07+00:00\",\"dateModified\":\"2026-03-31T17:18:21+00:00\",\"description\":\"Mammor kan k\u00e4nna kraftig \u00e5ngest vid tanken p\u00e5 f\u00f6rlossningen eller \u00e5teruppleva h\u00e4ndelsen genom tillbakablickar och mardr\u00f6mmar.\",\"breadcrumb\":{\"@id\":\"https:\\\/\\\/wisemind.se\\\/kvinna\\\/ptsd-efter-forlossning\\\/#breadcrumb\"},\"inLanguage\":\"sv-SE\",\"potentialAction\":[{\"@type\":\"ReadAction\",\"target\":[\"https:\\\/\\\/wisemind.se\\\/kvinna\\\/ptsd-efter-forlossning\\\/\"]}]},{\"@type\":\"ImageObject\",\"inLanguage\":\"sv-SE\",\"@id\":\"https:\\\/\\\/wisemind.se\\\/kvinna\\\/ptsd-efter-forlossning\\\/#primaryimage\",\"url\":\"https:\\\/\\\/wisemind.se\\\/kvinna\\\/wp-content\\\/uploads\\\/IMG_9203-scaled.jpg\",\"contentUrl\":\"https:\\\/\\\/wisemind.se\\\/kvinna\\\/wp-content\\\/uploads\\\/IMG_9203-scaled.jpg\",\"width\":1700,\"height\":1001},{\"@type\":\"BreadcrumbList\",\"@id\":\"https:\\\/\\\/wisemind.se\\\/kvinna\\\/ptsd-efter-forlossning\\\/#breadcrumb\",\"itemListElement\":[{\"@type\":\"ListItem\",\"position\":1,\"name\":\"Hem\",\"item\":\"https:\\\/\\\/wisemind.se\\\/kvinna\\\/\"},{\"@type\":\"ListItem\",\"position\":2,\"name\":\"PTSD efter f\u00f6rlossning\"}]},{\"@type\":\"WebSite\",\"@id\":\"https:\\\/\\\/wisemind.se\\\/kvinna\\\/#website\",\"url\":\"https:\\\/\\\/wisemind.se\\\/kvinna\\\/\",\"name\":\"WiseMind Kvinnoh\u00e4lsa\",\"description\":\"Psykologiskt Kunskapscenter\",\"publisher\":{\"@id\":\"https:\\\/\\\/wisemind.se\\\/kvinna\\\/#organization\"},\"potentialAction\":[{\"@type\":\"SearchAction\",\"target\":{\"@type\":\"EntryPoint\",\"urlTemplate\":\"https:\\\/\\\/wisemind.se\\\/kvinna\\\/?s={search_term_string}\"},\"query-input\":{\"@type\":\"PropertyValueSpecification\",\"valueRequired\":true,\"valueName\":\"search_term_string\"}}],\"inLanguage\":\"sv-SE\"},{\"@type\":\"Organization\",\"@id\":\"https:\\\/\\\/wisemind.se\\\/kvinna\\\/#organization\",\"name\":\"Utveckling och Balans\",\"url\":\"https:\\\/\\\/wisemind.se\\\/kvinna\\\/\",\"logo\":{\"@type\":\"ImageObject\",\"inLanguage\":\"sv-SE\",\"@id\":\"https:\\\/\\\/wisemind.se\\\/kvinna\\\/#\\\/schema\\\/logo\\\/image\\\/\",\"url\":\"https:\\\/\\\/wisemind.se\\\/kvinna\\\/wp-content\\\/uploads\\\/uob-logga-150.png\",\"contentUrl\":\"https:\\\/\\\/wisemind.se\\\/kvinna\\\/wp-content\\\/uploads\\\/uob-logga-150.png\",\"width\":150,\"height\":62,\"caption\":\"Utveckling och Balans\"},\"image\":{\"@id\":\"https:\\\/\\\/wisemind.se\\\/kvinna\\\/#\\\/schema\\\/logo\\\/image\\\/\"}}]}<\/script>\n<!-- \/ Yoast SEO plugin. -->","yoast_head_json":{"title":"PTSD efter f\u00f6rlossning - WiseMind Kvinnoh\u00e4lsa","description":"Mammor kan k\u00e4nna kraftig \u00e5ngest vid tanken p\u00e5 f\u00f6rlossningen eller \u00e5teruppleva h\u00e4ndelsen genom tillbakablickar och mardr\u00f6mmar.","robots":{"index":"index","follow":"follow","max-snippet":"max-snippet:-1","max-image-preview":"max-image-preview:large","max-video-preview":"max-video-preview:-1"},"canonical":"https:\/\/wisemind.se\/kvinna\/ptsd-efter-forlossning\/","og_locale":"sv_SE","og_type":"article","og_title":"PTSD efter f\u00f6rlossning - WiseMind Kvinnoh\u00e4lsa","og_description":"Mammor kan k\u00e4nna kraftig \u00e5ngest vid tanken p\u00e5 f\u00f6rlossningen eller \u00e5teruppleva h\u00e4ndelsen genom tillbakablickar och mardr\u00f6mmar.","og_url":"https:\/\/wisemind.se\/kvinna\/ptsd-efter-forlossning\/","og_site_name":"WiseMind Kvinnoh\u00e4lsa","article_modified_time":"2026-03-31T17:18:21+00:00","og_image":[{"width":1700,"height":1001,"url":"https:\/\/wisemind.se\/kvinna\/wp-content\/uploads\/IMG_9203-scaled.jpg","type":"image\/jpeg"}],"twitter_card":"summary_large_image","twitter_misc":{"Ber\u00e4knad l\u00e4stid":"2 minuter"},"schema":{"@context":"https:\/\/schema.org","@graph":[{"@type":"WebPage","@id":"https:\/\/wisemind.se\/kvinna\/ptsd-efter-forlossning\/","url":"https:\/\/wisemind.se\/kvinna\/ptsd-efter-forlossning\/","name":"PTSD efter f\u00f6rlossning - WiseMind Kvinnoh\u00e4lsa","isPartOf":{"@id":"https:\/\/wisemind.se\/kvinna\/#website"},"primaryImageOfPage":{"@id":"https:\/\/wisemind.se\/kvinna\/ptsd-efter-forlossning\/#primaryimage"},"image":{"@id":"https:\/\/wisemind.se\/kvinna\/ptsd-efter-forlossning\/#primaryimage"},"thumbnailUrl":"https:\/\/wisemind.se\/kvinna\/wp-content\/uploads\/IMG_9203-scaled.jpg","datePublished":"2019-02-08T21:54:07+00:00","dateModified":"2026-03-31T17:18:21+00:00","description":"Mammor kan k\u00e4nna kraftig \u00e5ngest vid tanken p\u00e5 f\u00f6rlossningen eller \u00e5teruppleva h\u00e4ndelsen genom tillbakablickar och mardr\u00f6mmar.","breadcrumb":{"@id":"https:\/\/wisemind.se\/kvinna\/ptsd-efter-forlossning\/#breadcrumb"},"inLanguage":"sv-SE","potentialAction":[{"@type":"ReadAction","target":["https:\/\/wisemind.se\/kvinna\/ptsd-efter-forlossning\/"]}]},{"@type":"ImageObject","inLanguage":"sv-SE","@id":"https:\/\/wisemind.se\/kvinna\/ptsd-efter-forlossning\/#primaryimage","url":"https:\/\/wisemind.se\/kvinna\/wp-content\/uploads\/IMG_9203-scaled.jpg","contentUrl":"https:\/\/wisemind.se\/kvinna\/wp-content\/uploads\/IMG_9203-scaled.jpg","width":1700,"height":1001},{"@type":"BreadcrumbList","@id":"https:\/\/wisemind.se\/kvinna\/ptsd-efter-forlossning\/#breadcrumb","itemListElement":[{"@type":"ListItem","position":1,"name":"Hem","item":"https:\/\/wisemind.se\/kvinna\/"},{"@type":"ListItem","position":2,"name":"PTSD efter f\u00f6rlossning"}]},{"@type":"WebSite","@id":"https:\/\/wisemind.se\/kvinna\/#website","url":"https:\/\/wisemind.se\/kvinna\/","name":"WiseMind Kvinnoh\u00e4lsa","description":"Psykologiskt Kunskapscenter","publisher":{"@id":"https:\/\/wisemind.se\/kvinna\/#organization"},"potentialAction":[{"@type":"SearchAction","target":{"@type":"EntryPoint","urlTemplate":"https:\/\/wisemind.se\/kvinna\/?s={search_term_string}"},"query-input":{"@type":"PropertyValueSpecification","valueRequired":true,"valueName":"search_term_string"}}],"inLanguage":"sv-SE"},{"@type":"Organization","@id":"https:\/\/wisemind.se\/kvinna\/#organization","name":"Utveckling och Balans","url":"https:\/\/wisemind.se\/kvinna\/","logo":{"@type":"ImageObject","inLanguage":"sv-SE","@id":"https:\/\/wisemind.se\/kvinna\/#\/schema\/logo\/image\/","url":"https:\/\/wisemind.se\/kvinna\/wp-content\/uploads\/uob-logga-150.png","contentUrl":"https:\/\/wisemind.se\/kvinna\/wp-content\/uploads\/uob-logga-150.png","width":150,"height":62,"caption":"Utveckling och Balans"},"image":{"@id":"https:\/\/wisemind.se\/kvinna\/#\/schema\/logo\/image\/"}}]}},"_links":{"self":[{"href":"https:\/\/wisemind.se\/kvinna\/wp-json\/wp\/v2\/pages\/56","targetHints":{"allow":["GET"]}}],"collection":[{"href":"https:\/\/wisemind.se\/kvinna\/wp-json\/wp\/v2\/pages"}],"about":[{"href":"https:\/\/wisemind.se\/kvinna\/wp-json\/wp\/v2\/types\/page"}],"author":[{"embeddable":true,"href":"https:\/\/wisemind.se\/kvinna\/wp-json\/wp\/v2\/users\/2"}],"replies":[{"embeddable":true,"href":"https:\/\/wisemind.se\/kvinna\/wp-json\/wp\/v2\/comments?post=56"}],"version-history":[{"count":3,"href":"https:\/\/wisemind.se\/kvinna\/wp-json\/wp\/v2\/pages\/56\/revisions"}],"predecessor-version":[{"id":12205,"href":"https:\/\/wisemind.se\/kvinna\/wp-json\/wp\/v2\/pages\/56\/revisions\/12205"}],"wp:featuredmedia":[{"embeddable":true,"href":"https:\/\/wisemind.se\/kvinna\/wp-json\/wp\/v2\/media\/10880"}],"wp:attachment":[{"href":"https:\/\/wisemind.se\/kvinna\/wp-json\/wp\/v2\/media?parent=56"}],"curies":[{"name":"wp","href":"https:\/\/api.w.org\/{rel}","templated":true}]}}