{"id":55,"date":"2019-02-08T22:53:27","date_gmt":"2019-02-08T21:53:27","guid":{"rendered":"https:\/\/wisemind.se\/kvinna\/hantera-kris\/"},"modified":"2026-03-31T18:19:07","modified_gmt":"2026-03-31T17:19:07","slug":"amningssvarigheter","status":"publish","type":"page","link":"https:\/\/wisemind.se\/kvinna\/amningssvarigheter\/","title":{"rendered":"Amningssv\u00e5righeter"},"content":{"rendered":"\t\t<div data-elementor-type=\"wp-page\" data-elementor-id=\"55\" class=\"elementor elementor-55\" data-elementor-post-type=\"page\">\n\t\t\t\t\t\t<section class=\"elementor-section elementor-top-section elementor-element elementor-element-774f16d elementor-section-boxed elementor-section-height-default elementor-section-height-default\" data-id=\"774f16d\" data-element_type=\"section\" data-e-type=\"section\">\n\t\t\t\t\t\t<div class=\"elementor-container elementor-column-gap-default\">\n\t\t\t\t\t<div class=\"elementor-column elementor-col-100 elementor-top-column elementor-element elementor-element-b7af966\" data-id=\"b7af966\" data-element_type=\"column\" data-e-type=\"column\">\n\t\t\t<div class=\"elementor-widget-wrap elementor-element-populated\">\n\t\t\t\t\t\t<div class=\"elementor-element elementor-element-77d263b0 elementor-widget elementor-widget-heading\" data-id=\"77d263b0\" data-element_type=\"widget\" data-e-type=\"widget\" data-widget_type=\"heading.default\">\n\t\t\t\t<div class=\"elementor-widget-container\">\n\t\t\t\t\t<h1 class=\"elementor-heading-title elementor-size-default\">Amningssv\u00e5righeter<\/h1>\t\t\t\t<\/div>\n\t\t\t\t<\/div>\n\t\t\t\t<div class=\"elementor-element elementor-element-3185c8f elementor-widget elementor-widget-text-editor\" data-id=\"3185c8f\" data-element_type=\"widget\" data-e-type=\"widget\" data-widget_type=\"text-editor.default\">\n\t\t\t\t<div class=\"elementor-widget-container\">\n\t\t\t\t\t\t\t\t\t<p>Att amma kan vara ett praktiskt och mysigt s\u00e4tt att mata sitt barn. Det kan ocks\u00e5 vara k\u00e4mpigt,\u00a0<span style=\"color: var( --e-global-color-text ); font-family: var( --e-global-typography-text-font-family ), Open Sans; font-weight: var( --e-global-typography-text-font-weight );\">kr\u00e5ngligt,<\/span><span style=\"color: var( --e-global-color-text ); font-family: var( --e-global-typography-text-font-family ), Open Sans; font-weight: var( --e-global-typography-text-font-weight );\">\u00a0<\/span><span style=\"color: var( --e-global-color-text ); font-family: var( --e-global-typography-text-font-family ), Open Sans; font-weight: var( --e-global-typography-text-font-weight );\">sm\u00e4rtsamt och v\u00e4cka m\u00e5nga slags k\u00e4nslor. F\u00f6r den som vill amma sitt barn men inte kan eller upplever sv\u00e5righeter s\u00e5 kan det ut\u00f6ver de eventuella fysiska besv\u00e4ren p\u00e5verka det psykiska m\u00e5endet och sj\u00e4lvbilden. D\u00e5 \u00e4r det inte till mycket hj\u00e4lp att h\u00f6ra uttalanden som &#8221;Alla kan amma&#8221; eller &#8221;Det \u00e4r bara att ge ers\u00e4ttning om det inte fungerar&#8221;. En del kvinnor upplever ocks\u00e5 stark \u00e5ngest eller annat obehag kopplat till de hormoner som \u00e4r kopplade till amningen.<\/span><\/p><p>Till oss \u00e4r du v\u00e4lkommen att komma f\u00f6r att prata om dina tankar, k\u00e4nslor och upplevelser relaterade till att amma. Du som \u00e4r gravid och vill prata om oro kring amning eller hj\u00e4lp att t\u00e4nka kring om du ska v\u00e4lja att amma eller inte \u00e4r ocks\u00e5 v\u00e4lkommen. Vi kan ocks\u00e5 tipsa om kunnig barnmorska och amningsr\u00e5dgivare.<\/p><p>V\u00e4lkommen att <a href=\"https:\/\/wisemind.se\/kvinna\/kontakt\/\">kontakta oss<\/a> f\u00f6r samtal kring amning.<\/p>\t\t\t\t\t\t\t\t<\/div>\n\t\t\t\t<\/div>\n\t\t\t\t\t<\/div>\n\t\t<\/div>\n\t\t\t\t\t<\/div>\n\t\t<\/section>\n\t\t\t\t<\/div>\n\t\t","protected":false},"excerpt":{"rendered":"<p>Amningssv\u00e5righeter Att amma kan vara ett praktiskt och mysigt s\u00e4tt att mata sitt barn. Det kan ocks\u00e5 vara k\u00e4mpigt,\u00a0kr\u00e5ngligt,\u00a0sm\u00e4rtsamt och v\u00e4cka m\u00e5nga slags k\u00e4nslor. F\u00f6r den som vill amma sitt barn men inte kan eller upplever sv\u00e5righeter s\u00e5 kan det ut\u00f6ver de eventuella fysiska besv\u00e4ren p\u00e5verka det psykiska m\u00e5endet och sj\u00e4lvbilden. D\u00e5 \u00e4r det inte [&hellip;]<\/p>\n","protected":false},"author":2,"featured_media":0,"parent":0,"menu_order":3,"comment_status":"closed","ping_status":"closed","template":"elementor_header_footer","meta":{"_monsterinsights_skip_tracking":false,"_monsterinsights_sitenote_active":false,"_monsterinsights_sitenote_note":"","_monsterinsights_sitenote_category":0,"footnotes":""},"class_list":["post-55","page","type-page","status-publish","hentry"],"yoast_head":"<!-- This site is optimized with the Yoast SEO plugin v27.4 - https:\/\/yoast.com\/product\/yoast-seo-wordpress\/ -->\n<title>Amningssv\u00e5righeter - WiseMind Kvinnoh\u00e4lsa<\/title>\n<meta name=\"description\" content=\"Till oss \u00e4r du v\u00e4lkommen att komma f\u00f6r att prata om dina tankar, k\u00e4nslor och upplevelser relaterade till att amma.\" \/>\n<meta name=\"robots\" content=\"index, follow, max-snippet:-1, max-image-preview:large, max-video-preview:-1\" \/>\n<link rel=\"canonical\" href=\"https:\/\/wisemind.se\/kvinna\/amningssvarigheter\/\" \/>\n<meta property=\"og:locale\" content=\"sv_SE\" \/>\n<meta property=\"og:type\" content=\"article\" \/>\n<meta property=\"og:title\" content=\"Amningssv\u00e5righeter - WiseMind Kvinnoh\u00e4lsa\" \/>\n<meta property=\"og:description\" content=\"Till oss \u00e4r du v\u00e4lkommen att komma f\u00f6r att prata om dina tankar, k\u00e4nslor och upplevelser relaterade till att amma.\" \/>\n<meta property=\"og:url\" content=\"https:\/\/wisemind.se\/kvinna\/amningssvarigheter\/\" \/>\n<meta property=\"og:site_name\" content=\"WiseMind Kvinnoh\u00e4lsa\" \/>\n<meta property=\"article:modified_time\" content=\"2026-03-31T17:19:07+00:00\" \/>\n<meta name=\"twitter:card\" content=\"summary_large_image\" \/>\n<meta name=\"twitter:label1\" content=\"Ber\u00e4knad l\u00e4stid\" \/>\n\t<meta name=\"twitter:data1\" content=\"1 minut\" \/>\n<script type=\"application\/ld+json\" class=\"yoast-schema-graph\">{\"@context\":\"https:\\\/\\\/schema.org\",\"@graph\":[{\"@type\":\"WebPage\",\"@id\":\"https:\\\/\\\/wisemind.se\\\/kvinna\\\/amningssvarigheter\\\/\",\"url\":\"https:\\\/\\\/wisemind.se\\\/kvinna\\\/amningssvarigheter\\\/\",\"name\":\"Amningssv\u00e5righeter - WiseMind Kvinnoh\u00e4lsa\",\"isPartOf\":{\"@id\":\"https:\\\/\\\/wisemind.se\\\/kvinna\\\/#website\"},\"datePublished\":\"2019-02-08T21:53:27+00:00\",\"dateModified\":\"2026-03-31T17:19:07+00:00\",\"description\":\"Till oss \u00e4r du v\u00e4lkommen att komma f\u00f6r att prata om dina tankar, k\u00e4nslor och upplevelser relaterade till att amma.\",\"breadcrumb\":{\"@id\":\"https:\\\/\\\/wisemind.se\\\/kvinna\\\/amningssvarigheter\\\/#breadcrumb\"},\"inLanguage\":\"sv-SE\",\"potentialAction\":[{\"@type\":\"ReadAction\",\"target\":[\"https:\\\/\\\/wisemind.se\\\/kvinna\\\/amningssvarigheter\\\/\"]}]},{\"@type\":\"BreadcrumbList\",\"@id\":\"https:\\\/\\\/wisemind.se\\\/kvinna\\\/amningssvarigheter\\\/#breadcrumb\",\"itemListElement\":[{\"@type\":\"ListItem\",\"position\":1,\"name\":\"Hem\",\"item\":\"https:\\\/\\\/wisemind.se\\\/kvinna\\\/\"},{\"@type\":\"ListItem\",\"position\":2,\"name\":\"Amningssv\u00e5righeter\"}]},{\"@type\":\"WebSite\",\"@id\":\"https:\\\/\\\/wisemind.se\\\/kvinna\\\/#website\",\"url\":\"https:\\\/\\\/wisemind.se\\\/kvinna\\\/\",\"name\":\"WiseMind Kvinnoh\u00e4lsa\",\"description\":\"Psykologiskt Kunskapscenter\",\"publisher\":{\"@id\":\"https:\\\/\\\/wisemind.se\\\/kvinna\\\/#organization\"},\"potentialAction\":[{\"@type\":\"SearchAction\",\"target\":{\"@type\":\"EntryPoint\",\"urlTemplate\":\"https:\\\/\\\/wisemind.se\\\/kvinna\\\/?s={search_term_string}\"},\"query-input\":{\"@type\":\"PropertyValueSpecification\",\"valueRequired\":true,\"valueName\":\"search_term_string\"}}],\"inLanguage\":\"sv-SE\"},{\"@type\":\"Organization\",\"@id\":\"https:\\\/\\\/wisemind.se\\\/kvinna\\\/#organization\",\"name\":\"Utveckling och Balans\",\"url\":\"https:\\\/\\\/wisemind.se\\\/kvinna\\\/\",\"logo\":{\"@type\":\"ImageObject\",\"inLanguage\":\"sv-SE\",\"@id\":\"https:\\\/\\\/wisemind.se\\\/kvinna\\\/#\\\/schema\\\/logo\\\/image\\\/\",\"url\":\"https:\\\/\\\/wisemind.se\\\/kvinna\\\/wp-content\\\/uploads\\\/uob-logga-150.png\",\"contentUrl\":\"https:\\\/\\\/wisemind.se\\\/kvinna\\\/wp-content\\\/uploads\\\/uob-logga-150.png\",\"width\":150,\"height\":62,\"caption\":\"Utveckling och Balans\"},\"image\":{\"@id\":\"https:\\\/\\\/wisemind.se\\\/kvinna\\\/#\\\/schema\\\/logo\\\/image\\\/\"}}]}<\/script>\n<!-- \/ Yoast SEO plugin. -->","yoast_head_json":{"title":"Amningssv\u00e5righeter - WiseMind Kvinnoh\u00e4lsa","description":"Till oss \u00e4r du v\u00e4lkommen att komma f\u00f6r att prata om dina tankar, k\u00e4nslor och upplevelser relaterade till att amma.","robots":{"index":"index","follow":"follow","max-snippet":"max-snippet:-1","max-image-preview":"max-image-preview:large","max-video-preview":"max-video-preview:-1"},"canonical":"https:\/\/wisemind.se\/kvinna\/amningssvarigheter\/","og_locale":"sv_SE","og_type":"article","og_title":"Amningssv\u00e5righeter - WiseMind Kvinnoh\u00e4lsa","og_description":"Till oss \u00e4r du v\u00e4lkommen att komma f\u00f6r att prata om dina tankar, k\u00e4nslor och upplevelser relaterade till att amma.","og_url":"https:\/\/wisemind.se\/kvinna\/amningssvarigheter\/","og_site_name":"WiseMind Kvinnoh\u00e4lsa","article_modified_time":"2026-03-31T17:19:07+00:00","twitter_card":"summary_large_image","twitter_misc":{"Ber\u00e4knad l\u00e4stid":"1 minut"},"schema":{"@context":"https:\/\/schema.org","@graph":[{"@type":"WebPage","@id":"https:\/\/wisemind.se\/kvinna\/amningssvarigheter\/","url":"https:\/\/wisemind.se\/kvinna\/amningssvarigheter\/","name":"Amningssv\u00e5righeter - WiseMind Kvinnoh\u00e4lsa","isPartOf":{"@id":"https:\/\/wisemind.se\/kvinna\/#website"},"datePublished":"2019-02-08T21:53:27+00:00","dateModified":"2026-03-31T17:19:07+00:00","description":"Till oss \u00e4r du v\u00e4lkommen att komma f\u00f6r att prata om dina tankar, k\u00e4nslor och upplevelser relaterade till att amma.","breadcrumb":{"@id":"https:\/\/wisemind.se\/kvinna\/amningssvarigheter\/#breadcrumb"},"inLanguage":"sv-SE","potentialAction":[{"@type":"ReadAction","target":["https:\/\/wisemind.se\/kvinna\/amningssvarigheter\/"]}]},{"@type":"BreadcrumbList","@id":"https:\/\/wisemind.se\/kvinna\/amningssvarigheter\/#breadcrumb","itemListElement":[{"@type":"ListItem","position":1,"name":"Hem","item":"https:\/\/wisemind.se\/kvinna\/"},{"@type":"ListItem","position":2,"name":"Amningssv\u00e5righeter"}]},{"@type":"WebSite","@id":"https:\/\/wisemind.se\/kvinna\/#website","url":"https:\/\/wisemind.se\/kvinna\/","name":"WiseMind Kvinnoh\u00e4lsa","description":"Psykologiskt Kunskapscenter","publisher":{"@id":"https:\/\/wisemind.se\/kvinna\/#organization"},"potentialAction":[{"@type":"SearchAction","target":{"@type":"EntryPoint","urlTemplate":"https:\/\/wisemind.se\/kvinna\/?s={search_term_string}"},"query-input":{"@type":"PropertyValueSpecification","valueRequired":true,"valueName":"search_term_string"}}],"inLanguage":"sv-SE"},{"@type":"Organization","@id":"https:\/\/wisemind.se\/kvinna\/#organization","name":"Utveckling och Balans","url":"https:\/\/wisemind.se\/kvinna\/","logo":{"@type":"ImageObject","inLanguage":"sv-SE","@id":"https:\/\/wisemind.se\/kvinna\/#\/schema\/logo\/image\/","url":"https:\/\/wisemind.se\/kvinna\/wp-content\/uploads\/uob-logga-150.png","contentUrl":"https:\/\/wisemind.se\/kvinna\/wp-content\/uploads\/uob-logga-150.png","width":150,"height":62,"caption":"Utveckling och Balans"},"image":{"@id":"https:\/\/wisemind.se\/kvinna\/#\/schema\/logo\/image\/"}}]}},"_links":{"self":[{"href":"https:\/\/wisemind.se\/kvinna\/wp-json\/wp\/v2\/pages\/55","targetHints":{"allow":["GET"]}}],"collection":[{"href":"https:\/\/wisemind.se\/kvinna\/wp-json\/wp\/v2\/pages"}],"about":[{"href":"https:\/\/wisemind.se\/kvinna\/wp-json\/wp\/v2\/types\/page"}],"author":[{"embeddable":true,"href":"https:\/\/wisemind.se\/kvinna\/wp-json\/wp\/v2\/users\/2"}],"replies":[{"embeddable":true,"href":"https:\/\/wisemind.se\/kvinna\/wp-json\/wp\/v2\/comments?post=55"}],"version-history":[{"count":3,"href":"https:\/\/wisemind.se\/kvinna\/wp-json\/wp\/v2\/pages\/55\/revisions"}],"predecessor-version":[{"id":12208,"href":"https:\/\/wisemind.se\/kvinna\/wp-json\/wp\/v2\/pages\/55\/revisions\/12208"}],"wp:attachment":[{"href":"https:\/\/wisemind.se\/kvinna\/wp-json\/wp\/v2\/media?parent=55"}],"curies":[{"name":"wp","href":"https:\/\/api.w.org\/{rel}","templated":true}]}}