{"id":47,"date":"2019-02-08T22:48:25","date_gmt":"2019-02-08T21:48:25","guid":{"rendered":"https:\/\/wisemind.se\/kvinna\/kbt-behandling-av-tvang\/"},"modified":"2026-03-31T18:28:20","modified_gmt":"2026-03-31T17:28:20","slug":"nedsatt-lust","status":"publish","type":"page","link":"https:\/\/wisemind.se\/kvinna\/nedsatt-lust\/","title":{"rendered":"Nedsatt lust"},"content":{"rendered":"\t\t<div data-elementor-type=\"wp-page\" data-elementor-id=\"47\" class=\"elementor elementor-47\" data-elementor-post-type=\"page\">\n\t\t\t\t\t\t<section class=\"elementor-section elementor-top-section elementor-element elementor-element-3b86a62 elementor-section-boxed elementor-section-height-default elementor-section-height-default\" data-id=\"3b86a62\" data-element_type=\"section\" data-e-type=\"section\">\n\t\t\t\t\t\t<div class=\"elementor-container elementor-column-gap-default\">\n\t\t\t\t\t<div class=\"elementor-column elementor-col-100 elementor-top-column elementor-element elementor-element-94c5594\" data-id=\"94c5594\" data-element_type=\"column\" data-e-type=\"column\">\n\t\t\t<div class=\"elementor-widget-wrap elementor-element-populated\">\n\t\t\t\t\t\t<div class=\"elementor-element elementor-element-31498394 elementor-widget elementor-widget-heading\" data-id=\"31498394\" data-element_type=\"widget\" data-e-type=\"widget\" data-widget_type=\"heading.default\">\n\t\t\t\t<div class=\"elementor-widget-container\">\n\t\t\t\t\t<h1 class=\"elementor-heading-title elementor-size-default\">Nedsatt lust<\/h1>\t\t\t\t<\/div>\n\t\t\t\t<\/div>\n\t\t\t\t<div class=\"elementor-element elementor-element-a37497a elementor-widget elementor-widget-text-editor\" data-id=\"a37497a\" data-element_type=\"widget\" data-e-type=\"widget\" data-widget_type=\"text-editor.default\">\n\t\t\t\t<div class=\"elementor-widget-container\">\n\t\t\t\t\t\t\t\t\t<p>Att k\u00e4nna lust och kroppslig njutning kan ge gl\u00e4dje, avslappning och en guldkant p\u00e5 livets tillvaro. Delade upplevelser av lust och njutning \u00e4r f\u00f6r de flesta n\u00e5got man vill att en k\u00e4rleksrelation ska inneh\u00e5lla. Men m\u00e5nga k\u00e4nner att deras lust inte r\u00e4cker till eller att det \u00e4r sv\u00e5rt att hitta till n\u00e5gon sexuell lust alls. Ist\u00e4llet kan man uppleva f\u00f6rs\u00f6ken att hitta till och k\u00e4nna lust som misslyckade prestationer. Men lust g\u00e5r inte att trolla fram n\u00e4r som helst. Kanske \u00e4r det n\u00e5got i livet som skapar stress och g\u00f6r det sv\u00e5rt att slappna av. Kanske har n\u00e5gon tidigare upplevelse gjort att lusten f\u00f6rsvunnit helt. Lusten \u00e4r ocks\u00e5 starkt kopplad till hur vi m\u00e5r. Om du exempelvis \u00e4r v\u00e4ldigt stressad, deprimerad, dina hormoner \u00e4r ur balans eller dina barn g\u00f6r dig tr\u00f6tt eller tar all din energi &#8211; s\u00e5 \u00e4r det troligt att det ocks\u00e5 p\u00e5verkar din lust eller att bara tanken p\u00e5 intimitet hamnar l\u00e5ngt ner p\u00e5 prioriteringslistan.\u00a0\u00a0<\/p><p>N\u00e4r du har sv\u00e5rt att k\u00e4nna lust \u00e4r det vanligt att du blir besviken p\u00e5 dig sj\u00e4lv eller irriterad p\u00e5 din partner f\u00f6r att den vill ha n\u00e4rhet och intimitet och inte du. S\u00e5 ist\u00e4llet f\u00f6r n\u00e5got roligt och lustfyllt blir det ist\u00e4llet en negativ spiral som minskar lusten \u00e4nnu mer. Troligtvis finns det en orsak, \u00e4ven om den inte \u00e4r tydlig. D\u00e5 kan det vara bra att prata med n\u00e5gon, som kan ge en annan infallsvinkel p\u00e5 problemet och kanske f\u00f6resl\u00e5 s\u00e4tt att g\u00e5 till v\u00e4ga.\u00a0<\/p><p>Om man \u00f6nskar att h\u00f6ja sin lust s\u00e5 \u00e4r det ofta till hj\u00e4lp att med olika \u00f6vningar n\u00e4rma sig\u00a0intimitet utan\u00a0f\u00f6rv\u00e4ntningar om\u00a0att det ska\u00a0leda till orgasm eller fullbordat samlag.\u00a0Sensualitetstr\u00e4ning \u00e4r en strukturerad behandlingsform f\u00f6r att tr\u00e4na p\u00e5 n\u00e4rhet och fysisk ber\u00f6ring utifr\u00e5n andra aspekter \u00e4n \u201ckrav\u201d p\u00e5 sex eller samlag, f\u00f6r att f\u00f6rhoppningsvis hitta tillbaka till nyfikenheten och lusten till intimitet.\u00a0<\/p><p>Hos oss p\u00e5 WiseMind kan du i samtal med psykolog f\u00e5 hj\u00e4lp att utreda nedsatt eller f\u00f6rsvunnen sexuell lust, s\u00e5 att du kan hitta tillbaka till den.\u00a0V\u00e4lkommen att <a href=\"https:\/\/wisemind.se\/kvinna\/kontakt\/\">kontakta oss<\/a> f\u00f6r ett r\u00e5dgivande samtal.<\/p>\t\t\t\t\t\t\t\t<\/div>\n\t\t\t\t<\/div>\n\t\t\t\t\t<\/div>\n\t\t<\/div>\n\t\t\t\t\t<\/div>\n\t\t<\/section>\n\t\t\t\t<section class=\"elementor-section elementor-top-section elementor-element elementor-element-5234fb58 elementor-section-full_width elementor-section-height-default elementor-section-height-default\" data-id=\"5234fb58\" data-element_type=\"section\" data-e-type=\"section\">\n\t\t\t\t\t\t<div class=\"elementor-container elementor-column-gap-default\">\n\t\t\t\t\t<div class=\"elementor-column elementor-col-100 elementor-top-column elementor-element elementor-element-6ca27fc4\" data-id=\"6ca27fc4\" data-element_type=\"column\" data-e-type=\"column\" data-settings=\"{&quot;background_background&quot;:&quot;classic&quot;}\">\n\t\t\t<div class=\"elementor-widget-wrap elementor-element-populated\">\n\t\t\t\t\t\t<section class=\"elementor-section elementor-inner-section elementor-element elementor-element-f4716fd elementor-section-boxed elementor-section-height-default elementor-section-height-default\" data-id=\"f4716fd\" data-element_type=\"section\" data-e-type=\"section\" data-settings=\"{&quot;background_background&quot;:&quot;classic&quot;}\">\n\t\t\t\t\t\t<div class=\"elementor-container elementor-column-gap-default\">\n\t\t\t\t\t<div class=\"elementor-column elementor-col-33 elementor-inner-column elementor-element elementor-element-404631ea\" data-id=\"404631ea\" data-element_type=\"column\" data-e-type=\"column\">\n\t\t\t<div class=\"elementor-widget-wrap elementor-element-populated\">\n\t\t\t\t\t\t<div class=\"elementor-element elementor-element-647b9ad6 elementor-align-justify elementor-mobile-align-justify elementor-widget elementor-widget-global elementor-global-2060 elementor-widget-button\" data-id=\"647b9ad6\" data-element_type=\"widget\" data-e-type=\"widget\" data-widget_type=\"button.default\">\n\t\t\t\t<div class=\"elementor-widget-container\">\n\t\t\t\t\t\t\t\t\t<div class=\"elementor-button-wrapper\">\n\t\t\t\t\t<a class=\"elementor-button elementor-button-link elementor-size-sm\" href=\"\/kvinna\/bokning-och-priser\" id=\"info-kv-global\">\n\t\t\t\t\t\t<span class=\"elementor-button-content-wrapper\">\n\t\t\t\t\t\t\t\t\t<span class=\"elementor-button-text\">Prislista<\/span>\n\t\t\t\t\t<\/span>\n\t\t\t\t\t<\/a>\n\t\t\t\t<\/div>\n\t\t\t\t\t\t\t\t<\/div>\n\t\t\t\t<\/div>\n\t\t\t\t\t<\/div>\n\t\t<\/div>\n\t\t\t\t<div class=\"elementor-column elementor-col-33 elementor-inner-column elementor-element elementor-element-33a91d16\" data-id=\"33a91d16\" data-element_type=\"column\" data-e-type=\"column\">\n\t\t\t<div class=\"elementor-widget-wrap elementor-element-populated\">\n\t\t\t\t\t\t<div class=\"elementor-element elementor-element-263f4d0b elementor-align-justify elementor-mobile-align-justify elementor-widget elementor-widget-global elementor-global-10608 elementor-widget-button\" data-id=\"263f4d0b\" data-element_type=\"widget\" data-e-type=\"widget\" data-widget_type=\"button.default\">\n\t\t\t\t<div class=\"elementor-widget-container\">\n\t\t\t\t\t\t\t\t\t<div class=\"elementor-button-wrapper\">\n\t\t\t\t\t<a class=\"elementor-button elementor-button-link elementor-size-sm\" href=\"https:\/\/psykologiteamet.kaddio.com\/booking\/cal\/\" id=\"Boka-kv-global\">\n\t\t\t\t\t\t<span class=\"elementor-button-content-wrapper\">\n\t\t\t\t\t\t\t\t\t<span class=\"elementor-button-text\">Boka tid<\/span>\n\t\t\t\t\t<\/span>\n\t\t\t\t\t<\/a>\n\t\t\t\t<\/div>\n\t\t\t\t\t\t\t\t<\/div>\n\t\t\t\t<\/div>\n\t\t\t\t\t<\/div>\n\t\t<\/div>\n\t\t\t\t<div class=\"elementor-column elementor-col-33 elementor-inner-column elementor-element elementor-element-3b8ea540\" data-id=\"3b8ea540\" data-element_type=\"column\" data-e-type=\"column\">\n\t\t\t<div class=\"elementor-widget-wrap elementor-element-populated\">\n\t\t\t\t\t\t<div class=\"elementor-element elementor-element-4eda5901 elementor-align-justify elementor-mobile-align-justify elementor-widget elementor-widget-global elementor-global-1978 elementor-widget-button\" data-id=\"4eda5901\" data-element_type=\"widget\" data-e-type=\"widget\" data-widget_type=\"button.default\">\n\t\t\t\t<div class=\"elementor-widget-container\">\n\t\t\t\t\t\t\t\t\t<div class=\"elementor-button-wrapper\">\n\t\t\t\t\t<a class=\"elementor-button elementor-button-link elementor-size-sm\" href=\"https:\/\/psykologiteamet.kaddio.com\/contact-us\" id=\"kontakt-kv-global\">\n\t\t\t\t\t\t<span class=\"elementor-button-content-wrapper\">\n\t\t\t\t\t\t\t\t\t<span class=\"elementor-button-text\">Kontakta oss<\/span>\n\t\t\t\t\t<\/span>\n\t\t\t\t\t<\/a>\n\t\t\t\t<\/div>\n\t\t\t\t\t\t\t\t<\/div>\n\t\t\t\t<\/div>\n\t\t\t\t\t<\/div>\n\t\t<\/div>\n\t\t\t\t\t<\/div>\n\t\t<\/section>\n\t\t\t\t\t<\/div>\n\t\t<\/div>\n\t\t\t\t\t<\/div>\n\t\t<\/section>\n\t\t\t\t<\/div>\n\t\t","protected":false},"excerpt":{"rendered":"<p>Nedsatt lust Att k\u00e4nna lust och kroppslig njutning kan ge gl\u00e4dje, avslappning och en guldkant p\u00e5 livets tillvaro. Delade upplevelser av lust och njutning \u00e4r f\u00f6r de flesta n\u00e5got man vill att en k\u00e4rleksrelation ska inneh\u00e5lla. Men m\u00e5nga k\u00e4nner att deras lust inte r\u00e4cker till eller att det \u00e4r sv\u00e5rt att hitta till n\u00e5gon sexuell [&hellip;]<\/p>\n","protected":false},"author":2,"featured_media":0,"parent":0,"menu_order":11,"comment_status":"closed","ping_status":"closed","template":"","meta":{"_monsterinsights_skip_tracking":false,"_monsterinsights_sitenote_active":false,"_monsterinsights_sitenote_note":"","_monsterinsights_sitenote_category":0,"footnotes":""},"class_list":["post-47","page","type-page","status-publish","hentry"],"yoast_head":"<!-- This site is optimized with the Yoast SEO plugin v27.4 - https:\/\/yoast.com\/product\/yoast-seo-wordpress\/ -->\n<title>Nedsatt lust - WiseMind Kvinnoh\u00e4lsa<\/title>\n<meta name=\"description\" content=\"M\u00e5nga har sv\u00e5rt att hitta till sexuell lust eller k\u00e4nner att deras lust inte r\u00e4cker till. F\u00f6rs\u00f6k kan upplevas som misslyckade prestationer.\" \/>\n<meta name=\"robots\" content=\"index, follow, max-snippet:-1, max-image-preview:large, max-video-preview:-1\" \/>\n<link rel=\"canonical\" href=\"https:\/\/wisemind.se\/kvinna\/nedsatt-lust\/\" \/>\n<meta property=\"og:locale\" content=\"sv_SE\" \/>\n<meta property=\"og:type\" content=\"article\" \/>\n<meta property=\"og:title\" content=\"Nedsatt lust - WiseMind Kvinnoh\u00e4lsa\" \/>\n<meta property=\"og:description\" content=\"M\u00e5nga har sv\u00e5rt att hitta till sexuell lust eller k\u00e4nner att deras lust inte r\u00e4cker till. F\u00f6rs\u00f6k kan upplevas som misslyckade prestationer.\" \/>\n<meta property=\"og:url\" content=\"https:\/\/wisemind.se\/kvinna\/nedsatt-lust\/\" \/>\n<meta property=\"og:site_name\" content=\"WiseMind Kvinnoh\u00e4lsa\" \/>\n<meta property=\"article:modified_time\" content=\"2026-03-31T17:28:20+00:00\" \/>\n<meta name=\"twitter:card\" content=\"summary_large_image\" \/>\n<meta name=\"twitter:label1\" content=\"Ber\u00e4knad l\u00e4stid\" \/>\n\t<meta name=\"twitter:data1\" content=\"2 minuter\" \/>\n<script type=\"application\/ld+json\" class=\"yoast-schema-graph\">{\"@context\":\"https:\\\/\\\/schema.org\",\"@graph\":[{\"@type\":\"WebPage\",\"@id\":\"https:\\\/\\\/wisemind.se\\\/kvinna\\\/nedsatt-lust\\\/\",\"url\":\"https:\\\/\\\/wisemind.se\\\/kvinna\\\/nedsatt-lust\\\/\",\"name\":\"Nedsatt lust - WiseMind Kvinnoh\u00e4lsa\",\"isPartOf\":{\"@id\":\"https:\\\/\\\/wisemind.se\\\/kvinna\\\/#website\"},\"datePublished\":\"2019-02-08T21:48:25+00:00\",\"dateModified\":\"2026-03-31T17:28:20+00:00\",\"description\":\"M\u00e5nga har sv\u00e5rt att hitta till sexuell lust eller k\u00e4nner att deras lust inte r\u00e4cker till. F\u00f6rs\u00f6k kan upplevas som misslyckade prestationer.\",\"breadcrumb\":{\"@id\":\"https:\\\/\\\/wisemind.se\\\/kvinna\\\/nedsatt-lust\\\/#breadcrumb\"},\"inLanguage\":\"sv-SE\",\"potentialAction\":[{\"@type\":\"ReadAction\",\"target\":[\"https:\\\/\\\/wisemind.se\\\/kvinna\\\/nedsatt-lust\\\/\"]}]},{\"@type\":\"BreadcrumbList\",\"@id\":\"https:\\\/\\\/wisemind.se\\\/kvinna\\\/nedsatt-lust\\\/#breadcrumb\",\"itemListElement\":[{\"@type\":\"ListItem\",\"position\":1,\"name\":\"Hem\",\"item\":\"https:\\\/\\\/wisemind.se\\\/kvinna\\\/\"},{\"@type\":\"ListItem\",\"position\":2,\"name\":\"Nedsatt lust\"}]},{\"@type\":\"WebSite\",\"@id\":\"https:\\\/\\\/wisemind.se\\\/kvinna\\\/#website\",\"url\":\"https:\\\/\\\/wisemind.se\\\/kvinna\\\/\",\"name\":\"WiseMind Kvinnoh\u00e4lsa\",\"description\":\"Psykologiskt Kunskapscenter\",\"publisher\":{\"@id\":\"https:\\\/\\\/wisemind.se\\\/kvinna\\\/#organization\"},\"potentialAction\":[{\"@type\":\"SearchAction\",\"target\":{\"@type\":\"EntryPoint\",\"urlTemplate\":\"https:\\\/\\\/wisemind.se\\\/kvinna\\\/?s={search_term_string}\"},\"query-input\":{\"@type\":\"PropertyValueSpecification\",\"valueRequired\":true,\"valueName\":\"search_term_string\"}}],\"inLanguage\":\"sv-SE\"},{\"@type\":\"Organization\",\"@id\":\"https:\\\/\\\/wisemind.se\\\/kvinna\\\/#organization\",\"name\":\"Utveckling och Balans\",\"url\":\"https:\\\/\\\/wisemind.se\\\/kvinna\\\/\",\"logo\":{\"@type\":\"ImageObject\",\"inLanguage\":\"sv-SE\",\"@id\":\"https:\\\/\\\/wisemind.se\\\/kvinna\\\/#\\\/schema\\\/logo\\\/image\\\/\",\"url\":\"https:\\\/\\\/wisemind.se\\\/kvinna\\\/wp-content\\\/uploads\\\/uob-logga-150.png\",\"contentUrl\":\"https:\\\/\\\/wisemind.se\\\/kvinna\\\/wp-content\\\/uploads\\\/uob-logga-150.png\",\"width\":150,\"height\":62,\"caption\":\"Utveckling och Balans\"},\"image\":{\"@id\":\"https:\\\/\\\/wisemind.se\\\/kvinna\\\/#\\\/schema\\\/logo\\\/image\\\/\"}}]}<\/script>\n<!-- \/ Yoast SEO plugin. -->","yoast_head_json":{"title":"Nedsatt lust - WiseMind Kvinnoh\u00e4lsa","description":"M\u00e5nga har sv\u00e5rt att hitta till sexuell lust eller k\u00e4nner att deras lust inte r\u00e4cker till. F\u00f6rs\u00f6k kan upplevas som misslyckade prestationer.","robots":{"index":"index","follow":"follow","max-snippet":"max-snippet:-1","max-image-preview":"max-image-preview:large","max-video-preview":"max-video-preview:-1"},"canonical":"https:\/\/wisemind.se\/kvinna\/nedsatt-lust\/","og_locale":"sv_SE","og_type":"article","og_title":"Nedsatt lust - WiseMind Kvinnoh\u00e4lsa","og_description":"M\u00e5nga har sv\u00e5rt att hitta till sexuell lust eller k\u00e4nner att deras lust inte r\u00e4cker till. F\u00f6rs\u00f6k kan upplevas som misslyckade prestationer.","og_url":"https:\/\/wisemind.se\/kvinna\/nedsatt-lust\/","og_site_name":"WiseMind Kvinnoh\u00e4lsa","article_modified_time":"2026-03-31T17:28:20+00:00","twitter_card":"summary_large_image","twitter_misc":{"Ber\u00e4knad l\u00e4stid":"2 minuter"},"schema":{"@context":"https:\/\/schema.org","@graph":[{"@type":"WebPage","@id":"https:\/\/wisemind.se\/kvinna\/nedsatt-lust\/","url":"https:\/\/wisemind.se\/kvinna\/nedsatt-lust\/","name":"Nedsatt lust - WiseMind Kvinnoh\u00e4lsa","isPartOf":{"@id":"https:\/\/wisemind.se\/kvinna\/#website"},"datePublished":"2019-02-08T21:48:25+00:00","dateModified":"2026-03-31T17:28:20+00:00","description":"M\u00e5nga har sv\u00e5rt att hitta till sexuell lust eller k\u00e4nner att deras lust inte r\u00e4cker till. F\u00f6rs\u00f6k kan upplevas som misslyckade prestationer.","breadcrumb":{"@id":"https:\/\/wisemind.se\/kvinna\/nedsatt-lust\/#breadcrumb"},"inLanguage":"sv-SE","potentialAction":[{"@type":"ReadAction","target":["https:\/\/wisemind.se\/kvinna\/nedsatt-lust\/"]}]},{"@type":"BreadcrumbList","@id":"https:\/\/wisemind.se\/kvinna\/nedsatt-lust\/#breadcrumb","itemListElement":[{"@type":"ListItem","position":1,"name":"Hem","item":"https:\/\/wisemind.se\/kvinna\/"},{"@type":"ListItem","position":2,"name":"Nedsatt lust"}]},{"@type":"WebSite","@id":"https:\/\/wisemind.se\/kvinna\/#website","url":"https:\/\/wisemind.se\/kvinna\/","name":"WiseMind Kvinnoh\u00e4lsa","description":"Psykologiskt Kunskapscenter","publisher":{"@id":"https:\/\/wisemind.se\/kvinna\/#organization"},"potentialAction":[{"@type":"SearchAction","target":{"@type":"EntryPoint","urlTemplate":"https:\/\/wisemind.se\/kvinna\/?s={search_term_string}"},"query-input":{"@type":"PropertyValueSpecification","valueRequired":true,"valueName":"search_term_string"}}],"inLanguage":"sv-SE"},{"@type":"Organization","@id":"https:\/\/wisemind.se\/kvinna\/#organization","name":"Utveckling och Balans","url":"https:\/\/wisemind.se\/kvinna\/","logo":{"@type":"ImageObject","inLanguage":"sv-SE","@id":"https:\/\/wisemind.se\/kvinna\/#\/schema\/logo\/image\/","url":"https:\/\/wisemind.se\/kvinna\/wp-content\/uploads\/uob-logga-150.png","contentUrl":"https:\/\/wisemind.se\/kvinna\/wp-content\/uploads\/uob-logga-150.png","width":150,"height":62,"caption":"Utveckling och Balans"},"image":{"@id":"https:\/\/wisemind.se\/kvinna\/#\/schema\/logo\/image\/"}}]}},"_links":{"self":[{"href":"https:\/\/wisemind.se\/kvinna\/wp-json\/wp\/v2\/pages\/47","targetHints":{"allow":["GET"]}}],"collection":[{"href":"https:\/\/wisemind.se\/kvinna\/wp-json\/wp\/v2\/pages"}],"about":[{"href":"https:\/\/wisemind.se\/kvinna\/wp-json\/wp\/v2\/types\/page"}],"author":[{"embeddable":true,"href":"https:\/\/wisemind.se\/kvinna\/wp-json\/wp\/v2\/users\/2"}],"replies":[{"embeddable":true,"href":"https:\/\/wisemind.se\/kvinna\/wp-json\/wp\/v2\/comments?post=47"}],"version-history":[{"count":3,"href":"https:\/\/wisemind.se\/kvinna\/wp-json\/wp\/v2\/pages\/47\/revisions"}],"predecessor-version":[{"id":12238,"href":"https:\/\/wisemind.se\/kvinna\/wp-json\/wp\/v2\/pages\/47\/revisions\/12238"}],"wp:attachment":[{"href":"https:\/\/wisemind.se\/kvinna\/wp-json\/wp\/v2\/media?parent=47"}],"curies":[{"name":"wp","href":"https:\/\/api.w.org\/{rel}","templated":true}]}}