{"id":46,"date":"2019-02-08T22:47:44","date_gmt":"2019-02-08T21:47:44","guid":{"rendered":"https:\/\/wisemind.se\/kvinna\/kbt-behandling-specifik-fobi\/"},"modified":"2025-02-11T10:27:59","modified_gmt":"2025-02-11T09:27:59","slug":"sexuell-identitet","status":"publish","type":"page","link":"https:\/\/wisemind.se\/kvinna\/sexuell-identitet\/","title":{"rendered":"Sexualitet"},"content":{"rendered":"\t\t<div data-elementor-type=\"wp-page\" data-elementor-id=\"46\" class=\"elementor elementor-46\" data-elementor-post-type=\"page\">\n\t\t\t\t\t\t<section class=\"elementor-section elementor-top-section elementor-element elementor-element-8a12e94 elementor-section-boxed elementor-section-height-default elementor-section-height-default\" data-id=\"8a12e94\" data-element_type=\"section\" data-e-type=\"section\">\n\t\t\t\t\t\t<div class=\"elementor-container elementor-column-gap-default\">\n\t\t\t\t\t<div class=\"elementor-column elementor-col-100 elementor-top-column elementor-element elementor-element-6ce0d95\" data-id=\"6ce0d95\" data-element_type=\"column\" data-e-type=\"column\">\n\t\t\t<div class=\"elementor-widget-wrap elementor-element-populated\">\n\t\t\t\t\t\t<div class=\"elementor-element elementor-element-15332ef0 elementor-widget elementor-widget-heading\" data-id=\"15332ef0\" data-element_type=\"widget\" data-e-type=\"widget\" data-widget_type=\"heading.default\">\n\t\t\t\t<div class=\"elementor-widget-container\">\n\t\t\t\t\t<h1 class=\"elementor-heading-title elementor-size-default\">Sexualitet<\/h1>\t\t\t\t<\/div>\n\t\t\t\t<\/div>\n\t\t\t\t\t<\/div>\n\t\t<\/div>\n\t\t\t\t\t<\/div>\n\t\t<\/section>\n\t\t\t\t<section class=\"elementor-section elementor-top-section elementor-element elementor-element-5d06282f elementor-reverse-mobile elementor-section-boxed elementor-section-height-default elementor-section-height-default\" data-id=\"5d06282f\" data-element_type=\"section\" data-e-type=\"section\">\n\t\t\t\t\t\t<div class=\"elementor-container elementor-column-gap-default\">\n\t\t\t\t\t<div class=\"elementor-column elementor-col-50 elementor-top-column elementor-element elementor-element-3d850e85\" data-id=\"3d850e85\" data-element_type=\"column\" data-e-type=\"column\">\n\t\t\t<div class=\"elementor-widget-wrap elementor-element-populated\">\n\t\t\t\t\t\t<div class=\"elementor-element elementor-element-2ef63519 elementor-widget elementor-widget-text-editor\" data-id=\"2ef63519\" data-element_type=\"widget\" data-e-type=\"widget\" data-widget_type=\"text-editor.default\">\n\t\t\t\t<div class=\"elementor-widget-container\">\n\t\t\t\t\t\t\t\t\t<p>Sexualitet \u00e4r ett grundbehov hos oss m\u00e4nniskor och en integrerad del av v\u00e5ra tankar, k\u00e4nslor och beteenden.\u00a0 Det \u00e4r en del av varje m\u00e4nniskas identitet och personlighet.<\/p><h3>Kropp och psykologi<\/h3><p>V\u00e5r sexualitet p\u00e5verkas av v\u00e5r psykiska och fysiska h\u00e4lsa. Samtidigt kommer v\u00e5r sexuella h\u00e4lsa ocks\u00e5 att p\u00e5verka hur vi m\u00e5r psykiskt och fysiskt.\u00a0<\/p><p>Att kropp och psykologi h\u00e4nger ihop blir tydligt inte minst n\u00e4r vi f\u00f6rs\u00f6ker f\u00f6rst\u00e5 m\u00e4nniskans sexualitet och varf\u00f6r besv\u00e4r i underlivet ibland kan vara sv\u00e5ra att f\u00f6rst\u00e5 och behandla med endast medicinsk kunskap.<\/p>\t\t\t\t\t\t\t\t<\/div>\n\t\t\t\t<\/div>\n\t\t\t\t\t<\/div>\n\t\t<\/div>\n\t\t\t\t<div class=\"elementor-column elementor-col-50 elementor-top-column elementor-element elementor-element-e30af99\" data-id=\"e30af99\" data-element_type=\"column\" data-e-type=\"column\">\n\t\t\t<div class=\"elementor-widget-wrap elementor-element-populated\">\n\t\t\t\t\t\t<div class=\"elementor-element elementor-element-bb9ead4 elementor-widget elementor-widget-image\" data-id=\"bb9ead4\" data-element_type=\"widget\" data-e-type=\"widget\" data-widget_type=\"image.default\">\n\t\t\t\t<div class=\"elementor-widget-container\">\n\t\t\t\t\t\t\t\t\t\t\t\t\t\t\t<img fetchpriority=\"high\" decoding=\"async\" width=\"768\" height=\"768\" src=\"https:\/\/wisemind.se\/kvinna\/wp-content\/uploads\/david-dvoracek-WenALu88p7g-unsplash-768x768.jpg\" class=\"attachment-medium_large size-medium_large wp-image-11788\" alt=\"H\u00e4nder\" srcset=\"https:\/\/wisemind.se\/kvinna\/wp-content\/uploads\/david-dvoracek-WenALu88p7g-unsplash-768x768.jpg 768w, https:\/\/wisemind.se\/kvinna\/wp-content\/uploads\/david-dvoracek-WenALu88p7g-unsplash-300x300.jpg 300w, https:\/\/wisemind.se\/kvinna\/wp-content\/uploads\/david-dvoracek-WenALu88p7g-unsplash-1024x1024.jpg 1024w, https:\/\/wisemind.se\/kvinna\/wp-content\/uploads\/david-dvoracek-WenALu88p7g-unsplash-150x150.jpg 150w\" sizes=\"(max-width: 768px) 100vw, 768px\" \/>\t\t\t\t\t\t\t\t\t\t\t\t\t\t\t<\/div>\n\t\t\t\t<\/div>\n\t\t\t\t<div class=\"elementor-element elementor-element-bbff315 elementor-widget elementor-widget-text-editor\" data-id=\"bbff315\" data-element_type=\"widget\" data-e-type=\"widget\" data-widget_type=\"text-editor.default\">\n\t\t\t\t<div class=\"elementor-widget-container\">\n\t\t\t\t\t\t\t\t\t<p><em>V\u00e4rldsh\u00e4lsoorganisationen WHO uttrycker sexualitet som &#8221;energin som driver oss att s\u00f6ka k\u00e4rlek, kontakt, v\u00e4rme och n\u00e4rhet. Den uttrycks i v\u00e5rt s\u00e4tt att k\u00e4nna och v\u00e4cka k\u00e4nslor samt att r\u00f6ra vid varandra&#8221;<\/em><\/p>\t\t\t\t\t\t\t\t<\/div>\n\t\t\t\t<\/div>\n\t\t\t\t\t<\/div>\n\t\t<\/div>\n\t\t\t\t\t<\/div>\n\t\t<\/section>\n\t\t\t\t<section class=\"elementor-section elementor-top-section elementor-element elementor-element-867a777 elementor-section-boxed elementor-section-height-default elementor-section-height-default\" data-id=\"867a777\" data-element_type=\"section\" data-e-type=\"section\">\n\t\t\t\t\t\t<div class=\"elementor-container elementor-column-gap-default\">\n\t\t\t\t\t<div class=\"elementor-column elementor-col-100 elementor-top-column elementor-element elementor-element-eb7c1c4\" data-id=\"eb7c1c4\" data-element_type=\"column\" data-e-type=\"column\">\n\t\t\t<div class=\"elementor-widget-wrap elementor-element-populated\">\n\t\t\t\t\t\t<div class=\"elementor-element elementor-element-b2cdd8b elementor-widget elementor-widget-text-editor\" data-id=\"b2cdd8b\" data-element_type=\"widget\" data-e-type=\"widget\" data-widget_type=\"text-editor.default\">\n\t\t\t\t<div class=\"elementor-widget-container\">\n\t\t\t\t\t\t\t\t\t<h2>Vanliga besv\u00e4r g\u00e4llande sexualitet och underliv<\/h2><p>M\u00e5nga kvinnor drabbas av sv\u00e5righeter som:<\/p><ul><li><a href=\"https:\/\/wisemind.se\/kvinna\/sexuella-problem\/\">Sexuella problem<\/a><\/li><li><a href=\"https:\/\/wisemind.se\/kvinna\/nedsatt-lust\/\">Nedsatt lust<\/a><\/li><li><a href=\"https:\/\/wisemind.se\/kvinna\/vulvovaginal-smarta\/\">Vulvovaginal sm\u00e4rta<\/a><\/li><li><a href=\"https:\/\/wisemind.se\/kvinna\/vaginism\/\">Vaginism<\/a><\/li><li><a href=\"https:\/\/wisemind.se\/kvinna\/vestibulit\/\">Vestibulit<\/a><\/li><li><a href=\"https:\/\/wisemind.se\/kvinna\/endometrios\/\">Endometrios<\/a><\/li><li><a href=\"https:\/\/wisemind.se\/kvinna\/samlagssmarta\/\">Samlagssm\u00e4rta<\/a><\/li><li><a href=\"https:\/\/wisemind.se\/kvinna\/trauma-ptsd\/\">Trauma och PTSD<\/a><\/li><\/ul><h3><strong><br \/><\/strong>Behov av samtal om sexualitet<\/h3><p>V\u00e4lkommen till oss f\u00f6r att prata om relationen till din sexualitet. Samtal kan handla om allt ifr\u00e5n oro, r\u00e4dslor, dr\u00f6mmar, fantasier till funderingar kring sexuell l\u00e4ggning. Du kanske har behov att tala om, f\u00f6rst\u00e5 och kanske bearbeta tidigare relationer och upplevelser. Kanske s\u00f6ker du hj\u00e4lp att finna hur du kan utforska och hitta till en sexualitet du kan trivas med. Vill du ha v\u00e4gledning till en \u00f6kad f\u00f6rst\u00e5else f\u00f6r dina behov, k\u00e4nslor och sexualitet \u00e4r du v\u00e4lkommen att <a href=\"https:\/\/wisemind.se\/kvinna\/kontakt\/\">kontakta oss.<\/a><\/p>\t\t\t\t\t\t\t\t<\/div>\n\t\t\t\t<\/div>\n\t\t\t\t\t<\/div>\n\t\t<\/div>\n\t\t\t\t\t<\/div>\n\t\t<\/section>\n\t\t\t\t<section class=\"elementor-section elementor-top-section elementor-element elementor-element-152d553e elementor-section-full_width elementor-section-height-default elementor-section-height-default\" data-id=\"152d553e\" data-element_type=\"section\" data-e-type=\"section\">\n\t\t\t\t\t\t<div class=\"elementor-container elementor-column-gap-default\">\n\t\t\t\t\t<div class=\"elementor-column elementor-col-100 elementor-top-column elementor-element elementor-element-63774810\" data-id=\"63774810\" data-element_type=\"column\" data-e-type=\"column\" data-settings=\"{&quot;background_background&quot;:&quot;classic&quot;}\">\n\t\t\t<div class=\"elementor-widget-wrap elementor-element-populated\">\n\t\t\t\t\t\t<section class=\"elementor-section elementor-inner-section elementor-element elementor-element-6965ad53 elementor-section-boxed elementor-section-height-default elementor-section-height-default\" data-id=\"6965ad53\" data-element_type=\"section\" data-e-type=\"section\" data-settings=\"{&quot;background_background&quot;:&quot;classic&quot;}\">\n\t\t\t\t\t\t<div class=\"elementor-container elementor-column-gap-default\">\n\t\t\t\t\t<div class=\"elementor-column elementor-col-33 elementor-inner-column elementor-element elementor-element-2a7cca0f\" data-id=\"2a7cca0f\" data-element_type=\"column\" data-e-type=\"column\">\n\t\t\t<div class=\"elementor-widget-wrap elementor-element-populated\">\n\t\t\t\t\t\t<div class=\"elementor-element elementor-element-14bfcb10 elementor-align-justify elementor-mobile-align-justify elementor-widget elementor-widget-global elementor-global-2060 elementor-widget-button\" data-id=\"14bfcb10\" data-element_type=\"widget\" data-e-type=\"widget\" data-widget_type=\"button.default\">\n\t\t\t\t<div class=\"elementor-widget-container\">\n\t\t\t\t\t\t\t\t\t<div class=\"elementor-button-wrapper\">\n\t\t\t\t\t<a class=\"elementor-button elementor-button-link elementor-size-sm\" href=\"\/kvinna\/bokning-och-priser\" id=\"info-kv-global\">\n\t\t\t\t\t\t<span class=\"elementor-button-content-wrapper\">\n\t\t\t\t\t\t\t\t\t<span class=\"elementor-button-text\">Prislista<\/span>\n\t\t\t\t\t<\/span>\n\t\t\t\t\t<\/a>\n\t\t\t\t<\/div>\n\t\t\t\t\t\t\t\t<\/div>\n\t\t\t\t<\/div>\n\t\t\t\t\t<\/div>\n\t\t<\/div>\n\t\t\t\t<div class=\"elementor-column elementor-col-33 elementor-inner-column elementor-element elementor-element-4809d130\" data-id=\"4809d130\" data-element_type=\"column\" data-e-type=\"column\">\n\t\t\t<div class=\"elementor-widget-wrap elementor-element-populated\">\n\t\t\t\t\t\t<div class=\"elementor-element elementor-element-61674365 elementor-align-justify elementor-mobile-align-justify elementor-widget elementor-widget-global elementor-global-10608 elementor-widget-button\" data-id=\"61674365\" data-element_type=\"widget\" data-e-type=\"widget\" data-widget_type=\"button.default\">\n\t\t\t\t<div class=\"elementor-widget-container\">\n\t\t\t\t\t\t\t\t\t<div class=\"elementor-button-wrapper\">\n\t\t\t\t\t<a class=\"elementor-button elementor-button-link elementor-size-sm\" href=\"https:\/\/psykologiteamet.kaddio.com\/booking\/cal\/\" id=\"Boka-kv-global\">\n\t\t\t\t\t\t<span class=\"elementor-button-content-wrapper\">\n\t\t\t\t\t\t\t\t\t<span class=\"elementor-button-text\">Boka tid<\/span>\n\t\t\t\t\t<\/span>\n\t\t\t\t\t<\/a>\n\t\t\t\t<\/div>\n\t\t\t\t\t\t\t\t<\/div>\n\t\t\t\t<\/div>\n\t\t\t\t\t<\/div>\n\t\t<\/div>\n\t\t\t\t<div class=\"elementor-column elementor-col-33 elementor-inner-column elementor-element elementor-element-5fc943e1\" data-id=\"5fc943e1\" data-element_type=\"column\" data-e-type=\"column\">\n\t\t\t<div class=\"elementor-widget-wrap elementor-element-populated\">\n\t\t\t\t\t\t<div class=\"elementor-element elementor-element-1c520ad3 elementor-align-justify elementor-mobile-align-justify elementor-widget elementor-widget-global elementor-global-1978 elementor-widget-button\" data-id=\"1c520ad3\" data-element_type=\"widget\" data-e-type=\"widget\" data-widget_type=\"button.default\">\n\t\t\t\t<div class=\"elementor-widget-container\">\n\t\t\t\t\t\t\t\t\t<div class=\"elementor-button-wrapper\">\n\t\t\t\t\t<a class=\"elementor-button elementor-button-link elementor-size-sm\" href=\"https:\/\/psykologiteamet.kaddio.com\/contact-us\" id=\"kontakt-kv-global\">\n\t\t\t\t\t\t<span class=\"elementor-button-content-wrapper\">\n\t\t\t\t\t\t\t\t\t<span class=\"elementor-button-text\">Kontakta oss<\/span>\n\t\t\t\t\t<\/span>\n\t\t\t\t\t<\/a>\n\t\t\t\t<\/div>\n\t\t\t\t\t\t\t\t<\/div>\n\t\t\t\t<\/div>\n\t\t\t\t\t<\/div>\n\t\t<\/div>\n\t\t\t\t\t<\/div>\n\t\t<\/section>\n\t\t\t\t\t<\/div>\n\t\t<\/div>\n\t\t\t\t\t<\/div>\n\t\t<\/section>\n\t\t\t\t<\/div>\n\t\t","protected":false},"excerpt":{"rendered":"<p>Sexualitet Sexualitet \u00e4r ett grundbehov hos oss m\u00e4nniskor och en integrerad del av v\u00e5ra tankar, k\u00e4nslor och beteenden.\u00a0 Det \u00e4r en del av varje m\u00e4nniskas identitet och personlighet. Kropp och psykologi V\u00e5r sexualitet p\u00e5verkas av v\u00e5r psykiska och fysiska h\u00e4lsa. Samtidigt kommer v\u00e5r sexuella h\u00e4lsa ocks\u00e5 att p\u00e5verka hur vi m\u00e5r psykiskt och fysiskt.\u00a0 Att [&hellip;]<\/p>\n","protected":false},"author":2,"featured_media":0,"parent":0,"menu_order":12,"comment_status":"closed","ping_status":"closed","template":"","meta":{"_monsterinsights_skip_tracking":false,"_monsterinsights_sitenote_active":false,"_monsterinsights_sitenote_note":"","_monsterinsights_sitenote_category":0,"footnotes":""},"class_list":["post-46","page","type-page","status-publish","hentry"],"yoast_head":"<!-- This site is optimized with the Yoast SEO plugin v27.4 - https:\/\/yoast.com\/product\/yoast-seo-wordpress\/ -->\n<title>Sexualitet - WiseMind Kvinnoh\u00e4lsa<\/title>\n<meta name=\"description\" content=\"Sexualitet \u00e4r ett grundbehov hos oss m\u00e4nniskor. Det \u00e4r en del av varje m\u00e4nniskas identitet och personlighet.\" \/>\n<meta name=\"robots\" content=\"index, follow, max-snippet:-1, max-image-preview:large, max-video-preview:-1\" \/>\n<link rel=\"canonical\" href=\"https:\/\/wisemind.se\/kvinna\/sexuell-identitet\/\" \/>\n<meta property=\"og:locale\" content=\"sv_SE\" \/>\n<meta property=\"og:type\" content=\"article\" \/>\n<meta property=\"og:title\" content=\"Sexualitet - WiseMind Kvinnoh\u00e4lsa\" \/>\n<meta property=\"og:description\" content=\"Sexualitet \u00e4r ett grundbehov hos oss m\u00e4nniskor. Det \u00e4r en del av varje m\u00e4nniskas identitet och personlighet.\" \/>\n<meta property=\"og:url\" content=\"https:\/\/wisemind.se\/kvinna\/sexuell-identitet\/\" \/>\n<meta property=\"og:site_name\" content=\"WiseMind Kvinnoh\u00e4lsa\" \/>\n<meta property=\"article:modified_time\" content=\"2025-02-11T09:27:59+00:00\" \/>\n<meta property=\"og:image\" content=\"https:\/\/wisemind.se\/kvinna\/wp-content\/uploads\/david-dvoracek-WenALu88p7g-unsplash.jpg\" \/>\n\t<meta property=\"og:image:width\" content=\"1920\" \/>\n\t<meta property=\"og:image:height\" content=\"1280\" \/>\n\t<meta property=\"og:image:type\" content=\"image\/jpeg\" \/>\n<meta name=\"twitter:card\" content=\"summary_large_image\" \/>\n<meta name=\"twitter:label1\" content=\"Ber\u00e4knad l\u00e4stid\" \/>\n\t<meta name=\"twitter:data1\" content=\"2 minuter\" \/>\n<script type=\"application\/ld+json\" class=\"yoast-schema-graph\">{\"@context\":\"https:\\\/\\\/schema.org\",\"@graph\":[{\"@type\":\"WebPage\",\"@id\":\"https:\\\/\\\/wisemind.se\\\/kvinna\\\/sexuell-identitet\\\/\",\"url\":\"https:\\\/\\\/wisemind.se\\\/kvinna\\\/sexuell-identitet\\\/\",\"name\":\"Sexualitet - WiseMind Kvinnoh\u00e4lsa\",\"isPartOf\":{\"@id\":\"https:\\\/\\\/wisemind.se\\\/kvinna\\\/#website\"},\"primaryImageOfPage\":{\"@id\":\"https:\\\/\\\/wisemind.se\\\/kvinna\\\/sexuell-identitet\\\/#primaryimage\"},\"image\":{\"@id\":\"https:\\\/\\\/wisemind.se\\\/kvinna\\\/sexuell-identitet\\\/#primaryimage\"},\"thumbnailUrl\":\"https:\\\/\\\/wisemind.se\\\/kvinna\\\/wp-content\\\/uploads\\\/david-dvoracek-WenALu88p7g-unsplash-768x768.jpg\",\"datePublished\":\"2019-02-08T21:47:44+00:00\",\"dateModified\":\"2025-02-11T09:27:59+00:00\",\"description\":\"Sexualitet \u00e4r ett grundbehov hos oss m\u00e4nniskor. Det \u00e4r en del av varje m\u00e4nniskas identitet och personlighet.\",\"breadcrumb\":{\"@id\":\"https:\\\/\\\/wisemind.se\\\/kvinna\\\/sexuell-identitet\\\/#breadcrumb\"},\"inLanguage\":\"sv-SE\",\"potentialAction\":[{\"@type\":\"ReadAction\",\"target\":[\"https:\\\/\\\/wisemind.se\\\/kvinna\\\/sexuell-identitet\\\/\"]}]},{\"@type\":\"ImageObject\",\"inLanguage\":\"sv-SE\",\"@id\":\"https:\\\/\\\/wisemind.se\\\/kvinna\\\/sexuell-identitet\\\/#primaryimage\",\"url\":\"https:\\\/\\\/wisemind.se\\\/kvinna\\\/wp-content\\\/uploads\\\/david-dvoracek-WenALu88p7g-unsplash.jpg\",\"contentUrl\":\"https:\\\/\\\/wisemind.se\\\/kvinna\\\/wp-content\\\/uploads\\\/david-dvoracek-WenALu88p7g-unsplash.jpg\",\"width\":1920,\"height\":1280,\"caption\":\"H\u00e4nder\"},{\"@type\":\"BreadcrumbList\",\"@id\":\"https:\\\/\\\/wisemind.se\\\/kvinna\\\/sexuell-identitet\\\/#breadcrumb\",\"itemListElement\":[{\"@type\":\"ListItem\",\"position\":1,\"name\":\"Hem\",\"item\":\"https:\\\/\\\/wisemind.se\\\/kvinna\\\/\"},{\"@type\":\"ListItem\",\"position\":2,\"name\":\"Sexualitet\"}]},{\"@type\":\"WebSite\",\"@id\":\"https:\\\/\\\/wisemind.se\\\/kvinna\\\/#website\",\"url\":\"https:\\\/\\\/wisemind.se\\\/kvinna\\\/\",\"name\":\"WiseMind Kvinnoh\u00e4lsa\",\"description\":\"Psykologiskt Kunskapscenter\",\"publisher\":{\"@id\":\"https:\\\/\\\/wisemind.se\\\/kvinna\\\/#organization\"},\"potentialAction\":[{\"@type\":\"SearchAction\",\"target\":{\"@type\":\"EntryPoint\",\"urlTemplate\":\"https:\\\/\\\/wisemind.se\\\/kvinna\\\/?s={search_term_string}\"},\"query-input\":{\"@type\":\"PropertyValueSpecification\",\"valueRequired\":true,\"valueName\":\"search_term_string\"}}],\"inLanguage\":\"sv-SE\"},{\"@type\":\"Organization\",\"@id\":\"https:\\\/\\\/wisemind.se\\\/kvinna\\\/#organization\",\"name\":\"Utveckling och Balans\",\"url\":\"https:\\\/\\\/wisemind.se\\\/kvinna\\\/\",\"logo\":{\"@type\":\"ImageObject\",\"inLanguage\":\"sv-SE\",\"@id\":\"https:\\\/\\\/wisemind.se\\\/kvinna\\\/#\\\/schema\\\/logo\\\/image\\\/\",\"url\":\"https:\\\/\\\/wisemind.se\\\/kvinna\\\/wp-content\\\/uploads\\\/uob-logga-150.png\",\"contentUrl\":\"https:\\\/\\\/wisemind.se\\\/kvinna\\\/wp-content\\\/uploads\\\/uob-logga-150.png\",\"width\":150,\"height\":62,\"caption\":\"Utveckling och Balans\"},\"image\":{\"@id\":\"https:\\\/\\\/wisemind.se\\\/kvinna\\\/#\\\/schema\\\/logo\\\/image\\\/\"}}]}<\/script>\n<!-- \/ Yoast SEO plugin. -->","yoast_head_json":{"title":"Sexualitet - WiseMind Kvinnoh\u00e4lsa","description":"Sexualitet \u00e4r ett grundbehov hos oss m\u00e4nniskor. Det \u00e4r en del av varje m\u00e4nniskas identitet och personlighet.","robots":{"index":"index","follow":"follow","max-snippet":"max-snippet:-1","max-image-preview":"max-image-preview:large","max-video-preview":"max-video-preview:-1"},"canonical":"https:\/\/wisemind.se\/kvinna\/sexuell-identitet\/","og_locale":"sv_SE","og_type":"article","og_title":"Sexualitet - WiseMind Kvinnoh\u00e4lsa","og_description":"Sexualitet \u00e4r ett grundbehov hos oss m\u00e4nniskor. Det \u00e4r en del av varje m\u00e4nniskas identitet och personlighet.","og_url":"https:\/\/wisemind.se\/kvinna\/sexuell-identitet\/","og_site_name":"WiseMind Kvinnoh\u00e4lsa","article_modified_time":"2025-02-11T09:27:59+00:00","og_image":[{"width":1920,"height":1280,"url":"https:\/\/wisemind.se\/kvinna\/wp-content\/uploads\/david-dvoracek-WenALu88p7g-unsplash.jpg","type":"image\/jpeg"}],"twitter_card":"summary_large_image","twitter_misc":{"Ber\u00e4knad l\u00e4stid":"2 minuter"},"schema":{"@context":"https:\/\/schema.org","@graph":[{"@type":"WebPage","@id":"https:\/\/wisemind.se\/kvinna\/sexuell-identitet\/","url":"https:\/\/wisemind.se\/kvinna\/sexuell-identitet\/","name":"Sexualitet - WiseMind Kvinnoh\u00e4lsa","isPartOf":{"@id":"https:\/\/wisemind.se\/kvinna\/#website"},"primaryImageOfPage":{"@id":"https:\/\/wisemind.se\/kvinna\/sexuell-identitet\/#primaryimage"},"image":{"@id":"https:\/\/wisemind.se\/kvinna\/sexuell-identitet\/#primaryimage"},"thumbnailUrl":"https:\/\/wisemind.se\/kvinna\/wp-content\/uploads\/david-dvoracek-WenALu88p7g-unsplash-768x768.jpg","datePublished":"2019-02-08T21:47:44+00:00","dateModified":"2025-02-11T09:27:59+00:00","description":"Sexualitet \u00e4r ett grundbehov hos oss m\u00e4nniskor. Det \u00e4r en del av varje m\u00e4nniskas identitet och personlighet.","breadcrumb":{"@id":"https:\/\/wisemind.se\/kvinna\/sexuell-identitet\/#breadcrumb"},"inLanguage":"sv-SE","potentialAction":[{"@type":"ReadAction","target":["https:\/\/wisemind.se\/kvinna\/sexuell-identitet\/"]}]},{"@type":"ImageObject","inLanguage":"sv-SE","@id":"https:\/\/wisemind.se\/kvinna\/sexuell-identitet\/#primaryimage","url":"https:\/\/wisemind.se\/kvinna\/wp-content\/uploads\/david-dvoracek-WenALu88p7g-unsplash.jpg","contentUrl":"https:\/\/wisemind.se\/kvinna\/wp-content\/uploads\/david-dvoracek-WenALu88p7g-unsplash.jpg","width":1920,"height":1280,"caption":"H\u00e4nder"},{"@type":"BreadcrumbList","@id":"https:\/\/wisemind.se\/kvinna\/sexuell-identitet\/#breadcrumb","itemListElement":[{"@type":"ListItem","position":1,"name":"Hem","item":"https:\/\/wisemind.se\/kvinna\/"},{"@type":"ListItem","position":2,"name":"Sexualitet"}]},{"@type":"WebSite","@id":"https:\/\/wisemind.se\/kvinna\/#website","url":"https:\/\/wisemind.se\/kvinna\/","name":"WiseMind Kvinnoh\u00e4lsa","description":"Psykologiskt Kunskapscenter","publisher":{"@id":"https:\/\/wisemind.se\/kvinna\/#organization"},"potentialAction":[{"@type":"SearchAction","target":{"@type":"EntryPoint","urlTemplate":"https:\/\/wisemind.se\/kvinna\/?s={search_term_string}"},"query-input":{"@type":"PropertyValueSpecification","valueRequired":true,"valueName":"search_term_string"}}],"inLanguage":"sv-SE"},{"@type":"Organization","@id":"https:\/\/wisemind.se\/kvinna\/#organization","name":"Utveckling och Balans","url":"https:\/\/wisemind.se\/kvinna\/","logo":{"@type":"ImageObject","inLanguage":"sv-SE","@id":"https:\/\/wisemind.se\/kvinna\/#\/schema\/logo\/image\/","url":"https:\/\/wisemind.se\/kvinna\/wp-content\/uploads\/uob-logga-150.png","contentUrl":"https:\/\/wisemind.se\/kvinna\/wp-content\/uploads\/uob-logga-150.png","width":150,"height":62,"caption":"Utveckling och Balans"},"image":{"@id":"https:\/\/wisemind.se\/kvinna\/#\/schema\/logo\/image\/"}}]}},"_links":{"self":[{"href":"https:\/\/wisemind.se\/kvinna\/wp-json\/wp\/v2\/pages\/46","targetHints":{"allow":["GET"]}}],"collection":[{"href":"https:\/\/wisemind.se\/kvinna\/wp-json\/wp\/v2\/pages"}],"about":[{"href":"https:\/\/wisemind.se\/kvinna\/wp-json\/wp\/v2\/types\/page"}],"author":[{"embeddable":true,"href":"https:\/\/wisemind.se\/kvinna\/wp-json\/wp\/v2\/users\/2"}],"replies":[{"embeddable":true,"href":"https:\/\/wisemind.se\/kvinna\/wp-json\/wp\/v2\/comments?post=46"}],"version-history":[{"count":3,"href":"https:\/\/wisemind.se\/kvinna\/wp-json\/wp\/v2\/pages\/46\/revisions"}],"predecessor-version":[{"id":11970,"href":"https:\/\/wisemind.se\/kvinna\/wp-json\/wp\/v2\/pages\/46\/revisions\/11970"}],"wp:attachment":[{"href":"https:\/\/wisemind.se\/kvinna\/wp-json\/wp\/v2\/media?parent=46"}],"curies":[{"name":"wp","href":"https:\/\/api.w.org\/{rel}","templated":true}]}}