{"id":4569,"date":"2021-04-12T11:38:56","date_gmt":"2021-04-12T10:38:56","guid":{"rendered":"https:\/\/wisemind.se\/kvinna\/?page_id=4569"},"modified":"2025-07-08T14:29:52","modified_gmt":"2025-07-08T13:29:52","slug":"agnes","status":"publish","type":"page","link":"https:\/\/wisemind.se\/kvinna\/agnes\/","title":{"rendered":"Agnes"},"content":{"rendered":"\t\t<div data-elementor-type=\"wp-page\" data-elementor-id=\"4569\" class=\"elementor elementor-4569\" data-elementor-post-type=\"page\">\n\t\t\t\t\t\t<section class=\"elementor-section elementor-top-section elementor-element elementor-element-6013f37b elementor-section-boxed elementor-section-height-default elementor-section-height-default\" data-id=\"6013f37b\" data-element_type=\"section\" data-e-type=\"section\">\n\t\t\t\t\t\t<div class=\"elementor-container elementor-column-gap-default\">\n\t\t\t\t\t<div class=\"elementor-column elementor-col-100 elementor-top-column elementor-element elementor-element-7bc618d9\" data-id=\"7bc618d9\" data-element_type=\"column\" data-e-type=\"column\">\n\t\t\t<div class=\"elementor-widget-wrap elementor-element-populated\">\n\t\t\t\t\t\t<div class=\"elementor-element elementor-element-2d7071ce elementor-widget elementor-widget-heading\" data-id=\"2d7071ce\" data-element_type=\"widget\" data-e-type=\"widget\" data-widget_type=\"heading.default\">\n\t\t\t\t<div class=\"elementor-widget-container\">\n\t\t\t\t\t<h3 class=\"elementor-heading-title elementor-size-default\">Agnes Granberg<\/h3>\t\t\t\t<\/div>\n\t\t\t\t<\/div>\n\t\t\t\t\t<\/div>\n\t\t<\/div>\n\t\t\t\t\t<\/div>\n\t\t<\/section>\n\t\t\t\t<section class=\"elementor-section elementor-top-section elementor-element elementor-element-4d8befcb elementor-section-boxed elementor-section-height-default elementor-section-height-default\" data-id=\"4d8befcb\" data-element_type=\"section\" data-e-type=\"section\">\n\t\t\t\t\t\t<div class=\"elementor-container elementor-column-gap-default\">\n\t\t\t\t\t<div class=\"elementor-column elementor-col-100 elementor-top-column elementor-element elementor-element-42b193d6\" data-id=\"42b193d6\" data-element_type=\"column\" data-e-type=\"column\">\n\t\t\t<div class=\"elementor-widget-wrap elementor-element-populated\">\n\t\t\t\t\t\t<div class=\"elementor-element elementor-element-78669b12 elementor-widget elementor-widget-image\" data-id=\"78669b12\" data-element_type=\"widget\" data-e-type=\"widget\" data-widget_type=\"image.default\">\n\t\t\t\t<div class=\"elementor-widget-container\">\n\t\t\t\t\t\t\t\t\t\t\t\t\t\t\t<img fetchpriority=\"high\" decoding=\"async\" width=\"800\" height=\"1200\" src=\"https:\/\/wisemind.se\/kvinna\/wp-content\/uploads\/IMG_7565-Agnes-800px.jpg\" class=\"attachment-full size-full wp-image-12065\" alt=\"Agnes Granberg\" \/>\t\t\t\t\t\t\t\t\t\t\t\t\t\t\t<\/div>\n\t\t\t\t<\/div>\n\t\t\t\t<div class=\"elementor-element elementor-element-27ac4795 elementor-widget elementor-widget-text-editor\" data-id=\"27ac4795\" data-element_type=\"widget\" data-e-type=\"widget\" data-widget_type=\"text-editor.default\">\n\t\t\t\t<div class=\"elementor-widget-container\">\n\t\t\t\t\t\t\t\t\t<p>Leg. psykolog, specialist i h\u00e4lsopsykologi, utbildning till KBT-terapeut, fil. kand. i statsvetenskap.<\/p><p>Utifr\u00e5n egna erfarenheter av kunskapsbrist inom v\u00e5rden i kombination med min nyfikenhet och vilja att b\u00e4ttre f\u00f6rs\u00f6ka hj\u00e4lpa de klienter jag m\u00f6tt s\u00e5 uppstod id\u00e9n kring ett kunskapscenter f\u00f6r kvinnoh\u00e4lsa. Genom min specialisering inom h\u00e4lsopsykologi fick jag m\u00f6jlighet att f\u00f6rdjupa mig g\u00e4llande beteendemedicin, hur kropp och psykologi h\u00e4nger ihop samt om kvinnors och familjers h\u00e4lsa.<\/p><p><span style=\"color: var( --e-global-color-text ); font-family: var( --e-global-typography-text-font-family ), Open Sans; font-size: var( --e-global-typography-text-font-size ); font-weight: var( --e-global-typography-text-font-weight );\"><em><strong>Kvinnoh\u00e4lsa<\/strong><\/em><br \/>Inom kvinnoh\u00e4lsa har jag kunskap om och hj\u00e4lper g\u00e4rna dig som upplever problemomr\u00e5den som\u00a0<\/span><span style=\"color: var( --e-global-color-text ); font-family: var( --e-global-typography-text-font-family ), Open Sans; font-size: var( --e-global-typography-text-font-size ); font-weight: var( --e-global-typography-text-font-weight );\">PMS, PMDS, endometrios,\u00a0<\/span><span style=\"color: var( --e-global-color-text ); font-family: var( --e-global-typography-text-font-family ), Open Sans; font-size: var( --e-global-typography-text-font-size ); font-weight: var( --e-global-typography-text-font-weight );\">vulvovaginal sm\u00e4rta (andra namn som beskriver detta \u00e4r samlagssm\u00e4rta, vaginism, vestibulit), klimakteriebesv\u00e4r och PCOS. Jag st\u00f6djer \u00e4ven g\u00e4rna den som \u00f6nskar bli eller har blivit f\u00f6r\u00e4lder, ex. <\/span><span style=\"color: var( --e-global-color-text ); font-family: var( --e-global-typography-text-font-family ), Open Sans; font-size: var( --e-global-typography-text-font-size ); font-weight: var( --e-global-typography-text-font-weight );\">st\u00f6d i samband med IVF-behandling, graviditet, f\u00f6rlossningsf\u00f6rberedelse\/f\u00f6rlossningsr\u00e4dsla. F\u00f6r den som blivit f\u00f6r\u00e4lder st\u00f6djer jag g\u00e4rna vid psykisk oh\u00e4lsa, ex. f\u00f6rlossningsdepression, tv\u00e5ngstankar, \u00e5ngest eller krisreaktioner som inte alls \u00e4r ovanligt att det kan komma i samband med att bli f\u00f6r\u00e4lder. Det kan ocks\u00e5 beh\u00f6vas <\/span><span style=\"color: var( --e-global-color-text ); font-family: var( --e-global-typography-text-font-family ), Open Sans; font-size: var( --e-global-typography-text-font-size ); font-weight: var( --e-global-typography-text-font-weight );\">bearbetning efter traumatisk f\u00f6rlossningsupplevelse vilket \u00e4r viktigt att inte v\u00e4nta f\u00f6r l\u00e4nge med att f\u00e5 hj\u00e4lp kring.<br \/><br \/>Jag \u00e4r utbildad och ger kurser i metoden <em>F\u00f6da utan r\u00e4dsla\/Birth by heart <\/em>och anv\u00e4nder \u00e4ven g\u00e4rna andra kunskaper jag har i till\u00e4gg till denna metod f\u00f6r arbete med f\u00f6r\u00e4ldra- och f\u00f6rlossningsf\u00f6rberedelse.<\/span><\/p><p><em><strong>Utmattning &amp; annan stressrelaterad oh\u00e4lsa<\/strong><\/em><br \/>Jag har genom \u00e5ren som psykolog m\u00f6tt m\u00e5nga kvinnor som har kr\u00e4vande arbeten, allt ifr\u00e5n chefsroller till att man har kr\u00e4vande jobb inom ex. v\u00e5rd och skola med samtidiga krav hemifr\u00e5n, vilket g\u00f6r det sv\u00e5rt att finna till balans och \u00e5terh\u00e4mtning. Min egna erfarenhet av att kombinera arbetsliv, d\u00e4ribland bygga upp och leda verksamheter och k\u00e4nna engagemang i mitt jobb, samtidigt som jag haft det s\u00e5 kallade livspusslet med att vara flerbarns-f\u00f6r\u00e4lder har gjort mig \u00f6dmjuk inf\u00f6r uppgiften m\u00e5nga kvinnor (och \u00e4ven m\u00e4n) st\u00e5r inf\u00f6r idag.\u00a0<\/p><p>Stresshantering, utmattningssyndrom och annan stressrelaterad oh\u00e4lsa samt <span style=\"color: var( --e-global-color-text ); font-family: var( --e-global-typography-text-font-family ), Open Sans; font-size: var( --e-global-typography-text-font-size ); font-weight: var( --e-global-typography-text-font-weight );\">negativ sj\u00e4lvbild och \u00e4tst\u00f6rningar \u00e4r vanliga problemomr\u00e5den hos de kvinnor jag tr\u00e4ffar f\u00f6r psykologisk behandling.\u00a0<\/span><span style=\"color: var( --e-global-color-text ); font-family: var( --e-global-typography-text-font-family ), Open Sans; font-size: var( --e-global-typography-text-font-size ); font-weight: var( --e-global-typography-text-font-weight );\">Utmaningen med att hitta till balans i livet, ex. d\u00e5 h\u00f6ga krav finns i arbetet och\/eller hemma, eller orimliga krav man sj\u00e4lv har satt upp \u00e4r ocks\u00e5 n\u00e5got jag tycker \u00e4r roligt och viktigt att arbeta med. Kvinnor i riskgrupper f\u00f6r stressrelaterad oh\u00e4lsa, ex. inom v\u00e5rd och omsorg, med barn med sv\u00e5righeter eller i ledande roller kan ha god hj\u00e4lp av att f\u00e5 st\u00f6d i att arbeta f\u00f6rebyggande g\u00e4llande sin h\u00e4lsa.\u00a0<br \/><\/span><\/p><p><em><strong>Mer om hur jag arbetar<\/strong><\/em><br \/>Jag tycker att det \u00e4r ett helt fantastiskt arbete att vara psykolog och att f\u00e5 f\u00f6lja med en bit p\u00e5 v\u00e4gen i kritiska skeden i m\u00e4nniskors och familjers liv. I utredning tycker jag att det \u00e4r viktigt att f\u00f6rst\u00e5 b\u00e5de vad som fungerar och vilka styrkor den jag m\u00f6ter har samtidigt som man f\u00f6rs\u00f6ker hitta den b\u00e4sta f\u00f6rklaringsmodellen f\u00f6r det som blir sv\u00e5rt i personens liv. I behandlingskontakter vill jag vara \u00f6ppen, \u00e4rlig och ser det som att jag f\u00f6rhoppningsvis kan l\u00e4gga ett pussel tillsammans med den jag hj\u00e4lper s\u00e5 att vi tillsammans kan finna bra behandlingsmetoder och l\u00f6sningar att prova. Jag har min grundutbildning i KBT men arbetar \u00e4ven med flertalet andra metoder som har visat sig kunna vara till hj\u00e4lp i forskning.\u00a0<\/p><p><em><strong>Lite mer om mig<\/strong><\/em><br \/>Som person \u00e4r jag nyfiken med en \u00f6nskan att alltid f\u00f6rst\u00e5 och l\u00e4ra mer vilket gjort att jag sedan jag tog psykologexamen \u00e5r 2012 har hunnit arbeta med flera olika omr\u00e5den som psykolog. Utifr\u00e5n \u00f6nskan att hj\u00e4lpa och p\u00e5verka arbetar jag fortsatt med b\u00e5de kliniskt arbete p\u00e5 v\u00e5r psykologmottagning och \u00f6vrig tid med utbildningar, verksamhetsutveckling och andra projekt inom psykologins kunskapsf\u00e4lt. Mitt stora intresse f\u00f6r tv\u00e4rvetenskaplig kunskap g\u00f6r att jag k\u00e4nt behovet av att berika mina kunskaper om psykologi med en rad andra \u00e4mnesomr\u00e5den, d\u00e4ribland klinisk sexologi och \u00e4ven studera vidare till specialistpsykolog. Ibland kan jag i psykologisk behandling \u00e4ven ta hj\u00e4lp av kunskaper om fysiologi, tr\u00e4ning och n\u00e4ringsl\u00e4ra som jag har med mig fr\u00e5n d\u00e5 jag, f\u00f6re psykologexamen, arbetade bl.a. som personlig tr\u00e4nare, yoga- pilates och dansl\u00e4rare samt med andra h\u00e4lsofr\u00e4mjande aktiviteter. I \u00f6nskan att l\u00e4ra om m\u00e4nniskans s\u00e4tt att fungera och samh\u00e4llet har jag studerat och arbetat med flera olika omr\u00e5den. Jag t\u00e4nker att jag aldrig ska sluta l\u00e4ra nytt.<\/p>\t\t\t\t\t\t\t\t<\/div>\n\t\t\t\t<\/div>\n\t\t\t\t\t<\/div>\n\t\t<\/div>\n\t\t\t\t\t<\/div>\n\t\t<\/section>\n\t\t\t\t<section class=\"elementor-section elementor-top-section elementor-element elementor-element-694f50f9 elementor-section-full_width elementor-section-height-default elementor-section-height-default\" data-id=\"694f50f9\" data-element_type=\"section\" data-e-type=\"section\">\n\t\t\t\t\t\t<div class=\"elementor-container elementor-column-gap-default\">\n\t\t\t\t\t<div class=\"elementor-column elementor-col-100 elementor-top-column elementor-element elementor-element-2f166064\" data-id=\"2f166064\" data-element_type=\"column\" data-e-type=\"column\" data-settings=\"{&quot;background_background&quot;:&quot;classic&quot;}\">\n\t\t\t<div class=\"elementor-widget-wrap elementor-element-populated\">\n\t\t\t\t\t\t<section class=\"elementor-section elementor-inner-section elementor-element elementor-element-454fd5f elementor-section-boxed elementor-section-height-default elementor-section-height-default\" data-id=\"454fd5f\" data-element_type=\"section\" data-e-type=\"section\" data-settings=\"{&quot;background_background&quot;:&quot;classic&quot;}\">\n\t\t\t\t\t\t<div class=\"elementor-container elementor-column-gap-default\">\n\t\t\t\t\t<div class=\"elementor-column elementor-col-33 elementor-inner-column elementor-element elementor-element-2dde372d\" data-id=\"2dde372d\" data-element_type=\"column\" data-e-type=\"column\">\n\t\t\t<div class=\"elementor-widget-wrap elementor-element-populated\">\n\t\t\t\t\t\t<div class=\"elementor-element elementor-element-3c9df84a elementor-align-justify elementor-mobile-align-justify elementor-widget elementor-widget-global elementor-global-2060 elementor-widget-button\" data-id=\"3c9df84a\" data-element_type=\"widget\" data-e-type=\"widget\" data-widget_type=\"button.default\">\n\t\t\t\t<div class=\"elementor-widget-container\">\n\t\t\t\t\t\t\t\t\t<div class=\"elementor-button-wrapper\">\n\t\t\t\t\t<a class=\"elementor-button elementor-button-link elementor-size-sm\" href=\"\/kvinna\/bokning-och-priser\" id=\"info-kv-global\">\n\t\t\t\t\t\t<span class=\"elementor-button-content-wrapper\">\n\t\t\t\t\t\t\t\t\t<span class=\"elementor-button-text\">Prislista<\/span>\n\t\t\t\t\t<\/span>\n\t\t\t\t\t<\/a>\n\t\t\t\t<\/div>\n\t\t\t\t\t\t\t\t<\/div>\n\t\t\t\t<\/div>\n\t\t\t\t\t<\/div>\n\t\t<\/div>\n\t\t\t\t<div class=\"elementor-column elementor-col-33 elementor-inner-column elementor-element elementor-element-14c3f6c5\" data-id=\"14c3f6c5\" data-element_type=\"column\" data-e-type=\"column\">\n\t\t\t<div class=\"elementor-widget-wrap elementor-element-populated\">\n\t\t\t\t\t\t<div class=\"elementor-element elementor-element-778deca4 elementor-align-justify elementor-mobile-align-justify elementor-widget elementor-widget-global elementor-global-10608 elementor-widget-button\" data-id=\"778deca4\" data-element_type=\"widget\" data-e-type=\"widget\" data-widget_type=\"button.default\">\n\t\t\t\t<div class=\"elementor-widget-container\">\n\t\t\t\t\t\t\t\t\t<div class=\"elementor-button-wrapper\">\n\t\t\t\t\t<a class=\"elementor-button elementor-button-link elementor-size-sm\" href=\"https:\/\/psykologiteamet.kaddio.com\/booking\/cal\/\" id=\"Boka-kv-global\">\n\t\t\t\t\t\t<span class=\"elementor-button-content-wrapper\">\n\t\t\t\t\t\t\t\t\t<span class=\"elementor-button-text\">Boka tid<\/span>\n\t\t\t\t\t<\/span>\n\t\t\t\t\t<\/a>\n\t\t\t\t<\/div>\n\t\t\t\t\t\t\t\t<\/div>\n\t\t\t\t<\/div>\n\t\t\t\t\t<\/div>\n\t\t<\/div>\n\t\t\t\t<div class=\"elementor-column elementor-col-33 elementor-inner-column elementor-element elementor-element-229a1fd2\" data-id=\"229a1fd2\" data-element_type=\"column\" data-e-type=\"column\">\n\t\t\t<div class=\"elementor-widget-wrap elementor-element-populated\">\n\t\t\t\t\t\t<div class=\"elementor-element elementor-element-3f4dcc5b elementor-align-justify elementor-mobile-align-justify elementor-widget elementor-widget-global elementor-global-1978 elementor-widget-button\" data-id=\"3f4dcc5b\" data-element_type=\"widget\" data-e-type=\"widget\" data-widget_type=\"button.default\">\n\t\t\t\t<div class=\"elementor-widget-container\">\n\t\t\t\t\t\t\t\t\t<div class=\"elementor-button-wrapper\">\n\t\t\t\t\t<a class=\"elementor-button elementor-button-link elementor-size-sm\" href=\"https:\/\/psykologiteamet.kaddio.com\/contact-us\" id=\"kontakt-kv-global\">\n\t\t\t\t\t\t<span class=\"elementor-button-content-wrapper\">\n\t\t\t\t\t\t\t\t\t<span class=\"elementor-button-text\">Kontakta oss<\/span>\n\t\t\t\t\t<\/span>\n\t\t\t\t\t<\/a>\n\t\t\t\t<\/div>\n\t\t\t\t\t\t\t\t<\/div>\n\t\t\t\t<\/div>\n\t\t\t\t\t<\/div>\n\t\t<\/div>\n\t\t\t\t\t<\/div>\n\t\t<\/section>\n\t\t\t\t\t<\/div>\n\t\t<\/div>\n\t\t\t\t\t<\/div>\n\t\t<\/section>\n\t\t\t\t<\/div>\n\t\t","protected":false},"excerpt":{"rendered":"<p>Agnes Granberg Leg. psykolog, specialist i h\u00e4lsopsykologi, utbildning till KBT-terapeut, fil. kand. i statsvetenskap. Utifr\u00e5n egna erfarenheter av kunskapsbrist inom v\u00e5rden i kombination med min nyfikenhet och vilja att b\u00e4ttre f\u00f6rs\u00f6ka hj\u00e4lpa de klienter jag m\u00f6tt s\u00e5 uppstod id\u00e9n kring ett kunskapscenter f\u00f6r kvinnoh\u00e4lsa. Genom min specialisering inom h\u00e4lsopsykologi fick jag m\u00f6jlighet att f\u00f6rdjupa mig [&hellip;]<\/p>\n","protected":false},"author":2,"featured_media":0,"parent":0,"menu_order":0,"comment_status":"closed","ping_status":"closed","template":"","meta":{"_monsterinsights_skip_tracking":false,"_monsterinsights_sitenote_active":false,"_monsterinsights_sitenote_note":"","_monsterinsights_sitenote_category":0,"footnotes":""},"class_list":["post-4569","page","type-page","status-publish","hentry"],"yoast_head":"<!-- This site is optimized with the Yoast SEO plugin v27.4 - https:\/\/yoast.com\/product\/yoast-seo-wordpress\/ -->\n<title>Agnes - WiseMind Kvinnoh\u00e4lsa<\/title>\n<meta name=\"robots\" content=\"index, follow, max-snippet:-1, max-image-preview:large, max-video-preview:-1\" \/>\n<link rel=\"canonical\" href=\"https:\/\/wisemind.se\/kvinna\/agnes\/\" \/>\n<meta property=\"og:locale\" content=\"sv_SE\" \/>\n<meta property=\"og:type\" content=\"article\" \/>\n<meta property=\"og:title\" content=\"Agnes - WiseMind Kvinnoh\u00e4lsa\" \/>\n<meta property=\"og:description\" content=\"Agnes Granberg Leg. psykolog, specialist i h\u00e4lsopsykologi, utbildning till KBT-terapeut, fil. kand. i statsvetenskap. Utifr\u00e5n egna erfarenheter av kunskapsbrist inom v\u00e5rden i kombination med min nyfikenhet och vilja att b\u00e4ttre f\u00f6rs\u00f6ka hj\u00e4lpa de klienter jag m\u00f6tt s\u00e5 uppstod id\u00e9n kring ett kunskapscenter f\u00f6r kvinnoh\u00e4lsa. Genom min specialisering inom h\u00e4lsopsykologi fick jag m\u00f6jlighet att f\u00f6rdjupa mig [&hellip;]\" \/>\n<meta property=\"og:url\" content=\"https:\/\/wisemind.se\/kvinna\/agnes\/\" \/>\n<meta property=\"og:site_name\" content=\"WiseMind Kvinnoh\u00e4lsa\" \/>\n<meta property=\"article:modified_time\" content=\"2025-07-08T13:29:52+00:00\" \/>\n<meta property=\"og:image\" content=\"https:\/\/wisemind.se\/kvinna\/wp-content\/uploads\/IMG_7565-Agnes-800px.jpg\" \/>\n\t<meta property=\"og:image:width\" content=\"800\" \/>\n\t<meta property=\"og:image:height\" content=\"1200\" \/>\n\t<meta property=\"og:image:type\" content=\"image\/jpeg\" \/>\n<meta name=\"twitter:card\" content=\"summary_large_image\" \/>\n<meta name=\"twitter:label1\" content=\"Ber\u00e4knad l\u00e4stid\" \/>\n\t<meta name=\"twitter:data1\" content=\"4 minuter\" \/>\n<script type=\"application\/ld+json\" class=\"yoast-schema-graph\">{\"@context\":\"https:\\\/\\\/schema.org\",\"@graph\":[{\"@type\":\"WebPage\",\"@id\":\"https:\\\/\\\/wisemind.se\\\/kvinna\\\/agnes\\\/\",\"url\":\"https:\\\/\\\/wisemind.se\\\/kvinna\\\/agnes\\\/\",\"name\":\"Agnes - WiseMind Kvinnoh\u00e4lsa\",\"isPartOf\":{\"@id\":\"https:\\\/\\\/wisemind.se\\\/kvinna\\\/#website\"},\"primaryImageOfPage\":{\"@id\":\"https:\\\/\\\/wisemind.se\\\/kvinna\\\/agnes\\\/#primaryimage\"},\"image\":{\"@id\":\"https:\\\/\\\/wisemind.se\\\/kvinna\\\/agnes\\\/#primaryimage\"},\"thumbnailUrl\":\"https:\\\/\\\/wisemind.se\\\/kvinna\\\/wp-content\\\/uploads\\\/IMG_7565-Agnes-800px.jpg\",\"datePublished\":\"2021-04-12T10:38:56+00:00\",\"dateModified\":\"2025-07-08T13:29:52+00:00\",\"breadcrumb\":{\"@id\":\"https:\\\/\\\/wisemind.se\\\/kvinna\\\/agnes\\\/#breadcrumb\"},\"inLanguage\":\"sv-SE\",\"potentialAction\":[{\"@type\":\"ReadAction\",\"target\":[\"https:\\\/\\\/wisemind.se\\\/kvinna\\\/agnes\\\/\"]}]},{\"@type\":\"ImageObject\",\"inLanguage\":\"sv-SE\",\"@id\":\"https:\\\/\\\/wisemind.se\\\/kvinna\\\/agnes\\\/#primaryimage\",\"url\":\"https:\\\/\\\/wisemind.se\\\/kvinna\\\/wp-content\\\/uploads\\\/IMG_7565-Agnes-800px.jpg\",\"contentUrl\":\"https:\\\/\\\/wisemind.se\\\/kvinna\\\/wp-content\\\/uploads\\\/IMG_7565-Agnes-800px.jpg\",\"width\":800,\"height\":1200,\"caption\":\"Agnes Granberg\"},{\"@type\":\"BreadcrumbList\",\"@id\":\"https:\\\/\\\/wisemind.se\\\/kvinna\\\/agnes\\\/#breadcrumb\",\"itemListElement\":[{\"@type\":\"ListItem\",\"position\":1,\"name\":\"Hem\",\"item\":\"https:\\\/\\\/wisemind.se\\\/kvinna\\\/\"},{\"@type\":\"ListItem\",\"position\":2,\"name\":\"Agnes\"}]},{\"@type\":\"WebSite\",\"@id\":\"https:\\\/\\\/wisemind.se\\\/kvinna\\\/#website\",\"url\":\"https:\\\/\\\/wisemind.se\\\/kvinna\\\/\",\"name\":\"WiseMind Kvinnoh\u00e4lsa\",\"description\":\"Psykologiskt Kunskapscenter\",\"publisher\":{\"@id\":\"https:\\\/\\\/wisemind.se\\\/kvinna\\\/#organization\"},\"potentialAction\":[{\"@type\":\"SearchAction\",\"target\":{\"@type\":\"EntryPoint\",\"urlTemplate\":\"https:\\\/\\\/wisemind.se\\\/kvinna\\\/?s={search_term_string}\"},\"query-input\":{\"@type\":\"PropertyValueSpecification\",\"valueRequired\":true,\"valueName\":\"search_term_string\"}}],\"inLanguage\":\"sv-SE\"},{\"@type\":\"Organization\",\"@id\":\"https:\\\/\\\/wisemind.se\\\/kvinna\\\/#organization\",\"name\":\"Utveckling och Balans\",\"url\":\"https:\\\/\\\/wisemind.se\\\/kvinna\\\/\",\"logo\":{\"@type\":\"ImageObject\",\"inLanguage\":\"sv-SE\",\"@id\":\"https:\\\/\\\/wisemind.se\\\/kvinna\\\/#\\\/schema\\\/logo\\\/image\\\/\",\"url\":\"https:\\\/\\\/wisemind.se\\\/kvinna\\\/wp-content\\\/uploads\\\/uob-logga-150.png\",\"contentUrl\":\"https:\\\/\\\/wisemind.se\\\/kvinna\\\/wp-content\\\/uploads\\\/uob-logga-150.png\",\"width\":150,\"height\":62,\"caption\":\"Utveckling och Balans\"},\"image\":{\"@id\":\"https:\\\/\\\/wisemind.se\\\/kvinna\\\/#\\\/schema\\\/logo\\\/image\\\/\"}}]}<\/script>\n<!-- \/ Yoast SEO plugin. -->","yoast_head_json":{"title":"Agnes - WiseMind Kvinnoh\u00e4lsa","robots":{"index":"index","follow":"follow","max-snippet":"max-snippet:-1","max-image-preview":"max-image-preview:large","max-video-preview":"max-video-preview:-1"},"canonical":"https:\/\/wisemind.se\/kvinna\/agnes\/","og_locale":"sv_SE","og_type":"article","og_title":"Agnes - WiseMind Kvinnoh\u00e4lsa","og_description":"Agnes Granberg Leg. psykolog, specialist i h\u00e4lsopsykologi, utbildning till KBT-terapeut, fil. kand. i statsvetenskap. Utifr\u00e5n egna erfarenheter av kunskapsbrist inom v\u00e5rden i kombination med min nyfikenhet och vilja att b\u00e4ttre f\u00f6rs\u00f6ka hj\u00e4lpa de klienter jag m\u00f6tt s\u00e5 uppstod id\u00e9n kring ett kunskapscenter f\u00f6r kvinnoh\u00e4lsa. Genom min specialisering inom h\u00e4lsopsykologi fick jag m\u00f6jlighet att f\u00f6rdjupa mig [&hellip;]","og_url":"https:\/\/wisemind.se\/kvinna\/agnes\/","og_site_name":"WiseMind Kvinnoh\u00e4lsa","article_modified_time":"2025-07-08T13:29:52+00:00","og_image":[{"width":800,"height":1200,"url":"https:\/\/wisemind.se\/kvinna\/wp-content\/uploads\/IMG_7565-Agnes-800px.jpg","type":"image\/jpeg"}],"twitter_card":"summary_large_image","twitter_misc":{"Ber\u00e4knad l\u00e4stid":"4 minuter"},"schema":{"@context":"https:\/\/schema.org","@graph":[{"@type":"WebPage","@id":"https:\/\/wisemind.se\/kvinna\/agnes\/","url":"https:\/\/wisemind.se\/kvinna\/agnes\/","name":"Agnes - WiseMind Kvinnoh\u00e4lsa","isPartOf":{"@id":"https:\/\/wisemind.se\/kvinna\/#website"},"primaryImageOfPage":{"@id":"https:\/\/wisemind.se\/kvinna\/agnes\/#primaryimage"},"image":{"@id":"https:\/\/wisemind.se\/kvinna\/agnes\/#primaryimage"},"thumbnailUrl":"https:\/\/wisemind.se\/kvinna\/wp-content\/uploads\/IMG_7565-Agnes-800px.jpg","datePublished":"2021-04-12T10:38:56+00:00","dateModified":"2025-07-08T13:29:52+00:00","breadcrumb":{"@id":"https:\/\/wisemind.se\/kvinna\/agnes\/#breadcrumb"},"inLanguage":"sv-SE","potentialAction":[{"@type":"ReadAction","target":["https:\/\/wisemind.se\/kvinna\/agnes\/"]}]},{"@type":"ImageObject","inLanguage":"sv-SE","@id":"https:\/\/wisemind.se\/kvinna\/agnes\/#primaryimage","url":"https:\/\/wisemind.se\/kvinna\/wp-content\/uploads\/IMG_7565-Agnes-800px.jpg","contentUrl":"https:\/\/wisemind.se\/kvinna\/wp-content\/uploads\/IMG_7565-Agnes-800px.jpg","width":800,"height":1200,"caption":"Agnes Granberg"},{"@type":"BreadcrumbList","@id":"https:\/\/wisemind.se\/kvinna\/agnes\/#breadcrumb","itemListElement":[{"@type":"ListItem","position":1,"name":"Hem","item":"https:\/\/wisemind.se\/kvinna\/"},{"@type":"ListItem","position":2,"name":"Agnes"}]},{"@type":"WebSite","@id":"https:\/\/wisemind.se\/kvinna\/#website","url":"https:\/\/wisemind.se\/kvinna\/","name":"WiseMind Kvinnoh\u00e4lsa","description":"Psykologiskt Kunskapscenter","publisher":{"@id":"https:\/\/wisemind.se\/kvinna\/#organization"},"potentialAction":[{"@type":"SearchAction","target":{"@type":"EntryPoint","urlTemplate":"https:\/\/wisemind.se\/kvinna\/?s={search_term_string}"},"query-input":{"@type":"PropertyValueSpecification","valueRequired":true,"valueName":"search_term_string"}}],"inLanguage":"sv-SE"},{"@type":"Organization","@id":"https:\/\/wisemind.se\/kvinna\/#organization","name":"Utveckling och Balans","url":"https:\/\/wisemind.se\/kvinna\/","logo":{"@type":"ImageObject","inLanguage":"sv-SE","@id":"https:\/\/wisemind.se\/kvinna\/#\/schema\/logo\/image\/","url":"https:\/\/wisemind.se\/kvinna\/wp-content\/uploads\/uob-logga-150.png","contentUrl":"https:\/\/wisemind.se\/kvinna\/wp-content\/uploads\/uob-logga-150.png","width":150,"height":62,"caption":"Utveckling och Balans"},"image":{"@id":"https:\/\/wisemind.se\/kvinna\/#\/schema\/logo\/image\/"}}]}},"_links":{"self":[{"href":"https:\/\/wisemind.se\/kvinna\/wp-json\/wp\/v2\/pages\/4569","targetHints":{"allow":["GET"]}}],"collection":[{"href":"https:\/\/wisemind.se\/kvinna\/wp-json\/wp\/v2\/pages"}],"about":[{"href":"https:\/\/wisemind.se\/kvinna\/wp-json\/wp\/v2\/types\/page"}],"author":[{"embeddable":true,"href":"https:\/\/wisemind.se\/kvinna\/wp-json\/wp\/v2\/users\/2"}],"replies":[{"embeddable":true,"href":"https:\/\/wisemind.se\/kvinna\/wp-json\/wp\/v2\/comments?post=4569"}],"version-history":[{"count":3,"href":"https:\/\/wisemind.se\/kvinna\/wp-json\/wp\/v2\/pages\/4569\/revisions"}],"predecessor-version":[{"id":12075,"href":"https:\/\/wisemind.se\/kvinna\/wp-json\/wp\/v2\/pages\/4569\/revisions\/12075"}],"wp:attachment":[{"href":"https:\/\/wisemind.se\/kvinna\/wp-json\/wp\/v2\/media?parent=4569"}],"curies":[{"name":"wp","href":"https:\/\/api.w.org\/{rel}","templated":true}]}}