{"id":44,"date":"2019-02-08T22:45:41","date_gmt":"2019-02-08T21:45:41","guid":{"rendered":"https:\/\/wisemind.se\/kvinna\/kbt-behandlingar-for-panikangest\/"},"modified":"2026-03-31T18:30:34","modified_gmt":"2026-03-31T17:30:34","slug":"endometrios","status":"publish","type":"page","link":"https:\/\/wisemind.se\/kvinna\/endometrios\/","title":{"rendered":"Endometrios"},"content":{"rendered":"\t\t<div data-elementor-type=\"wp-page\" data-elementor-id=\"44\" class=\"elementor elementor-44\" data-elementor-post-type=\"page\">\n\t\t\t\t\t\t<section class=\"elementor-section elementor-top-section elementor-element elementor-element-e2ddac3 elementor-section-boxed elementor-section-height-default elementor-section-height-default\" data-id=\"e2ddac3\" data-element_type=\"section\" data-e-type=\"section\">\n\t\t\t\t\t\t<div class=\"elementor-container elementor-column-gap-default\">\n\t\t\t\t\t<div class=\"elementor-column elementor-col-100 elementor-top-column elementor-element elementor-element-4a9495e\" data-id=\"4a9495e\" data-element_type=\"column\" data-e-type=\"column\">\n\t\t\t<div class=\"elementor-widget-wrap elementor-element-populated\">\n\t\t\t\t\t\t<div class=\"elementor-element elementor-element-6e9cdbaa elementor-widget elementor-widget-heading\" data-id=\"6e9cdbaa\" data-element_type=\"widget\" data-e-type=\"widget\" data-widget_type=\"heading.default\">\n\t\t\t\t<div class=\"elementor-widget-container\">\n\t\t\t\t\t<h1 class=\"elementor-heading-title elementor-size-default\">Endometrios<\/h1>\t\t\t\t<\/div>\n\t\t\t\t<\/div>\n\t\t\t\t<div class=\"elementor-element elementor-element-d4f37df elementor-widget elementor-widget-text-editor\" data-id=\"d4f37df\" data-element_type=\"widget\" data-e-type=\"widget\" data-widget_type=\"text-editor.default\">\n\t\t\t\t<div class=\"elementor-widget-container\">\n\t\t\t\t\t\t\t\t\t<p>Endometrios \u00e4r n\u00e4r v\u00e4vnad som liknar livmoderslemhinnan \u00e5terfinns utanf\u00f6r livmodern. V\u00e4vnaden, \u00e4ven kallad endometriosh\u00e4rdarna, g\u00f6r att den omgivande v\u00e4vnaden svarar med en inflammation.\u00a0<\/p><h2>Symtom p\u00e5 endometrios<\/h2><p>Sjukdomen drabbar omkring 10% av kvinnor i fertil \u00e5lder och kan medf\u00f6ra en rad olika slags symtom, till exempel sm\u00e4rta i samband med \u00e4gglossning eller menstruation, stora bl\u00f6dningar, tr\u00f6tthet, ont vid eller efter samlag och symtom som liknar urinv\u00e4gsinfektion eller IBS. Sjukdomen kan ocks\u00e5 ge fertilitetsproblem, dvs. sv\u00e5righeter att f\u00e5 barn. Symtomen varierar och vissa k\u00e4nner av\u00a0sin\u00a0endometrios\u00a0mycket\u00a0medan andra\u00a0n\u00e4stan inte k\u00e4nner av den alls. Den kan ocks\u00e5 komma i s\u00e5 kallade skov, perioder d\u00e4r\u00a0sjukdomen k\u00e4nns av\u00a0mer eller mindre.\u00a0<\/p><p>Ungef\u00e4r h\u00e4lften av alla med\u00a0endometrios\u00a0har inga eller endast lindriga symtom.\u00a0De flesta f\u00e5r de f\u00f6rsta symtomen i ton\u00e5ren och vid klimakteriet l\u00e4ker sjukdomen ofta av sig sj\u00e4lv. Det g\u00f6r att\u00a0de med\u00a0endomterios\u00a0lever med sjukdomen under en stor del av sitt liv. Eftersom sm\u00e4rta \u00e4r det vanligaste symtomet p\u00e5 sjukdomen skapar det ett lidande under m\u00e5nga \u00e5r.\u00a0<\/p><h2>Diagnos och behandling<\/h2><p><span style=\"color: var( --e-global-color-text ); font-family: var( --e-global-typography-text-font-family ), Open Sans; font-weight: var( --e-global-typography-text-font-weight );\">F\u00f6r den som misst\u00e4nker att den lider av endometrios \u00e4r det viktigt att s\u00f6ka hj\u00e4lp p\u00e5 en g\u00e5ng. <\/span>Medicinsk utredning och behandling b\u00f6r erbjudas den som misst\u00e4nker att den \u00e4r drabbad. \u00c4ven psykologiskt st\u00f6d och behandling \u00e4r till hj\u00e4lp f\u00f6r m\u00e5nga och b\u00f6r erbjudas parallellt med den medicinska behandlingen.<\/p><p>Redan under utredning, alternativt om man har f\u00e5tt konstaterad endometrios, \u00e4r det f\u00f6r m\u00e5nga hj\u00e4lpsamt att f\u00e5 psykologisk behandling f\u00f6r den l\u00e5ngvariga sm\u00e4rta som sjukdomen inneb\u00e4r och f\u00f6r att hitta s\u00e4tt att minska tillst\u00e5ndets negativa inverkan p\u00e5 livet. Bland de som har lidit av endometrios under en l\u00e5ng tid utan att f\u00e5 korrekt hj\u00e4lp inom v\u00e5rden eller som varit med om d\u00e5liga upplevelser relaterade till att ha endometrios, s\u00e5 kan det ocks\u00e5 vara viktigt att f\u00e5 prata med n\u00e5gon f\u00f6r att bearbeta detta. Du \u00e4r v\u00e4lkommen att <a href=\"https:\/\/wisemind.se\/kvinna\/kontakt\/\">h\u00f6ra av dig<\/a> till oss f\u00f6r ett r\u00e5dgivande samtal.<\/p>\t\t\t\t\t\t\t\t<\/div>\n\t\t\t\t<\/div>\n\t\t\t\t\t<\/div>\n\t\t<\/div>\n\t\t\t\t\t<\/div>\n\t\t<\/section>\n\t\t\t\t<section class=\"elementor-section elementor-top-section elementor-element elementor-element-777cd113 elementor-section-full_width elementor-section-height-default elementor-section-height-default\" data-id=\"777cd113\" data-element_type=\"section\" data-e-type=\"section\">\n\t\t\t\t\t\t<div class=\"elementor-container elementor-column-gap-default\">\n\t\t\t\t\t<div class=\"elementor-column elementor-col-100 elementor-top-column elementor-element elementor-element-624adde3\" data-id=\"624adde3\" data-element_type=\"column\" data-e-type=\"column\" data-settings=\"{&quot;background_background&quot;:&quot;classic&quot;}\">\n\t\t\t<div class=\"elementor-widget-wrap elementor-element-populated\">\n\t\t\t\t\t\t<section class=\"elementor-section elementor-inner-section elementor-element elementor-element-7e88df76 elementor-section-boxed elementor-section-height-default elementor-section-height-default\" data-id=\"7e88df76\" data-element_type=\"section\" data-e-type=\"section\" data-settings=\"{&quot;background_background&quot;:&quot;classic&quot;}\">\n\t\t\t\t\t\t<div class=\"elementor-container elementor-column-gap-default\">\n\t\t\t\t\t<div class=\"elementor-column elementor-col-33 elementor-inner-column elementor-element elementor-element-79c3f539\" data-id=\"79c3f539\" data-element_type=\"column\" data-e-type=\"column\">\n\t\t\t<div class=\"elementor-widget-wrap elementor-element-populated\">\n\t\t\t\t\t\t<div class=\"elementor-element elementor-element-436dbb7e elementor-align-justify elementor-mobile-align-justify elementor-widget elementor-widget-global elementor-global-2060 elementor-widget-button\" data-id=\"436dbb7e\" data-element_type=\"widget\" data-e-type=\"widget\" data-widget_type=\"button.default\">\n\t\t\t\t<div class=\"elementor-widget-container\">\n\t\t\t\t\t\t\t\t\t<div class=\"elementor-button-wrapper\">\n\t\t\t\t\t<a class=\"elementor-button elementor-button-link elementor-size-sm\" href=\"\/kvinna\/bokning-och-priser\" id=\"info-kv-global\">\n\t\t\t\t\t\t<span class=\"elementor-button-content-wrapper\">\n\t\t\t\t\t\t\t\t\t<span class=\"elementor-button-text\">Prislista<\/span>\n\t\t\t\t\t<\/span>\n\t\t\t\t\t<\/a>\n\t\t\t\t<\/div>\n\t\t\t\t\t\t\t\t<\/div>\n\t\t\t\t<\/div>\n\t\t\t\t\t<\/div>\n\t\t<\/div>\n\t\t\t\t<div class=\"elementor-column elementor-col-33 elementor-inner-column elementor-element elementor-element-7f651130\" data-id=\"7f651130\" data-element_type=\"column\" data-e-type=\"column\">\n\t\t\t<div class=\"elementor-widget-wrap elementor-element-populated\">\n\t\t\t\t\t\t<div class=\"elementor-element elementor-element-ea20e50 elementor-align-justify elementor-mobile-align-justify elementor-widget elementor-widget-global elementor-global-10608 elementor-widget-button\" data-id=\"ea20e50\" data-element_type=\"widget\" data-e-type=\"widget\" data-widget_type=\"button.default\">\n\t\t\t\t<div class=\"elementor-widget-container\">\n\t\t\t\t\t\t\t\t\t<div class=\"elementor-button-wrapper\">\n\t\t\t\t\t<a class=\"elementor-button elementor-button-link elementor-size-sm\" href=\"https:\/\/psykologiteamet.kaddio.com\/booking\/cal\/\" id=\"Boka-kv-global\">\n\t\t\t\t\t\t<span class=\"elementor-button-content-wrapper\">\n\t\t\t\t\t\t\t\t\t<span class=\"elementor-button-text\">Boka tid<\/span>\n\t\t\t\t\t<\/span>\n\t\t\t\t\t<\/a>\n\t\t\t\t<\/div>\n\t\t\t\t\t\t\t\t<\/div>\n\t\t\t\t<\/div>\n\t\t\t\t\t<\/div>\n\t\t<\/div>\n\t\t\t\t<div class=\"elementor-column elementor-col-33 elementor-inner-column elementor-element elementor-element-715c445a\" data-id=\"715c445a\" data-element_type=\"column\" data-e-type=\"column\">\n\t\t\t<div class=\"elementor-widget-wrap elementor-element-populated\">\n\t\t\t\t\t\t<div class=\"elementor-element elementor-element-253ef2e5 elementor-align-justify elementor-mobile-align-justify elementor-widget elementor-widget-global elementor-global-1978 elementor-widget-button\" data-id=\"253ef2e5\" data-element_type=\"widget\" data-e-type=\"widget\" data-widget_type=\"button.default\">\n\t\t\t\t<div class=\"elementor-widget-container\">\n\t\t\t\t\t\t\t\t\t<div class=\"elementor-button-wrapper\">\n\t\t\t\t\t<a class=\"elementor-button elementor-button-link elementor-size-sm\" href=\"https:\/\/psykologiteamet.kaddio.com\/contact-us\" id=\"kontakt-kv-global\">\n\t\t\t\t\t\t<span class=\"elementor-button-content-wrapper\">\n\t\t\t\t\t\t\t\t\t<span class=\"elementor-button-text\">Kontakta oss<\/span>\n\t\t\t\t\t<\/span>\n\t\t\t\t\t<\/a>\n\t\t\t\t<\/div>\n\t\t\t\t\t\t\t\t<\/div>\n\t\t\t\t<\/div>\n\t\t\t\t\t<\/div>\n\t\t<\/div>\n\t\t\t\t\t<\/div>\n\t\t<\/section>\n\t\t\t\t\t<\/div>\n\t\t<\/div>\n\t\t\t\t\t<\/div>\n\t\t<\/section>\n\t\t\t\t<\/div>\n\t\t","protected":false},"excerpt":{"rendered":"<p>Endometrios Endometrios \u00e4r n\u00e4r v\u00e4vnad som liknar livmoderslemhinnan \u00e5terfinns utanf\u00f6r livmodern. V\u00e4vnaden, \u00e4ven kallad endometriosh\u00e4rdarna, g\u00f6r att den omgivande v\u00e4vnaden svarar med en inflammation.\u00a0 Symtom p\u00e5 endometrios Sjukdomen drabbar omkring 10% av kvinnor i fertil \u00e5lder och kan medf\u00f6ra en rad olika slags symtom, till exempel sm\u00e4rta i samband med \u00e4gglossning eller menstruation, stora bl\u00f6dningar, [&hellip;]<\/p>\n","protected":false},"author":2,"featured_media":0,"parent":0,"menu_order":14,"comment_status":"closed","ping_status":"closed","template":"","meta":{"_monsterinsights_skip_tracking":false,"_monsterinsights_sitenote_active":false,"_monsterinsights_sitenote_note":"","_monsterinsights_sitenote_category":0,"footnotes":""},"class_list":["post-44","page","type-page","status-publish","hentry"],"yoast_head":"<!-- This site is optimized with the Yoast SEO plugin v27.6 - https:\/\/yoast.com\/product\/yoast-seo-wordpress\/ -->\n<title>Endometrios - WiseMind Kvinnoh\u00e4lsa<\/title>\n<meta name=\"description\" content=\"Psykologiskt st\u00f6d och behandling \u00e4r till hj\u00e4lp f\u00f6r m\u00e5nga som lider av endometrios och b\u00f6r erbjudas parallellt med medicinsk behandling.\" \/>\n<meta name=\"robots\" content=\"index, follow, max-snippet:-1, max-image-preview:large, max-video-preview:-1\" \/>\n<link rel=\"canonical\" href=\"https:\/\/wisemind.se\/kvinna\/endometrios\/\" \/>\n<meta property=\"og:locale\" content=\"sv_SE\" \/>\n<meta property=\"og:type\" content=\"article\" \/>\n<meta property=\"og:title\" content=\"Endometrios - WiseMind Kvinnoh\u00e4lsa\" \/>\n<meta property=\"og:description\" content=\"Psykologiskt st\u00f6d och behandling \u00e4r till hj\u00e4lp f\u00f6r m\u00e5nga som lider av endometrios och b\u00f6r erbjudas parallellt med medicinsk behandling.\" \/>\n<meta property=\"og:url\" content=\"https:\/\/wisemind.se\/kvinna\/endometrios\/\" \/>\n<meta property=\"og:site_name\" content=\"WiseMind Kvinnoh\u00e4lsa\" \/>\n<meta property=\"article:modified_time\" content=\"2026-03-31T17:30:34+00:00\" \/>\n<meta name=\"twitter:card\" content=\"summary_large_image\" \/>\n<meta name=\"twitter:label1\" content=\"Ber\u00e4knad l\u00e4stid\" \/>\n\t<meta name=\"twitter:data1\" content=\"2 minuter\" \/>\n<script type=\"application\/ld+json\" class=\"yoast-schema-graph\">{\"@context\":\"https:\\\/\\\/schema.org\",\"@graph\":[{\"@type\":\"WebPage\",\"@id\":\"https:\\\/\\\/wisemind.se\\\/kvinna\\\/endometrios\\\/\",\"url\":\"https:\\\/\\\/wisemind.se\\\/kvinna\\\/endometrios\\\/\",\"name\":\"Endometrios - WiseMind Kvinnoh\u00e4lsa\",\"isPartOf\":{\"@id\":\"https:\\\/\\\/wisemind.se\\\/kvinna\\\/#website\"},\"datePublished\":\"2019-02-08T21:45:41+00:00\",\"dateModified\":\"2026-03-31T17:30:34+00:00\",\"description\":\"Psykologiskt st\u00f6d och behandling \u00e4r till hj\u00e4lp f\u00f6r m\u00e5nga som lider av endometrios och b\u00f6r erbjudas parallellt med medicinsk behandling.\",\"breadcrumb\":{\"@id\":\"https:\\\/\\\/wisemind.se\\\/kvinna\\\/endometrios\\\/#breadcrumb\"},\"inLanguage\":\"sv-SE\",\"potentialAction\":[{\"@type\":\"ReadAction\",\"target\":[\"https:\\\/\\\/wisemind.se\\\/kvinna\\\/endometrios\\\/\"]}]},{\"@type\":\"BreadcrumbList\",\"@id\":\"https:\\\/\\\/wisemind.se\\\/kvinna\\\/endometrios\\\/#breadcrumb\",\"itemListElement\":[{\"@type\":\"ListItem\",\"position\":1,\"name\":\"Hem\",\"item\":\"https:\\\/\\\/wisemind.se\\\/kvinna\\\/\"},{\"@type\":\"ListItem\",\"position\":2,\"name\":\"Endometrios\"}]},{\"@type\":\"WebSite\",\"@id\":\"https:\\\/\\\/wisemind.se\\\/kvinna\\\/#website\",\"url\":\"https:\\\/\\\/wisemind.se\\\/kvinna\\\/\",\"name\":\"WiseMind Kvinnoh\u00e4lsa\",\"description\":\"Psykologiskt Kunskapscenter\",\"publisher\":{\"@id\":\"https:\\\/\\\/wisemind.se\\\/kvinna\\\/#organization\"},\"potentialAction\":[{\"@type\":\"SearchAction\",\"target\":{\"@type\":\"EntryPoint\",\"urlTemplate\":\"https:\\\/\\\/wisemind.se\\\/kvinna\\\/?s={search_term_string}\"},\"query-input\":{\"@type\":\"PropertyValueSpecification\",\"valueRequired\":true,\"valueName\":\"search_term_string\"}}],\"inLanguage\":\"sv-SE\"},{\"@type\":\"Organization\",\"@id\":\"https:\\\/\\\/wisemind.se\\\/kvinna\\\/#organization\",\"name\":\"Utveckling och Balans\",\"url\":\"https:\\\/\\\/wisemind.se\\\/kvinna\\\/\",\"logo\":{\"@type\":\"ImageObject\",\"inLanguage\":\"sv-SE\",\"@id\":\"https:\\\/\\\/wisemind.se\\\/kvinna\\\/#\\\/schema\\\/logo\\\/image\\\/\",\"url\":\"https:\\\/\\\/wisemind.se\\\/kvinna\\\/wp-content\\\/uploads\\\/uob-logga-150.png\",\"contentUrl\":\"https:\\\/\\\/wisemind.se\\\/kvinna\\\/wp-content\\\/uploads\\\/uob-logga-150.png\",\"width\":150,\"height\":62,\"caption\":\"Utveckling och Balans\"},\"image\":{\"@id\":\"https:\\\/\\\/wisemind.se\\\/kvinna\\\/#\\\/schema\\\/logo\\\/image\\\/\"}}]}<\/script>\n<!-- \/ Yoast SEO plugin. -->","yoast_head_json":{"title":"Endometrios - WiseMind Kvinnoh\u00e4lsa","description":"Psykologiskt st\u00f6d och behandling \u00e4r till hj\u00e4lp f\u00f6r m\u00e5nga som lider av endometrios och b\u00f6r erbjudas parallellt med medicinsk behandling.","robots":{"index":"index","follow":"follow","max-snippet":"max-snippet:-1","max-image-preview":"max-image-preview:large","max-video-preview":"max-video-preview:-1"},"canonical":"https:\/\/wisemind.se\/kvinna\/endometrios\/","og_locale":"sv_SE","og_type":"article","og_title":"Endometrios - WiseMind Kvinnoh\u00e4lsa","og_description":"Psykologiskt st\u00f6d och behandling \u00e4r till hj\u00e4lp f\u00f6r m\u00e5nga som lider av endometrios och b\u00f6r erbjudas parallellt med medicinsk behandling.","og_url":"https:\/\/wisemind.se\/kvinna\/endometrios\/","og_site_name":"WiseMind Kvinnoh\u00e4lsa","article_modified_time":"2026-03-31T17:30:34+00:00","twitter_card":"summary_large_image","twitter_misc":{"Ber\u00e4knad l\u00e4stid":"2 minuter"},"schema":{"@context":"https:\/\/schema.org","@graph":[{"@type":"WebPage","@id":"https:\/\/wisemind.se\/kvinna\/endometrios\/","url":"https:\/\/wisemind.se\/kvinna\/endometrios\/","name":"Endometrios - WiseMind Kvinnoh\u00e4lsa","isPartOf":{"@id":"https:\/\/wisemind.se\/kvinna\/#website"},"datePublished":"2019-02-08T21:45:41+00:00","dateModified":"2026-03-31T17:30:34+00:00","description":"Psykologiskt st\u00f6d och behandling \u00e4r till hj\u00e4lp f\u00f6r m\u00e5nga som lider av endometrios och b\u00f6r erbjudas parallellt med medicinsk behandling.","breadcrumb":{"@id":"https:\/\/wisemind.se\/kvinna\/endometrios\/#breadcrumb"},"inLanguage":"sv-SE","potentialAction":[{"@type":"ReadAction","target":["https:\/\/wisemind.se\/kvinna\/endometrios\/"]}]},{"@type":"BreadcrumbList","@id":"https:\/\/wisemind.se\/kvinna\/endometrios\/#breadcrumb","itemListElement":[{"@type":"ListItem","position":1,"name":"Hem","item":"https:\/\/wisemind.se\/kvinna\/"},{"@type":"ListItem","position":2,"name":"Endometrios"}]},{"@type":"WebSite","@id":"https:\/\/wisemind.se\/kvinna\/#website","url":"https:\/\/wisemind.se\/kvinna\/","name":"WiseMind Kvinnoh\u00e4lsa","description":"Psykologiskt Kunskapscenter","publisher":{"@id":"https:\/\/wisemind.se\/kvinna\/#organization"},"potentialAction":[{"@type":"SearchAction","target":{"@type":"EntryPoint","urlTemplate":"https:\/\/wisemind.se\/kvinna\/?s={search_term_string}"},"query-input":{"@type":"PropertyValueSpecification","valueRequired":true,"valueName":"search_term_string"}}],"inLanguage":"sv-SE"},{"@type":"Organization","@id":"https:\/\/wisemind.se\/kvinna\/#organization","name":"Utveckling och Balans","url":"https:\/\/wisemind.se\/kvinna\/","logo":{"@type":"ImageObject","inLanguage":"sv-SE","@id":"https:\/\/wisemind.se\/kvinna\/#\/schema\/logo\/image\/","url":"https:\/\/wisemind.se\/kvinna\/wp-content\/uploads\/uob-logga-150.png","contentUrl":"https:\/\/wisemind.se\/kvinna\/wp-content\/uploads\/uob-logga-150.png","width":150,"height":62,"caption":"Utveckling och Balans"},"image":{"@id":"https:\/\/wisemind.se\/kvinna\/#\/schema\/logo\/image\/"}}]}},"_links":{"self":[{"href":"https:\/\/wisemind.se\/kvinna\/wp-json\/wp\/v2\/pages\/44","targetHints":{"allow":["GET"]}}],"collection":[{"href":"https:\/\/wisemind.se\/kvinna\/wp-json\/wp\/v2\/pages"}],"about":[{"href":"https:\/\/wisemind.se\/kvinna\/wp-json\/wp\/v2\/types\/page"}],"author":[{"embeddable":true,"href":"https:\/\/wisemind.se\/kvinna\/wp-json\/wp\/v2\/users\/2"}],"replies":[{"embeddable":true,"href":"https:\/\/wisemind.se\/kvinna\/wp-json\/wp\/v2\/comments?post=44"}],"version-history":[{"count":3,"href":"https:\/\/wisemind.se\/kvinna\/wp-json\/wp\/v2\/pages\/44\/revisions"}],"predecessor-version":[{"id":12250,"href":"https:\/\/wisemind.se\/kvinna\/wp-json\/wp\/v2\/pages\/44\/revisions\/12250"}],"wp:attachment":[{"href":"https:\/\/wisemind.se\/kvinna\/wp-json\/wp\/v2\/media?parent=44"}],"curies":[{"name":"wp","href":"https:\/\/api.w.org\/{rel}","templated":true}]}}