{"id":42,"date":"2019-02-08T22:42:09","date_gmt":"2019-02-08T21:42:09","guid":{"rendered":"https:\/\/wisemind.se\/kvinna\/kbt-behandling-av-depression-nedstamdhet\/"},"modified":"2024-11-25T16:40:58","modified_gmt":"2024-11-25T15:40:58","slug":"forlossningsdepression","status":"publish","type":"page","link":"https:\/\/wisemind.se\/kvinna\/forlossningsdepression\/","title":{"rendered":"F\u00f6rlossningsdepression"},"content":{"rendered":"\t\t<div data-elementor-type=\"wp-page\" data-elementor-id=\"42\" class=\"elementor elementor-42\" data-elementor-post-type=\"page\">\n\t\t\t\t\t\t<section class=\"elementor-section elementor-top-section elementor-element elementor-element-c91fcc0 elementor-section-boxed elementor-section-height-default elementor-section-height-default\" data-id=\"c91fcc0\" data-element_type=\"section\" data-e-type=\"section\">\n\t\t\t\t\t\t<div class=\"elementor-container elementor-column-gap-default\">\n\t\t\t\t\t<div class=\"elementor-column elementor-col-100 elementor-top-column elementor-element elementor-element-04a5371\" data-id=\"04a5371\" data-element_type=\"column\" data-e-type=\"column\">\n\t\t\t<div class=\"elementor-widget-wrap elementor-element-populated\">\n\t\t\t\t\t\t<div class=\"elementor-element elementor-element-11bb5a26 elementor-widget elementor-widget-heading\" data-id=\"11bb5a26\" data-element_type=\"widget\" data-e-type=\"widget\" data-widget_type=\"heading.default\">\n\t\t\t\t<div class=\"elementor-widget-container\">\n\t\t\t\t\t<h1 class=\"elementor-heading-title elementor-size-default\">F\u00f6rlossningsdepression<\/h1>\t\t\t\t<\/div>\n\t\t\t\t<\/div>\n\t\t\t\t<div class=\"elementor-element elementor-element-857d65e elementor-widget elementor-widget-text-editor\" data-id=\"857d65e\" data-element_type=\"widget\" data-e-type=\"widget\" data-widget_type=\"text-editor.default\">\n\t\t\t\t<div class=\"elementor-widget-container\">\n\t\t\t\t\t\t\t\t\t<p><span class=\"TextRun SCXW35096159 BCX9\" lang=\"SV-SE\" xml:lang=\"SV-SE\" data-contrast=\"auto\"><span class=\"NormalTextRun SCXW35096159 BCX9\">I samband\u00a0<\/span><\/span><span class=\"TextRun SCXW35096159 BCX9\" lang=\"SV-SE\" xml:lang=\"SV-SE\" data-contrast=\"auto\"><span class=\"NormalTextRun SCXW35096159 BCX9\">med att vi blir f\u00f6r\u00e4ldrar upplever vi m\u00e5nga starka k\u00e4nslor. Att k\u00e4nna nedst\u00e4mdhet \u00e4r inte ovanligt<\/span><\/span><span class=\"TextRun SCXW35096159 BCX9\" lang=\"SV-SE\" xml:lang=\"SV-SE\" data-contrast=\"auto\"><span class=\"NormalTextRun SCXW35096159 BCX9\">\u00a0den n\u00e4rmaste tiden efter f\u00f6rlossningen.<\/span><\/span><span class=\"TextRun SCXW35096159 BCX9\" lang=\"SV-SE\" xml:lang=\"SV-SE\" data-contrast=\"auto\"><span class=\"NormalTextRun SCXW35096159 BCX9\"> Symtom, som till exempel sv\u00e5righet att gl\u00e4djas \u00e5t saker eller upplevelser av att det finns en brist <\/span><\/span><span class=\"TextRun SCXW35096159 BCX9\" lang=\"SV-SE\" xml:lang=\"SV-SE\" data-contrast=\"auto\"><span class=\"NormalTextRun SCXW35096159 BCX9\">p\u00e5 energi. f\u00f6rekommer . Det kan g\u00e5 \u00f6v<\/span><\/span><span class=\"TextRun SCXW35096159 BCX9\" lang=\"SV-SE\" xml:lang=\"SV-SE\" data-contrast=\"auto\"><span class=\"NormalTextRun SCXW35096159 BCX9\">er men om det p<\/span><\/span><span class=\"TextRun SCXW35096159 BCX9\" lang=\"SV-SE\" xml:lang=\"SV-SE\" data-contrast=\"auto\"><span class=\"NormalTextRun SCXW35096159 BCX9\">\u00e5g\u00e5r en l\u00e4ngre tid kan det \u00f6verg\u00e5 till en<\/span><\/span><span class=\"TextRun SCXW35096159 BCX9\" lang=\"SV-SE\" xml:lang=\"SV-SE\" data-contrast=\"auto\"><span class=\"NormalTextRun CommentStart SCXW35096159 BCX9\"> depression, som d\u00e5 ofta kallas <\/span><\/span><span class=\"TextRun SCXW35096159 BCX9\" lang=\"SV-SE\" xml:lang=\"SV-SE\" data-contrast=\"auto\"><span class=\"NormalTextRun SCXW35096159 BCX9\">f\u00f6rlossningsdepression.\u00a0 <\/span><\/span><\/p><p><span class=\"TextRun SCXW35096159 BCX9\" lang=\"SV-SE\" xml:lang=\"SV-SE\" data-contrast=\"auto\"><span class=\"NormalTextRun SCXW35096159 BCX9\">Det finns ingen enskild orsak till f\u00f6rlossningsdepressioner men b\u00e5de fysiska och psykiska faktorer kan spela in. Symtomen har inte n\u00f6dv\u00e4ndigtvis att g\u00f6ra med f\u00f6rlossningen i sig, utan kan drabba alla nyblivna f\u00f6r\u00e4ldrar. Till skillnad fr\u00e5n den k\u00e4nslom\u00e4ssiga berg- och dalbana som de flesta nyblivna f\u00f6r\u00e4ldrar upplever ger en f\u00f6rlossningsdepression mer intensiva symtom som varar under l\u00e4ngre tid. <\/span><\/span><span class=\"TextRun SCXW35096159 BCX9\" lang=\"SV-SE\" xml:lang=\"SV-SE\" data-contrast=\"auto\"><span class=\"NormalTextRun SCXW35096159 BCX9\">\u00a0Du kan ocks\u00e5 ha sv\u00e5rt att klara vardagen och ta hand om bebisen. Symtomen kan uppst\u00e5 redan under graviditeten eller l\u00e5ngt efter f\u00f6rlossningen, upp till ett \u00e5r efter\u00e5t. Utan behandling kan dessa symtom p\u00e5g\u00e5 i m\u00e5nga m\u00e5nader. <\/span><\/span><\/p><p><span class=\"TextRun SCXW35096159 BCX9\" lang=\"SV-SE\" xml:lang=\"SV-SE\" data-contrast=\"auto\"><span class=\"NormalTextRun SCXW35096159 BCX9\">Om du upplever l\u00e5ngvarig nedst\u00e4mdhet inf\u00f6r eller efter din f\u00f6rlossning \u00e4r du v\u00e4lkommen att <a href=\"https:\/\/wisemind.se\/kvinna\/kontakt\/\">kontakta oss<\/a> f\u00f6r r\u00e5dgivning.\u00a0<\/span><\/span><\/p>\t\t\t\t\t\t\t\t<\/div>\n\t\t\t\t<\/div>\n\t\t\t\t\t<\/div>\n\t\t<\/div>\n\t\t\t\t\t<\/div>\n\t\t<\/section>\n\t\t\t\t<section class=\"elementor-section elementor-top-section elementor-element elementor-element-4f9d467c elementor-section-full_width elementor-section-height-default elementor-section-height-default\" data-id=\"4f9d467c\" data-element_type=\"section\" data-e-type=\"section\">\n\t\t\t\t\t\t<div class=\"elementor-container elementor-column-gap-default\">\n\t\t\t\t\t<div class=\"elementor-column elementor-col-100 elementor-top-column elementor-element elementor-element-4019880e\" data-id=\"4019880e\" data-element_type=\"column\" data-e-type=\"column\" data-settings=\"{&quot;background_background&quot;:&quot;classic&quot;}\">\n\t\t\t<div class=\"elementor-widget-wrap elementor-element-populated\">\n\t\t\t\t\t\t<section class=\"elementor-section elementor-inner-section elementor-element elementor-element-6e5ee9c7 elementor-section-boxed elementor-section-height-default elementor-section-height-default\" data-id=\"6e5ee9c7\" data-element_type=\"section\" data-e-type=\"section\" data-settings=\"{&quot;background_background&quot;:&quot;classic&quot;}\">\n\t\t\t\t\t\t<div class=\"elementor-container elementor-column-gap-default\">\n\t\t\t\t\t<div class=\"elementor-column elementor-col-33 elementor-inner-column elementor-element elementor-element-1a134a40\" data-id=\"1a134a40\" data-element_type=\"column\" data-e-type=\"column\">\n\t\t\t<div class=\"elementor-widget-wrap elementor-element-populated\">\n\t\t\t\t\t\t<div class=\"elementor-element elementor-element-150eeb9c elementor-align-justify elementor-mobile-align-justify elementor-widget elementor-widget-global elementor-global-2060 elementor-widget-button\" data-id=\"150eeb9c\" data-element_type=\"widget\" data-e-type=\"widget\" data-widget_type=\"button.default\">\n\t\t\t\t<div class=\"elementor-widget-container\">\n\t\t\t\t\t\t\t\t\t<div class=\"elementor-button-wrapper\">\n\t\t\t\t\t<a class=\"elementor-button elementor-button-link elementor-size-sm\" href=\"\/kvinna\/bokning-och-priser\" id=\"info-kv-global\">\n\t\t\t\t\t\t<span class=\"elementor-button-content-wrapper\">\n\t\t\t\t\t\t\t\t\t<span class=\"elementor-button-text\">Prislista<\/span>\n\t\t\t\t\t<\/span>\n\t\t\t\t\t<\/a>\n\t\t\t\t<\/div>\n\t\t\t\t\t\t\t\t<\/div>\n\t\t\t\t<\/div>\n\t\t\t\t\t<\/div>\n\t\t<\/div>\n\t\t\t\t<div class=\"elementor-column elementor-col-33 elementor-inner-column elementor-element elementor-element-6e67a660\" data-id=\"6e67a660\" data-element_type=\"column\" data-e-type=\"column\">\n\t\t\t<div class=\"elementor-widget-wrap elementor-element-populated\">\n\t\t\t\t\t\t<div class=\"elementor-element elementor-element-51b5be4 elementor-align-justify elementor-mobile-align-justify elementor-widget elementor-widget-global elementor-global-10608 elementor-widget-button\" data-id=\"51b5be4\" data-element_type=\"widget\" data-e-type=\"widget\" data-widget_type=\"button.default\">\n\t\t\t\t<div class=\"elementor-widget-container\">\n\t\t\t\t\t\t\t\t\t<div class=\"elementor-button-wrapper\">\n\t\t\t\t\t<a class=\"elementor-button elementor-button-link elementor-size-sm\" href=\"https:\/\/psykologiteamet.kaddio.com\/booking\/cal\/\" id=\"Boka-kv-global\">\n\t\t\t\t\t\t<span class=\"elementor-button-content-wrapper\">\n\t\t\t\t\t\t\t\t\t<span class=\"elementor-button-text\">Boka tid<\/span>\n\t\t\t\t\t<\/span>\n\t\t\t\t\t<\/a>\n\t\t\t\t<\/div>\n\t\t\t\t\t\t\t\t<\/div>\n\t\t\t\t<\/div>\n\t\t\t\t\t<\/div>\n\t\t<\/div>\n\t\t\t\t<div class=\"elementor-column elementor-col-33 elementor-inner-column elementor-element elementor-element-5c7fc9fa\" data-id=\"5c7fc9fa\" data-element_type=\"column\" data-e-type=\"column\">\n\t\t\t<div class=\"elementor-widget-wrap elementor-element-populated\">\n\t\t\t\t\t\t<div class=\"elementor-element elementor-element-767a1d83 elementor-align-justify elementor-mobile-align-justify elementor-widget elementor-widget-global elementor-global-1978 elementor-widget-button\" data-id=\"767a1d83\" data-element_type=\"widget\" data-e-type=\"widget\" data-widget_type=\"button.default\">\n\t\t\t\t<div class=\"elementor-widget-container\">\n\t\t\t\t\t\t\t\t\t<div class=\"elementor-button-wrapper\">\n\t\t\t\t\t<a class=\"elementor-button elementor-button-link elementor-size-sm\" href=\"https:\/\/psykologiteamet.kaddio.com\/contact-us\" id=\"kontakt-kv-global\">\n\t\t\t\t\t\t<span class=\"elementor-button-content-wrapper\">\n\t\t\t\t\t\t\t\t\t<span class=\"elementor-button-text\">Kontakta oss<\/span>\n\t\t\t\t\t<\/span>\n\t\t\t\t\t<\/a>\n\t\t\t\t<\/div>\n\t\t\t\t\t\t\t\t<\/div>\n\t\t\t\t<\/div>\n\t\t\t\t\t<\/div>\n\t\t<\/div>\n\t\t\t\t\t<\/div>\n\t\t<\/section>\n\t\t\t\t\t<\/div>\n\t\t<\/div>\n\t\t\t\t\t<\/div>\n\t\t<\/section>\n\t\t\t\t<\/div>\n\t\t","protected":false},"excerpt":{"rendered":"<p>F\u00f6rlossningsdepression I samband\u00a0med att vi blir f\u00f6r\u00e4ldrar upplever vi m\u00e5nga starka k\u00e4nslor. Att k\u00e4nna nedst\u00e4mdhet \u00e4r inte ovanligt\u00a0den n\u00e4rmaste tiden efter f\u00f6rlossningen. Symtom, som till exempel sv\u00e5righet att gl\u00e4djas \u00e5t saker eller upplevelser av att det finns en brist p\u00e5 energi. f\u00f6rekommer . Det kan g\u00e5 \u00f6ver men om det p\u00e5g\u00e5r en l\u00e4ngre tid kan [&hellip;]<\/p>\n","protected":false},"author":2,"featured_media":0,"parent":0,"menu_order":16,"comment_status":"closed","ping_status":"closed","template":"","meta":{"_monsterinsights_skip_tracking":false,"_monsterinsights_sitenote_active":false,"_monsterinsights_sitenote_note":"","_monsterinsights_sitenote_category":0,"footnotes":""},"class_list":["post-42","page","type-page","status-publish","hentry"],"yoast_head":"<!-- This site is optimized with the Yoast SEO plugin v27.5 - https:\/\/yoast.com\/product\/yoast-seo-wordpress\/ -->\n<title>F\u00f6rlossningsdepression - WiseMind Kvinnoh\u00e4lsa<\/title>\n<meta name=\"description\" content=\"Brist p\u00e5 energi och of\u00f6rm\u00e5ga att gl\u00e4djas efter en f\u00f6rlossning som p\u00e5g\u00e5r en l\u00e4ngre tid kan \u00f6verg\u00e5 i en f\u00f6rlossningsdepression.\" \/>\n<meta name=\"robots\" content=\"index, follow, max-snippet:-1, max-image-preview:large, max-video-preview:-1\" \/>\n<link rel=\"canonical\" href=\"https:\/\/wisemind.se\/kvinna\/forlossningsdepression\/\" \/>\n<meta property=\"og:locale\" content=\"sv_SE\" \/>\n<meta property=\"og:type\" content=\"article\" \/>\n<meta property=\"og:title\" content=\"F\u00f6rlossningsdepression - WiseMind Kvinnoh\u00e4lsa\" \/>\n<meta property=\"og:description\" content=\"Brist p\u00e5 energi och of\u00f6rm\u00e5ga att gl\u00e4djas efter en f\u00f6rlossning som p\u00e5g\u00e5r en l\u00e4ngre tid kan \u00f6verg\u00e5 i en f\u00f6rlossningsdepression.\" \/>\n<meta property=\"og:url\" content=\"https:\/\/wisemind.se\/kvinna\/forlossningsdepression\/\" \/>\n<meta property=\"og:site_name\" content=\"WiseMind Kvinnoh\u00e4lsa\" \/>\n<meta property=\"article:modified_time\" content=\"2024-11-25T15:40:58+00:00\" \/>\n<meta name=\"twitter:card\" content=\"summary_large_image\" \/>\n<meta name=\"twitter:label1\" content=\"Ber\u00e4knad l\u00e4stid\" \/>\n\t<meta name=\"twitter:data1\" content=\"1 minut\" \/>\n<script type=\"application\/ld+json\" class=\"yoast-schema-graph\">{\"@context\":\"https:\\\/\\\/schema.org\",\"@graph\":[{\"@type\":\"WebPage\",\"@id\":\"https:\\\/\\\/wisemind.se\\\/kvinna\\\/forlossningsdepression\\\/\",\"url\":\"https:\\\/\\\/wisemind.se\\\/kvinna\\\/forlossningsdepression\\\/\",\"name\":\"F\u00f6rlossningsdepression - WiseMind Kvinnoh\u00e4lsa\",\"isPartOf\":{\"@id\":\"https:\\\/\\\/wisemind.se\\\/kvinna\\\/#website\"},\"datePublished\":\"2019-02-08T21:42:09+00:00\",\"dateModified\":\"2024-11-25T15:40:58+00:00\",\"description\":\"Brist p\u00e5 energi och of\u00f6rm\u00e5ga att gl\u00e4djas efter en f\u00f6rlossning som p\u00e5g\u00e5r en l\u00e4ngre tid kan \u00f6verg\u00e5 i en f\u00f6rlossningsdepression.\",\"breadcrumb\":{\"@id\":\"https:\\\/\\\/wisemind.se\\\/kvinna\\\/forlossningsdepression\\\/#breadcrumb\"},\"inLanguage\":\"sv-SE\",\"potentialAction\":[{\"@type\":\"ReadAction\",\"target\":[\"https:\\\/\\\/wisemind.se\\\/kvinna\\\/forlossningsdepression\\\/\"]}]},{\"@type\":\"BreadcrumbList\",\"@id\":\"https:\\\/\\\/wisemind.se\\\/kvinna\\\/forlossningsdepression\\\/#breadcrumb\",\"itemListElement\":[{\"@type\":\"ListItem\",\"position\":1,\"name\":\"Hem\",\"item\":\"https:\\\/\\\/wisemind.se\\\/kvinna\\\/\"},{\"@type\":\"ListItem\",\"position\":2,\"name\":\"F\u00f6rlossningsdepression\"}]},{\"@type\":\"WebSite\",\"@id\":\"https:\\\/\\\/wisemind.se\\\/kvinna\\\/#website\",\"url\":\"https:\\\/\\\/wisemind.se\\\/kvinna\\\/\",\"name\":\"WiseMind Kvinnoh\u00e4lsa\",\"description\":\"Psykologiskt Kunskapscenter\",\"publisher\":{\"@id\":\"https:\\\/\\\/wisemind.se\\\/kvinna\\\/#organization\"},\"potentialAction\":[{\"@type\":\"SearchAction\",\"target\":{\"@type\":\"EntryPoint\",\"urlTemplate\":\"https:\\\/\\\/wisemind.se\\\/kvinna\\\/?s={search_term_string}\"},\"query-input\":{\"@type\":\"PropertyValueSpecification\",\"valueRequired\":true,\"valueName\":\"search_term_string\"}}],\"inLanguage\":\"sv-SE\"},{\"@type\":\"Organization\",\"@id\":\"https:\\\/\\\/wisemind.se\\\/kvinna\\\/#organization\",\"name\":\"Utveckling och Balans\",\"url\":\"https:\\\/\\\/wisemind.se\\\/kvinna\\\/\",\"logo\":{\"@type\":\"ImageObject\",\"inLanguage\":\"sv-SE\",\"@id\":\"https:\\\/\\\/wisemind.se\\\/kvinna\\\/#\\\/schema\\\/logo\\\/image\\\/\",\"url\":\"https:\\\/\\\/wisemind.se\\\/kvinna\\\/wp-content\\\/uploads\\\/uob-logga-150.png\",\"contentUrl\":\"https:\\\/\\\/wisemind.se\\\/kvinna\\\/wp-content\\\/uploads\\\/uob-logga-150.png\",\"width\":150,\"height\":62,\"caption\":\"Utveckling och Balans\"},\"image\":{\"@id\":\"https:\\\/\\\/wisemind.se\\\/kvinna\\\/#\\\/schema\\\/logo\\\/image\\\/\"}}]}<\/script>\n<!-- \/ Yoast SEO plugin. -->","yoast_head_json":{"title":"F\u00f6rlossningsdepression - WiseMind Kvinnoh\u00e4lsa","description":"Brist p\u00e5 energi och of\u00f6rm\u00e5ga att gl\u00e4djas efter en f\u00f6rlossning som p\u00e5g\u00e5r en l\u00e4ngre tid kan \u00f6verg\u00e5 i en f\u00f6rlossningsdepression.","robots":{"index":"index","follow":"follow","max-snippet":"max-snippet:-1","max-image-preview":"max-image-preview:large","max-video-preview":"max-video-preview:-1"},"canonical":"https:\/\/wisemind.se\/kvinna\/forlossningsdepression\/","og_locale":"sv_SE","og_type":"article","og_title":"F\u00f6rlossningsdepression - WiseMind Kvinnoh\u00e4lsa","og_description":"Brist p\u00e5 energi och of\u00f6rm\u00e5ga att gl\u00e4djas efter en f\u00f6rlossning som p\u00e5g\u00e5r en l\u00e4ngre tid kan \u00f6verg\u00e5 i en f\u00f6rlossningsdepression.","og_url":"https:\/\/wisemind.se\/kvinna\/forlossningsdepression\/","og_site_name":"WiseMind Kvinnoh\u00e4lsa","article_modified_time":"2024-11-25T15:40:58+00:00","twitter_card":"summary_large_image","twitter_misc":{"Ber\u00e4knad l\u00e4stid":"1 minut"},"schema":{"@context":"https:\/\/schema.org","@graph":[{"@type":"WebPage","@id":"https:\/\/wisemind.se\/kvinna\/forlossningsdepression\/","url":"https:\/\/wisemind.se\/kvinna\/forlossningsdepression\/","name":"F\u00f6rlossningsdepression - WiseMind Kvinnoh\u00e4lsa","isPartOf":{"@id":"https:\/\/wisemind.se\/kvinna\/#website"},"datePublished":"2019-02-08T21:42:09+00:00","dateModified":"2024-11-25T15:40:58+00:00","description":"Brist p\u00e5 energi och of\u00f6rm\u00e5ga att gl\u00e4djas efter en f\u00f6rlossning som p\u00e5g\u00e5r en l\u00e4ngre tid kan \u00f6verg\u00e5 i en f\u00f6rlossningsdepression.","breadcrumb":{"@id":"https:\/\/wisemind.se\/kvinna\/forlossningsdepression\/#breadcrumb"},"inLanguage":"sv-SE","potentialAction":[{"@type":"ReadAction","target":["https:\/\/wisemind.se\/kvinna\/forlossningsdepression\/"]}]},{"@type":"BreadcrumbList","@id":"https:\/\/wisemind.se\/kvinna\/forlossningsdepression\/#breadcrumb","itemListElement":[{"@type":"ListItem","position":1,"name":"Hem","item":"https:\/\/wisemind.se\/kvinna\/"},{"@type":"ListItem","position":2,"name":"F\u00f6rlossningsdepression"}]},{"@type":"WebSite","@id":"https:\/\/wisemind.se\/kvinna\/#website","url":"https:\/\/wisemind.se\/kvinna\/","name":"WiseMind Kvinnoh\u00e4lsa","description":"Psykologiskt Kunskapscenter","publisher":{"@id":"https:\/\/wisemind.se\/kvinna\/#organization"},"potentialAction":[{"@type":"SearchAction","target":{"@type":"EntryPoint","urlTemplate":"https:\/\/wisemind.se\/kvinna\/?s={search_term_string}"},"query-input":{"@type":"PropertyValueSpecification","valueRequired":true,"valueName":"search_term_string"}}],"inLanguage":"sv-SE"},{"@type":"Organization","@id":"https:\/\/wisemind.se\/kvinna\/#organization","name":"Utveckling och Balans","url":"https:\/\/wisemind.se\/kvinna\/","logo":{"@type":"ImageObject","inLanguage":"sv-SE","@id":"https:\/\/wisemind.se\/kvinna\/#\/schema\/logo\/image\/","url":"https:\/\/wisemind.se\/kvinna\/wp-content\/uploads\/uob-logga-150.png","contentUrl":"https:\/\/wisemind.se\/kvinna\/wp-content\/uploads\/uob-logga-150.png","width":150,"height":62,"caption":"Utveckling och Balans"},"image":{"@id":"https:\/\/wisemind.se\/kvinna\/#\/schema\/logo\/image\/"}}]}},"_links":{"self":[{"href":"https:\/\/wisemind.se\/kvinna\/wp-json\/wp\/v2\/pages\/42","targetHints":{"allow":["GET"]}}],"collection":[{"href":"https:\/\/wisemind.se\/kvinna\/wp-json\/wp\/v2\/pages"}],"about":[{"href":"https:\/\/wisemind.se\/kvinna\/wp-json\/wp\/v2\/types\/page"}],"author":[{"embeddable":true,"href":"https:\/\/wisemind.se\/kvinna\/wp-json\/wp\/v2\/users\/2"}],"replies":[{"embeddable":true,"href":"https:\/\/wisemind.se\/kvinna\/wp-json\/wp\/v2\/comments?post=42"}],"version-history":[{"count":4,"href":"https:\/\/wisemind.se\/kvinna\/wp-json\/wp\/v2\/pages\/42\/revisions"}],"predecessor-version":[{"id":11782,"href":"https:\/\/wisemind.se\/kvinna\/wp-json\/wp\/v2\/pages\/42\/revisions\/11782"}],"wp:attachment":[{"href":"https:\/\/wisemind.se\/kvinna\/wp-json\/wp\/v2\/media?parent=42"}],"curies":[{"name":"wp","href":"https:\/\/api.w.org\/{rel}","templated":true}]}}