{"id":3071,"date":"2021-03-03T18:25:50","date_gmt":"2021-03-03T17:25:50","guid":{"rendered":"https:\/\/wisemind.se\/kvinna\/?page_id=3071"},"modified":"2025-09-02T07:41:49","modified_gmt":"2025-09-02T06:41:49","slug":"prestera-i-balans","status":"publish","type":"page","link":"https:\/\/wisemind.se\/kvinna\/prestera-i-balans\/","title":{"rendered":"Stress"},"content":{"rendered":"\t\t<div data-elementor-type=\"wp-page\" data-elementor-id=\"3071\" class=\"elementor elementor-3071\" data-elementor-post-type=\"page\">\n\t\t\t\t\t\t<section class=\"elementor-section elementor-top-section elementor-element elementor-element-c920f76 elementor-section-boxed elementor-section-height-default elementor-section-height-default\" data-id=\"c920f76\" data-element_type=\"section\" data-e-type=\"section\">\n\t\t\t\t\t\t<div class=\"elementor-container elementor-column-gap-default\">\n\t\t\t\t\t<div class=\"elementor-column elementor-col-100 elementor-top-column elementor-element elementor-element-1ce2d2e\" data-id=\"1ce2d2e\" data-element_type=\"column\" data-e-type=\"column\">\n\t\t\t<div class=\"elementor-widget-wrap elementor-element-populated\">\n\t\t\t\t\t\t<div class=\"elementor-element elementor-element-3808142 elementor-widget elementor-widget-heading\" data-id=\"3808142\" data-element_type=\"widget\" data-e-type=\"widget\" data-widget_type=\"heading.default\">\n\t\t\t\t<div class=\"elementor-widget-container\">\n\t\t\t\t\t<h1 class=\"elementor-heading-title elementor-size-default\">Stress<\/h1>\t\t\t\t<\/div>\n\t\t\t\t<\/div>\n\t\t\t\t\t<\/div>\n\t\t<\/div>\n\t\t\t\t\t<\/div>\n\t\t<\/section>\n\t\t\t\t<section class=\"elementor-section elementor-top-section elementor-element elementor-element-ae78c58 elementor-reverse-mobile elementor-section-boxed elementor-section-height-default elementor-section-height-default\" data-id=\"ae78c58\" data-element_type=\"section\" data-e-type=\"section\">\n\t\t\t\t\t\t<div class=\"elementor-container elementor-column-gap-default\">\n\t\t\t\t\t<div class=\"elementor-column elementor-col-50 elementor-top-column elementor-element elementor-element-2003120\" data-id=\"2003120\" data-element_type=\"column\" data-e-type=\"column\">\n\t\t\t<div class=\"elementor-widget-wrap elementor-element-populated\">\n\t\t\t\t\t\t<div class=\"elementor-element elementor-element-6fa4c4e elementor-widget elementor-widget-text-editor\" data-id=\"6fa4c4e\" data-element_type=\"widget\" data-e-type=\"widget\" data-widget_type=\"text-editor.default\">\n\t\t\t\t<div class=\"elementor-widget-container\">\n\t\t\t\t\t\t\t\t\t<p>K\u00e4nns det som att livet inneb\u00e4r att st\u00e4ndigt prestera? F\u00f6rs\u00f6ka bli st\u00e4ndigt b\u00e4ttre, f\u00f6rs\u00f6ka duga eller hinna med v\u00e4ldigt mycket mer \u00e4n vad dygnets 24 timmar till\u00e5ter?<\/p><p>Att utvecklas, l\u00e4ra nytt och uppn\u00e5 saker h\u00e4r i livet \u00e4r naturliga drivkrafter hos oss m\u00e4nniskor. I dagens samh\u00e4lle kan vi vara konstant uppkopplade, t\u00e4nda lampan dygnet runt och j\u00e4mf\u00f6ra oss med vem som helst p\u00e5 jorden genom att klicka oss fram p\u00e5 datorn. Det \u00e4r l\u00e4tt att hamna i ett st\u00e4ndigt fokus p\u00e5 prestation.<\/p>\t\t\t\t\t\t\t\t<\/div>\n\t\t\t\t<\/div>\n\t\t\t\t\t<\/div>\n\t\t<\/div>\n\t\t\t\t<div class=\"elementor-column elementor-col-50 elementor-top-column elementor-element elementor-element-572c7d5\" data-id=\"572c7d5\" data-element_type=\"column\" data-e-type=\"column\">\n\t\t\t<div class=\"elementor-widget-wrap elementor-element-populated\">\n\t\t\t\t\t\t<div class=\"elementor-element elementor-element-93f1410 elementor-widget elementor-widget-image\" data-id=\"93f1410\" data-element_type=\"widget\" data-e-type=\"widget\" data-widget_type=\"image.default\">\n\t\t\t\t<div class=\"elementor-widget-container\">\n\t\t\t\t\t\t\t\t\t\t\t\t\t\t\t<img fetchpriority=\"high\" decoding=\"async\" width=\"800\" height=\"800\" src=\"https:\/\/wisemind.se\/kvinna\/wp-content\/uploads\/carolina-heza-0lD4hF1fBv0-unsplash-1024x1024.jpg\" class=\"attachment-large size-large wp-image-11806\" alt=\"Stress\" srcset=\"https:\/\/wisemind.se\/kvinna\/wp-content\/uploads\/carolina-heza-0lD4hF1fBv0-unsplash-1024x1024.jpg 1024w, https:\/\/wisemind.se\/kvinna\/wp-content\/uploads\/carolina-heza-0lD4hF1fBv0-unsplash-300x300.jpg 300w, https:\/\/wisemind.se\/kvinna\/wp-content\/uploads\/carolina-heza-0lD4hF1fBv0-unsplash-150x150.jpg 150w, https:\/\/wisemind.se\/kvinna\/wp-content\/uploads\/carolina-heza-0lD4hF1fBv0-unsplash-768x768.jpg 768w\" sizes=\"(max-width: 800px) 100vw, 800px\" \/>\t\t\t\t\t\t\t\t\t\t\t\t\t\t\t<\/div>\n\t\t\t\t<\/div>\n\t\t\t\t\t<\/div>\n\t\t<\/div>\n\t\t\t\t\t<\/div>\n\t\t<\/section>\n\t\t\t\t<section class=\"elementor-section elementor-top-section elementor-element elementor-element-0c63f60 elementor-section-boxed elementor-section-height-default elementor-section-height-default\" data-id=\"0c63f60\" data-element_type=\"section\" data-e-type=\"section\">\n\t\t\t\t\t\t<div class=\"elementor-container elementor-column-gap-default\">\n\t\t\t\t\t<div class=\"elementor-column elementor-col-100 elementor-top-column elementor-element elementor-element-7988244\" data-id=\"7988244\" data-element_type=\"column\" data-e-type=\"column\">\n\t\t\t<div class=\"elementor-widget-wrap elementor-element-populated\">\n\t\t\t\t\t\t<div class=\"elementor-element elementor-element-e818574 elementor-widget elementor-widget-text-editor\" data-id=\"e818574\" data-element_type=\"widget\" data-e-type=\"widget\" data-widget_type=\"text-editor.default\">\n\t\t\t\t<div class=\"elementor-widget-container\">\n\t\t\t\t\t\t\t\t\t<h2>Prestera i balans, ge dig sj\u00e4lv \u00e5terh\u00e4mtning\u00a0 och f\u00f6rebygg utmattning<\/h2><p>Att g\u00f6ra de f\u00f6r\u00e4ndringar i livsstil, beteende och tankem\u00f6nster som beh\u00f6vs f\u00f6r att bryta stressens kontroll \u00f6ver livet upplevs m\u00e5nga g\u00e5nger mycket sv\u00e5rt eller till och med om\u00f6jligt att g\u00f6ra sj\u00e4lv.<\/p><p>Kognitiv beteendeterapi (KBT), individanpassad fysisk aktivitet och tr\u00e4ning i medveten n\u00e4rvaro \u00e4r n\u00e5gra av de metoder som visat sig kunna ge god effekt vid olika typer av stressproblematik. Det \u00e4r alltid viktigt att starta behandlingen med en v\u00e4l genomf\u00f6rd utredning och kartl\u00e4ggning som ger en f\u00f6rst\u00e5else av hur problemen uppst\u00e5tt f\u00f6r just den person som s\u00f6ker hj\u00e4lp.<\/p><h3>Behandling av stressproblematik<\/h3><p><a href=\"https:\/\/wisemind.se\/kvinna\/kontakt\/\">Boka g\u00e4rna en tid<\/a> f\u00f6r att prata om vad balans i livet och ett sunt f\u00f6rh\u00e5llningss\u00e4tt till utveckling och prestationer kan inneb\u00e4ra f\u00f6r dig.\u00a0 Eller om du k\u00e4nner att du har sv\u00e5rt att bryta dig loss fr\u00e5n stressen i ditt liv.<\/p><p>V\u00e5ra psykologer \u00e4r kunniga inom s\u00e5v\u00e4l stress och \u00e5terh\u00e4mtning, som kvinnoh\u00e4lsa och hur vi kan fr\u00e4mja h\u00e4lsa och h\u00e5llbar f\u00f6rm\u00e5ga att prestera.\u00a0Flera av v\u00e5ra psykologer har valt att f\u00f6rdjupa sig inom stress. Vi behandlar s\u00e5v\u00e4l l\u00e4ttare stressproblematik som l\u00e5ngvariga problem med stress och utmattning. Vill du f\u00e5 hj\u00e4lp med att kartl\u00e4gga och f\u00e5 kontroll \u00f6ver stressen i ditt liv \u00e4r du v\u00e4lkommen att <a href=\"https:\/\/wisemind.se\/kvinna\/kontakt\/\">kontakta oss<\/a>\u00a0idag.<\/p>\t\t\t\t\t\t\t\t<\/div>\n\t\t\t\t<\/div>\n\t\t\t\t\t<\/div>\n\t\t<\/div>\n\t\t\t\t\t<\/div>\n\t\t<\/section>\n\t\t\t\t<section class=\"elementor-section elementor-top-section elementor-element elementor-element-37ca3ea9 elementor-section-full_width elementor-section-height-default elementor-section-height-default\" data-id=\"37ca3ea9\" data-element_type=\"section\" data-e-type=\"section\">\n\t\t\t\t\t\t<div class=\"elementor-container elementor-column-gap-default\">\n\t\t\t\t\t<div class=\"elementor-column elementor-col-100 elementor-top-column elementor-element elementor-element-3ebea942\" data-id=\"3ebea942\" data-element_type=\"column\" data-e-type=\"column\" data-settings=\"{&quot;background_background&quot;:&quot;classic&quot;}\">\n\t\t\t<div class=\"elementor-widget-wrap elementor-element-populated\">\n\t\t\t\t\t\t<section class=\"elementor-section elementor-inner-section elementor-element elementor-element-55642f67 elementor-section-boxed elementor-section-height-default elementor-section-height-default\" data-id=\"55642f67\" data-element_type=\"section\" data-e-type=\"section\" data-settings=\"{&quot;background_background&quot;:&quot;classic&quot;}\">\n\t\t\t\t\t\t<div class=\"elementor-container elementor-column-gap-default\">\n\t\t\t\t\t<div class=\"elementor-column elementor-col-33 elementor-inner-column elementor-element elementor-element-283b7ff1\" data-id=\"283b7ff1\" data-element_type=\"column\" data-e-type=\"column\">\n\t\t\t<div class=\"elementor-widget-wrap elementor-element-populated\">\n\t\t\t\t\t\t<div class=\"elementor-element elementor-element-6c0b2222 elementor-align-justify elementor-mobile-align-justify elementor-widget elementor-widget-global elementor-global-2060 elementor-widget-button\" data-id=\"6c0b2222\" data-element_type=\"widget\" data-e-type=\"widget\" data-widget_type=\"button.default\">\n\t\t\t\t<div class=\"elementor-widget-container\">\n\t\t\t\t\t\t\t\t\t<div class=\"elementor-button-wrapper\">\n\t\t\t\t\t<a class=\"elementor-button elementor-button-link elementor-size-sm\" href=\"\/kvinna\/bokning-och-priser\" id=\"info-kv-global\">\n\t\t\t\t\t\t<span class=\"elementor-button-content-wrapper\">\n\t\t\t\t\t\t\t\t\t<span class=\"elementor-button-text\">Prislista<\/span>\n\t\t\t\t\t<\/span>\n\t\t\t\t\t<\/a>\n\t\t\t\t<\/div>\n\t\t\t\t\t\t\t\t<\/div>\n\t\t\t\t<\/div>\n\t\t\t\t\t<\/div>\n\t\t<\/div>\n\t\t\t\t<div class=\"elementor-column elementor-col-33 elementor-inner-column elementor-element elementor-element-1da2e65a\" data-id=\"1da2e65a\" data-element_type=\"column\" data-e-type=\"column\">\n\t\t\t<div class=\"elementor-widget-wrap elementor-element-populated\">\n\t\t\t\t\t\t<div class=\"elementor-element elementor-element-59b83f19 elementor-align-justify elementor-mobile-align-justify elementor-widget elementor-widget-global elementor-global-10608 elementor-widget-button\" data-id=\"59b83f19\" data-element_type=\"widget\" data-e-type=\"widget\" data-widget_type=\"button.default\">\n\t\t\t\t<div class=\"elementor-widget-container\">\n\t\t\t\t\t\t\t\t\t<div class=\"elementor-button-wrapper\">\n\t\t\t\t\t<a class=\"elementor-button elementor-button-link elementor-size-sm\" href=\"https:\/\/psykologiteamet.kaddio.com\/booking\/cal\/\" id=\"Boka-kv-global\">\n\t\t\t\t\t\t<span class=\"elementor-button-content-wrapper\">\n\t\t\t\t\t\t\t\t\t<span class=\"elementor-button-text\">Boka tid<\/span>\n\t\t\t\t\t<\/span>\n\t\t\t\t\t<\/a>\n\t\t\t\t<\/div>\n\t\t\t\t\t\t\t\t<\/div>\n\t\t\t\t<\/div>\n\t\t\t\t\t<\/div>\n\t\t<\/div>\n\t\t\t\t<div class=\"elementor-column elementor-col-33 elementor-inner-column elementor-element elementor-element-511553f2\" data-id=\"511553f2\" data-element_type=\"column\" data-e-type=\"column\">\n\t\t\t<div class=\"elementor-widget-wrap elementor-element-populated\">\n\t\t\t\t\t\t<div class=\"elementor-element elementor-element-5828a4b3 elementor-align-justify elementor-mobile-align-justify elementor-widget elementor-widget-global elementor-global-1978 elementor-widget-button\" data-id=\"5828a4b3\" data-element_type=\"widget\" data-e-type=\"widget\" data-widget_type=\"button.default\">\n\t\t\t\t<div class=\"elementor-widget-container\">\n\t\t\t\t\t\t\t\t\t<div class=\"elementor-button-wrapper\">\n\t\t\t\t\t<a class=\"elementor-button elementor-button-link elementor-size-sm\" href=\"https:\/\/psykologiteamet.kaddio.com\/contact-us\" id=\"kontakt-kv-global\">\n\t\t\t\t\t\t<span class=\"elementor-button-content-wrapper\">\n\t\t\t\t\t\t\t\t\t<span class=\"elementor-button-text\">Kontakta oss<\/span>\n\t\t\t\t\t<\/span>\n\t\t\t\t\t<\/a>\n\t\t\t\t<\/div>\n\t\t\t\t\t\t\t\t<\/div>\n\t\t\t\t<\/div>\n\t\t\t\t\t<\/div>\n\t\t<\/div>\n\t\t\t\t\t<\/div>\n\t\t<\/section>\n\t\t\t\t\t<\/div>\n\t\t<\/div>\n\t\t\t\t\t<\/div>\n\t\t<\/section>\n\t\t\t\t<\/div>\n\t\t","protected":false},"excerpt":{"rendered":"<p>Stress K\u00e4nns det som att livet inneb\u00e4r att st\u00e4ndigt prestera? F\u00f6rs\u00f6ka bli st\u00e4ndigt b\u00e4ttre, f\u00f6rs\u00f6ka duga eller hinna med v\u00e4ldigt mycket mer \u00e4n vad dygnets 24 timmar till\u00e5ter? Att utvecklas, l\u00e4ra nytt och uppn\u00e5 saker h\u00e4r i livet \u00e4r naturliga drivkrafter hos oss m\u00e4nniskor. I dagens samh\u00e4lle kan vi vara konstant uppkopplade, t\u00e4nda lampan dygnet [&hellip;]<\/p>\n","protected":false},"author":2,"featured_media":0,"parent":0,"menu_order":0,"comment_status":"closed","ping_status":"closed","template":"","meta":{"_monsterinsights_skip_tracking":false,"_monsterinsights_sitenote_active":false,"_monsterinsights_sitenote_note":"","_monsterinsights_sitenote_category":0,"footnotes":""},"class_list":["post-3071","page","type-page","status-publish","hentry"],"yoast_head":"<!-- This site is optimized with the Yoast SEO plugin v27.4 - https:\/\/yoast.com\/product\/yoast-seo-wordpress\/ -->\n<title>Stress - WiseMind Kvinnoh\u00e4lsa<\/title>\n<meta name=\"description\" content=\"V\u00e5ra psykologer \u00e4r kunniga inom s\u00e5v\u00e4l stress och \u00e5terh\u00e4mtning, som kvinnoh\u00e4lsa och hur vi kan fr\u00e4mja h\u00e4lsa och h\u00e5llbar f\u00f6rm\u00e5ga att prestera.\" \/>\n<meta name=\"robots\" content=\"index, follow, max-snippet:-1, max-image-preview:large, max-video-preview:-1\" \/>\n<link rel=\"canonical\" href=\"https:\/\/wisemind.se\/kvinna\/prestera-i-balans\/\" \/>\n<meta property=\"og:locale\" content=\"sv_SE\" \/>\n<meta property=\"og:type\" content=\"article\" \/>\n<meta property=\"og:title\" content=\"Stress - WiseMind Kvinnoh\u00e4lsa\" \/>\n<meta property=\"og:description\" content=\"V\u00e5ra psykologer \u00e4r kunniga inom s\u00e5v\u00e4l stress och \u00e5terh\u00e4mtning, som kvinnoh\u00e4lsa och hur vi kan fr\u00e4mja h\u00e4lsa och h\u00e5llbar f\u00f6rm\u00e5ga att prestera.\" \/>\n<meta property=\"og:url\" content=\"https:\/\/wisemind.se\/kvinna\/prestera-i-balans\/\" \/>\n<meta property=\"og:site_name\" content=\"WiseMind Kvinnoh\u00e4lsa\" \/>\n<meta property=\"article:modified_time\" content=\"2025-09-02T06:41:49+00:00\" \/>\n<meta property=\"og:image\" content=\"https:\/\/wisemind.se\/kvinna\/wp-content\/uploads\/carolina-heza-0lD4hF1fBv0-unsplash.jpg\" \/>\n\t<meta property=\"og:image:width\" content=\"1920\" \/>\n\t<meta property=\"og:image:height\" content=\"1280\" \/>\n\t<meta property=\"og:image:type\" content=\"image\/jpeg\" \/>\n<meta name=\"twitter:card\" content=\"summary_large_image\" \/>\n<meta name=\"twitter:label1\" content=\"Ber\u00e4knad l\u00e4stid\" \/>\n\t<meta name=\"twitter:data1\" content=\"2 minuter\" \/>\n<script type=\"application\/ld+json\" class=\"yoast-schema-graph\">{\"@context\":\"https:\\\/\\\/schema.org\",\"@graph\":[{\"@type\":\"WebPage\",\"@id\":\"https:\\\/\\\/wisemind.se\\\/kvinna\\\/prestera-i-balans\\\/\",\"url\":\"https:\\\/\\\/wisemind.se\\\/kvinna\\\/prestera-i-balans\\\/\",\"name\":\"Stress - WiseMind Kvinnoh\u00e4lsa\",\"isPartOf\":{\"@id\":\"https:\\\/\\\/wisemind.se\\\/kvinna\\\/#website\"},\"primaryImageOfPage\":{\"@id\":\"https:\\\/\\\/wisemind.se\\\/kvinna\\\/prestera-i-balans\\\/#primaryimage\"},\"image\":{\"@id\":\"https:\\\/\\\/wisemind.se\\\/kvinna\\\/prestera-i-balans\\\/#primaryimage\"},\"thumbnailUrl\":\"https:\\\/\\\/wisemind.se\\\/kvinna\\\/wp-content\\\/uploads\\\/carolina-heza-0lD4hF1fBv0-unsplash-1024x1024.jpg\",\"datePublished\":\"2021-03-03T17:25:50+00:00\",\"dateModified\":\"2025-09-02T06:41:49+00:00\",\"description\":\"V\u00e5ra psykologer \u00e4r kunniga inom s\u00e5v\u00e4l stress och \u00e5terh\u00e4mtning, som kvinnoh\u00e4lsa och hur vi kan fr\u00e4mja h\u00e4lsa och h\u00e5llbar f\u00f6rm\u00e5ga att prestera.\",\"breadcrumb\":{\"@id\":\"https:\\\/\\\/wisemind.se\\\/kvinna\\\/prestera-i-balans\\\/#breadcrumb\"},\"inLanguage\":\"sv-SE\",\"potentialAction\":[{\"@type\":\"ReadAction\",\"target\":[\"https:\\\/\\\/wisemind.se\\\/kvinna\\\/prestera-i-balans\\\/\"]}]},{\"@type\":\"ImageObject\",\"inLanguage\":\"sv-SE\",\"@id\":\"https:\\\/\\\/wisemind.se\\\/kvinna\\\/prestera-i-balans\\\/#primaryimage\",\"url\":\"https:\\\/\\\/wisemind.se\\\/kvinna\\\/wp-content\\\/uploads\\\/carolina-heza-0lD4hF1fBv0-unsplash.jpg\",\"contentUrl\":\"https:\\\/\\\/wisemind.se\\\/kvinna\\\/wp-content\\\/uploads\\\/carolina-heza-0lD4hF1fBv0-unsplash.jpg\",\"width\":1920,\"height\":1280,\"caption\":\"Stress\"},{\"@type\":\"BreadcrumbList\",\"@id\":\"https:\\\/\\\/wisemind.se\\\/kvinna\\\/prestera-i-balans\\\/#breadcrumb\",\"itemListElement\":[{\"@type\":\"ListItem\",\"position\":1,\"name\":\"Hem\",\"item\":\"https:\\\/\\\/wisemind.se\\\/kvinna\\\/\"},{\"@type\":\"ListItem\",\"position\":2,\"name\":\"Stress\"}]},{\"@type\":\"WebSite\",\"@id\":\"https:\\\/\\\/wisemind.se\\\/kvinna\\\/#website\",\"url\":\"https:\\\/\\\/wisemind.se\\\/kvinna\\\/\",\"name\":\"WiseMind Kvinnoh\u00e4lsa\",\"description\":\"Psykologiskt Kunskapscenter\",\"publisher\":{\"@id\":\"https:\\\/\\\/wisemind.se\\\/kvinna\\\/#organization\"},\"potentialAction\":[{\"@type\":\"SearchAction\",\"target\":{\"@type\":\"EntryPoint\",\"urlTemplate\":\"https:\\\/\\\/wisemind.se\\\/kvinna\\\/?s={search_term_string}\"},\"query-input\":{\"@type\":\"PropertyValueSpecification\",\"valueRequired\":true,\"valueName\":\"search_term_string\"}}],\"inLanguage\":\"sv-SE\"},{\"@type\":\"Organization\",\"@id\":\"https:\\\/\\\/wisemind.se\\\/kvinna\\\/#organization\",\"name\":\"Utveckling och Balans\",\"url\":\"https:\\\/\\\/wisemind.se\\\/kvinna\\\/\",\"logo\":{\"@type\":\"ImageObject\",\"inLanguage\":\"sv-SE\",\"@id\":\"https:\\\/\\\/wisemind.se\\\/kvinna\\\/#\\\/schema\\\/logo\\\/image\\\/\",\"url\":\"https:\\\/\\\/wisemind.se\\\/kvinna\\\/wp-content\\\/uploads\\\/uob-logga-150.png\",\"contentUrl\":\"https:\\\/\\\/wisemind.se\\\/kvinna\\\/wp-content\\\/uploads\\\/uob-logga-150.png\",\"width\":150,\"height\":62,\"caption\":\"Utveckling och Balans\"},\"image\":{\"@id\":\"https:\\\/\\\/wisemind.se\\\/kvinna\\\/#\\\/schema\\\/logo\\\/image\\\/\"}}]}<\/script>\n<!-- \/ Yoast SEO plugin. -->","yoast_head_json":{"title":"Stress - WiseMind Kvinnoh\u00e4lsa","description":"V\u00e5ra psykologer \u00e4r kunniga inom s\u00e5v\u00e4l stress och \u00e5terh\u00e4mtning, som kvinnoh\u00e4lsa och hur vi kan fr\u00e4mja h\u00e4lsa och h\u00e5llbar f\u00f6rm\u00e5ga att prestera.","robots":{"index":"index","follow":"follow","max-snippet":"max-snippet:-1","max-image-preview":"max-image-preview:large","max-video-preview":"max-video-preview:-1"},"canonical":"https:\/\/wisemind.se\/kvinna\/prestera-i-balans\/","og_locale":"sv_SE","og_type":"article","og_title":"Stress - WiseMind Kvinnoh\u00e4lsa","og_description":"V\u00e5ra psykologer \u00e4r kunniga inom s\u00e5v\u00e4l stress och \u00e5terh\u00e4mtning, som kvinnoh\u00e4lsa och hur vi kan fr\u00e4mja h\u00e4lsa och h\u00e5llbar f\u00f6rm\u00e5ga att prestera.","og_url":"https:\/\/wisemind.se\/kvinna\/prestera-i-balans\/","og_site_name":"WiseMind Kvinnoh\u00e4lsa","article_modified_time":"2025-09-02T06:41:49+00:00","og_image":[{"width":1920,"height":1280,"url":"https:\/\/wisemind.se\/kvinna\/wp-content\/uploads\/carolina-heza-0lD4hF1fBv0-unsplash.jpg","type":"image\/jpeg"}],"twitter_card":"summary_large_image","twitter_misc":{"Ber\u00e4knad l\u00e4stid":"2 minuter"},"schema":{"@context":"https:\/\/schema.org","@graph":[{"@type":"WebPage","@id":"https:\/\/wisemind.se\/kvinna\/prestera-i-balans\/","url":"https:\/\/wisemind.se\/kvinna\/prestera-i-balans\/","name":"Stress - WiseMind Kvinnoh\u00e4lsa","isPartOf":{"@id":"https:\/\/wisemind.se\/kvinna\/#website"},"primaryImageOfPage":{"@id":"https:\/\/wisemind.se\/kvinna\/prestera-i-balans\/#primaryimage"},"image":{"@id":"https:\/\/wisemind.se\/kvinna\/prestera-i-balans\/#primaryimage"},"thumbnailUrl":"https:\/\/wisemind.se\/kvinna\/wp-content\/uploads\/carolina-heza-0lD4hF1fBv0-unsplash-1024x1024.jpg","datePublished":"2021-03-03T17:25:50+00:00","dateModified":"2025-09-02T06:41:49+00:00","description":"V\u00e5ra psykologer \u00e4r kunniga inom s\u00e5v\u00e4l stress och \u00e5terh\u00e4mtning, som kvinnoh\u00e4lsa och hur vi kan fr\u00e4mja h\u00e4lsa och h\u00e5llbar f\u00f6rm\u00e5ga att prestera.","breadcrumb":{"@id":"https:\/\/wisemind.se\/kvinna\/prestera-i-balans\/#breadcrumb"},"inLanguage":"sv-SE","potentialAction":[{"@type":"ReadAction","target":["https:\/\/wisemind.se\/kvinna\/prestera-i-balans\/"]}]},{"@type":"ImageObject","inLanguage":"sv-SE","@id":"https:\/\/wisemind.se\/kvinna\/prestera-i-balans\/#primaryimage","url":"https:\/\/wisemind.se\/kvinna\/wp-content\/uploads\/carolina-heza-0lD4hF1fBv0-unsplash.jpg","contentUrl":"https:\/\/wisemind.se\/kvinna\/wp-content\/uploads\/carolina-heza-0lD4hF1fBv0-unsplash.jpg","width":1920,"height":1280,"caption":"Stress"},{"@type":"BreadcrumbList","@id":"https:\/\/wisemind.se\/kvinna\/prestera-i-balans\/#breadcrumb","itemListElement":[{"@type":"ListItem","position":1,"name":"Hem","item":"https:\/\/wisemind.se\/kvinna\/"},{"@type":"ListItem","position":2,"name":"Stress"}]},{"@type":"WebSite","@id":"https:\/\/wisemind.se\/kvinna\/#website","url":"https:\/\/wisemind.se\/kvinna\/","name":"WiseMind Kvinnoh\u00e4lsa","description":"Psykologiskt Kunskapscenter","publisher":{"@id":"https:\/\/wisemind.se\/kvinna\/#organization"},"potentialAction":[{"@type":"SearchAction","target":{"@type":"EntryPoint","urlTemplate":"https:\/\/wisemind.se\/kvinna\/?s={search_term_string}"},"query-input":{"@type":"PropertyValueSpecification","valueRequired":true,"valueName":"search_term_string"}}],"inLanguage":"sv-SE"},{"@type":"Organization","@id":"https:\/\/wisemind.se\/kvinna\/#organization","name":"Utveckling och Balans","url":"https:\/\/wisemind.se\/kvinna\/","logo":{"@type":"ImageObject","inLanguage":"sv-SE","@id":"https:\/\/wisemind.se\/kvinna\/#\/schema\/logo\/image\/","url":"https:\/\/wisemind.se\/kvinna\/wp-content\/uploads\/uob-logga-150.png","contentUrl":"https:\/\/wisemind.se\/kvinna\/wp-content\/uploads\/uob-logga-150.png","width":150,"height":62,"caption":"Utveckling och Balans"},"image":{"@id":"https:\/\/wisemind.se\/kvinna\/#\/schema\/logo\/image\/"}}]}},"_links":{"self":[{"href":"https:\/\/wisemind.se\/kvinna\/wp-json\/wp\/v2\/pages\/3071","targetHints":{"allow":["GET"]}}],"collection":[{"href":"https:\/\/wisemind.se\/kvinna\/wp-json\/wp\/v2\/pages"}],"about":[{"href":"https:\/\/wisemind.se\/kvinna\/wp-json\/wp\/v2\/types\/page"}],"author":[{"embeddable":true,"href":"https:\/\/wisemind.se\/kvinna\/wp-json\/wp\/v2\/users\/2"}],"replies":[{"embeddable":true,"href":"https:\/\/wisemind.se\/kvinna\/wp-json\/wp\/v2\/comments?post=3071"}],"version-history":[{"count":3,"href":"https:\/\/wisemind.se\/kvinna\/wp-json\/wp\/v2\/pages\/3071\/revisions"}],"predecessor-version":[{"id":12124,"href":"https:\/\/wisemind.se\/kvinna\/wp-json\/wp\/v2\/pages\/3071\/revisions\/12124"}],"wp:attachment":[{"href":"https:\/\/wisemind.se\/kvinna\/wp-json\/wp\/v2\/media?parent=3071"}],"curies":[{"name":"wp","href":"https:\/\/api.w.org\/{rel}","templated":true}]}}