{"id":3064,"date":"2021-03-03T18:21:20","date_gmt":"2021-03-03T17:21:20","guid":{"rendered":"https:\/\/wisemind.se\/kvinna\/?page_id=3064"},"modified":"2024-11-05T16:47:27","modified_gmt":"2024-11-05T15:47:27","slug":"interpersonell-terapi-ipt","status":"publish","type":"page","link":"https:\/\/wisemind.se\/kvinna\/interpersonell-terapi-ipt\/","title":{"rendered":"Interpersonell Terapi (IPT)"},"content":{"rendered":"\t\t<div data-elementor-type=\"wp-page\" data-elementor-id=\"3064\" class=\"elementor elementor-3064\" data-elementor-post-type=\"page\">\n\t\t\t\t\t\t<section class=\"elementor-section elementor-top-section elementor-element elementor-element-f398c74 elementor-section-boxed elementor-section-height-default elementor-section-height-default\" data-id=\"f398c74\" data-element_type=\"section\" data-e-type=\"section\">\n\t\t\t\t\t\t<div class=\"elementor-container elementor-column-gap-default\">\n\t\t\t\t\t<div class=\"elementor-column elementor-col-100 elementor-top-column elementor-element elementor-element-e6f41f3\" data-id=\"e6f41f3\" data-element_type=\"column\" data-e-type=\"column\">\n\t\t\t<div class=\"elementor-widget-wrap elementor-element-populated\">\n\t\t\t\t\t\t<div class=\"elementor-element elementor-element-f13af3b elementor-widget elementor-widget-heading\" data-id=\"f13af3b\" data-element_type=\"widget\" data-e-type=\"widget\" data-widget_type=\"heading.default\">\n\t\t\t\t<div class=\"elementor-widget-container\">\n\t\t\t\t\t<h1 class=\"elementor-heading-title elementor-size-default\">Interpersonell Terapi (IPT)<\/h1>\t\t\t\t<\/div>\n\t\t\t\t<\/div>\n\t\t\t\t<div class=\"elementor-element elementor-element-ef95bbf elementor-widget elementor-widget-text-editor\" data-id=\"ef95bbf\" data-element_type=\"widget\" data-e-type=\"widget\" data-widget_type=\"text-editor.default\">\n\t\t\t\t<div class=\"elementor-widget-container\">\n\t\t\t\t\t\t\t\t\t<p>Interpersonell terapi, IPT, har r\u00f6tter inom social teori, anknytningsteori och kommunikationsteori. Det centrala i IPT \u00e4r ett starkt fokus p\u00e5 klientens n\u00e4ra relationer och hur dessa p\u00e5verkar m\u00e5endet. IPT har visat sig vara hj\u00e4lpsamt vid framf\u00f6rallt depression och mycket negativa tankar.<\/p><p>I IPT s\u00e5 arbetar klient och terapeut med att tillsammans kartl\u00e4gga klientens viktiga relationer och om\/hur de h\u00e4nger ihop med upplevda symtom. Speciellt relevanta och intressanta omr\u00e5den kan vara interpersonella konflikter, rollf\u00f6r\u00e4ndringar och komplicerad sorg. Arbetet kretsar sedan kring att f\u00f6rb\u00e4ttra och st\u00e4rka ett eller flera av dessa fokusomr\u00e5den utifr\u00e5n klientens \u00f6nskem\u00e5l.\u00a0<\/p>\t\t\t\t\t\t\t\t<\/div>\n\t\t\t\t<\/div>\n\t\t\t\t\t<\/div>\n\t\t<\/div>\n\t\t\t\t\t<\/div>\n\t\t<\/section>\n\t\t\t\t<section class=\"elementor-section elementor-top-section elementor-element elementor-element-3d861de6 elementor-section-full_width elementor-section-height-default elementor-section-height-default\" data-id=\"3d861de6\" data-element_type=\"section\" data-e-type=\"section\">\n\t\t\t\t\t\t<div class=\"elementor-container elementor-column-gap-default\">\n\t\t\t\t\t<div class=\"elementor-column elementor-col-100 elementor-top-column elementor-element elementor-element-6a8c8404\" data-id=\"6a8c8404\" data-element_type=\"column\" data-e-type=\"column\" data-settings=\"{&quot;background_background&quot;:&quot;classic&quot;}\">\n\t\t\t<div class=\"elementor-widget-wrap elementor-element-populated\">\n\t\t\t\t\t\t<section class=\"elementor-section elementor-inner-section elementor-element elementor-element-7b8fc986 elementor-section-boxed elementor-section-height-default elementor-section-height-default\" data-id=\"7b8fc986\" data-element_type=\"section\" data-e-type=\"section\" data-settings=\"{&quot;background_background&quot;:&quot;classic&quot;}\">\n\t\t\t\t\t\t<div class=\"elementor-container elementor-column-gap-default\">\n\t\t\t\t\t<div class=\"elementor-column elementor-col-33 elementor-inner-column elementor-element elementor-element-3bf2e151\" data-id=\"3bf2e151\" data-element_type=\"column\" data-e-type=\"column\">\n\t\t\t<div class=\"elementor-widget-wrap elementor-element-populated\">\n\t\t\t\t\t\t<div class=\"elementor-element elementor-element-e1dbd25 elementor-align-justify elementor-mobile-align-justify elementor-widget elementor-widget-global elementor-global-2060 elementor-widget-button\" data-id=\"e1dbd25\" data-element_type=\"widget\" data-e-type=\"widget\" data-widget_type=\"button.default\">\n\t\t\t\t<div class=\"elementor-widget-container\">\n\t\t\t\t\t\t\t\t\t<div class=\"elementor-button-wrapper\">\n\t\t\t\t\t<a class=\"elementor-button elementor-button-link elementor-size-sm\" href=\"\/kvinna\/bokning-och-priser\" id=\"info-kv-global\">\n\t\t\t\t\t\t<span class=\"elementor-button-content-wrapper\">\n\t\t\t\t\t\t\t\t\t<span class=\"elementor-button-text\">Prislista<\/span>\n\t\t\t\t\t<\/span>\n\t\t\t\t\t<\/a>\n\t\t\t\t<\/div>\n\t\t\t\t\t\t\t\t<\/div>\n\t\t\t\t<\/div>\n\t\t\t\t\t<\/div>\n\t\t<\/div>\n\t\t\t\t<div class=\"elementor-column elementor-col-33 elementor-inner-column elementor-element elementor-element-4cf0b616\" data-id=\"4cf0b616\" data-element_type=\"column\" data-e-type=\"column\">\n\t\t\t<div class=\"elementor-widget-wrap elementor-element-populated\">\n\t\t\t\t\t\t<div class=\"elementor-element elementor-element-4e72994a elementor-align-justify elementor-mobile-align-justify elementor-widget elementor-widget-global elementor-global-10608 elementor-widget-button\" data-id=\"4e72994a\" data-element_type=\"widget\" data-e-type=\"widget\" data-widget_type=\"button.default\">\n\t\t\t\t<div class=\"elementor-widget-container\">\n\t\t\t\t\t\t\t\t\t<div class=\"elementor-button-wrapper\">\n\t\t\t\t\t<a class=\"elementor-button elementor-button-link elementor-size-sm\" href=\"https:\/\/psykologiteamet.kaddio.com\/booking\/cal\/\" id=\"Boka-kv-global\">\n\t\t\t\t\t\t<span class=\"elementor-button-content-wrapper\">\n\t\t\t\t\t\t\t\t\t<span class=\"elementor-button-text\">Boka tid<\/span>\n\t\t\t\t\t<\/span>\n\t\t\t\t\t<\/a>\n\t\t\t\t<\/div>\n\t\t\t\t\t\t\t\t<\/div>\n\t\t\t\t<\/div>\n\t\t\t\t\t<\/div>\n\t\t<\/div>\n\t\t\t\t<div class=\"elementor-column elementor-col-33 elementor-inner-column elementor-element elementor-element-2831f92a\" data-id=\"2831f92a\" data-element_type=\"column\" data-e-type=\"column\">\n\t\t\t<div class=\"elementor-widget-wrap elementor-element-populated\">\n\t\t\t\t\t\t<div class=\"elementor-element elementor-element-11273a33 elementor-align-justify elementor-mobile-align-justify elementor-widget elementor-widget-global elementor-global-1978 elementor-widget-button\" data-id=\"11273a33\" data-element_type=\"widget\" data-e-type=\"widget\" data-widget_type=\"button.default\">\n\t\t\t\t<div class=\"elementor-widget-container\">\n\t\t\t\t\t\t\t\t\t<div class=\"elementor-button-wrapper\">\n\t\t\t\t\t<a class=\"elementor-button elementor-button-link elementor-size-sm\" href=\"https:\/\/psykologiteamet.kaddio.com\/contact-us\" id=\"kontakt-kv-global\">\n\t\t\t\t\t\t<span class=\"elementor-button-content-wrapper\">\n\t\t\t\t\t\t\t\t\t<span class=\"elementor-button-text\">Kontakta oss<\/span>\n\t\t\t\t\t<\/span>\n\t\t\t\t\t<\/a>\n\t\t\t\t<\/div>\n\t\t\t\t\t\t\t\t<\/div>\n\t\t\t\t<\/div>\n\t\t\t\t\t<\/div>\n\t\t<\/div>\n\t\t\t\t\t<\/div>\n\t\t<\/section>\n\t\t\t\t\t<\/div>\n\t\t<\/div>\n\t\t\t\t\t<\/div>\n\t\t<\/section>\n\t\t\t\t<\/div>\n\t\t","protected":false},"excerpt":{"rendered":"<p>Interpersonell Terapi (IPT) Interpersonell terapi, IPT, har r\u00f6tter inom social teori, anknytningsteori och kommunikationsteori. Det centrala i IPT \u00e4r ett starkt fokus p\u00e5 klientens n\u00e4ra relationer och hur dessa p\u00e5verkar m\u00e5endet. IPT har visat sig vara hj\u00e4lpsamt vid framf\u00f6rallt depression och mycket negativa tankar. I IPT s\u00e5 arbetar klient och terapeut med att tillsammans kartl\u00e4gga [&hellip;]<\/p>\n","protected":false},"author":2,"featured_media":0,"parent":0,"menu_order":0,"comment_status":"closed","ping_status":"closed","template":"","meta":{"_monsterinsights_skip_tracking":false,"_monsterinsights_sitenote_active":false,"_monsterinsights_sitenote_note":"","_monsterinsights_sitenote_category":0,"footnotes":""},"class_list":["post-3064","page","type-page","status-publish","hentry"],"yoast_head":"<!-- This site is optimized with the Yoast SEO plugin v27.4 - https:\/\/yoast.com\/product\/yoast-seo-wordpress\/ -->\n<title>Interpersonell Terapi (IPT) - WiseMind Kvinnoh\u00e4lsa<\/title>\n<meta name=\"description\" content=\"IPT fokuserar p\u00e5 klientens n\u00e4ra relationer och hur de p\u00e5verkar m\u00e5endet. Terapin har visat sig hj\u00e4lpsamt vid depression och negativa tankar.\" \/>\n<meta name=\"robots\" content=\"index, follow, max-snippet:-1, max-image-preview:large, max-video-preview:-1\" \/>\n<link rel=\"canonical\" href=\"https:\/\/wisemind.se\/kvinna\/interpersonell-terapi-ipt\/\" \/>\n<meta property=\"og:locale\" content=\"sv_SE\" \/>\n<meta property=\"og:type\" content=\"article\" \/>\n<meta property=\"og:title\" content=\"Interpersonell Terapi (IPT) - WiseMind Kvinnoh\u00e4lsa\" \/>\n<meta property=\"og:description\" content=\"IPT fokuserar p\u00e5 klientens n\u00e4ra relationer och hur de p\u00e5verkar m\u00e5endet. Terapin har visat sig hj\u00e4lpsamt vid depression och negativa tankar.\" \/>\n<meta property=\"og:url\" content=\"https:\/\/wisemind.se\/kvinna\/interpersonell-terapi-ipt\/\" \/>\n<meta property=\"og:site_name\" content=\"WiseMind Kvinnoh\u00e4lsa\" \/>\n<meta property=\"article:modified_time\" content=\"2024-11-05T15:47:27+00:00\" \/>\n<meta name=\"twitter:card\" content=\"summary_large_image\" \/>\n<meta name=\"twitter:label1\" content=\"Ber\u00e4knad l\u00e4stid\" \/>\n\t<meta name=\"twitter:data1\" content=\"1 minut\" \/>\n<script type=\"application\/ld+json\" class=\"yoast-schema-graph\">{\"@context\":\"https:\\\/\\\/schema.org\",\"@graph\":[{\"@type\":\"WebPage\",\"@id\":\"https:\\\/\\\/wisemind.se\\\/kvinna\\\/interpersonell-terapi-ipt\\\/\",\"url\":\"https:\\\/\\\/wisemind.se\\\/kvinna\\\/interpersonell-terapi-ipt\\\/\",\"name\":\"Interpersonell Terapi (IPT) - WiseMind Kvinnoh\u00e4lsa\",\"isPartOf\":{\"@id\":\"https:\\\/\\\/wisemind.se\\\/kvinna\\\/#website\"},\"datePublished\":\"2021-03-03T17:21:20+00:00\",\"dateModified\":\"2024-11-05T15:47:27+00:00\",\"description\":\"IPT fokuserar p\u00e5 klientens n\u00e4ra relationer och hur de p\u00e5verkar m\u00e5endet. Terapin har visat sig hj\u00e4lpsamt vid depression och negativa tankar.\",\"breadcrumb\":{\"@id\":\"https:\\\/\\\/wisemind.se\\\/kvinna\\\/interpersonell-terapi-ipt\\\/#breadcrumb\"},\"inLanguage\":\"sv-SE\",\"potentialAction\":[{\"@type\":\"ReadAction\",\"target\":[\"https:\\\/\\\/wisemind.se\\\/kvinna\\\/interpersonell-terapi-ipt\\\/\"]}]},{\"@type\":\"BreadcrumbList\",\"@id\":\"https:\\\/\\\/wisemind.se\\\/kvinna\\\/interpersonell-terapi-ipt\\\/#breadcrumb\",\"itemListElement\":[{\"@type\":\"ListItem\",\"position\":1,\"name\":\"Hem\",\"item\":\"https:\\\/\\\/wisemind.se\\\/kvinna\\\/\"},{\"@type\":\"ListItem\",\"position\":2,\"name\":\"Interpersonell Terapi (IPT)\"}]},{\"@type\":\"WebSite\",\"@id\":\"https:\\\/\\\/wisemind.se\\\/kvinna\\\/#website\",\"url\":\"https:\\\/\\\/wisemind.se\\\/kvinna\\\/\",\"name\":\"WiseMind Kvinnoh\u00e4lsa\",\"description\":\"Psykologiskt Kunskapscenter\",\"publisher\":{\"@id\":\"https:\\\/\\\/wisemind.se\\\/kvinna\\\/#organization\"},\"potentialAction\":[{\"@type\":\"SearchAction\",\"target\":{\"@type\":\"EntryPoint\",\"urlTemplate\":\"https:\\\/\\\/wisemind.se\\\/kvinna\\\/?s={search_term_string}\"},\"query-input\":{\"@type\":\"PropertyValueSpecification\",\"valueRequired\":true,\"valueName\":\"search_term_string\"}}],\"inLanguage\":\"sv-SE\"},{\"@type\":\"Organization\",\"@id\":\"https:\\\/\\\/wisemind.se\\\/kvinna\\\/#organization\",\"name\":\"Utveckling och Balans\",\"url\":\"https:\\\/\\\/wisemind.se\\\/kvinna\\\/\",\"logo\":{\"@type\":\"ImageObject\",\"inLanguage\":\"sv-SE\",\"@id\":\"https:\\\/\\\/wisemind.se\\\/kvinna\\\/#\\\/schema\\\/logo\\\/image\\\/\",\"url\":\"https:\\\/\\\/wisemind.se\\\/kvinna\\\/wp-content\\\/uploads\\\/uob-logga-150.png\",\"contentUrl\":\"https:\\\/\\\/wisemind.se\\\/kvinna\\\/wp-content\\\/uploads\\\/uob-logga-150.png\",\"width\":150,\"height\":62,\"caption\":\"Utveckling och Balans\"},\"image\":{\"@id\":\"https:\\\/\\\/wisemind.se\\\/kvinna\\\/#\\\/schema\\\/logo\\\/image\\\/\"}}]}<\/script>\n<!-- \/ Yoast SEO plugin. -->","yoast_head_json":{"title":"Interpersonell Terapi (IPT) - WiseMind Kvinnoh\u00e4lsa","description":"IPT fokuserar p\u00e5 klientens n\u00e4ra relationer och hur de p\u00e5verkar m\u00e5endet. Terapin har visat sig hj\u00e4lpsamt vid depression och negativa tankar.","robots":{"index":"index","follow":"follow","max-snippet":"max-snippet:-1","max-image-preview":"max-image-preview:large","max-video-preview":"max-video-preview:-1"},"canonical":"https:\/\/wisemind.se\/kvinna\/interpersonell-terapi-ipt\/","og_locale":"sv_SE","og_type":"article","og_title":"Interpersonell Terapi (IPT) - WiseMind Kvinnoh\u00e4lsa","og_description":"IPT fokuserar p\u00e5 klientens n\u00e4ra relationer och hur de p\u00e5verkar m\u00e5endet. Terapin har visat sig hj\u00e4lpsamt vid depression och negativa tankar.","og_url":"https:\/\/wisemind.se\/kvinna\/interpersonell-terapi-ipt\/","og_site_name":"WiseMind Kvinnoh\u00e4lsa","article_modified_time":"2024-11-05T15:47:27+00:00","twitter_card":"summary_large_image","twitter_misc":{"Ber\u00e4knad l\u00e4stid":"1 minut"},"schema":{"@context":"https:\/\/schema.org","@graph":[{"@type":"WebPage","@id":"https:\/\/wisemind.se\/kvinna\/interpersonell-terapi-ipt\/","url":"https:\/\/wisemind.se\/kvinna\/interpersonell-terapi-ipt\/","name":"Interpersonell Terapi (IPT) - WiseMind Kvinnoh\u00e4lsa","isPartOf":{"@id":"https:\/\/wisemind.se\/kvinna\/#website"},"datePublished":"2021-03-03T17:21:20+00:00","dateModified":"2024-11-05T15:47:27+00:00","description":"IPT fokuserar p\u00e5 klientens n\u00e4ra relationer och hur de p\u00e5verkar m\u00e5endet. Terapin har visat sig hj\u00e4lpsamt vid depression och negativa tankar.","breadcrumb":{"@id":"https:\/\/wisemind.se\/kvinna\/interpersonell-terapi-ipt\/#breadcrumb"},"inLanguage":"sv-SE","potentialAction":[{"@type":"ReadAction","target":["https:\/\/wisemind.se\/kvinna\/interpersonell-terapi-ipt\/"]}]},{"@type":"BreadcrumbList","@id":"https:\/\/wisemind.se\/kvinna\/interpersonell-terapi-ipt\/#breadcrumb","itemListElement":[{"@type":"ListItem","position":1,"name":"Hem","item":"https:\/\/wisemind.se\/kvinna\/"},{"@type":"ListItem","position":2,"name":"Interpersonell Terapi (IPT)"}]},{"@type":"WebSite","@id":"https:\/\/wisemind.se\/kvinna\/#website","url":"https:\/\/wisemind.se\/kvinna\/","name":"WiseMind Kvinnoh\u00e4lsa","description":"Psykologiskt Kunskapscenter","publisher":{"@id":"https:\/\/wisemind.se\/kvinna\/#organization"},"potentialAction":[{"@type":"SearchAction","target":{"@type":"EntryPoint","urlTemplate":"https:\/\/wisemind.se\/kvinna\/?s={search_term_string}"},"query-input":{"@type":"PropertyValueSpecification","valueRequired":true,"valueName":"search_term_string"}}],"inLanguage":"sv-SE"},{"@type":"Organization","@id":"https:\/\/wisemind.se\/kvinna\/#organization","name":"Utveckling och Balans","url":"https:\/\/wisemind.se\/kvinna\/","logo":{"@type":"ImageObject","inLanguage":"sv-SE","@id":"https:\/\/wisemind.se\/kvinna\/#\/schema\/logo\/image\/","url":"https:\/\/wisemind.se\/kvinna\/wp-content\/uploads\/uob-logga-150.png","contentUrl":"https:\/\/wisemind.se\/kvinna\/wp-content\/uploads\/uob-logga-150.png","width":150,"height":62,"caption":"Utveckling och Balans"},"image":{"@id":"https:\/\/wisemind.se\/kvinna\/#\/schema\/logo\/image\/"}}]}},"_links":{"self":[{"href":"https:\/\/wisemind.se\/kvinna\/wp-json\/wp\/v2\/pages\/3064","targetHints":{"allow":["GET"]}}],"collection":[{"href":"https:\/\/wisemind.se\/kvinna\/wp-json\/wp\/v2\/pages"}],"about":[{"href":"https:\/\/wisemind.se\/kvinna\/wp-json\/wp\/v2\/types\/page"}],"author":[{"embeddable":true,"href":"https:\/\/wisemind.se\/kvinna\/wp-json\/wp\/v2\/users\/2"}],"replies":[{"embeddable":true,"href":"https:\/\/wisemind.se\/kvinna\/wp-json\/wp\/v2\/comments?post=3064"}],"version-history":[{"count":3,"href":"https:\/\/wisemind.se\/kvinna\/wp-json\/wp\/v2\/pages\/3064\/revisions"}],"predecessor-version":[{"id":11510,"href":"https:\/\/wisemind.se\/kvinna\/wp-json\/wp\/v2\/pages\/3064\/revisions\/11510"}],"wp:attachment":[{"href":"https:\/\/wisemind.se\/kvinna\/wp-json\/wp\/v2\/media?parent=3064"}],"curies":[{"name":"wp","href":"https:\/\/api.w.org\/{rel}","templated":true}]}}