{"id":2638,"date":"2021-02-25T21:53:28","date_gmt":"2021-02-25T20:53:28","guid":{"rendered":"https:\/\/wisemind.se\/kvinna\/?page_id=2638"},"modified":"2026-03-31T18:29:30","modified_gmt":"2026-03-31T17:29:30","slug":"vaginism","status":"publish","type":"page","link":"https:\/\/wisemind.se\/kvinna\/vaginism\/","title":{"rendered":"Vaginism"},"content":{"rendered":"\t\t<div data-elementor-type=\"wp-page\" data-elementor-id=\"2638\" class=\"elementor elementor-2638\" data-elementor-post-type=\"page\">\n\t\t\t\t\t\t<section class=\"elementor-section elementor-top-section elementor-element elementor-element-9962921 elementor-section-boxed elementor-section-height-default elementor-section-height-default\" data-id=\"9962921\" data-element_type=\"section\" data-e-type=\"section\">\n\t\t\t\t\t\t<div class=\"elementor-container elementor-column-gap-default\">\n\t\t\t\t\t<div class=\"elementor-column elementor-col-100 elementor-top-column elementor-element elementor-element-46e0ede\" data-id=\"46e0ede\" data-element_type=\"column\" data-e-type=\"column\">\n\t\t\t<div class=\"elementor-widget-wrap elementor-element-populated\">\n\t\t\t\t\t\t<div class=\"elementor-element elementor-element-5d88720f elementor-widget elementor-widget-heading\" data-id=\"5d88720f\" data-element_type=\"widget\" data-e-type=\"widget\" data-widget_type=\"heading.default\">\n\t\t\t\t<div class=\"elementor-widget-container\">\n\t\t\t\t\t<h1 class=\"elementor-heading-title elementor-size-default\">Vaginism<\/h1>\t\t\t\t<\/div>\n\t\t\t\t<\/div>\n\t\t\t\t<div class=\"elementor-element elementor-element-dcfa6e0 elementor-widget elementor-widget-text-editor\" data-id=\"dcfa6e0\" data-element_type=\"widget\" data-e-type=\"widget\" data-widget_type=\"text-editor.default\">\n\t\t\t\t<div class=\"elementor-widget-container\">\n\t\t\t\t\t\t\t\t\t<p>Vaginism kallas \u00e4ven slidkramp. Diagnosen ges kvinnor som upplever sm\u00e4rta i slidan p\u00e5 grund av muskelkramper i b\u00e4ckenbotten. Symtomen kan utl\u00f6sas av alltifr\u00e5n penetration vid samlag till tanken p\u00e5 en gynekologunders\u00f6kning. Kramperna sker ofrivilligt genom en inl\u00e4rd reflex vilket g\u00f6r att kvinnan inte kan uppmanas att slappna av.\u00a0\u00a0<\/p><h2>Orsaker till vaginism<\/h2><p>Orsaken till vaginism\u00a0kan vara negativa erfarenheter s\u00e5 som erfarenhet av sm\u00e4rtsam penetration, en\u00a0of\u00f6rsiktig\u00a0gynekologisk unders\u00f6kning eller sexuellt \u00f6vergrepp. Det kan ocks\u00e5 komma fr\u00e5n stress som skapar kroppsliga sp\u00e4nningar p\u00e5 samma vis som att stress kan ge sp\u00e4nning i nacke och rygg.<\/p><h2>Exponeringsbehandling\u00a0<\/h2><p>Behandling av vaginism handlar om att l\u00e4ra sig kontrollera musklerna i slidan och den r\u00e4dsla f\u00f6r penetration som ofta finns med. F\u00f6r m\u00e5nga kvinnor g\u00e5r det att tr\u00e4na bort. Detta g\u00f6rs genom att l\u00e4ra sig k\u00e4nna skillnad mellan sp\u00e4nning och avslappning i musklerna. Precis som vid vestibulit uppmuntras anv\u00e4ndning av andra former av sex \u00e4n endast penetrationssex. Exempelvis kan sensualitetstr\u00e4ning vara hj\u00e4lpsamt.<\/p><h3>R\u00e4dsla-undvikande modellen<\/h3><p>Ett s\u00e4tt att t\u00e4nka kring och f\u00f6rst\u00e5 sin vaginism \u00e4r utifr\u00e5n r\u00e4dsla-undvikande modellen. Mycket kortfattat anv\u00e4nds r\u00e4dsla-undvikande modellen f\u00f6r att f\u00f6rklara hur olika faktorer samverkar vid vulvovaginal sm\u00e4rta. Sm\u00e4rtan \u00e4r p\u00e5verkad och vidmakth\u00e5lls av emotionella, kognitiva, beteenderelaterade och biologiska faktorer. Sm\u00e4rta \u00e4r n\u00e5got som vi naturligt upplever som negativt och modellen menar att sm\u00e4rta genererar katastroftankar, r\u00e4dsla, muskelsp\u00e4nningar vilket i sig \u00f6kar k\u00e4nslan av sm\u00e4rta. Dessa reaktioner g\u00f6r att man sedan undviker situationer och beteenden som associeras med hotet av att k\u00e4nna sm\u00e4rta. En ond cirkel med mycket undvikanden uppst\u00e5r.<\/p><p>Om du \u00f6nskar hj\u00e4lp f\u00f6r din vaginism \u00e4r du v\u00e4lkommen att <a href=\"https:\/\/wisemind.se\/kvinna\/kontakt\/\">kontakta oss.<\/a><\/p>\t\t\t\t\t\t\t\t<\/div>\n\t\t\t\t<\/div>\n\t\t\t\t\t<\/div>\n\t\t<\/div>\n\t\t\t\t\t<\/div>\n\t\t<\/section>\n\t\t\t\t<section class=\"elementor-section elementor-top-section elementor-element elementor-element-6735f076 elementor-section-full_width elementor-section-height-default elementor-section-height-default\" data-id=\"6735f076\" data-element_type=\"section\" data-e-type=\"section\">\n\t\t\t\t\t\t<div class=\"elementor-container elementor-column-gap-default\">\n\t\t\t\t\t<div class=\"elementor-column elementor-col-100 elementor-top-column elementor-element elementor-element-8aad8e0\" data-id=\"8aad8e0\" data-element_type=\"column\" data-e-type=\"column\" data-settings=\"{&quot;background_background&quot;:&quot;classic&quot;}\">\n\t\t\t<div class=\"elementor-widget-wrap elementor-element-populated\">\n\t\t\t\t\t\t<section class=\"elementor-section elementor-inner-section elementor-element elementor-element-4244acb6 elementor-section-boxed elementor-section-height-default elementor-section-height-default\" data-id=\"4244acb6\" data-element_type=\"section\" data-e-type=\"section\" data-settings=\"{&quot;background_background&quot;:&quot;classic&quot;}\">\n\t\t\t\t\t\t<div class=\"elementor-container elementor-column-gap-default\">\n\t\t\t\t\t<div class=\"elementor-column elementor-col-33 elementor-inner-column elementor-element elementor-element-56ee3a99\" data-id=\"56ee3a99\" data-element_type=\"column\" data-e-type=\"column\">\n\t\t\t<div class=\"elementor-widget-wrap elementor-element-populated\">\n\t\t\t\t\t\t<div class=\"elementor-element elementor-element-2a266d10 elementor-align-justify elementor-mobile-align-justify elementor-widget elementor-widget-global elementor-global-2060 elementor-widget-button\" data-id=\"2a266d10\" data-element_type=\"widget\" data-e-type=\"widget\" data-widget_type=\"button.default\">\n\t\t\t\t<div class=\"elementor-widget-container\">\n\t\t\t\t\t\t\t\t\t<div class=\"elementor-button-wrapper\">\n\t\t\t\t\t<a class=\"elementor-button elementor-button-link elementor-size-sm\" href=\"\/kvinna\/bokning-och-priser\" id=\"info-kv-global\">\n\t\t\t\t\t\t<span class=\"elementor-button-content-wrapper\">\n\t\t\t\t\t\t\t\t\t<span class=\"elementor-button-text\">Prislista<\/span>\n\t\t\t\t\t<\/span>\n\t\t\t\t\t<\/a>\n\t\t\t\t<\/div>\n\t\t\t\t\t\t\t\t<\/div>\n\t\t\t\t<\/div>\n\t\t\t\t\t<\/div>\n\t\t<\/div>\n\t\t\t\t<div class=\"elementor-column elementor-col-33 elementor-inner-column elementor-element elementor-element-4ab7bd62\" data-id=\"4ab7bd62\" data-element_type=\"column\" data-e-type=\"column\">\n\t\t\t<div class=\"elementor-widget-wrap elementor-element-populated\">\n\t\t\t\t\t\t<div class=\"elementor-element elementor-element-4706aabe elementor-align-justify elementor-mobile-align-justify elementor-widget elementor-widget-global elementor-global-10608 elementor-widget-button\" data-id=\"4706aabe\" data-element_type=\"widget\" data-e-type=\"widget\" data-widget_type=\"button.default\">\n\t\t\t\t<div class=\"elementor-widget-container\">\n\t\t\t\t\t\t\t\t\t<div class=\"elementor-button-wrapper\">\n\t\t\t\t\t<a class=\"elementor-button elementor-button-link elementor-size-sm\" href=\"https:\/\/psykologiteamet.kaddio.com\/booking\/cal\/\" id=\"Boka-kv-global\">\n\t\t\t\t\t\t<span class=\"elementor-button-content-wrapper\">\n\t\t\t\t\t\t\t\t\t<span class=\"elementor-button-text\">Boka tid<\/span>\n\t\t\t\t\t<\/span>\n\t\t\t\t\t<\/a>\n\t\t\t\t<\/div>\n\t\t\t\t\t\t\t\t<\/div>\n\t\t\t\t<\/div>\n\t\t\t\t\t<\/div>\n\t\t<\/div>\n\t\t\t\t<div class=\"elementor-column elementor-col-33 elementor-inner-column elementor-element elementor-element-5b694c17\" data-id=\"5b694c17\" data-element_type=\"column\" data-e-type=\"column\">\n\t\t\t<div class=\"elementor-widget-wrap elementor-element-populated\">\n\t\t\t\t\t\t<div class=\"elementor-element elementor-element-4dd07f3b elementor-align-justify elementor-mobile-align-justify elementor-widget elementor-widget-global elementor-global-1978 elementor-widget-button\" data-id=\"4dd07f3b\" data-element_type=\"widget\" data-e-type=\"widget\" data-widget_type=\"button.default\">\n\t\t\t\t<div class=\"elementor-widget-container\">\n\t\t\t\t\t\t\t\t\t<div class=\"elementor-button-wrapper\">\n\t\t\t\t\t<a class=\"elementor-button elementor-button-link elementor-size-sm\" href=\"https:\/\/psykologiteamet.kaddio.com\/contact-us\" id=\"kontakt-kv-global\">\n\t\t\t\t\t\t<span class=\"elementor-button-content-wrapper\">\n\t\t\t\t\t\t\t\t\t<span class=\"elementor-button-text\">Kontakta oss<\/span>\n\t\t\t\t\t<\/span>\n\t\t\t\t\t<\/a>\n\t\t\t\t<\/div>\n\t\t\t\t\t\t\t\t<\/div>\n\t\t\t\t<\/div>\n\t\t\t\t\t<\/div>\n\t\t<\/div>\n\t\t\t\t\t<\/div>\n\t\t<\/section>\n\t\t\t\t\t<\/div>\n\t\t<\/div>\n\t\t\t\t\t<\/div>\n\t\t<\/section>\n\t\t\t\t<\/div>\n\t\t","protected":false},"excerpt":{"rendered":"<p>Vaginism Vaginism kallas \u00e4ven slidkramp. Diagnosen ges kvinnor som upplever sm\u00e4rta i slidan p\u00e5 grund av muskelkramper i b\u00e4ckenbotten. Symtomen kan utl\u00f6sas av alltifr\u00e5n penetration vid samlag till tanken p\u00e5 en gynekologunders\u00f6kning. Kramperna sker ofrivilligt genom en inl\u00e4rd reflex vilket g\u00f6r att kvinnan inte kan uppmanas att slappna av.\u00a0\u00a0 Orsaker till vaginism Orsaken till vaginism\u00a0kan [&hellip;]<\/p>\n","protected":false},"author":2,"featured_media":0,"parent":0,"menu_order":0,"comment_status":"closed","ping_status":"closed","template":"","meta":{"_monsterinsights_skip_tracking":false,"_monsterinsights_sitenote_active":false,"_monsterinsights_sitenote_note":"","_monsterinsights_sitenote_category":0,"footnotes":""},"class_list":["post-2638","page","type-page","status-publish","hentry"],"yoast_head":"<!-- This site is optimized with the Yoast SEO plugin v27.5 - https:\/\/yoast.com\/product\/yoast-seo-wordpress\/ -->\n<title>Vaginism - WiseMind Kvinnoh\u00e4lsa<\/title>\n<meta name=\"description\" content=\"Vaginism eller slidkramp \u00e4r en diagnos som ges kvinnor som upplever sm\u00e4rta i slidan p\u00e5 grund av muskelkramper i b\u00e4ckenbotten.\" \/>\n<meta name=\"robots\" content=\"index, follow, max-snippet:-1, max-image-preview:large, max-video-preview:-1\" \/>\n<link rel=\"canonical\" href=\"https:\/\/wisemind.se\/kvinna\/vaginism\/\" \/>\n<meta property=\"og:locale\" content=\"sv_SE\" \/>\n<meta property=\"og:type\" content=\"article\" \/>\n<meta property=\"og:title\" content=\"Vaginism - WiseMind Kvinnoh\u00e4lsa\" \/>\n<meta property=\"og:description\" content=\"Vaginism eller slidkramp \u00e4r en diagnos som ges kvinnor som upplever sm\u00e4rta i slidan p\u00e5 grund av muskelkramper i b\u00e4ckenbotten.\" \/>\n<meta property=\"og:url\" content=\"https:\/\/wisemind.se\/kvinna\/vaginism\/\" \/>\n<meta property=\"og:site_name\" content=\"WiseMind Kvinnoh\u00e4lsa\" \/>\n<meta property=\"article:modified_time\" content=\"2026-03-31T17:29:30+00:00\" \/>\n<meta name=\"twitter:card\" content=\"summary_large_image\" \/>\n<meta name=\"twitter:label1\" content=\"Ber\u00e4knad l\u00e4stid\" \/>\n\t<meta name=\"twitter:data1\" content=\"2 minuter\" \/>\n<script type=\"application\/ld+json\" class=\"yoast-schema-graph\">{\"@context\":\"https:\\\/\\\/schema.org\",\"@graph\":[{\"@type\":\"WebPage\",\"@id\":\"https:\\\/\\\/wisemind.se\\\/kvinna\\\/vaginism\\\/\",\"url\":\"https:\\\/\\\/wisemind.se\\\/kvinna\\\/vaginism\\\/\",\"name\":\"Vaginism - WiseMind Kvinnoh\u00e4lsa\",\"isPartOf\":{\"@id\":\"https:\\\/\\\/wisemind.se\\\/kvinna\\\/#website\"},\"datePublished\":\"2021-02-25T20:53:28+00:00\",\"dateModified\":\"2026-03-31T17:29:30+00:00\",\"description\":\"Vaginism eller slidkramp \u00e4r en diagnos som ges kvinnor som upplever sm\u00e4rta i slidan p\u00e5 grund av muskelkramper i b\u00e4ckenbotten.\",\"breadcrumb\":{\"@id\":\"https:\\\/\\\/wisemind.se\\\/kvinna\\\/vaginism\\\/#breadcrumb\"},\"inLanguage\":\"sv-SE\",\"potentialAction\":[{\"@type\":\"ReadAction\",\"target\":[\"https:\\\/\\\/wisemind.se\\\/kvinna\\\/vaginism\\\/\"]}]},{\"@type\":\"BreadcrumbList\",\"@id\":\"https:\\\/\\\/wisemind.se\\\/kvinna\\\/vaginism\\\/#breadcrumb\",\"itemListElement\":[{\"@type\":\"ListItem\",\"position\":1,\"name\":\"Hem\",\"item\":\"https:\\\/\\\/wisemind.se\\\/kvinna\\\/\"},{\"@type\":\"ListItem\",\"position\":2,\"name\":\"Vaginism\"}]},{\"@type\":\"WebSite\",\"@id\":\"https:\\\/\\\/wisemind.se\\\/kvinna\\\/#website\",\"url\":\"https:\\\/\\\/wisemind.se\\\/kvinna\\\/\",\"name\":\"WiseMind Kvinnoh\u00e4lsa\",\"description\":\"Psykologiskt Kunskapscenter\",\"publisher\":{\"@id\":\"https:\\\/\\\/wisemind.se\\\/kvinna\\\/#organization\"},\"potentialAction\":[{\"@type\":\"SearchAction\",\"target\":{\"@type\":\"EntryPoint\",\"urlTemplate\":\"https:\\\/\\\/wisemind.se\\\/kvinna\\\/?s={search_term_string}\"},\"query-input\":{\"@type\":\"PropertyValueSpecification\",\"valueRequired\":true,\"valueName\":\"search_term_string\"}}],\"inLanguage\":\"sv-SE\"},{\"@type\":\"Organization\",\"@id\":\"https:\\\/\\\/wisemind.se\\\/kvinna\\\/#organization\",\"name\":\"Utveckling och Balans\",\"url\":\"https:\\\/\\\/wisemind.se\\\/kvinna\\\/\",\"logo\":{\"@type\":\"ImageObject\",\"inLanguage\":\"sv-SE\",\"@id\":\"https:\\\/\\\/wisemind.se\\\/kvinna\\\/#\\\/schema\\\/logo\\\/image\\\/\",\"url\":\"https:\\\/\\\/wisemind.se\\\/kvinna\\\/wp-content\\\/uploads\\\/uob-logga-150.png\",\"contentUrl\":\"https:\\\/\\\/wisemind.se\\\/kvinna\\\/wp-content\\\/uploads\\\/uob-logga-150.png\",\"width\":150,\"height\":62,\"caption\":\"Utveckling och Balans\"},\"image\":{\"@id\":\"https:\\\/\\\/wisemind.se\\\/kvinna\\\/#\\\/schema\\\/logo\\\/image\\\/\"}}]}<\/script>\n<!-- \/ Yoast SEO plugin. -->","yoast_head_json":{"title":"Vaginism - WiseMind Kvinnoh\u00e4lsa","description":"Vaginism eller slidkramp \u00e4r en diagnos som ges kvinnor som upplever sm\u00e4rta i slidan p\u00e5 grund av muskelkramper i b\u00e4ckenbotten.","robots":{"index":"index","follow":"follow","max-snippet":"max-snippet:-1","max-image-preview":"max-image-preview:large","max-video-preview":"max-video-preview:-1"},"canonical":"https:\/\/wisemind.se\/kvinna\/vaginism\/","og_locale":"sv_SE","og_type":"article","og_title":"Vaginism - WiseMind Kvinnoh\u00e4lsa","og_description":"Vaginism eller slidkramp \u00e4r en diagnos som ges kvinnor som upplever sm\u00e4rta i slidan p\u00e5 grund av muskelkramper i b\u00e4ckenbotten.","og_url":"https:\/\/wisemind.se\/kvinna\/vaginism\/","og_site_name":"WiseMind Kvinnoh\u00e4lsa","article_modified_time":"2026-03-31T17:29:30+00:00","twitter_card":"summary_large_image","twitter_misc":{"Ber\u00e4knad l\u00e4stid":"2 minuter"},"schema":{"@context":"https:\/\/schema.org","@graph":[{"@type":"WebPage","@id":"https:\/\/wisemind.se\/kvinna\/vaginism\/","url":"https:\/\/wisemind.se\/kvinna\/vaginism\/","name":"Vaginism - WiseMind Kvinnoh\u00e4lsa","isPartOf":{"@id":"https:\/\/wisemind.se\/kvinna\/#website"},"datePublished":"2021-02-25T20:53:28+00:00","dateModified":"2026-03-31T17:29:30+00:00","description":"Vaginism eller slidkramp \u00e4r en diagnos som ges kvinnor som upplever sm\u00e4rta i slidan p\u00e5 grund av muskelkramper i b\u00e4ckenbotten.","breadcrumb":{"@id":"https:\/\/wisemind.se\/kvinna\/vaginism\/#breadcrumb"},"inLanguage":"sv-SE","potentialAction":[{"@type":"ReadAction","target":["https:\/\/wisemind.se\/kvinna\/vaginism\/"]}]},{"@type":"BreadcrumbList","@id":"https:\/\/wisemind.se\/kvinna\/vaginism\/#breadcrumb","itemListElement":[{"@type":"ListItem","position":1,"name":"Hem","item":"https:\/\/wisemind.se\/kvinna\/"},{"@type":"ListItem","position":2,"name":"Vaginism"}]},{"@type":"WebSite","@id":"https:\/\/wisemind.se\/kvinna\/#website","url":"https:\/\/wisemind.se\/kvinna\/","name":"WiseMind Kvinnoh\u00e4lsa","description":"Psykologiskt Kunskapscenter","publisher":{"@id":"https:\/\/wisemind.se\/kvinna\/#organization"},"potentialAction":[{"@type":"SearchAction","target":{"@type":"EntryPoint","urlTemplate":"https:\/\/wisemind.se\/kvinna\/?s={search_term_string}"},"query-input":{"@type":"PropertyValueSpecification","valueRequired":true,"valueName":"search_term_string"}}],"inLanguage":"sv-SE"},{"@type":"Organization","@id":"https:\/\/wisemind.se\/kvinna\/#organization","name":"Utveckling och Balans","url":"https:\/\/wisemind.se\/kvinna\/","logo":{"@type":"ImageObject","inLanguage":"sv-SE","@id":"https:\/\/wisemind.se\/kvinna\/#\/schema\/logo\/image\/","url":"https:\/\/wisemind.se\/kvinna\/wp-content\/uploads\/uob-logga-150.png","contentUrl":"https:\/\/wisemind.se\/kvinna\/wp-content\/uploads\/uob-logga-150.png","width":150,"height":62,"caption":"Utveckling och Balans"},"image":{"@id":"https:\/\/wisemind.se\/kvinna\/#\/schema\/logo\/image\/"}}]}},"_links":{"self":[{"href":"https:\/\/wisemind.se\/kvinna\/wp-json\/wp\/v2\/pages\/2638","targetHints":{"allow":["GET"]}}],"collection":[{"href":"https:\/\/wisemind.se\/kvinna\/wp-json\/wp\/v2\/pages"}],"about":[{"href":"https:\/\/wisemind.se\/kvinna\/wp-json\/wp\/v2\/types\/page"}],"author":[{"embeddable":true,"href":"https:\/\/wisemind.se\/kvinna\/wp-json\/wp\/v2\/users\/2"}],"replies":[{"embeddable":true,"href":"https:\/\/wisemind.se\/kvinna\/wp-json\/wp\/v2\/comments?post=2638"}],"version-history":[{"count":3,"href":"https:\/\/wisemind.se\/kvinna\/wp-json\/wp\/v2\/pages\/2638\/revisions"}],"predecessor-version":[{"id":12244,"href":"https:\/\/wisemind.se\/kvinna\/wp-json\/wp\/v2\/pages\/2638\/revisions\/12244"}],"wp:attachment":[{"href":"https:\/\/wisemind.se\/kvinna\/wp-json\/wp\/v2\/media?parent=2638"}],"curies":[{"name":"wp","href":"https:\/\/api.w.org\/{rel}","templated":true}]}}